{"id":5470,"date":"2024-07-24T10:38:12","date_gmt":"2024-07-24T10:38:12","guid":{"rendered":"https:\/\/jinhuaceramic.com\/?post_type=product&#038;p=5470"},"modified":"2025-01-16T06:25:49","modified_gmt":"2025-01-16T06:25:49","slug":"divided-ceramic-plates-wholesale","status":"publish","type":"product","link":"https:\/\/jinhuaceramic.com\/fr\/product\/divided-ceramic-plates-wholesale\/","title":{"rendered":"Assiettes en c\u00e9ramique divis\u00e9es Wholesale, Assiettes en c\u00e9ramique blanches Bulk"},"content":{"rendered":"<div class=\"wp-block-columns is-layout-flex wp-container-core-columns-is-layout-9d6595d7 wp-block-columns-is-layout-flex\">\n<div class=\"wp-block-column is-layout-flow wp-block-column-is-layout-flow\">\n<h3 class=\"wp-block-heading\">Plaques en c\u00e9ramique de qualit\u00e9 sup\u00e9rieure Caract\u00e9ristiques :<\/h3>\n\n\n\n<ul class=\"wp-block-list\">\n<li><strong>Design classique en c\u00e9ramique blanche, polyvalent et pratique : <\/strong>Nos assiettes en c\u00e9ramique adoptent un design blanc classique, simple et \u00e9l\u00e9gant, qui peut \u00eatre facilement assorti \u00e0 diff\u00e9rents styles de table et de cuisine. Elles conviennent aux repas familiaux quotidiens, aux occasions formelles ou aux restaurants.<\/li>\n\n\n\n<li><strong>Conception \u00e0 compartiments multiples, permettant de classer les aliments par cat\u00e9gories pour plus de commodit\u00e9 :<\/strong> Ces assiettes en c\u00e9ramique blanche en vrac sont con\u00e7ues avec 2 zones de s\u00e9paration, particuli\u00e8rement adapt\u00e9es pour servir diff\u00e9rents aliments s\u00e9par\u00e9ment, en conservant la saveur originale de l'aliment, en \u00e9vitant de m\u00e9langer les saveurs, et elles sont particuli\u00e8rement adapt\u00e9es aux r\u00e9unions de famille \u00e0 plusieurs plats ou \u00e0 la restauration.<\/li>\n\n\n\n<li><strong>De haute qualit\u00e9 et non toxique : <\/strong>Ces assiettes en c\u00e9ramique sont fabriqu\u00e9es en c\u00e9ramique de haute qualit\u00e9, saine et sans plomb, sans aucun produit toxique \u00e0 l'int\u00e9rieur. Une utilisation s\u00fbre peut \u00eatre assur\u00e9e \u00e0 des temp\u00e9ratures \u00e9lev\u00e9es pour garantir la sant\u00e9 et la s\u00e9curit\u00e9 des aliments. Ce produit convient aux fours \u00e0 micro-ondes, aux fours et aux lave-vaisselle.<\/li>\n\n\n\n<li><strong>Durable et facile \u00e0 nettoyer : <\/strong>Ces assiettes en c\u00e9ramique blanche en vrac ont un corps lisse et tendre et sont extr\u00eamement durables. Elles sont anti-rayures et r\u00e9sistantes \u00e0 l'usure. Elles sont faciles \u00e0 nettoyer apr\u00e8s utilisation, que vous les laviez \u00e0 la main ou que vous les mettiez au lave-vaisselle. Elles peuvent \u00eatre nettoy\u00e9es rapidement, ce qui est pratique pour l'entretien quotidien.<\/li>\n<\/ul>\n<\/div>\n\n\n\n<div class=\"wp-block-column is-layout-flow wp-block-column-is-layout-flow\">\n<figure class=\"wp-block-image size-full\"><img fetchpriority=\"high\" decoding=\"async\" width=\"640\" height=\"640\" src=\"https:\/\/jinhuaceramic.com\/wp-content\/uploads\/2024\/07\/Serving-Tray.webp\" alt=\"assiettes en c\u00e9ramique rustiques-divis\u00e9es-en gros-pour-snack-servir\" class=\"wp-image-5473\" srcset=\"https:\/\/jinhuaceramic.com\/wp-content\/uploads\/2024\/07\/Serving-Tray.webp 640w, https:\/\/jinhuaceramic.com\/wp-content\/uploads\/2024\/07\/Serving-Tray-300x300.webp 300w, https:\/\/jinhuaceramic.com\/wp-content\/uploads\/2024\/07\/Serving-Tray-150x150.webp 150w, https:\/\/jinhuaceramic.com\/wp-content\/uploads\/2024\/07\/Serving-Tray-12x12.webp 12w, https:\/\/jinhuaceramic.com\/wp-content\/uploads\/2024\/07\/Serving-Tray-285x285.webp 285w, https:\/\/jinhuaceramic.com\/wp-content\/uploads\/2024\/07\/Serving-Tray-270x270.webp 270w, https:\/\/jinhuaceramic.com\/wp-content\/uploads\/2024\/07\/Serving-Tray-540x540.webp 540w\" sizes=\"(max-width: 640px) 100vw, 640px\" \/><\/figure>\n<\/div>\n<\/div>","protected":false},"excerpt":{"rendered":"<p>Nous vous invitons \u00e0 acheter des assiettes en c\u00e9ramique blanche en gros. Nos assiettes en c\u00e9ramique en gros, au design simple et \u00e9l\u00e9gant et \u00e0 la fonction de partition pratique, conviennent \u00e0 la classification et \u00e0 la conservation de diff\u00e9rents aliments. Fabriqu\u00e9es en c\u00e9ramique non toxique de haute qualit\u00e9, elles conviennent \u00e0 une vari\u00e9t\u00e9 d'\u00e9quipements de cuisine, sont durables et faciles \u00e0 nettoyer, et constituent un choix id\u00e9al pour la maison et le restaurant.<\/p>","protected":false},"featured_media":5471,"comment_status":"closed","ping_status":"closed","template":"","meta":{"_acf_changed":false},"product_brand":[],"product_cat":[54,84],"product_tag":[77],"class_list":{"0":"post-5470","1":"product","2":"type-product","3":"status-publish","4":"has-post-thumbnail","6":"product_cat-tableware-wholesale","7":"product_cat-wholesale-ceramic-plates","8":"product_tag-bulk-serving-platters","10":"first","11":"instock","12":"shipping-taxable","13":"product-type-simple"},"acf":[],"_links":{"self":[{"href":"https:\/\/jinhuaceramic.com\/fr\/wp-json\/wp\/v2\/product\/5470","targetHints":{"allow":["GET"]}}],"collection":[{"href":"https:\/\/jinhuaceramic.com\/fr\/wp-json\/wp\/v2\/product"}],"about":[{"href":"https:\/\/jinhuaceramic.com\/fr\/wp-json\/wp\/v2\/types\/product"}],"replies":[{"embeddable":true,"href":"https:\/\/jinhuaceramic.com\/fr\/wp-json\/wp\/v2\/comments?post=5470"}],"version-history":[{"count":0,"href":"https:\/\/jinhuaceramic.com\/fr\/wp-json\/wp\/v2\/product\/5470\/revisions"}],"wp:featuredmedia":[{"embeddable":true,"href":"https:\/\/jinhuaceramic.com\/fr\/wp-json\/wp\/v2\/media\/5471"}],"wp:attachment":[{"href":"https:\/\/jinhuaceramic.com\/fr\/wp-json\/wp\/v2\/media?parent=5470"}],"wp:term":[{"taxonomy":"product_brand","embeddable":true,"href":"https:\/\/jinhuaceramic.com\/fr\/wp-json\/wp\/v2\/product_brand?post=5470"},{"taxonomy":"product_cat","embeddable":true,"href":"https:\/\/jinhuaceramic.com\/fr\/wp-json\/wp\/v2\/product_cat?post=5470"},{"taxonomy":"product_tag","embeddable":true,"href":"https:\/\/jinhuaceramic.com\/fr\/wp-json\/wp\/v2\/product_tag?post=5470"}],"curies":[{"name":"wp","href":"https:\/\/api.w.org\/{rel}","templated":true}]}}