{"id":5478,"date":"2024-07-24T10:54:57","date_gmt":"2024-07-24T10:54:57","guid":{"rendered":"https:\/\/jinhuaceramic.com\/?post_type=product&#038;p=5478"},"modified":"2024-11-05T03:57:16","modified_gmt":"2024-11-05T03:57:16","slug":"stylish-wholesale-ceramic-soap-holders","status":"publish","type":"product","link":"https:\/\/jinhuaceramic.com\/fr\/product\/stylish-wholesale-ceramic-soap-holders\/","title":{"rendered":"Porte-savon en c\u00e9ramique en gros, porte-savon en vrac avec support"},"content":{"rendered":"<div class=\"wp-block-columns is-layout-flex wp-container-core-columns-is-layout-9d6595d7 wp-block-columns-is-layout-flex\">\n<div class=\"wp-block-column is-layout-flow wp-block-column-is-layout-flow\">\n<h3 class=\"wp-block-heading\">Porte-savon en c\u00e9ramique Premium Wholesale Caract\u00e9ristiques :<\/h3>\n\n\n\n<ul class=\"wp-block-list\">\n<li><strong>Nouveau design, forme unique : <\/strong>Ces porte-savons en gros en c\u00e9ramique adoptent des designs innovants et des structures de support uniques, ajoutant mode et fonctionnalit\u00e9 au porte-savon traditionnel. Son aspect moderne s'adapte \u00e0 diff\u00e9rents styles de salles de bains et am\u00e9liore l'effet d\u00e9coratif g\u00e9n\u00e9ral.<\/li>\n\n\n\n<li><strong>Richement color\u00e9 pour r\u00e9pondre \u00e0 des besoins personnalis\u00e9s : <\/strong>Ces porte-savons en vrac sont disponibles en diff\u00e9rentes couleurs, et les utilisateurs peuvent les choisir en fonction du style th\u00e9matique de leur salle de bains ou de leur marque. Du blanc classique aux couleurs sombres modernes, ils peuvent facilement s'adapter \u00e0 diff\u00e9rents styles de d\u00e9coration.<\/li>\n\n\n\n<li><strong>La c\u00e9ramique durable est robuste et facile \u00e0 nettoyer : <\/strong>Achetez en gros des porte-savons en c\u00e9ramique de haute qualit\u00e9 pour garantir la durabilit\u00e9 d'un porte-savon et emp\u00eacher l'apparition de taches. Le mat\u00e9riau est lisse, facile \u00e0 nettoyer et brillant pendant assez longtemps, ce qui convient parfaitement \u00e0 un usage quotidien dans les salles de bains des particuliers ou des h\u00f4tels.<\/li>\n\n\n\n<li><strong>Pratique et beau : <\/strong>Ces porte-savons en vrac ne sont pas seulement beaux, ils gardent aussi le savon au sec et prolongent sa dur\u00e9e de vie. La combinaison de sa fonctionnalit\u00e9 et de son aspect \u00e9l\u00e9gant en fait un accessoire de salle de bains \u00e0 la fois pratique et d\u00e9coratif, tr\u00e8s appr\u00e9ci\u00e9 des utilisateurs.<\/li>\n<\/ul>\n<\/div>\n\n\n\n<div class=\"wp-block-column is-layout-flow wp-block-column-is-layout-flow\">\n<figure class=\"wp-block-image size-full\"><img fetchpriority=\"high\" decoding=\"async\" width=\"800\" height=\"800\" src=\"https:\/\/jinhuaceramic.com\/wp-content\/uploads\/2024\/07\/ceramic-soap-holder.webp\" alt=\"Porte-savon en c\u00e9ramique en gros, Porte-savon en vrac avec support-5\" class=\"wp-image-5480\" srcset=\"https:\/\/jinhuaceramic.com\/wp-content\/uploads\/2024\/07\/ceramic-soap-holder.webp 800w, https:\/\/jinhuaceramic.com\/wp-content\/uploads\/2024\/07\/ceramic-soap-holder-300x300.webp 300w, https:\/\/jinhuaceramic.com\/wp-content\/uploads\/2024\/07\/ceramic-soap-holder-150x150.webp 150w, https:\/\/jinhuaceramic.com\/wp-content\/uploads\/2024\/07\/ceramic-soap-holder-768x768.webp 768w, https:\/\/jinhuaceramic.com\/wp-content\/uploads\/2024\/07\/ceramic-soap-holder-12x12.webp 12w, https:\/\/jinhuaceramic.com\/wp-content\/uploads\/2024\/07\/ceramic-soap-holder-285x285.webp 285w, https:\/\/jinhuaceramic.com\/wp-content\/uploads\/2024\/07\/ceramic-soap-holder-270x270.webp 270w, https:\/\/jinhuaceramic.com\/wp-content\/uploads\/2024\/07\/ceramic-soap-holder-540x540.webp 540w, https:\/\/jinhuaceramic.com\/wp-content\/uploads\/2024\/07\/ceramic-soap-holder-660x660.webp 660w\" sizes=\"(max-width: 800px) 100vw, 800px\" \/><\/figure>\n<\/div>\n<\/div>\n\n\n\n<p><\/p>","protected":false},"excerpt":{"rendered":"<p>Bienvenue dans l'achat de porte-savon en gros. Nos porte-savons \u00e9l\u00e9gants en gros en c\u00e9ramique ont une forme unique et sont pratiques. Disponibles en diff\u00e9rentes couleurs pour s'adapter au style des diff\u00e9rentes salles de bains, ils sont fabriqu\u00e9s en c\u00e9ramique de haute qualit\u00e9 pour une durabilit\u00e9 et un nettoyage facile, d'o\u00f9 une bonne s\u00e9lection parmi les maisons et les h\u00f4tels pour les accessoires de salle de bains.<\/p>","protected":false},"featured_media":5483,"comment_status":"closed","ping_status":"closed","template":"","meta":{"_acf_changed":false},"product_brand":[],"product_cat":[51],"product_tag":[72],"class_list":{"0":"post-5478","1":"product","2":"type-product","3":"status-publish","4":"has-post-thumbnail","6":"product_cat-bathroom-accessories-wholesale","7":"product_tag-wholesale-soap-dishes","9":"first","10":"instock","11":"shipping-taxable","12":"product-type-simple"},"acf":[],"_links":{"self":[{"href":"https:\/\/jinhuaceramic.com\/fr\/wp-json\/wp\/v2\/product\/5478","targetHints":{"allow":["GET"]}}],"collection":[{"href":"https:\/\/jinhuaceramic.com\/fr\/wp-json\/wp\/v2\/product"}],"about":[{"href":"https:\/\/jinhuaceramic.com\/fr\/wp-json\/wp\/v2\/types\/product"}],"replies":[{"embeddable":true,"href":"https:\/\/jinhuaceramic.com\/fr\/wp-json\/wp\/v2\/comments?post=5478"}],"version-history":[{"count":0,"href":"https:\/\/jinhuaceramic.com\/fr\/wp-json\/wp\/v2\/product\/5478\/revisions"}],"wp:featuredmedia":[{"embeddable":true,"href":"https:\/\/jinhuaceramic.com\/fr\/wp-json\/wp\/v2\/media\/5483"}],"wp:attachment":[{"href":"https:\/\/jinhuaceramic.com\/fr\/wp-json\/wp\/v2\/media?parent=5478"}],"wp:term":[{"taxonomy":"product_brand","embeddable":true,"href":"https:\/\/jinhuaceramic.com\/fr\/wp-json\/wp\/v2\/product_brand?post=5478"},{"taxonomy":"product_cat","embeddable":true,"href":"https:\/\/jinhuaceramic.com\/fr\/wp-json\/wp\/v2\/product_cat?post=5478"},{"taxonomy":"product_tag","embeddable":true,"href":"https:\/\/jinhuaceramic.com\/fr\/wp-json\/wp\/v2\/product_tag?post=5478"}],"curies":[{"name":"wp","href":"https:\/\/api.w.org\/{rel}","templated":true}]}}