{"id":5506,"date":"2024-07-26T01:56:20","date_gmt":"2024-07-26T01:56:20","guid":{"rendered":"https:\/\/jinhuaceramic.com\/?post_type=product&#038;p=5506"},"modified":"2025-03-10T08:47:09","modified_gmt":"2025-03-10T08:47:09","slug":"non-stick-wholesale-baking-pans","status":"publish","type":"product","link":"https:\/\/jinhuaceramic.com\/fr\/product\/non-stick-wholesale-baking-pans\/","title":{"rendered":"Acheter en gros des moules \u00e0 p\u00e2tisserie antiadh\u00e9sifs, des moules \u00e0 p\u00e2tisserie en c\u00e9ramique"},"content":{"rendered":"<div class=\"wp-block-columns is-layout-flex wp-container-core-columns-is-layout-9d6595d7 wp-block-columns-is-layout-flex\">\n<div class=\"wp-block-column is-layout-flow wp-block-column-is-layout-flow\">\n<h3 class=\"wp-block-heading\">Plaques de cuisson en c\u00e9ramique de premi\u00e8re qualit\u00e9 Caract\u00e9ristiques :<\/h3>\n\n\n\n<ul class=\"wp-block-list\">\n<li><strong>L'attrait esth\u00e9tique :<\/strong> Ces plats de cuisson en gros pr\u00e9sentent un design rectangulaire classique dans un d\u00e9grad\u00e9 de gris clair. L'ext\u00e9rieur des plats de cuisson pr\u00e9sente \u00e9galement un motif nervur\u00e9 horizontal qui ajoute une touche de sophistication. L'effet d\u00e9grad\u00e9 et le motif nervur\u00e9 rehaussent l'esth\u00e9tique des plats de cuisson.<\/li>\n\n\n\n<li><strong>Mat\u00e9riau de haute qualit\u00e9 : <\/strong>Ces ensembles de plats de cuisson en gros sont fabriqu\u00e9s \u00e0 partir d'argile c\u00e9ramique de haute qualit\u00e9, garantissant une durabilit\u00e9 et une distribution uniforme de la chaleur pour des r\u00e9sultats de cuisson parfaits \u00e0 chaque fois. Ces plats de cuisson vont au four, au micro-ondes, au cong\u00e9lateur et au lave-vaisselle.<\/li>\n\n\n\n<li><strong>Utilisation polyvalente :<\/strong> Ces plats de cuisson en gros sont disponibles en deux tailles : le grand plat pour les grandes portions et le petit plat parfait pour les accompagnements ou les petites portions. Les deux plats sont con\u00e7us avec une profondeur suffisante pour \u00e9viter les \u00e9claboussures, ce qui les rend id\u00e9aux pour une vari\u00e9t\u00e9 de besoins en mati\u00e8re de cuisson.<\/li>\n\n\n\n<li><strong>Poign\u00e9es empilables et pratiques :<\/strong> Ces ensembles de plats de cuisson sont empilables en vrac pour \u00e9conomiser de l'espace dans les armoires. Les plats de cuisson sont munis de deux poign\u00e9es pour une manipulation ais\u00e9e, ce qui facilite le transfert des produits de boulangerie directement du four \u00e0 la table pour le service.<\/li>\n<\/ul>\n<\/div>\n\n\n\n<div class=\"wp-block-column is-layout-flow wp-block-column-is-layout-flow\">\n<figure class=\"wp-block-image size-full\"><img fetchpriority=\"high\" decoding=\"async\" width=\"1000\" height=\"1000\" src=\"https:\/\/jinhuaceramic.com\/wp-content\/uploads\/2024\/07\/ceramic-bakeware-3.webp\" alt=\"buy-non-stick-wholesale-baking-pans-ceramic-bakeware-in-bulk\" class=\"wp-image-5511\" srcset=\"https:\/\/jinhuaceramic.com\/wp-content\/uploads\/2024\/07\/ceramic-bakeware-3.webp 1000w, https:\/\/jinhuaceramic.com\/wp-content\/uploads\/2024\/07\/ceramic-bakeware-3-300x300.webp 300w, https:\/\/jinhuaceramic.com\/wp-content\/uploads\/2024\/07\/ceramic-bakeware-3-150x150.webp 150w, https:\/\/jinhuaceramic.com\/wp-content\/uploads\/2024\/07\/ceramic-bakeware-3-768x768.webp 768w, https:\/\/jinhuaceramic.com\/wp-content\/uploads\/2024\/07\/ceramic-bakeware-3-12x12.webp 12w, https:\/\/jinhuaceramic.com\/wp-content\/uploads\/2024\/07\/ceramic-bakeware-3-285x285.webp 285w, https:\/\/jinhuaceramic.com\/wp-content\/uploads\/2024\/07\/ceramic-bakeware-3-270x270.webp 270w, https:\/\/jinhuaceramic.com\/wp-content\/uploads\/2024\/07\/ceramic-bakeware-3-540x540.webp 540w, https:\/\/jinhuaceramic.com\/wp-content\/uploads\/2024\/07\/ceramic-bakeware-3-660x660.webp 660w\" sizes=\"(max-width: 1000px) 100vw, 1000px\" \/><\/figure>\n<\/div>\n<\/div>","protected":false},"excerpt":{"rendered":"<p>Ces moules \u00e0 p\u00e2tisserie en c\u00e9ramique sont tr\u00e8s appr\u00e9ci\u00e9s en raison de leur design \u00e9l\u00e9gant, de leur fabrication en c\u00e9ramique durable et de leur polyvalence. Ces moules \u00e0 p\u00e2tisserie avec poign\u00e9es sont \u00e0 la fois \u00e9l\u00e9gants et pratiques, et conviennent \u00e0 de nombreuses occasions, que ce soit pour un usage quotidien \u00e0 la maison ou pour recevoir des invit\u00e9s.<\/p>","protected":false},"featured_media":5512,"comment_status":"closed","ping_status":"closed","template":"","meta":{"_acf_changed":false},"product_brand":[],"product_cat":[53],"product_tag":[71],"class_list":{"0":"post-5506","1":"product","2":"type-product","3":"status-publish","4":"has-post-thumbnail","6":"product_cat-bakeware-in-bulk","7":"product_tag-wholesale-baking-pans","9":"first","10":"instock","11":"shipping-taxable","12":"product-type-simple"},"acf":[],"_links":{"self":[{"href":"https:\/\/jinhuaceramic.com\/fr\/wp-json\/wp\/v2\/product\/5506","targetHints":{"allow":["GET"]}}],"collection":[{"href":"https:\/\/jinhuaceramic.com\/fr\/wp-json\/wp\/v2\/product"}],"about":[{"href":"https:\/\/jinhuaceramic.com\/fr\/wp-json\/wp\/v2\/types\/product"}],"replies":[{"embeddable":true,"href":"https:\/\/jinhuaceramic.com\/fr\/wp-json\/wp\/v2\/comments?post=5506"}],"version-history":[{"count":0,"href":"https:\/\/jinhuaceramic.com\/fr\/wp-json\/wp\/v2\/product\/5506\/revisions"}],"wp:featuredmedia":[{"embeddable":true,"href":"https:\/\/jinhuaceramic.com\/fr\/wp-json\/wp\/v2\/media\/5512"}],"wp:attachment":[{"href":"https:\/\/jinhuaceramic.com\/fr\/wp-json\/wp\/v2\/media?parent=5506"}],"wp:term":[{"taxonomy":"product_brand","embeddable":true,"href":"https:\/\/jinhuaceramic.com\/fr\/wp-json\/wp\/v2\/product_brand?post=5506"},{"taxonomy":"product_cat","embeddable":true,"href":"https:\/\/jinhuaceramic.com\/fr\/wp-json\/wp\/v2\/product_cat?post=5506"},{"taxonomy":"product_tag","embeddable":true,"href":"https:\/\/jinhuaceramic.com\/fr\/wp-json\/wp\/v2\/product_tag?post=5506"}],"curies":[{"name":"wp","href":"https:\/\/api.w.org\/{rel}","templated":true}]}}