{"id":5518,"date":"2024-07-26T10:12:02","date_gmt":"2024-07-26T10:12:02","guid":{"rendered":"https:\/\/jinhuaceramic.com\/?post_type=product&#038;p=5518"},"modified":"2024-11-05T03:52:15","modified_gmt":"2024-11-05T03:52:15","slug":"wholesale-ceramic-bathroom-set","status":"publish","type":"product","link":"https:\/\/jinhuaceramic.com\/fr\/product\/wholesale-ceramic-bathroom-set\/","title":{"rendered":"Wholesale Ceramic Bathroom Set, Custom Bath Accessories For Hotel (accessoires de bain personnalis\u00e9s pour l'h\u00f4tel)"},"content":{"rendered":"<div class=\"wp-block-columns is-layout-flex wp-container-core-columns-is-layout-9d6595d7 wp-block-columns-is-layout-flex\">\n<div class=\"wp-block-column is-layout-flow wp-block-column-is-layout-flow\">\n<h3 class=\"wp-block-heading\">Premium Wholesale Ceramic Bathroom Set Caract\u00e9ristiques :<\/h3>\n\n\n\n<ul class=\"wp-block-list\">\n<li><strong>Blanc pur et couleur or :<\/strong> Cet ensemble de salle de bains en c\u00e9ramique est blanc, mais l'\u00e9l\u00e9gance se d\u00e9gage de la d\u00e9coration dor\u00e9e. Il offre un effet visuel classique et noble, tout \u00e0 fait adapt\u00e9 \u00e0 la salle de bains exquise d'un h\u00f4tel haut de gamme.<\/li>\n\n\n\n<li><strong>Mat\u00e9riau c\u00e9ramique de haute qualit\u00e9, garantissant la qualit\u00e9 : <\/strong>Cet ensemble d'accessoires de bain personnalis\u00e9s est fabriqu\u00e9 en c\u00e9ramique de haute qualit\u00e9. La surface est lisse et d\u00e9licate, ne se raye pas facilement et est tr\u00e8s durable. En outre, elle est facile \u00e0 nettoyer et reste brillante comme neuve m\u00eame apr\u00e8s une longue utilisation.<\/li>\n\n\n\n<li><strong>Service personnalis\u00e9 pour les besoins des marques h\u00f4teli\u00e8res :<\/strong> Notre service de vente en gros d'accessoires de salle de bains en c\u00e9ramique propose des services personnalis\u00e9s. Selon le style de la marque, les clients peuvent choisir les couleurs et les options de logo parmi d'autres \u00e9l\u00e9ments de conception pour cr\u00e9er des accessoires de salle de bain exclusifs.<\/li>\n\n\n\n<li><strong>Pratique et fonctionnel : <\/strong>Notre ensemble d'accessoires de bain personnalis\u00e9 comprend des accessoires courants de la vie quotidienne tels que des distributeurs de savon, des porte-savons, des gobelets pour brosses \u00e0 dents, etc. Le r\u00e9sultat est enti\u00e8rement fonctionnel et pratique. En plus d'\u00eatre beau, il am\u00e9liore la propret\u00e9 de la salle de bains.<\/li>\n<\/ul>\n<\/div>\n\n\n\n<div class=\"wp-block-column is-layout-flow wp-block-column-is-layout-flow\">\n<figure class=\"wp-block-image size-full\"><img fetchpriority=\"high\" decoding=\"async\" width=\"1500\" height=\"1500\" src=\"https:\/\/jinhuaceramic.com\/wp-content\/uploads\/2024\/07\/bathroom-accessories-2.webp\" alt=\"Wholesale Ceramic Bathroom Set, Custom Bath Accessories For Hotel-1 (Ensemble de salle de bain en c\u00e9ramique, accessoires de salle de bain personnalis\u00e9s pour l&#039;h\u00f4tel)\" class=\"wp-image-5520\" srcset=\"https:\/\/jinhuaceramic.com\/wp-content\/uploads\/2024\/07\/bathroom-accessories-2.webp 1500w, https:\/\/jinhuaceramic.com\/wp-content\/uploads\/2024\/07\/bathroom-accessories-2-300x300.webp 300w, https:\/\/jinhuaceramic.com\/wp-content\/uploads\/2024\/07\/bathroom-accessories-2-150x150.webp 150w, https:\/\/jinhuaceramic.com\/wp-content\/uploads\/2024\/07\/bathroom-accessories-2-768x768.webp 768w, https:\/\/jinhuaceramic.com\/wp-content\/uploads\/2024\/07\/bathroom-accessories-2-12x12.webp 12w, https:\/\/jinhuaceramic.com\/wp-content\/uploads\/2024\/07\/bathroom-accessories-2-285x285.webp 285w, https:\/\/jinhuaceramic.com\/wp-content\/uploads\/2024\/07\/bathroom-accessories-2-270x270.webp 270w, https:\/\/jinhuaceramic.com\/wp-content\/uploads\/2024\/07\/bathroom-accessories-2-540x540.webp 540w, https:\/\/jinhuaceramic.com\/wp-content\/uploads\/2024\/07\/bathroom-accessories-2-660x660.webp 660w\" sizes=\"(max-width: 1500px) 100vw, 1500px\" \/><\/figure>\n<\/div>\n<\/div>","protected":false},"excerpt":{"rendered":"<p>Bienvenue dans l'ensemble d'accessoires de bain personnalis\u00e9s. Cet ensemble de salle de bain de luxe en c\u00e9ramique blanc et or pr\u00e9sente un design d\u00e9licat et des mat\u00e9riaux en c\u00e9ramique haut de gamme, int\u00e9grant fonctionnalit\u00e9 et esth\u00e9tique, ce qui r\u00e9pond parfaitement aux besoins des h\u00f4tels haut de gamme. Possibilit\u00e9 de personnalisation.<\/p>","protected":false},"featured_media":5519,"comment_status":"closed","ping_status":"closed","template":"","meta":{"_acf_changed":false},"product_brand":[],"product_cat":[51],"product_tag":[74],"class_list":{"0":"post-5518","1":"product","2":"type-product","3":"status-publish","4":"has-post-thumbnail","6":"product_cat-bathroom-accessories-wholesale","7":"product_tag-ceramic-bath-accessories-wholesale","9":"first","10":"instock","11":"shipping-taxable","12":"product-type-simple"},"acf":[],"_links":{"self":[{"href":"https:\/\/jinhuaceramic.com\/fr\/wp-json\/wp\/v2\/product\/5518","targetHints":{"allow":["GET"]}}],"collection":[{"href":"https:\/\/jinhuaceramic.com\/fr\/wp-json\/wp\/v2\/product"}],"about":[{"href":"https:\/\/jinhuaceramic.com\/fr\/wp-json\/wp\/v2\/types\/product"}],"replies":[{"embeddable":true,"href":"https:\/\/jinhuaceramic.com\/fr\/wp-json\/wp\/v2\/comments?post=5518"}],"version-history":[{"count":0,"href":"https:\/\/jinhuaceramic.com\/fr\/wp-json\/wp\/v2\/product\/5518\/revisions"}],"wp:featuredmedia":[{"embeddable":true,"href":"https:\/\/jinhuaceramic.com\/fr\/wp-json\/wp\/v2\/media\/5519"}],"wp:attachment":[{"href":"https:\/\/jinhuaceramic.com\/fr\/wp-json\/wp\/v2\/media?parent=5518"}],"wp:term":[{"taxonomy":"product_brand","embeddable":true,"href":"https:\/\/jinhuaceramic.com\/fr\/wp-json\/wp\/v2\/product_brand?post=5518"},{"taxonomy":"product_cat","embeddable":true,"href":"https:\/\/jinhuaceramic.com\/fr\/wp-json\/wp\/v2\/product_cat?post=5518"},{"taxonomy":"product_tag","embeddable":true,"href":"https:\/\/jinhuaceramic.com\/fr\/wp-json\/wp\/v2\/product_tag?post=5518"}],"curies":[{"name":"wp","href":"https:\/\/api.w.org\/{rel}","templated":true}]}}