{"id":5536,"date":"2024-07-31T03:11:42","date_gmt":"2024-07-31T03:11:42","guid":{"rendered":"https:\/\/jinhuaceramic.com\/?post_type=product&#038;p=5536"},"modified":"2024-10-15T06:38:24","modified_gmt":"2024-10-15T06:38:24","slug":"ceramic-bulk-candle-jars","status":"publish","type":"product","link":"https:\/\/jinhuaceramic.com\/fr\/product\/ceramic-bulk-candle-jars\/","title":{"rendered":"Pots \u00e0 bougies modernes en vrac, Pots \u00e0 bougies mats avec couvercles, vente en gros"},"content":{"rendered":"<div class=\"wp-block-columns is-layout-flex wp-container-core-columns-is-layout-9d6595d7 wp-block-columns-is-layout-flex\">\n<div class=\"wp-block-column is-layout-flow wp-block-column-is-layout-flow\">\n<h3 class=\"wp-block-heading\">Pots de bougies en vrac de qualit\u00e9 sup\u00e9rieure Caract\u00e9ristiques :<\/h3>\n\n\n\n<ul class=\"wp-block-list\">\n<li><strong>Gla\u00e7age mat unique, toucher d\u00e9licat : <\/strong>Cette s\u00e9rie de photophores en vrac utilise un traitement de gla\u00e7age mat, avec une texture unique et un toucher doux et d\u00e9licat. La surface mate n'est pas seulement belle, elle \u00e9vite aussi les r\u00e9sidus \u00e9vidents d'empreintes digitales et de taches.<\/li>\n\n\n\n<li><strong>Design moderne et simple, polyvalent et multi-sc\u00e8ne : <\/strong>Ces photophores mats avec couvercles ont un design simple et \u00e9l\u00e9gant et des lignes douces. Ils conviennent \u00e0 diverses sc\u00e8nes modernes, y compris la maison, le bureau ou le restaurant, etc., ajoutant de l'\u00e9l\u00e9gance et de la mode \u00e0 l'espace.<\/li>\n\n\n\n<li><strong>Une vari\u00e9t\u00e9 d'options de couleurs pour mettre en valeur le style personnel : <\/strong>Cette s\u00e9rie de photophores mats avec couvercles offre une grande vari\u00e9t\u00e9 d'options de couleurs, des tons neutres classiques aux couleurs personnalis\u00e9es populaires, pour r\u00e9pondre aux besoins des clients en mati\u00e8re de styles d\u00e9coratifs diff\u00e9rents. Les clients peuvent choisir la combinaison de couleurs la plus appropri\u00e9e en fonction de l'espace sp\u00e9cifique ou du style de la marque.<\/li>\n\n\n\n<li><strong>Le couvercle est con\u00e7u pour am\u00e9liorer l'aspect pratique : <\/strong>Nos photophores en vrac sont \u00e9quip\u00e9s d'un couvercle coordonn\u00e9 au corps du photophore, ce qui permet non seulement de prot\u00e9ger efficacement la bougie de la pollution par la poussi\u00e8re, mais aussi de prolonger la dur\u00e9e de vie du parfum, tout en ajoutant une int\u00e9grit\u00e9 raffin\u00e9e \u00e0 l'ensemble du produit.<\/li>\n<\/ul>\n<\/div>\n\n\n\n<div class=\"wp-block-column is-layout-flow wp-block-column-is-layout-flow\">\n<figure class=\"wp-block-image size-full\"><img fetchpriority=\"high\" decoding=\"async\" width=\"2776\" height=\"2776\" src=\"https:\/\/jinhuaceramic.com\/wp-content\/uploads\/2024\/07\/candle-jar-ceramic.webp\" alt=\"Pots \u00e0 bougies modernes en vrac, Pots \u00e0 bougies mats avec couvercles Wholesale-1\" class=\"wp-image-5538\" srcset=\"https:\/\/jinhuaceramic.com\/wp-content\/uploads\/2024\/07\/candle-jar-ceramic.webp 2776w, https:\/\/jinhuaceramic.com\/wp-content\/uploads\/2024\/07\/candle-jar-ceramic-300x300.webp 300w, https:\/\/jinhuaceramic.com\/wp-content\/uploads\/2024\/07\/candle-jar-ceramic-150x150.webp 150w, https:\/\/jinhuaceramic.com\/wp-content\/uploads\/2024\/07\/candle-jar-ceramic-768x768.webp 768w, https:\/\/jinhuaceramic.com\/wp-content\/uploads\/2024\/07\/candle-jar-ceramic-12x12.webp 12w, https:\/\/jinhuaceramic.com\/wp-content\/uploads\/2024\/07\/candle-jar-ceramic-285x285.webp 285w, https:\/\/jinhuaceramic.com\/wp-content\/uploads\/2024\/07\/candle-jar-ceramic-1600x1600.webp 1600w, https:\/\/jinhuaceramic.com\/wp-content\/uploads\/2024\/07\/candle-jar-ceramic-270x270.webp 270w, https:\/\/jinhuaceramic.com\/wp-content\/uploads\/2024\/07\/candle-jar-ceramic-540x540.webp 540w, https:\/\/jinhuaceramic.com\/wp-content\/uploads\/2024\/07\/candle-jar-ceramic-660x660.webp 660w\" sizes=\"(max-width: 2776px) 100vw, 2776px\" \/><\/figure>\n<\/div>\n<\/div>","protected":false},"excerpt":{"rendered":"<p>Bienvenue dans l'achat de photophores en gros. Cette s\u00e9rie moderne de photophores mats avec couvercles en gros se caract\u00e9rise par un gla\u00e7age mat unique et un toucher doux, et offre une vari\u00e9t\u00e9 d'options de couleurs pour s'adapter \u00e0 diff\u00e9rents styles d\u00e9coratifs. La combinaison d'un design simple et de couvercles pratiques est parfaite pour les sc\u00e8nes domestiques ou commerciales, mettant en valeur \u00e0 la fois la beaut\u00e9 et la praticit\u00e9, et constitue un choix id\u00e9al pour les contenants de bougies.<\/p>","protected":false},"featured_media":5541,"comment_status":"closed","ping_status":"closed","template":"","meta":{"_acf_changed":false},"product_brand":[],"product_cat":[52],"product_tag":[67,66],"class_list":{"0":"post-5536","1":"product","2":"type-product","3":"status-publish","4":"has-post-thumbnail","6":"product_cat-wholesale-candle-containers","7":"product_tag-bulk-candle-jars-with-lids","8":"product_tag-candle-jars-wholesale","10":"first","11":"instock","12":"shipping-taxable","13":"product-type-simple"},"acf":[],"_links":{"self":[{"href":"https:\/\/jinhuaceramic.com\/fr\/wp-json\/wp\/v2\/product\/5536","targetHints":{"allow":["GET"]}}],"collection":[{"href":"https:\/\/jinhuaceramic.com\/fr\/wp-json\/wp\/v2\/product"}],"about":[{"href":"https:\/\/jinhuaceramic.com\/fr\/wp-json\/wp\/v2\/types\/product"}],"replies":[{"embeddable":true,"href":"https:\/\/jinhuaceramic.com\/fr\/wp-json\/wp\/v2\/comments?post=5536"}],"version-history":[{"count":0,"href":"https:\/\/jinhuaceramic.com\/fr\/wp-json\/wp\/v2\/product\/5536\/revisions"}],"wp:featuredmedia":[{"embeddable":true,"href":"https:\/\/jinhuaceramic.com\/fr\/wp-json\/wp\/v2\/media\/5541"}],"wp:attachment":[{"href":"https:\/\/jinhuaceramic.com\/fr\/wp-json\/wp\/v2\/media?parent=5536"}],"wp:term":[{"taxonomy":"product_brand","embeddable":true,"href":"https:\/\/jinhuaceramic.com\/fr\/wp-json\/wp\/v2\/product_brand?post=5536"},{"taxonomy":"product_cat","embeddable":true,"href":"https:\/\/jinhuaceramic.com\/fr\/wp-json\/wp\/v2\/product_cat?post=5536"},{"taxonomy":"product_tag","embeddable":true,"href":"https:\/\/jinhuaceramic.com\/fr\/wp-json\/wp\/v2\/product_tag?post=5536"}],"curies":[{"name":"wp","href":"https:\/\/api.w.org\/{rel}","templated":true}]}}