{"id":5547,"date":"2024-07-31T03:20:53","date_gmt":"2024-07-31T03:20:53","guid":{"rendered":"https:\/\/jinhuaceramic.com\/?post_type=product&#038;p=5547"},"modified":"2025-03-11T08:36:02","modified_gmt":"2025-03-11T08:36:02","slug":"wholesale-ramekins-for-dessert-baking","status":"publish","type":"product","link":"https:\/\/jinhuaceramic.com\/fr\/product\/wholesale-ramekins-for-dessert-baking\/","title":{"rendered":"Grossiste Ramequins, Coupes \u00e0 Souffle, Ramequins \u00e0 Cr\u00e8me Brulee Bulk"},"content":{"rendered":"<div class=\"wp-block-columns is-layout-flex wp-container-core-columns-is-layout-9d6595d7 wp-block-columns-is-layout-flex\">\n<div class=\"wp-block-column is-layout-flow wp-block-column-is-layout-flow\">\n<h3 class=\"wp-block-heading\">Ramequins en gros de premi\u00e8re qualit\u00e9 Caract\u00e9ristiques :<\/h3>\n\n\n\n<ul class=\"wp-block-list\">\n<li><strong>Le magnifique motif en dentelle : <\/strong>Nos ramequins en gros avec un design en dentelle exquis conf\u00e8rent \u00e0 ce produit non seulement de beaux d\u00e9tails, mais aussi une plus grande \u00e9l\u00e9gance \u00e0 la table pour am\u00e9liorer l'exp\u00e9rience et l'effet du repas.<\/li>\n\n\n\n<li><strong>Id\u00e9al pour une grande vari\u00e9t\u00e9 de p\u00e2tisseries : <\/strong>Cet ensemble de ramequins en vrac est sp\u00e9cialement con\u00e7u pour le souffl\u00e9, la cr\u00e8me br\u00fbl\u00e9e et d'autres desserts. Il est parfait pour un grand nombre de desserts d'apr\u00e8s-repas et de petits d\u00e9lices cuits au four. Qu'il s'agisse d'une r\u00e9union de famille ou d'une utilisation professionnelle dans un restaurant, il peut facilement faire l'affaire.<\/li>\n\n\n\n<li><strong>Mat\u00e9riau c\u00e9ramique de haute qualit\u00e9, chauffage uniforme :<\/strong> Chacun de nos ramequins en gros est fabriqu\u00e9 \u00e0 partir d'un mat\u00e9riau c\u00e9ramique r\u00e9sistant \u00e0 la chaleur qui peut conduire la chaleur de mani\u00e8re uniforme pendant la cuisson et donner une cuisson parfaite en termes de texture et de go\u00fbt. Ils peuvent \u00eatre utilis\u00e9s directement dans les fours \u00e0 micro-ondes ou les fours.<\/li>\n\n\n\n<li><strong>Facile \u00e0 nettoyer, compatible avec le lave-vaisselle :<\/strong> Ces tasses \u00e0 souffl\u00e9 en gros, ramequins \u00e0 cr\u00e8me br\u00fbl\u00e9e en vrac, sont belles non seulement par leur apparence, mais aussi par leur facilit\u00e9 de nettoyage. Ils peuvent \u00eatre mis en toute s\u00e9curit\u00e9 dans un lave-vaisselle, ce qui r\u00e9duit le travail de nettoyage, et est rapide, pratique, particuli\u00e8rement adapt\u00e9 \u00e0 un usage quotidien.<\/li>\n<\/ul>\n<\/div>\n\n\n\n<div class=\"wp-block-column is-layout-flow wp-block-column-is-layout-flow\">\n<figure class=\"wp-block-image size-full\"><img fetchpriority=\"high\" decoding=\"async\" width=\"1500\" height=\"1500\" src=\"https:\/\/jinhuaceramic.com\/wp-content\/uploads\/2024\/07\/baking-ramekin-1.webp\" alt=\"Grossiste Ramequins, Coupes \u00e0 Souffle, Ramequins \u00e0 Cr\u00e8me Brulee Bulk-1\" class=\"wp-image-5548\" srcset=\"https:\/\/jinhuaceramic.com\/wp-content\/uploads\/2024\/07\/baking-ramekin-1.webp 1500w, https:\/\/jinhuaceramic.com\/wp-content\/uploads\/2024\/07\/baking-ramekin-1-300x300.webp 300w, https:\/\/jinhuaceramic.com\/wp-content\/uploads\/2024\/07\/baking-ramekin-1-150x150.webp 150w, https:\/\/jinhuaceramic.com\/wp-content\/uploads\/2024\/07\/baking-ramekin-1-768x768.webp 768w, https:\/\/jinhuaceramic.com\/wp-content\/uploads\/2024\/07\/baking-ramekin-1-12x12.webp 12w, https:\/\/jinhuaceramic.com\/wp-content\/uploads\/2024\/07\/baking-ramekin-1-285x285.webp 285w, https:\/\/jinhuaceramic.com\/wp-content\/uploads\/2024\/07\/baking-ramekin-1-270x270.webp 270w, https:\/\/jinhuaceramic.com\/wp-content\/uploads\/2024\/07\/baking-ramekin-1-540x540.webp 540w, https:\/\/jinhuaceramic.com\/wp-content\/uploads\/2024\/07\/baking-ramekin-1-660x660.webp 660w\" sizes=\"(max-width: 1500px) 100vw, 1500px\" \/><\/figure>\n<\/div>\n<\/div>","protected":false},"excerpt":{"rendered":"<p>Bienvenue pour acheter des ramequins en gros. Cet ensemble de tasses \u00e0 souffl\u00e9, de ramequins \u00e0 cr\u00e8me br\u00fbl\u00e9e en vrac avec un design en dentelle est sp\u00e9cialement con\u00e7u pour la cuisson des desserts. La c\u00e9ramique de haute qualit\u00e9 permet de chauffer les aliments de fa\u00e7on homog\u00e8ne. Ils peuvent \u00eatre utilis\u00e9s au micro-ondes, au four et au lave-vaisselle. Le design \u00e9l\u00e9gant en dentelle ajoute de l'\u00e9l\u00e9gance \u00e0 une table et est un choix id\u00e9al pour la cuisson \u00e0 la maison et au restaurant.<\/p>","protected":false},"featured_media":5553,"comment_status":"closed","ping_status":"closed","template":"","meta":{"_acf_changed":false},"product_brand":[],"product_cat":[53],"product_tag":[69],"class_list":{"0":"post-5547","1":"product","2":"type-product","3":"status-publish","4":"has-post-thumbnail","6":"product_cat-bakeware-in-bulk","7":"product_tag-bulk-ramekins","9":"first","10":"instock","11":"shipping-taxable","12":"product-type-simple"},"acf":[],"_links":{"self":[{"href":"https:\/\/jinhuaceramic.com\/fr\/wp-json\/wp\/v2\/product\/5547","targetHints":{"allow":["GET"]}}],"collection":[{"href":"https:\/\/jinhuaceramic.com\/fr\/wp-json\/wp\/v2\/product"}],"about":[{"href":"https:\/\/jinhuaceramic.com\/fr\/wp-json\/wp\/v2\/types\/product"}],"replies":[{"embeddable":true,"href":"https:\/\/jinhuaceramic.com\/fr\/wp-json\/wp\/v2\/comments?post=5547"}],"version-history":[{"count":0,"href":"https:\/\/jinhuaceramic.com\/fr\/wp-json\/wp\/v2\/product\/5547\/revisions"}],"wp:featuredmedia":[{"embeddable":true,"href":"https:\/\/jinhuaceramic.com\/fr\/wp-json\/wp\/v2\/media\/5553"}],"wp:attachment":[{"href":"https:\/\/jinhuaceramic.com\/fr\/wp-json\/wp\/v2\/media?parent=5547"}],"wp:term":[{"taxonomy":"product_brand","embeddable":true,"href":"https:\/\/jinhuaceramic.com\/fr\/wp-json\/wp\/v2\/product_brand?post=5547"},{"taxonomy":"product_cat","embeddable":true,"href":"https:\/\/jinhuaceramic.com\/fr\/wp-json\/wp\/v2\/product_cat?post=5547"},{"taxonomy":"product_tag","embeddable":true,"href":"https:\/\/jinhuaceramic.com\/fr\/wp-json\/wp\/v2\/product_tag?post=5547"}],"curies":[{"name":"wp","href":"https:\/\/api.w.org\/{rel}","templated":true}]}}