{"id":5579,"date":"2024-08-02T02:49:24","date_gmt":"2024-08-02T02:49:24","guid":{"rendered":"https:\/\/jinhuaceramic.com\/?post_type=product&#038;p=5579"},"modified":"2024-09-21T04:08:19","modified_gmt":"2024-09-21T04:08:19","slug":"burgundy-custom-bathroom-set","status":"publish","type":"product","link":"https:\/\/jinhuaceramic.com\/fr\/product\/burgundy-custom-bathroom-set\/","title":{"rendered":"Burgundy Custom Bathroom Set Ceramic Bathroom Accessories"},"content":{"rendered":"<div class=\"wp-block-columns is-layout-flex wp-container-core-columns-is-layout-9d6595d7 wp-block-columns-is-layout-flex\">\n<div class=\"wp-block-column is-layout-flow wp-block-column-is-layout-flow\">\n<h3 class=\"wp-block-heading\">Premium Custom Bathroom Set Features :<\/h3>\n\n\n\n<ul class=\"wp-block-list\">\n<li><strong>Design moderne :<\/strong> Avec leur finition bordeaux sophistiqu\u00e9e, ces ensembles de salle de bains personnalis\u00e9s en c\u00e9ramique ajouteront une touche d'\u00e9l\u00e9gance \u00e0 tout d\u00e9cor de salle de bains.<\/li>\n\n\n\n<li><strong>Mat\u00e9riau de premi\u00e8re qualit\u00e9 : <\/strong>Fabriqu\u00e9s en c\u00e9ramique de haute qualit\u00e9, ces ensembles de salle de bains personnalis\u00e9s sont construits de mani\u00e8re \u00e0 ce que chaque pi\u00e8ce soit durable, r\u00e9sistante \u00e0 l'usure et conserve son aspect impeccable pendant longtemps.<\/li>\n\n\n\n<li><strong>Ensemble fonctionnel :<\/strong> Ces ensembles de salle de bains en c\u00e9ramique comprennent un distributeur de savon, un porte-brosse \u00e0 dents et un porte-savon. Le distributeur de savon est dot\u00e9 d'une pompe chrom\u00e9e de haute qualit\u00e9 qui distribue le savon en douceur et efficacement. Le porte-brosse \u00e0 dents offre un espace suffisant pour plusieurs brosses \u00e0 dents, les gardant ainsi organis\u00e9es et \u00e0 port\u00e9e de main. Le porte-savon pr\u00e9sente un design unique qui maintient le savon en place et l'emp\u00eache de glisser.<\/li>\n\n\n\n<li><strong>Entretien facile :<\/strong> La surface lisse en c\u00e9ramique de chaque pi\u00e8ce de ces sets de salle de bains en gros est r\u00e9sistante aux taches et facile \u00e0 nettoyer, ce qui garantit l'hygi\u00e8ne de vos accessoires de salle de bains.<\/li>\n<\/ul>\n<\/div>\n\n\n\n<div class=\"wp-block-column is-layout-flow wp-block-column-is-layout-flow\">\n<figure class=\"wp-block-image size-full\"><img fetchpriority=\"high\" decoding=\"async\" width=\"790\" height=\"790\" src=\"https:\/\/jinhuaceramic.com\/wp-content\/uploads\/2024\/07\/bathroom-set-6.webp\" alt=\"burgundy-red-custom-bathroom-set-ceramic-bath-accessories-1\" class=\"wp-image-5582\" srcset=\"https:\/\/jinhuaceramic.com\/wp-content\/uploads\/2024\/07\/bathroom-set-6.webp 790w, https:\/\/jinhuaceramic.com\/wp-content\/uploads\/2024\/07\/bathroom-set-6-300x300.webp 300w, https:\/\/jinhuaceramic.com\/wp-content\/uploads\/2024\/07\/bathroom-set-6-150x150.webp 150w, https:\/\/jinhuaceramic.com\/wp-content\/uploads\/2024\/07\/bathroom-set-6-768x768.webp 768w, https:\/\/jinhuaceramic.com\/wp-content\/uploads\/2024\/07\/bathroom-set-6-12x12.webp 12w, https:\/\/jinhuaceramic.com\/wp-content\/uploads\/2024\/07\/bathroom-set-6-285x285.webp 285w, https:\/\/jinhuaceramic.com\/wp-content\/uploads\/2024\/07\/bathroom-set-6-270x270.webp 270w, https:\/\/jinhuaceramic.com\/wp-content\/uploads\/2024\/07\/bathroom-set-6-540x540.webp 540w, https:\/\/jinhuaceramic.com\/wp-content\/uploads\/2024\/07\/bathroom-set-6-660x660.webp 660w\" sizes=\"(max-width: 790px) 100vw, 790px\" \/><\/figure>\n<\/div>\n<\/div>\n\n\n\n<p><\/p>","protected":false},"excerpt":{"rendered":"<p>Ces ensembles de salle de bains personnalis\u00e9s pr\u00e9sentent un design moderne, alliant esth\u00e9tique et fonctionnalit\u00e9. Chaque pi\u00e8ce de l'ensemble est fabriqu\u00e9e en c\u00e9ramique de haute qualit\u00e9 pour une plus grande durabilit\u00e9. L'ensemble comprend un distributeur de savon, un porte-brosse \u00e0 dents et un porte-savon, chacun ayant sa propre fonction pour garder la salle de bains organis\u00e9e.<\/p>","protected":false},"featured_media":5582,"comment_status":"closed","ping_status":"closed","template":"","meta":{"_acf_changed":false},"product_brand":[],"product_cat":[51],"product_tag":[74],"class_list":{"0":"post-5579","1":"product","2":"type-product","3":"status-publish","4":"has-post-thumbnail","6":"product_cat-bathroom-accessories-wholesale","7":"product_tag-ceramic-bath-accessories-wholesale","9":"first","10":"instock","11":"shipping-taxable","12":"product-type-simple"},"acf":[],"_links":{"self":[{"href":"https:\/\/jinhuaceramic.com\/fr\/wp-json\/wp\/v2\/product\/5579","targetHints":{"allow":["GET"]}}],"collection":[{"href":"https:\/\/jinhuaceramic.com\/fr\/wp-json\/wp\/v2\/product"}],"about":[{"href":"https:\/\/jinhuaceramic.com\/fr\/wp-json\/wp\/v2\/types\/product"}],"replies":[{"embeddable":true,"href":"https:\/\/jinhuaceramic.com\/fr\/wp-json\/wp\/v2\/comments?post=5579"}],"version-history":[{"count":0,"href":"https:\/\/jinhuaceramic.com\/fr\/wp-json\/wp\/v2\/product\/5579\/revisions"}],"wp:featuredmedia":[{"embeddable":true,"href":"https:\/\/jinhuaceramic.com\/fr\/wp-json\/wp\/v2\/media\/5582"}],"wp:attachment":[{"href":"https:\/\/jinhuaceramic.com\/fr\/wp-json\/wp\/v2\/media?parent=5579"}],"wp:term":[{"taxonomy":"product_brand","embeddable":true,"href":"https:\/\/jinhuaceramic.com\/fr\/wp-json\/wp\/v2\/product_brand?post=5579"},{"taxonomy":"product_cat","embeddable":true,"href":"https:\/\/jinhuaceramic.com\/fr\/wp-json\/wp\/v2\/product_cat?post=5579"},{"taxonomy":"product_tag","embeddable":true,"href":"https:\/\/jinhuaceramic.com\/fr\/wp-json\/wp\/v2\/product_tag?post=5579"}],"curies":[{"name":"wp","href":"https:\/\/api.w.org\/{rel}","templated":true}]}}