{"id":5594,"date":"2024-08-02T02:57:30","date_gmt":"2024-08-02T02:57:30","guid":{"rendered":"https:\/\/jinhuaceramic.com\/?post_type=product&#038;p=5594"},"modified":"2024-09-21T03:38:07","modified_gmt":"2024-09-21T03:38:07","slug":"mug-shaped-cute-candle-jars-wholesale","status":"publish","type":"product","link":"https:\/\/jinhuaceramic.com\/fr\/product\/mug-shaped-cute-candle-jars-wholesale\/","title":{"rendered":"Pots \u00e0 bougie en c\u00e9ramique en forme de mug avec un design unique"},"content":{"rendered":"<div class=\"wp-block-columns is-layout-flex wp-container-core-columns-is-layout-9d6595d7 wp-block-columns-is-layout-flex\">\n<div class=\"wp-block-column is-layout-flow wp-block-column-is-layout-flow\">\n<h3 class=\"wp-block-heading\">Premium Cute Candle Jars Wholesale Caract\u00e9ristiques :<\/h3>\n\n\n\n<ul class=\"wp-block-list\">\n<li><strong>Design unique : <\/strong>Ces mignons photophores en c\u00e9ramique sont dot\u00e9s d'un design unique en forme de tasse et d'\u00e9paisses poign\u00e9es ergonomiques, qui ne sont pas seulement esth\u00e9tiques, mais qui garantissent \u00e9galement une prise en main confortable et une plus grande facilit\u00e9 d'utilisation.<\/li>\n\n\n\n<li><strong>Couleur polyvalente :<\/strong> Ces photophores en c\u00e9ramique sont disponibles en gros en jaune p\u00e2le doux, en vert clair et en blanc iris\u00e9 unique qui d\u00e9gage une atmosph\u00e8re chaleureuse et invitante. Outre les couleurs existantes, ces photophores peuvent \u00e9galement \u00eatre personnalis\u00e9s dans les couleurs souhait\u00e9es par les clients.<\/li>\n\n\n\n<li><strong>Mat\u00e9riau c\u00e9ramique de haute qualit\u00e9 : <\/strong>Ces jolis photophores sont fabriqu\u00e9s en c\u00e9ramique de haute qualit\u00e9, tr\u00e8s durable et r\u00e9sistante aux temp\u00e9ratures \u00e9lev\u00e9es, garantissant une utilisation s\u00fbre et durable, sans plomb et non toxique, plus s\u00fbre, plus saine et r\u00e9utilisable que les photophores en m\u00e9tal.<\/li>\n\n\n\n<li><strong>R\u00e9utilisable et \u00e9cologique :<\/strong> Une fois la bougie consum\u00e9e, le pot en c\u00e9ramique peut \u00eatre facilement lav\u00e9 et r\u00e9utilis\u00e9 \u00e0 diverses fins, par exemple pour ranger de petits objets, comme d\u00e9coration ou comme pot pour de petites plantes grasses, ce qui est durable et r\u00e9duit les d\u00e9chets.<\/li>\n<\/ul>\n<\/div>\n\n\n\n<div class=\"wp-block-column is-layout-flow wp-block-column-is-layout-flow\">\n<figure class=\"wp-block-image size-full\"><img fetchpriority=\"high\" decoding=\"async\" width=\"720\" height=\"721\" src=\"https:\/\/jinhuaceramic.com\/wp-content\/uploads\/2024\/08\/candle-cup.webp\" alt=\"Mug en forme de bougie coup\u00e9e - pots en gros avec un design unique - 2\" class=\"wp-image-5595\" srcset=\"https:\/\/jinhuaceramic.com\/wp-content\/uploads\/2024\/08\/candle-cup.webp 720w, https:\/\/jinhuaceramic.com\/wp-content\/uploads\/2024\/08\/candle-cup-300x300.webp 300w, https:\/\/jinhuaceramic.com\/wp-content\/uploads\/2024\/08\/candle-cup-150x150.webp 150w, https:\/\/jinhuaceramic.com\/wp-content\/uploads\/2024\/08\/candle-cup-12x12.webp 12w, https:\/\/jinhuaceramic.com\/wp-content\/uploads\/2024\/08\/candle-cup-285x285.webp 285w, https:\/\/jinhuaceramic.com\/wp-content\/uploads\/2024\/08\/candle-cup-270x270.webp 270w, https:\/\/jinhuaceramic.com\/wp-content\/uploads\/2024\/08\/candle-cup-540x540.webp 540w, https:\/\/jinhuaceramic.com\/wp-content\/uploads\/2024\/08\/candle-cup-660x660.webp 660w\" sizes=\"(max-width: 720px) 100vw, 720px\" \/><\/figure>\n<\/div>\n<\/div>","protected":false},"excerpt":{"rendered":"<p>Ces mignons photophores en c\u00e9ramique sont appr\u00e9ci\u00e9s pour leur mat\u00e9riau c\u00e9ramique de haute qualit\u00e9, leur design unique en forme de mug, leur r\u00e9utilisation et leur respect de l'environnement. Alliant praticit\u00e9 et beaut\u00e9, ces photophores en c\u00e9ramique sont le compl\u00e9ment id\u00e9al de toute maison ou un cadeau attentionn\u00e9 pour les amateurs de bougies.<\/p>","protected":false},"featured_media":5597,"comment_status":"closed","ping_status":"closed","template":"","meta":{"_acf_changed":false},"product_brand":[],"product_cat":[52],"product_tag":[66],"class_list":{"0":"post-5594","1":"product","2":"type-product","3":"status-publish","4":"has-post-thumbnail","6":"product_cat-wholesale-candle-containers","7":"product_tag-candle-jars-wholesale","9":"first","10":"instock","11":"shipping-taxable","12":"product-type-simple"},"acf":[],"_links":{"self":[{"href":"https:\/\/jinhuaceramic.com\/fr\/wp-json\/wp\/v2\/product\/5594","targetHints":{"allow":["GET"]}}],"collection":[{"href":"https:\/\/jinhuaceramic.com\/fr\/wp-json\/wp\/v2\/product"}],"about":[{"href":"https:\/\/jinhuaceramic.com\/fr\/wp-json\/wp\/v2\/types\/product"}],"replies":[{"embeddable":true,"href":"https:\/\/jinhuaceramic.com\/fr\/wp-json\/wp\/v2\/comments?post=5594"}],"version-history":[{"count":0,"href":"https:\/\/jinhuaceramic.com\/fr\/wp-json\/wp\/v2\/product\/5594\/revisions"}],"wp:featuredmedia":[{"embeddable":true,"href":"https:\/\/jinhuaceramic.com\/fr\/wp-json\/wp\/v2\/media\/5597"}],"wp:attachment":[{"href":"https:\/\/jinhuaceramic.com\/fr\/wp-json\/wp\/v2\/media?parent=5594"}],"wp:term":[{"taxonomy":"product_brand","embeddable":true,"href":"https:\/\/jinhuaceramic.com\/fr\/wp-json\/wp\/v2\/product_brand?post=5594"},{"taxonomy":"product_cat","embeddable":true,"href":"https:\/\/jinhuaceramic.com\/fr\/wp-json\/wp\/v2\/product_cat?post=5594"},{"taxonomy":"product_tag","embeddable":true,"href":"https:\/\/jinhuaceramic.com\/fr\/wp-json\/wp\/v2\/product_tag?post=5594"}],"curies":[{"name":"wp","href":"https:\/\/api.w.org\/{rel}","templated":true}]}}