{"id":5610,"date":"2024-08-02T09:55:26","date_gmt":"2024-08-02T09:55:26","guid":{"rendered":"https:\/\/jinhuaceramic.com\/?post_type=product&#038;p=5610"},"modified":"2025-03-10T08:48:16","modified_gmt":"2025-03-10T08:48:16","slug":"wholesale-ceramic-bakeware-sets","status":"publish","type":"product","link":"https:\/\/jinhuaceramic.com\/fr\/product\/wholesale-ceramic-bakeware-sets\/","title":{"rendered":"Acheter en gros des ustensiles de cuisson en c\u00e9ramique, des plats de cuisson exquis"},"content":{"rendered":"<div class=\"wp-block-columns is-layout-flex wp-container-core-columns-is-layout-9d6595d7 wp-block-columns-is-layout-flex\">\n<div class=\"wp-block-column is-layout-flow wp-block-column-is-layout-flow\">\n<h3 class=\"wp-block-heading\">Premium Wholesale Ceramic Bakeware Sets Caract\u00e9ristiques :<\/h3>\n\n\n\n<ul class=\"wp-block-list\">\n<li><strong>Noble Design : <\/strong>Ces moules \u00e0 p\u00e2tisserie en c\u00e9ramique sont con\u00e7us pour \u00eatre \u00e9l\u00e9gants et incomparablement con\u00e7us pour le style et le motif. Ils s'adaptent \u00e0 diff\u00e9rents types d'environnements de cuisine et de mani\u00e8res de table. Le design ne met pas seulement l'accent sur la fonctionnalit\u00e9, mais aussi sur la beaut\u00e9.<\/li>\n\n\n\n<li><strong>R\u00e9sistant \u00e0 la temp\u00e9rature :<\/strong> De qualit\u00e9 sup\u00e9rieure, en gr\u00e8s r\u00e9sistant aux temp\u00e9ratures \u00e9lev\u00e9es jusqu'\u00e0 450\u00b0F, nos plats de cuisson en gros peuvent supporter la temp\u00e9rature de cuisson et restent r\u00e9sistants aux fissures comme la c\u00e9ramique. Ces plats de cuisson en gros sont polyvalents et peuvent \u00eatre utilis\u00e9s pour le pain, les g\u00e2teaux et les r\u00f4tis.<\/li>\n\n\n\n<li><strong>Polyvalent : <\/strong>Ces ustensiles de cuisson en c\u00e9ramique sont \u00e0 la fois fonctionnels et tr\u00e8s pratiques, car ils permettent de cuire tous les types d'aliments, du poulet r\u00f4ti \u00e0 la tarte aux pommes, et peuvent m\u00eame \u00eatre servis directement du four \u00e0 la table. La finition lisse r\u00e9duit la tendance des aliments \u00e0 coller \u00e0 la surface, ce qui facilite le nettoyage.<\/li>\n\n\n\n<li><strong>Personnalisation flexible : <\/strong>Nous proposons des prix de gros tr\u00e8s int\u00e9ressants pour les plats de cuisson, en proposant des tailles, des couleurs et des motifs personnalis\u00e9s en fonction des besoins des clients. Qu'il s'agisse d'un restaurant, d'un h\u00f4tel ou d'un d\u00e9taillant, vous pouvez trouver le bon style et les bonnes sp\u00e9cifications.<\/li>\n<\/ul>\n<\/div>\n\n\n\n<div class=\"wp-block-column is-layout-flow wp-block-column-is-layout-flow\">\n<figure class=\"wp-block-image size-full\"><img fetchpriority=\"high\" decoding=\"async\" width=\"1000\" height=\"1000\" src=\"https:\/\/jinhuaceramic.com\/wp-content\/uploads\/2024\/08\/bakeware-set.webp\" alt=\"buy-wholesale-ceramic-bakeware-sets-kitchen-supplies-1\" class=\"wp-image-5612\" srcset=\"https:\/\/jinhuaceramic.com\/wp-content\/uploads\/2024\/08\/bakeware-set.webp 1000w, https:\/\/jinhuaceramic.com\/wp-content\/uploads\/2024\/08\/bakeware-set-300x300.webp 300w, https:\/\/jinhuaceramic.com\/wp-content\/uploads\/2024\/08\/bakeware-set-150x150.webp 150w, https:\/\/jinhuaceramic.com\/wp-content\/uploads\/2024\/08\/bakeware-set-768x768.webp 768w, https:\/\/jinhuaceramic.com\/wp-content\/uploads\/2024\/08\/bakeware-set-12x12.webp 12w, https:\/\/jinhuaceramic.com\/wp-content\/uploads\/2024\/08\/bakeware-set-285x285.webp 285w, https:\/\/jinhuaceramic.com\/wp-content\/uploads\/2024\/08\/bakeware-set-270x270.webp 270w, https:\/\/jinhuaceramic.com\/wp-content\/uploads\/2024\/08\/bakeware-set-540x540.webp 540w, https:\/\/jinhuaceramic.com\/wp-content\/uploads\/2024\/08\/bakeware-set-660x660.webp 660w\" sizes=\"(max-width: 1000px) 100vw, 1000px\" \/><\/figure>\n<\/div>\n<\/div>","protected":false},"excerpt":{"rendered":"<p>Bienvenue \u00e0 l'achat de plats de cuisson. Nos plats \u00e0 four en c\u00e9ramique sont des produits d\u00e9licats et de bonne qualit\u00e9, en c\u00e9ramique r\u00e9sistante aux temp\u00e9ratures \u00e9lev\u00e9es. Cela donne une tr\u00e8s bonne sensation de cuisson. Sa polyvalence lui permet de convenir \u00e0 la cuisson et \u00e0 la pr\u00e9sentation de nombreux aliments, pratiques et esth\u00e9tiques. Ils peuvent \u00eatre personnalis\u00e9s en masse et constituent le meilleur choix pour les restaurants, les d\u00e9taillants et les particuliers.<\/p>","protected":false},"featured_media":5615,"comment_status":"closed","ping_status":"closed","template":"","meta":{"_acf_changed":false},"product_brand":[],"product_cat":[53],"product_tag":[71],"class_list":{"0":"post-5610","1":"product","2":"type-product","3":"status-publish","4":"has-post-thumbnail","6":"product_cat-bakeware-in-bulk","7":"product_tag-wholesale-baking-pans","9":"first","10":"instock","11":"shipping-taxable","12":"product-type-simple"},"acf":[],"_links":{"self":[{"href":"https:\/\/jinhuaceramic.com\/fr\/wp-json\/wp\/v2\/product\/5610","targetHints":{"allow":["GET"]}}],"collection":[{"href":"https:\/\/jinhuaceramic.com\/fr\/wp-json\/wp\/v2\/product"}],"about":[{"href":"https:\/\/jinhuaceramic.com\/fr\/wp-json\/wp\/v2\/types\/product"}],"replies":[{"embeddable":true,"href":"https:\/\/jinhuaceramic.com\/fr\/wp-json\/wp\/v2\/comments?post=5610"}],"version-history":[{"count":0,"href":"https:\/\/jinhuaceramic.com\/fr\/wp-json\/wp\/v2\/product\/5610\/revisions"}],"wp:featuredmedia":[{"embeddable":true,"href":"https:\/\/jinhuaceramic.com\/fr\/wp-json\/wp\/v2\/media\/5615"}],"wp:attachment":[{"href":"https:\/\/jinhuaceramic.com\/fr\/wp-json\/wp\/v2\/media?parent=5610"}],"wp:term":[{"taxonomy":"product_brand","embeddable":true,"href":"https:\/\/jinhuaceramic.com\/fr\/wp-json\/wp\/v2\/product_brand?post=5610"},{"taxonomy":"product_cat","embeddable":true,"href":"https:\/\/jinhuaceramic.com\/fr\/wp-json\/wp\/v2\/product_cat?post=5610"},{"taxonomy":"product_tag","embeddable":true,"href":"https:\/\/jinhuaceramic.com\/fr\/wp-json\/wp\/v2\/product_tag?post=5610"}],"curies":[{"name":"wp","href":"https:\/\/api.w.org\/{rel}","templated":true}]}}