{"id":5640,"date":"2024-08-07T10:05:30","date_gmt":"2024-08-07T10:05:30","guid":{"rendered":"https:\/\/jinhuaceramic.com\/?post_type=product&#038;p=5640"},"modified":"2024-10-15T06:47:23","modified_gmt":"2024-10-15T06:47:23","slug":"factory-supply-candle-jar-bulk","status":"publish","type":"product","link":"https:\/\/jinhuaceramic.com\/fr\/product\/factory-supply-candle-jar-bulk\/","title":{"rendered":"Bocal \u00e0 bougie d\u00e9licat en vrac, Conteneurs \u00e0 bougie de luxe en gros"},"content":{"rendered":"<div class=\"wp-block-columns is-layout-flex wp-container-core-columns-is-layout-9d6595d7 wp-block-columns-is-layout-flex\">\n<div class=\"wp-block-column is-layout-flow wp-block-column-is-layout-flow\">\n<h3 class=\"wp-block-heading\">Bocal \u00e0 bougie en c\u00e9ramique de premi\u00e8re qualit\u00e9 en vrac Caract\u00e9ristiques :<\/h3>\n\n\n\n<ul class=\"wp-block-list\">\n<li><strong>Design exquis de lignes gaufr\u00e9es : <\/strong>Ce photophore en c\u00e9ramique en vrac pr\u00e9sente un motif exquis de lignes gaufr\u00e9es avec une texture tridimensionnelle, qui ajoute une couche visuelle au produit. Chaque d\u00e9tail est soigneusement sculpt\u00e9 pour cr\u00e9er un aspect g\u00e9n\u00e9ral haut de gamme et luxueux.<\/li>\n\n\n\n<li><strong>Syst\u00e8me de couleurs Morandi haut de gamme : <\/strong>Nos contenants de bougies de luxe en gros offrent une vari\u00e9t\u00e9 de couleurs Morandi, avec des tons doux et sobres qui peuvent facilement se fondre dans diff\u00e9rents styles de d\u00e9coration d'int\u00e9rieur. Qu'il s'agisse d'un environnement domestique ou commercial, les tons Morandi peuvent apporter un plaisir visuel paisible et confortable et rehausser le go\u00fbt de l'espace.<\/li>\n\n\n\n<li><strong>Excellente touche : <\/strong>La surface de ce photophore en c\u00e9ramique a \u00e9t\u00e9 d\u00e9licatement trait\u00e9e et est agr\u00e9able au toucher. Lorsque vous le touchez, vous pouvez sentir la texture tridimensionnelle du relief exquis, qui ajoute un sens de l'artisanat au produit. Ce toucher d\u00e9licat rend le produit non seulement visuellement remarquable, mais il offre \u00e9galement une exp\u00e9rience agr\u00e9able lors de son utilisation.<\/li>\n\n\n\n<li><strong>Prise en charge de la personnalisation en masse pour r\u00e9pondre \u00e0 des besoins divers : <\/strong>Nous fournissons des services de fourniture et de personnalisation \u00e0 grande \u00e9chelle pour les contenants de bougies de luxe en gros. Les clients peuvent choisir des couleurs exclusives et l'impression de logos en fonction de leur image de marque ou de la demande du march\u00e9 pour cr\u00e9er des produits personnalis\u00e9s.<\/li>\n<\/ul>\n<\/div>\n\n\n\n<div class=\"wp-block-column is-layout-flow wp-block-column-is-layout-flow\">\n<figure class=\"wp-block-image size-full\"><img fetchpriority=\"high\" decoding=\"async\" width=\"800\" height=\"800\" src=\"https:\/\/jinhuaceramic.com\/wp-content\/uploads\/2024\/08\/candle-jar-empty.webp\" alt=\"Bocal \u00e0 bougie d\u00e9licat en vrac, R\u00e9cipients \u00e0 bougie de luxe en gros-1\" class=\"wp-image-5644\" srcset=\"https:\/\/jinhuaceramic.com\/wp-content\/uploads\/2024\/08\/candle-jar-empty.webp 800w, https:\/\/jinhuaceramic.com\/wp-content\/uploads\/2024\/08\/candle-jar-empty-300x300.webp 300w, https:\/\/jinhuaceramic.com\/wp-content\/uploads\/2024\/08\/candle-jar-empty-150x150.webp 150w, https:\/\/jinhuaceramic.com\/wp-content\/uploads\/2024\/08\/candle-jar-empty-768x768.webp 768w, https:\/\/jinhuaceramic.com\/wp-content\/uploads\/2024\/08\/candle-jar-empty-12x12.webp 12w, https:\/\/jinhuaceramic.com\/wp-content\/uploads\/2024\/08\/candle-jar-empty-285x285.webp 285w, https:\/\/jinhuaceramic.com\/wp-content\/uploads\/2024\/08\/candle-jar-empty-270x270.webp 270w, https:\/\/jinhuaceramic.com\/wp-content\/uploads\/2024\/08\/candle-jar-empty-540x540.webp 540w, https:\/\/jinhuaceramic.com\/wp-content\/uploads\/2024\/08\/candle-jar-empty-660x660.webp 660w\" sizes=\"(max-width: 800px) 100vw, 800px\" \/><\/figure>\n<\/div>\n<\/div>","protected":false},"excerpt":{"rendered":"<p>Nous vous invitons \u00e0 acheter des photophores en c\u00e9ramique en gros. Nos photophores de luxe en gros sont con\u00e7us avec des lignes de relief exquises et des couleurs Morandi de haute qualit\u00e9, apportant des effets visuels \u00e9l\u00e9gants et discrets ainsi qu'une excellente exp\u00e9rience de la sensation de la main. Son toucher d\u00e9licat et ses multiples options de couleurs en font une d\u00e9coration int\u00e9rieure id\u00e9ale et un cadeau haut de gamme. Nous prenons en charge les achats en gros et les services personnalis\u00e9s pour r\u00e9pondre aux besoins des entreprises.<\/p>","protected":false},"featured_media":5645,"comment_status":"closed","ping_status":"closed","template":"","meta":{"_acf_changed":false},"product_brand":[],"product_cat":[52],"product_tag":[66],"class_list":{"0":"post-5640","1":"product","2":"type-product","3":"status-publish","4":"has-post-thumbnail","6":"product_cat-wholesale-candle-containers","7":"product_tag-candle-jars-wholesale","9":"first","10":"instock","11":"shipping-taxable","12":"product-type-simple"},"acf":[],"_links":{"self":[{"href":"https:\/\/jinhuaceramic.com\/fr\/wp-json\/wp\/v2\/product\/5640","targetHints":{"allow":["GET"]}}],"collection":[{"href":"https:\/\/jinhuaceramic.com\/fr\/wp-json\/wp\/v2\/product"}],"about":[{"href":"https:\/\/jinhuaceramic.com\/fr\/wp-json\/wp\/v2\/types\/product"}],"replies":[{"embeddable":true,"href":"https:\/\/jinhuaceramic.com\/fr\/wp-json\/wp\/v2\/comments?post=5640"}],"version-history":[{"count":0,"href":"https:\/\/jinhuaceramic.com\/fr\/wp-json\/wp\/v2\/product\/5640\/revisions"}],"wp:featuredmedia":[{"embeddable":true,"href":"https:\/\/jinhuaceramic.com\/fr\/wp-json\/wp\/v2\/media\/5645"}],"wp:attachment":[{"href":"https:\/\/jinhuaceramic.com\/fr\/wp-json\/wp\/v2\/media?parent=5640"}],"wp:term":[{"taxonomy":"product_brand","embeddable":true,"href":"https:\/\/jinhuaceramic.com\/fr\/wp-json\/wp\/v2\/product_brand?post=5640"},{"taxonomy":"product_cat","embeddable":true,"href":"https:\/\/jinhuaceramic.com\/fr\/wp-json\/wp\/v2\/product_cat?post=5640"},{"taxonomy":"product_tag","embeddable":true,"href":"https:\/\/jinhuaceramic.com\/fr\/wp-json\/wp\/v2\/product_tag?post=5640"}],"curies":[{"name":"wp","href":"https:\/\/api.w.org\/{rel}","templated":true}]}}