{"id":5653,"date":"2024-08-07T10:14:22","date_gmt":"2024-08-07T10:14:22","guid":{"rendered":"https:\/\/jinhuaceramic.com\/?post_type=product&#038;p=5653"},"modified":"2025-03-11T08:21:04","modified_gmt":"2025-03-11T08:21:04","slug":"factory-wholesale-bakeware","status":"publish","type":"product","link":"https:\/\/jinhuaceramic.com\/fr\/product\/factory-wholesale-bakeware\/","title":{"rendered":"Set d'ustensiles de cuisson en gros, Ramequins et moules \u00e0 tarte en c\u00e9ramique en vrac"},"content":{"rendered":"<div class=\"wp-block-columns is-layout-flex wp-container-core-columns-is-layout-9d6595d7 wp-block-columns-is-layout-flex\">\n<div class=\"wp-block-column is-layout-flow wp-block-column-is-layout-flow\">\n<h3 class=\"wp-block-heading\">Produits de boulangerie en gros de premi\u00e8re qualit\u00e9 Caract\u00e9ristiques :<\/h3>\n\n\n\n<ul class=\"wp-block-list\">\n<li><strong>Tailles et formes assorties : <\/strong>Cet ensemble d'ustensiles de cuisson en gros comprend des plats \u00e0 four, des moules \u00e0 p\u00e2tisserie, des moules \u00e0 tarte et des ramequins en c\u00e9ramique de tailles et de formes vari\u00e9es, adapt\u00e9s aux diff\u00e9rents besoins en mati\u00e8re de p\u00e2tisserie.<\/li>\n\n\n\n<li><strong>Motif bleu et blanc : <\/strong>Ces ramequins et moules \u00e0 tarte en c\u00e9ramique utilisent en vrac le blanc classique avec des motifs bleus exquis, qui peuvent ajouter de la beaut\u00e9 aux ustensiles de cuisson et apporter une atmosph\u00e8re artistique \u00e0 la cuisine et \u00e0 la table \u00e0 manger, quel que soit le style de la vaisselle.<\/li>\n\n\n\n<li><strong>Mat\u00e9riau c\u00e9ramique de haute qualit\u00e9 :<\/strong> Tous les articles de cuisson en gros sont fabriqu\u00e9s en c\u00e9ramique de haute qualit\u00e9 et durable, capable de r\u00e9partir uniform\u00e9ment la chaleur \u00e0 l'int\u00e9rieur, garantissant ainsi que lors de la cuisson, les aliments sont chauff\u00e9s de mani\u00e8re uniforme et qu'un go\u00fbt parfait en ressortira ; la r\u00e9sistance des c\u00e9ramiques aux temp\u00e9ratures \u00e9lev\u00e9es leur permet d'\u00eatre utilis\u00e9es aussi bien dans les fours que dans les fours \u00e0 micro-ondes.<\/li>\n\n\n\n<li><strong>Nettoyage et entretien faciles : <\/strong>Ces ramequins et moules \u00e0 tarte en c\u00e9ramique ont une belle apparence, mais ils peuvent \u00e9galement \u00eatre utilis\u00e9s en lave-vaisselle et sont faciles \u00e0 nettoyer, ce qui permet aux utilisateurs de terminer rapidement leur travail apr\u00e8s la cuisson.<\/li>\n<\/ul>\n<\/div>\n\n\n\n<div class=\"wp-block-column is-layout-flow wp-block-column-is-layout-flow\">\n<figure class=\"wp-block-image size-full\"><img fetchpriority=\"high\" decoding=\"async\" width=\"456\" height=\"456\" src=\"https:\/\/jinhuaceramic.com\/wp-content\/uploads\/2024\/08\/ceramic-bakeware-1.webp\" alt=\"Produits de boulangerie en gros, moules \u00e0 p\u00e2tisserie en c\u00e9ramique en vrac\" class=\"wp-image-5659\" srcset=\"https:\/\/jinhuaceramic.com\/wp-content\/uploads\/2024\/08\/ceramic-bakeware-1.webp 456w, https:\/\/jinhuaceramic.com\/wp-content\/uploads\/2024\/08\/ceramic-bakeware-1-300x300.webp 300w, https:\/\/jinhuaceramic.com\/wp-content\/uploads\/2024\/08\/ceramic-bakeware-1-150x150.webp 150w, https:\/\/jinhuaceramic.com\/wp-content\/uploads\/2024\/08\/ceramic-bakeware-1-12x12.webp 12w, https:\/\/jinhuaceramic.com\/wp-content\/uploads\/2024\/08\/ceramic-bakeware-1-285x285.webp 285w, https:\/\/jinhuaceramic.com\/wp-content\/uploads\/2024\/08\/ceramic-bakeware-1-270x270.webp 270w\" sizes=\"(max-width: 456px) 100vw, 456px\" \/><\/figure>\n<\/div>\n<\/div>\n\n\n\n<p><\/p>","protected":false},"excerpt":{"rendered":"<p>Bienvenue pour acheter des ramequins et des moules \u00e0 tarte en c\u00e9ramique en vrac. Cette s\u00e9rie d'articles de boulangerie en gros contient des bols \u00e0 p\u00e2tisserie et des plats \u00e0 tarte de diff\u00e9rentes tailles et formes pour r\u00e9pondre \u00e0 divers besoins en mati\u00e8re de boulangerie. En outre, ses \u00e9l\u00e9gants motifs blancs et bleus ajoutent une touche d\u00e9corative d\u00e9licate \u00e0 la cuisine et \u00e0 la table \u00e0 manger, d\u00e9montrant ainsi un m\u00e9lange parfait de beaut\u00e9 et de praticit\u00e9.<\/p>","protected":false},"featured_media":5655,"comment_status":"closed","ping_status":"closed","template":"","meta":{"_acf_changed":false},"product_brand":[],"product_cat":[53],"product_tag":[71],"class_list":{"0":"post-5653","1":"product","2":"type-product","3":"status-publish","4":"has-post-thumbnail","6":"product_cat-bakeware-in-bulk","7":"product_tag-wholesale-baking-pans","9":"first","10":"instock","11":"shipping-taxable","12":"product-type-simple"},"acf":[],"_links":{"self":[{"href":"https:\/\/jinhuaceramic.com\/fr\/wp-json\/wp\/v2\/product\/5653","targetHints":{"allow":["GET"]}}],"collection":[{"href":"https:\/\/jinhuaceramic.com\/fr\/wp-json\/wp\/v2\/product"}],"about":[{"href":"https:\/\/jinhuaceramic.com\/fr\/wp-json\/wp\/v2\/types\/product"}],"replies":[{"embeddable":true,"href":"https:\/\/jinhuaceramic.com\/fr\/wp-json\/wp\/v2\/comments?post=5653"}],"version-history":[{"count":0,"href":"https:\/\/jinhuaceramic.com\/fr\/wp-json\/wp\/v2\/product\/5653\/revisions"}],"wp:featuredmedia":[{"embeddable":true,"href":"https:\/\/jinhuaceramic.com\/fr\/wp-json\/wp\/v2\/media\/5655"}],"wp:attachment":[{"href":"https:\/\/jinhuaceramic.com\/fr\/wp-json\/wp\/v2\/media?parent=5653"}],"wp:term":[{"taxonomy":"product_brand","embeddable":true,"href":"https:\/\/jinhuaceramic.com\/fr\/wp-json\/wp\/v2\/product_brand?post=5653"},{"taxonomy":"product_cat","embeddable":true,"href":"https:\/\/jinhuaceramic.com\/fr\/wp-json\/wp\/v2\/product_cat?post=5653"},{"taxonomy":"product_tag","embeddable":true,"href":"https:\/\/jinhuaceramic.com\/fr\/wp-json\/wp\/v2\/product_tag?post=5653"}],"curies":[{"name":"wp","href":"https:\/\/api.w.org\/{rel}","templated":true}]}}