{"id":5663,"date":"2024-08-07T10:24:28","date_gmt":"2024-08-07T10:24:28","guid":{"rendered":"https:\/\/jinhuaceramic.com\/?post_type=product&#038;p=5663"},"modified":"2024-11-05T03:42:03","modified_gmt":"2024-11-05T03:42:03","slug":"wholesale-bathroom-accessories-bulk","status":"publish","type":"product","link":"https:\/\/jinhuaceramic.com\/fr\/product\/wholesale-bathroom-accessories-bulk\/","title":{"rendered":"Accessoires de salle de bain en c\u00e9ramique en vrac, Distributeurs de savon \u00e9l\u00e9gants en gros"},"content":{"rendered":"<div class=\"wp-block-columns is-layout-flex wp-container-core-columns-is-layout-9d6595d7 wp-block-columns-is-layout-flex\">\n<div class=\"wp-block-column is-layout-flow wp-block-column-is-layout-flow\">\n<h3 class=\"wp-block-heading\">Accessoires de salle de bain haut de gamme Caract\u00e9ristiques en vrac :<\/h3>\n\n\n\n<ul class=\"wp-block-list\">\n<li><strong>Conception exquise et complexe :<\/strong> Cet ensemble d'accessoires de salle de bain blanc a une forme unique et est d\u00e9cor\u00e9 de motifs en forme de c\u0153ur, attirant une touche chaleureuse et romantique. Qu'il s'agisse de la maison ou d'un h\u00f4tel-boutique, il ajoutera une exp\u00e9rience visuelle chaleureuse et douce.<\/li>\n\n\n\n<li><strong>Couleur blanche assortie, style polyvalent :<\/strong> Fabriqu\u00e9 en c\u00e9ramique blanche pure, il a un aspect simple et g\u00e9n\u00e9reux. Que votre salle de bain soit de style moderne, classique ou bucolique, nos distributeurs de savon, porte-savon et porte-brosses \u00e0 dents en gros s'int\u00e9greront parfaitement dans votre salle de bain pour cr\u00e9er une atmosph\u00e8re propre et confortable.<\/li>\n\n\n\n<li><strong>Mat\u00e9riau de premi\u00e8re qualit\u00e9 :<\/strong> Nos accessoires de salle de bains blancs en vrac conviennent \u00e0 un usage quotidien ou \u00e0 des besoins h\u00f4teliers haut de gamme. Le mat\u00e9riau c\u00e9ramique est de premi\u00e8re qualit\u00e9, solide et durable, avec une surface lisse et d\u00e9licate, r\u00e9sistante aux rayures et aux acides. Il est facile \u00e0 nettoyer et conserve son \u00e9clat apr\u00e8s une longue p\u00e9riode d'utilisation.<\/li>\n\n\n\n<li><strong>Accessoires de salle de bains complets, grande praticit\u00e9 : <\/strong>Cet ensemble de bain en c\u00e9ramique comprend des distributeurs de savon, des porte-savons et des porte-brosses \u00e0 dents vendus en gros \u00e0 des prix tr\u00e8s abordables. Les accessoires sont tous enti\u00e8rement fonctionnels et r\u00e9pondront aux besoins quotidiens tout en rendant la salle de bain plus propre et plus belle, offrant ainsi une exp\u00e9rience d'utilisation plus confortable.<\/li>\n<\/ul>\n<\/div>\n\n\n\n<div class=\"wp-block-column is-layout-flow wp-block-column-is-layout-flow\">\n<figure class=\"wp-block-image size-full\"><img fetchpriority=\"high\" decoding=\"async\" width=\"750\" height=\"1000\" src=\"https:\/\/jinhuaceramic.com\/wp-content\/uploads\/2024\/08\/bathroom-sets.webp\" alt=\"Accessoires de salle de bain en c\u00e9ramique en vrac, Distributeurs de savon \u00e9l\u00e9gants en gros-1\" class=\"wp-image-5668\" srcset=\"https:\/\/jinhuaceramic.com\/wp-content\/uploads\/2024\/08\/bathroom-sets.webp 750w, https:\/\/jinhuaceramic.com\/wp-content\/uploads\/2024\/08\/bathroom-sets-225x300.webp 225w, https:\/\/jinhuaceramic.com\/wp-content\/uploads\/2024\/08\/bathroom-sets-9x12.webp 9w, https:\/\/jinhuaceramic.com\/wp-content\/uploads\/2024\/08\/bathroom-sets-285x380.webp 285w, https:\/\/jinhuaceramic.com\/wp-content\/uploads\/2024\/08\/bathroom-sets-495x660.webp 495w, https:\/\/jinhuaceramic.com\/wp-content\/uploads\/2024\/08\/bathroom-sets-113x150.webp 113w\" sizes=\"(max-width: 750px) 100vw, 750px\" \/><\/figure>\n<\/div>\n<\/div>","protected":false},"excerpt":{"rendered":"<p>Bienvenue dans l'achat d'accessoires de salle de bain en gros. Ce distributeur de savon, ce porte-savon et ce porte-brosse \u00e0 dents en gros sont fabriqu\u00e9s avec de gracieux motifs en forme de c\u0153ur, cr\u00e9ant une atmosph\u00e8re chaleureuse et romantique dans la salle de bains. Le blanc pur s'accorde avec tous les styles. Le mat\u00e9riau en c\u00e9ramique le rend durable et facile \u00e0 nettoyer.<\/p>","protected":false},"featured_media":5669,"comment_status":"closed","ping_status":"closed","template":"","meta":{"_acf_changed":false},"product_brand":[],"product_cat":[51],"product_tag":[74],"class_list":{"0":"post-5663","1":"product","2":"type-product","3":"status-publish","4":"has-post-thumbnail","6":"product_cat-bathroom-accessories-wholesale","7":"product_tag-ceramic-bath-accessories-wholesale","9":"first","10":"instock","11":"shipping-taxable","12":"product-type-simple"},"acf":[],"_links":{"self":[{"href":"https:\/\/jinhuaceramic.com\/fr\/wp-json\/wp\/v2\/product\/5663","targetHints":{"allow":["GET"]}}],"collection":[{"href":"https:\/\/jinhuaceramic.com\/fr\/wp-json\/wp\/v2\/product"}],"about":[{"href":"https:\/\/jinhuaceramic.com\/fr\/wp-json\/wp\/v2\/types\/product"}],"replies":[{"embeddable":true,"href":"https:\/\/jinhuaceramic.com\/fr\/wp-json\/wp\/v2\/comments?post=5663"}],"version-history":[{"count":0,"href":"https:\/\/jinhuaceramic.com\/fr\/wp-json\/wp\/v2\/product\/5663\/revisions"}],"wp:featuredmedia":[{"embeddable":true,"href":"https:\/\/jinhuaceramic.com\/fr\/wp-json\/wp\/v2\/media\/5669"}],"wp:attachment":[{"href":"https:\/\/jinhuaceramic.com\/fr\/wp-json\/wp\/v2\/media?parent=5663"}],"wp:term":[{"taxonomy":"product_brand","embeddable":true,"href":"https:\/\/jinhuaceramic.com\/fr\/wp-json\/wp\/v2\/product_brand?post=5663"},{"taxonomy":"product_cat","embeddable":true,"href":"https:\/\/jinhuaceramic.com\/fr\/wp-json\/wp\/v2\/product_cat?post=5663"},{"taxonomy":"product_tag","embeddable":true,"href":"https:\/\/jinhuaceramic.com\/fr\/wp-json\/wp\/v2\/product_tag?post=5663"}],"curies":[{"name":"wp","href":"https:\/\/api.w.org\/{rel}","templated":true}]}}