{"id":5694,"date":"2024-08-10T10:10:47","date_gmt":"2024-08-10T10:10:47","guid":{"rendered":"https:\/\/jinhuaceramic.com\/?post_type=product&#038;p=5694"},"modified":"2024-11-07T10:03:28","modified_gmt":"2024-11-07T10:03:28","slug":"tealight-candle-holder-wholesale","status":"publish","type":"product","link":"https:\/\/jinhuaceramic.com\/fr\/product\/tealight-candle-holder-wholesale\/","title":{"rendered":"Bougie \u00e0 r\u00e9chaud en c\u00e9ramique en gros, Diffuseur d'huiles essentielles en vrac"},"content":{"rendered":"<div class=\"wp-block-columns is-layout-flex wp-container-core-columns-is-layout-9d6595d7 wp-block-columns-is-layout-flex\">\n<div class=\"wp-block-column is-layout-flow wp-block-column-is-layout-flow\">\n<h3 class=\"wp-block-heading\">Bougie \u00e0 r\u00e9chaud en c\u00e9ramique de premi\u00e8re qualit\u00e9 Caract\u00e9ristiques en gros :<\/h3>\n\n\n\n<ul class=\"wp-block-list\">\n<li><strong>La fonctionnalit\u00e9 rencontre la beaut\u00e9 :<\/strong> Cet exquis bougeoir \u00e0 bougies \u00e0 r\u00e9chaud en c\u00e9ramique \u00e0 deux niveaux comprend en gros un bol de diffusion sur la couche sup\u00e9rieure pour les huiles essentielles et un espace pour placer les bougies \u00e0 r\u00e9chaud sur la couche inf\u00e9rieure. Peut \u00eatre plac\u00e9 dans les chambres \u00e0 coucher, les salons ou les spas.<\/li>\n\n\n\n<li><strong>Combinaison de la diffusion et de l'\u00e9clairage : <\/strong>Ce grand diffuseur d'huiles essentielles en vrac combine les deux fonctions de diffusion d'huiles essentielles et d'\u00e9clairage par bougie chauffe-plat pour cr\u00e9er une atmosph\u00e8re sereine en une seconde. Il diffuse une lumi\u00e8re douce et un parfum en m\u00eame temps, ce qui le rend non seulement plus fonctionnel mais aussi capable de donner \u00e0 ce produit un effet d\u00e9coratif sp\u00e9cial.<\/li>\n\n\n\n<li><strong>Disponible en plusieurs couleurs pour s'adapter aux diff\u00e9rents styles de d\u00e9coration :<\/strong> Notre porte-bougies \u00e0 r\u00e9chaud en c\u00e9ramique offre de multiples options de couleurs, des tons neutres et doux aux couleurs vives, qui peuvent s'int\u00e9grer parfaitement \u00e0 une d\u00e9coration particuli\u00e8re.<\/li>\n\n\n\n<li><strong>Mat\u00e9riau c\u00e9ramique de haute qualit\u00e9, durable et facile \u00e0 nettoyer :<\/strong> Le diffuseur d'huiles essentielles en vrac pr\u00e9sente une bonne r\u00e9sistance \u00e0 la chaleur et est facile \u00e0 nettoyer. La surface de la c\u00e9ramique est ainsi lisse et facile \u00e0 nettoyer, ce qui lui permet de rester belle pendant une utilisation prolong\u00e9e. Il est \u00e9galement s\u00fbr et respectueux de l'environnement et peut \u00eatre utilis\u00e9 \u00e0 la maison ou dans des lieux commerciaux.<\/li>\n<\/ul>\n<\/div>\n\n\n\n<div class=\"wp-block-column is-layout-flow wp-block-column-is-layout-flow\">\n<figure class=\"wp-block-image size-full\"><img fetchpriority=\"high\" decoding=\"async\" width=\"1052\" height=\"1052\" src=\"https:\/\/jinhuaceramic.com\/wp-content\/uploads\/2024\/08\/ceramic-tealight-candle-holder.webp\" alt=\"Bougie chauffe-plat en c\u00e9ramique grossiste, Diffuseurs d&#039;ar\u00f4mes\" class=\"wp-image-5697\" srcset=\"https:\/\/jinhuaceramic.com\/wp-content\/uploads\/2024\/08\/ceramic-tealight-candle-holder.webp 1052w, https:\/\/jinhuaceramic.com\/wp-content\/uploads\/2024\/08\/ceramic-tealight-candle-holder-300x300.webp 300w, https:\/\/jinhuaceramic.com\/wp-content\/uploads\/2024\/08\/ceramic-tealight-candle-holder-150x150.webp 150w, https:\/\/jinhuaceramic.com\/wp-content\/uploads\/2024\/08\/ceramic-tealight-candle-holder-768x768.webp 768w, https:\/\/jinhuaceramic.com\/wp-content\/uploads\/2024\/08\/ceramic-tealight-candle-holder-12x12.webp 12w, https:\/\/jinhuaceramic.com\/wp-content\/uploads\/2024\/08\/ceramic-tealight-candle-holder-285x285.webp 285w, https:\/\/jinhuaceramic.com\/wp-content\/uploads\/2024\/08\/ceramic-tealight-candle-holder-270x270.webp 270w, https:\/\/jinhuaceramic.com\/wp-content\/uploads\/2024\/08\/ceramic-tealight-candle-holder-540x540.webp 540w, https:\/\/jinhuaceramic.com\/wp-content\/uploads\/2024\/08\/ceramic-tealight-candle-holder-660x660.webp 660w\" sizes=\"(max-width: 1052px) 100vw, 1052px\" \/><\/figure>\n<\/div>\n<\/div>","protected":false},"excerpt":{"rendered":"<p>Bienvenue sur le site de vente en gros de bougies \u00e0 r\u00e9chaud. Ce magnifique diffuseur d'huiles essentielles en vrac a un design \u00e0 deux niveaux : le niveau sup\u00e9rieur est utilis\u00e9 pour la diffusion d'huiles essentielles, et le niveau inf\u00e9rieur permet de placer des bougies \u00e0 th\u00e9 \u00e0 l'int\u00e9rieur et de combiner les deux fonctions de diffusion d'ar\u00f4mes et d'\u00e9clairage. De nombreuses couleurs sont disponibles pour s'adapter aux diff\u00e9rents styles d'int\u00e9rieur.<\/p>","protected":false},"featured_media":5695,"comment_status":"closed","ping_status":"closed","template":"","meta":{"_acf_changed":false},"product_brand":[],"product_cat":[52],"product_tag":[79],"class_list":{"0":"post-5694","1":"product","2":"type-product","3":"status-publish","4":"has-post-thumbnail","6":"product_cat-wholesale-candle-containers","7":"product_tag-tea-light-candle-holders-bulk","9":"first","10":"instock","11":"shipping-taxable","12":"product-type-simple"},"acf":[],"_links":{"self":[{"href":"https:\/\/jinhuaceramic.com\/fr\/wp-json\/wp\/v2\/product\/5694","targetHints":{"allow":["GET"]}}],"collection":[{"href":"https:\/\/jinhuaceramic.com\/fr\/wp-json\/wp\/v2\/product"}],"about":[{"href":"https:\/\/jinhuaceramic.com\/fr\/wp-json\/wp\/v2\/types\/product"}],"replies":[{"embeddable":true,"href":"https:\/\/jinhuaceramic.com\/fr\/wp-json\/wp\/v2\/comments?post=5694"}],"version-history":[{"count":0,"href":"https:\/\/jinhuaceramic.com\/fr\/wp-json\/wp\/v2\/product\/5694\/revisions"}],"wp:featuredmedia":[{"embeddable":true,"href":"https:\/\/jinhuaceramic.com\/fr\/wp-json\/wp\/v2\/media\/5695"}],"wp:attachment":[{"href":"https:\/\/jinhuaceramic.com\/fr\/wp-json\/wp\/v2\/media?parent=5694"}],"wp:term":[{"taxonomy":"product_brand","embeddable":true,"href":"https:\/\/jinhuaceramic.com\/fr\/wp-json\/wp\/v2\/product_brand?post=5694"},{"taxonomy":"product_cat","embeddable":true,"href":"https:\/\/jinhuaceramic.com\/fr\/wp-json\/wp\/v2\/product_cat?post=5694"},{"taxonomy":"product_tag","embeddable":true,"href":"https:\/\/jinhuaceramic.com\/fr\/wp-json\/wp\/v2\/product_tag?post=5694"}],"curies":[{"name":"wp","href":"https:\/\/api.w.org\/{rel}","templated":true}]}}