{"id":5735,"date":"2024-08-14T01:24:26","date_gmt":"2024-08-14T01:24:26","guid":{"rendered":"https:\/\/jinhuaceramic.com\/?post_type=product&#038;p=5735"},"modified":"2025-03-10T08:43:49","modified_gmt":"2025-03-10T08:43:49","slug":"ceramic-baking-dish-set-wholesale","status":"publish","type":"product","link":"https:\/\/jinhuaceramic.com\/fr\/product\/ceramic-baking-dish-set-wholesale\/","title":{"rendered":"2-Piece Rectangular Ceramic Baking Dish Set Wholesale Bakeware"},"content":{"rendered":"<div class=\"wp-block-columns is-layout-flex wp-container-core-columns-is-layout-9d6595d7 wp-block-columns-is-layout-flex\">\n<div class=\"wp-block-column is-layout-flow wp-block-column-is-layout-flow\">\n<h3 class=\"wp-block-heading\">Ensemble de plats de cuisson de qualit\u00e9 sup\u00e9rieure Caract\u00e9ristiques en gros :<\/h3>\n\n\n\n<ul class=\"wp-block-list\">\n<li><strong>Design \u00e9l\u00e9gant : <\/strong>Cet ensemble de plats de cuisson en c\u00e9ramique est de forme rectangulaire classique. La couleur principale du plat de cuisson est vert olive fonc\u00e9, tandis que la couleur de la partie inf\u00e9rieure est jaune terreux clair. L'harmonie des couleurs, combinant les couleurs claires et fonc\u00e9es, s'int\u00e8grera bien dans les cuisines de diff\u00e9rents styles.<\/li>\n\n\n\n<li><strong>Mat\u00e9riau de premi\u00e8re qualit\u00e9 : <\/strong>Ces ustensiles de cuisson en gros sont fabriqu\u00e9s en c\u00e9ramique de haute qualit\u00e9, cuite \u00e0 haute temp\u00e9rature, avec une sensation lisse et agr\u00e9able au toucher. Ils sont non seulement r\u00e9sistants aux temp\u00e9ratures \u00e9lev\u00e9es, mais ils pr\u00e9servent \u00e9galement la chaleur et garantissent un effet de cuisson optimal.<\/li>\n\n\n\n<li><strong>Utilisation polyvalente :<\/strong> Cet ensemble de plats de cuisson en c\u00e9ramique peut \u00eatre utilis\u00e9 pour griller de la viande, cuire du riz, pr\u00e9parer des desserts, etc. Largement utilis\u00e9s, les plats de cuisson sont pr\u00e9sent\u00e9s en deux tailles, ce qui r\u00e9pondra certainement aux besoins de divers repas.<\/li>\n\n\n\n<li><strong>Commodit\u00e9 du four \u00e0 la table : <\/strong>Id\u00e9ales pour la cuisson et le service, ces batteries de cuisine en gros ont \u00e9t\u00e9 con\u00e7ues avec des poign\u00e9es pratiques et un style \u00e9l\u00e9gant pour passer directement du four \u00e0 la table.<\/li>\n<\/ul>\n<\/div>\n\n\n\n<div class=\"wp-block-column is-layout-flow wp-block-column-is-layout-flow\">\n<figure class=\"wp-block-image size-full\"><img fetchpriority=\"high\" decoding=\"async\" width=\"1466\" height=\"1500\" src=\"https:\/\/jinhuaceramic.com\/wp-content\/uploads\/2024\/08\/baking-dish-2.webp\" alt=\"2-Pi\u00e8ces-Rectangulaire-C\u00e9ramique-Set-Plaque de cuisson-Wholesale-Bakeware\" class=\"wp-image-5739\" srcset=\"https:\/\/jinhuaceramic.com\/wp-content\/uploads\/2024\/08\/baking-dish-2.webp 1466w, https:\/\/jinhuaceramic.com\/wp-content\/uploads\/2024\/08\/baking-dish-2-293x300.webp 293w, https:\/\/jinhuaceramic.com\/wp-content\/uploads\/2024\/08\/baking-dish-2-768x786.webp 768w, https:\/\/jinhuaceramic.com\/wp-content\/uploads\/2024\/08\/baking-dish-2-12x12.webp 12w, https:\/\/jinhuaceramic.com\/wp-content\/uploads\/2024\/08\/baking-dish-2-285x292.webp 285w, https:\/\/jinhuaceramic.com\/wp-content\/uploads\/2024\/08\/baking-dish-2-645x660.webp 645w, https:\/\/jinhuaceramic.com\/wp-content\/uploads\/2024\/08\/baking-dish-2-147x150.webp 147w\" sizes=\"(max-width: 1466px) 100vw, 1466px\" \/><\/figure>\n<\/div>\n<\/div>","protected":false},"excerpt":{"rendered":"<p>Bienvenue sur le site d'achat en gros d'ustensiles de cuisson. Cet ensemble de plats \u00e0 four rectangulaires en c\u00e9ramique est rapidement devenu un nouveau favori dans la cuisine gr\u00e2ce \u00e0 son design \u00e9l\u00e9gant et \u00e0 ses fonctions pratiques. Fabriqu\u00e9s en c\u00e9ramique de haute qualit\u00e9, ils r\u00e9sistent aux temp\u00e9ratures \u00e9lev\u00e9es et sont faciles \u00e0 nettoyer. Une vari\u00e9t\u00e9 de tailles r\u00e9pond aux diff\u00e9rents besoins de cuisson, rendant la cuisson plus facile.<\/p>","protected":false},"featured_media":5737,"comment_status":"closed","ping_status":"closed","template":"","meta":{"_acf_changed":false},"product_brand":[],"product_cat":[53],"product_tag":[71],"class_list":{"0":"post-5735","1":"product","2":"type-product","3":"status-publish","4":"has-post-thumbnail","6":"product_cat-bakeware-in-bulk","7":"product_tag-wholesale-baking-pans","9":"first","10":"instock","11":"shipping-taxable","12":"product-type-simple"},"acf":[],"_links":{"self":[{"href":"https:\/\/jinhuaceramic.com\/fr\/wp-json\/wp\/v2\/product\/5735","targetHints":{"allow":["GET"]}}],"collection":[{"href":"https:\/\/jinhuaceramic.com\/fr\/wp-json\/wp\/v2\/product"}],"about":[{"href":"https:\/\/jinhuaceramic.com\/fr\/wp-json\/wp\/v2\/types\/product"}],"replies":[{"embeddable":true,"href":"https:\/\/jinhuaceramic.com\/fr\/wp-json\/wp\/v2\/comments?post=5735"}],"version-history":[{"count":0,"href":"https:\/\/jinhuaceramic.com\/fr\/wp-json\/wp\/v2\/product\/5735\/revisions"}],"wp:featuredmedia":[{"embeddable":true,"href":"https:\/\/jinhuaceramic.com\/fr\/wp-json\/wp\/v2\/media\/5737"}],"wp:attachment":[{"href":"https:\/\/jinhuaceramic.com\/fr\/wp-json\/wp\/v2\/media?parent=5735"}],"wp:term":[{"taxonomy":"product_brand","embeddable":true,"href":"https:\/\/jinhuaceramic.com\/fr\/wp-json\/wp\/v2\/product_brand?post=5735"},{"taxonomy":"product_cat","embeddable":true,"href":"https:\/\/jinhuaceramic.com\/fr\/wp-json\/wp\/v2\/product_cat?post=5735"},{"taxonomy":"product_tag","embeddable":true,"href":"https:\/\/jinhuaceramic.com\/fr\/wp-json\/wp\/v2\/product_tag?post=5735"}],"curies":[{"name":"wp","href":"https:\/\/api.w.org\/{rel}","templated":true}]}}