{"id":5748,"date":"2024-08-15T06:24:22","date_gmt":"2024-08-15T06:24:22","guid":{"rendered":"https:\/\/jinhuaceramic.com\/?post_type=product&#038;p=5748"},"modified":"2024-10-15T08:37:44","modified_gmt":"2024-10-15T08:37:44","slug":"hotel-bath-accessories-wholesale","status":"publish","type":"product","link":"https:\/\/jinhuaceramic.com\/fr\/product\/hotel-bath-accessories-wholesale\/","title":{"rendered":"Accessoires de salle de bain pour h\u00f4tels Wholesale, Customize Bathroom Sets"},"content":{"rendered":"<div class=\"wp-block-columns is-layout-flex wp-container-core-columns-is-layout-9d6595d7 wp-block-columns-is-layout-flex\">\n<div class=\"wp-block-column is-layout-flow wp-block-column-is-layout-flow\">\n<h3 class=\"wp-block-heading\">Accessoires de bain Premium Wholesale Caract\u00e9ristiques :<\/h3>\n\n\n\n<ul class=\"wp-block-list\">\n<li><strong>Style minimaliste tout en noir, t\u00e9moignant d'un temp\u00e9rament noble :<\/strong> Cet accessoire de bain en gros adopte un design enti\u00e8rement noir, simple, \u00e9l\u00e9gant et moderne. Le noir renforce non seulement le sens de la mode dans la salle de bains, mais apporte \u00e9galement un effet visuel calme et exquis \u00e0 l'espace, ce qui convient parfaitement aux besoins de style des h\u00f4tels haut de gamme et des h\u00f4tels-boutiques.<\/li>\n\n\n\n<li><strong>Ensemble complet, attention aux d\u00e9tails : <\/strong>Nos ensembles de salle de bains personnalis\u00e9s comprennent des distributeurs de savon, des brosses \u00e0 dents, des porte-savons et d'autres accessoires de salle de bains essentiels. Tout en r\u00e9pondant aux diff\u00e9rents besoins quotidiens, nous accordons une attention particuli\u00e8re \u00e0 la conception d\u00e9taill\u00e9e de chaque produit, qui est \u00e0 la fois fonctionnel et esth\u00e9tique.<\/li>\n\n\n\n<li><strong>C\u00e9ramique de haute performance, adapt\u00e9e \u00e0 une utilisation \u00e0 long terme :<\/strong> Cet accessoire de bain noir est fabriqu\u00e9 \u00e0 partir de mat\u00e9riaux c\u00e9ramiques de haute qualit\u00e9, offrant une excellente r\u00e9sistance \u00e0 l'usure et aux taches et pouvant conserver son aspect lisse et brillant m\u00eame en cas d'utilisation fr\u00e9quente.<\/li>\n\n\n\n<li><strong>Des solutions de personnalisation pour renforcer l'influence de la marque : <\/strong>Nos ensembles de salle de bains personnalis\u00e9s prennent en charge les couleurs, les logos et les styles personnalis\u00e9s, et r\u00e9pondent de mani\u00e8re flexible aux besoins des h\u00f4tels et des clients commerciaux en mati\u00e8re de marque. Gr\u00e2ce \u00e0 un design unique et \u00e0 des produits personnalis\u00e9s, la personnalit\u00e9 de la marque peut s'exprimer dans les moindres d\u00e9tails.<\/li>\n<\/ul>\n<\/div>\n\n\n\n<div class=\"wp-block-column is-layout-flow wp-block-column-is-layout-flow\">\n<figure class=\"wp-block-image size-full\"><img fetchpriority=\"high\" decoding=\"async\" width=\"750\" height=\"935\" src=\"https:\/\/jinhuaceramic.com\/wp-content\/uploads\/2024\/08\/bathroom-set-3.webp\" alt=\"Accessoires de salle de bain d&#039;h\u00f4tel noir en gros, ensembles de salle de bain personnalis\u00e9s-1\" class=\"wp-image-5752\" srcset=\"https:\/\/jinhuaceramic.com\/wp-content\/uploads\/2024\/08\/bathroom-set-3.webp 750w, https:\/\/jinhuaceramic.com\/wp-content\/uploads\/2024\/08\/bathroom-set-3-241x300.webp 241w, https:\/\/jinhuaceramic.com\/wp-content\/uploads\/2024\/08\/bathroom-set-3-10x12.webp 10w, https:\/\/jinhuaceramic.com\/wp-content\/uploads\/2024\/08\/bathroom-set-3-285x355.webp 285w, https:\/\/jinhuaceramic.com\/wp-content\/uploads\/2024\/08\/bathroom-set-3-529x660.webp 529w, https:\/\/jinhuaceramic.com\/wp-content\/uploads\/2024\/08\/bathroom-set-3-120x150.webp 120w\" sizes=\"(max-width: 750px) 100vw, 750px\" \/><\/figure>\n<\/div>\n<\/div>","protected":false},"excerpt":{"rendered":"<p>Bienvenue dans la personnalisation des ensembles de salle de bains. Cet ensemble d'accessoires de bain noir ajoute une touche de luxe aux salles de bain des h\u00f4tels gr\u00e2ce \u00e0 son design simple et atmosph\u00e9rique et \u00e0 ses fonctions compl\u00e8tes. Fabriqu\u00e9 en c\u00e9ramique de haute qualit\u00e9, il est durable et facile \u00e0 entretenir. Nous prenons en charge les achats en gros et les services personnalis\u00e9s.<\/p>","protected":false},"featured_media":5755,"comment_status":"closed","ping_status":"closed","template":"","meta":{"_acf_changed":false},"product_brand":[],"product_cat":[51],"product_tag":[74],"class_list":{"0":"post-5748","1":"product","2":"type-product","3":"status-publish","4":"has-post-thumbnail","6":"product_cat-bathroom-accessories-wholesale","7":"product_tag-ceramic-bath-accessories-wholesale","9":"first","10":"instock","11":"shipping-taxable","12":"product-type-simple"},"acf":[],"_links":{"self":[{"href":"https:\/\/jinhuaceramic.com\/fr\/wp-json\/wp\/v2\/product\/5748","targetHints":{"allow":["GET"]}}],"collection":[{"href":"https:\/\/jinhuaceramic.com\/fr\/wp-json\/wp\/v2\/product"}],"about":[{"href":"https:\/\/jinhuaceramic.com\/fr\/wp-json\/wp\/v2\/types\/product"}],"replies":[{"embeddable":true,"href":"https:\/\/jinhuaceramic.com\/fr\/wp-json\/wp\/v2\/comments?post=5748"}],"version-history":[{"count":0,"href":"https:\/\/jinhuaceramic.com\/fr\/wp-json\/wp\/v2\/product\/5748\/revisions"}],"wp:featuredmedia":[{"embeddable":true,"href":"https:\/\/jinhuaceramic.com\/fr\/wp-json\/wp\/v2\/media\/5755"}],"wp:attachment":[{"href":"https:\/\/jinhuaceramic.com\/fr\/wp-json\/wp\/v2\/media?parent=5748"}],"wp:term":[{"taxonomy":"product_brand","embeddable":true,"href":"https:\/\/jinhuaceramic.com\/fr\/wp-json\/wp\/v2\/product_brand?post=5748"},{"taxonomy":"product_cat","embeddable":true,"href":"https:\/\/jinhuaceramic.com\/fr\/wp-json\/wp\/v2\/product_cat?post=5748"},{"taxonomy":"product_tag","embeddable":true,"href":"https:\/\/jinhuaceramic.com\/fr\/wp-json\/wp\/v2\/product_tag?post=5748"}],"curies":[{"name":"wp","href":"https:\/\/api.w.org\/{rel}","templated":true}]}}