{"id":5774,"date":"2024-08-17T07:40:56","date_gmt":"2024-08-17T07:40:56","guid":{"rendered":"https:\/\/jinhuaceramic.com\/?post_type=product&#038;p=5774"},"modified":"2025-03-11T08:28:07","modified_gmt":"2025-03-11T08:28:07","slug":"wholesale-ceramic-baking-dish","status":"publish","type":"product","link":"https:\/\/jinhuaceramic.com\/fr\/product\/wholesale-ceramic-baking-dish\/","title":{"rendered":"Wholesale Ceramic Baking Dish With Polka Dot and Wavy-Edge Design (Plat \u00e0 p\u00e2tisserie en c\u00e9ramique \u00e0 pois et \u00e0 bords ondul\u00e9s)"},"content":{"rendered":"<div class=\"wp-block-columns is-layout-flex wp-container-core-columns-is-layout-9d6595d7 wp-block-columns-is-layout-flex\">\n<div class=\"wp-block-column is-layout-flow wp-block-column-is-layout-flow\">\n<h3 class=\"wp-block-heading\">Plat de cuisson en c\u00e9ramique de premi\u00e8re qualit\u00e9 (Wholesale) Caract\u00e9ristiques :<\/h3>\n\n\n\n<ul class=\"wp-block-list\">\n<li><strong>Design \u00e9l\u00e9gant :<\/strong> Ces plats \u00e0 four en c\u00e9ramique sont disponibles en 4 couleurs et pr\u00e9sentent un design ondul\u00e9 unique. Les plats de cuisson color\u00e9s sont parsem\u00e9s de points blancs, et les plats de cuisson blancs sont parsem\u00e9s de points color\u00e9s, ce qui ajoute une touche de vivacit\u00e9 et de mignonnerie \u00e0 l'ensemble du design.<\/li>\n\n\n\n<li><strong>Mat\u00e9riau de premi\u00e8re qualit\u00e9 :<\/strong> Fabriqu\u00e9s en argile c\u00e9ramique de haute qualit\u00e9 et en \u00e9mail non toxique, ces plats de cuisson ronds en c\u00e9ramique sont r\u00e9sistants \u00e0 la chaleur, durables et s\u00fbrs pour le four, le micro-ondes, le cong\u00e9lateur et le lave-vaisselle.<\/li>\n\n\n\n<li><strong>Utilisation polyvalente :<\/strong> Ces plats de cuisson en c\u00e9ramique ont une capacit\u00e9 de 10 oz et peuvent \u00eatre utilis\u00e9s pour pr\u00e9parer des mini-tartes, des mousses, des puddings, des salades de fruits et d'autres desserts. La petite taille est adapt\u00e9e au four pour accueillir plusieurs plats de cuisson, permettant de cuire diff\u00e9rents aliments en m\u00eame temps pour am\u00e9liorer l'efficacit\u00e9.<\/li>\n\n\n\n<li><strong>Facile \u00e0 nettoyer :<\/strong> Ces plats de cuisson en c\u00e9ramique en gros ont une surface lisse qui n'est pas facilement tach\u00e9e par les r\u00e9sidus alimentaires, et sont faciles et pratiques \u00e0 nettoyer, que ce soit \u00e0 la main ou au lave-vaisselle.<\/li>\n<\/ul>\n<\/div>\n\n\n\n<div class=\"wp-block-column is-layout-flow wp-block-column-is-layout-flow\">\n<figure class=\"wp-block-image size-full\"><img fetchpriority=\"high\" decoding=\"async\" width=\"1500\" height=\"1500\" src=\"https:\/\/jinhuaceramic.com\/wp-content\/uploads\/2024\/08\/baking-dishes-2.webp\" alt=\"Wholesale-Polka-Dot-Ceramic-Round-Baking-Dish-With-Wavy-Edge-Design\" class=\"wp-image-5778\" srcset=\"https:\/\/jinhuaceramic.com\/wp-content\/uploads\/2024\/08\/baking-dishes-2.webp 1500w, https:\/\/jinhuaceramic.com\/wp-content\/uploads\/2024\/08\/baking-dishes-2-300x300.webp 300w, https:\/\/jinhuaceramic.com\/wp-content\/uploads\/2024\/08\/baking-dishes-2-150x150.webp 150w, https:\/\/jinhuaceramic.com\/wp-content\/uploads\/2024\/08\/baking-dishes-2-768x768.webp 768w, https:\/\/jinhuaceramic.com\/wp-content\/uploads\/2024\/08\/baking-dishes-2-12x12.webp 12w, https:\/\/jinhuaceramic.com\/wp-content\/uploads\/2024\/08\/baking-dishes-2-285x285.webp 285w, https:\/\/jinhuaceramic.com\/wp-content\/uploads\/2024\/08\/baking-dishes-2-270x270.webp 270w, https:\/\/jinhuaceramic.com\/wp-content\/uploads\/2024\/08\/baking-dishes-2-540x540.webp 540w, https:\/\/jinhuaceramic.com\/wp-content\/uploads\/2024\/08\/baking-dishes-2-660x660.webp 660w\" sizes=\"(max-width: 1500px) 100vw, 1500px\" \/><\/figure>\n<\/div>\n<\/div>","protected":false},"excerpt":{"rendered":"<p>Ces plats de cuisson en c\u00e9ramique \u00e0 pois sont le premier choix des clients en raison de leurs couleurs vives, de leur mat\u00e9riau c\u00e9ramique de haute qualit\u00e9 et de leur design unique en forme de vague. Ils sont durables et faciles \u00e0 nettoyer, et conviennent \u00e0 une grande vari\u00e9t\u00e9 de besoins en mati\u00e8re de cuisson, que ce soit pour un usage domestique quotidien ou pour un usage commercial.<\/p>","protected":false},"featured_media":5779,"comment_status":"closed","ping_status":"closed","template":"","meta":{"_acf_changed":false},"product_brand":[],"product_cat":[53],"product_tag":[70],"class_list":{"0":"post-5774","1":"product","2":"type-product","3":"status-publish","4":"has-post-thumbnail","6":"product_cat-bakeware-in-bulk","7":"product_tag-custom-pie-pans","9":"first","10":"instock","11":"shipping-taxable","12":"product-type-simple"},"acf":[],"_links":{"self":[{"href":"https:\/\/jinhuaceramic.com\/fr\/wp-json\/wp\/v2\/product\/5774","targetHints":{"allow":["GET"]}}],"collection":[{"href":"https:\/\/jinhuaceramic.com\/fr\/wp-json\/wp\/v2\/product"}],"about":[{"href":"https:\/\/jinhuaceramic.com\/fr\/wp-json\/wp\/v2\/types\/product"}],"replies":[{"embeddable":true,"href":"https:\/\/jinhuaceramic.com\/fr\/wp-json\/wp\/v2\/comments?post=5774"}],"version-history":[{"count":0,"href":"https:\/\/jinhuaceramic.com\/fr\/wp-json\/wp\/v2\/product\/5774\/revisions"}],"wp:featuredmedia":[{"embeddable":true,"href":"https:\/\/jinhuaceramic.com\/fr\/wp-json\/wp\/v2\/media\/5779"}],"wp:attachment":[{"href":"https:\/\/jinhuaceramic.com\/fr\/wp-json\/wp\/v2\/media?parent=5774"}],"wp:term":[{"taxonomy":"product_brand","embeddable":true,"href":"https:\/\/jinhuaceramic.com\/fr\/wp-json\/wp\/v2\/product_brand?post=5774"},{"taxonomy":"product_cat","embeddable":true,"href":"https:\/\/jinhuaceramic.com\/fr\/wp-json\/wp\/v2\/product_cat?post=5774"},{"taxonomy":"product_tag","embeddable":true,"href":"https:\/\/jinhuaceramic.com\/fr\/wp-json\/wp\/v2\/product_tag?post=5774"}],"curies":[{"name":"wp","href":"https:\/\/api.w.org\/{rel}","templated":true}]}}