{"id":5785,"date":"2024-08-17T07:31:25","date_gmt":"2024-08-17T07:31:25","guid":{"rendered":"https:\/\/jinhuaceramic.com\/?post_type=product&#038;p=5785"},"modified":"2024-09-21T04:04:00","modified_gmt":"2024-09-21T04:04:00","slug":"factory-supply-bulk-soap-dispenser-2","status":"publish","type":"product","link":"https:\/\/jinhuaceramic.com\/fr\/product\/factory-supply-bulk-soap-dispenser-2\/","title":{"rendered":"Distributeur de savon en vrac pour la salle de bain et la cuisine"},"content":{"rendered":"<div class=\"wp-block-columns is-layout-flex wp-container-core-columns-is-layout-9d6595d7 wp-block-columns-is-layout-flex\">\n<div class=\"wp-block-column is-layout-flow wp-block-column-is-layout-flow\">\n<h3 class=\"wp-block-heading\">Distributeur de savon en vrac Premium Factory Supply Caract\u00e9ristiques :<\/h3>\n\n\n\n<ul class=\"wp-block-list\">\n<li><strong>Design \u00e9l\u00e9gant :<\/strong> Ces distributeurs de savon en vrac avec poches sont disponibles en trois couleurs classiques et polyvalentes : blanc, gris et noir, avec une pompe argent\u00e9e. Le design simple et \u00e9l\u00e9gant s'adapte \u00e0 tous les styles de maison.<\/li>\n\n\n\n<li><strong>Durabilit\u00e9 : <\/strong>Ces distributeurs de savon en c\u00e9ramique sont fabriqu\u00e9s en c\u00e9ramique de haute qualit\u00e9, solide et durable. La pompe se presse en douceur et peut tourner \u00e0 360 degr\u00e9s pour distribuer facilement du savon liquide.<\/li>\n\n\n\n<li><strong>Polyvalence :<\/strong> Ces distributeurs de savon en vrac en c\u00e9ramique peuvent \u00eatre utilis\u00e9s dans la salle de bain ou la cuisine pour distribuer du shampoing, de la lotion, du gel douche, du d\u00e9tergent, du savon \u00e0 main, etc. La poche frontale peut \u00e9galement contenir des \u00e9ponges, des savons ou d'autres petits accessoires de salle de bain et de cuisine, ce qui rend l'espace de la salle de bain plus ordonn\u00e9 et organis\u00e9.<\/li>\n\n\n\n<li><strong>Respectueux de l'environnement :<\/strong> Ces distributeurs de savon en c\u00e9ramique ont une surface lisse, sont faciles \u00e0 nettoyer et peuvent \u00eatre r\u00e9utilis\u00e9s plusieurs fois, ce qui r\u00e9duit l'utilisation d'emballages en plastique et est b\u00e9n\u00e9fique pour l'environnement.<\/li>\n<\/ul>\n<\/div>\n\n\n\n<div class=\"wp-block-column is-layout-flow wp-block-column-is-layout-flow\">\n<figure class=\"wp-block-image size-full\"><img fetchpriority=\"high\" decoding=\"async\" width=\"800\" height=\"800\" src=\"https:\/\/jinhuaceramic.com\/wp-content\/uploads\/2024\/08\/soap-bottle.webp\" alt=\"Distributeur de savon en vrac pour la salle de bain et la cuisine\" class=\"wp-image-5791\" srcset=\"https:\/\/jinhuaceramic.com\/wp-content\/uploads\/2024\/08\/soap-bottle.webp 800w, https:\/\/jinhuaceramic.com\/wp-content\/uploads\/2024\/08\/soap-bottle-300x300.webp 300w, https:\/\/jinhuaceramic.com\/wp-content\/uploads\/2024\/08\/soap-bottle-150x150.webp 150w, https:\/\/jinhuaceramic.com\/wp-content\/uploads\/2024\/08\/soap-bottle-768x768.webp 768w, https:\/\/jinhuaceramic.com\/wp-content\/uploads\/2024\/08\/soap-bottle-12x12.webp 12w, https:\/\/jinhuaceramic.com\/wp-content\/uploads\/2024\/08\/soap-bottle-285x285.webp 285w, https:\/\/jinhuaceramic.com\/wp-content\/uploads\/2024\/08\/soap-bottle-270x270.webp 270w, https:\/\/jinhuaceramic.com\/wp-content\/uploads\/2024\/08\/soap-bottle-540x540.webp 540w, https:\/\/jinhuaceramic.com\/wp-content\/uploads\/2024\/08\/soap-bottle-660x660.webp 660w\" sizes=\"(max-width: 800px) 100vw, 800px\" \/><\/figure>\n<\/div>\n<\/div>","protected":false},"excerpt":{"rendered":"<p>Ces distributeurs de savon en vrac en c\u00e9ramique sont non seulement \u00e9l\u00e9gants et faciles \u00e0 utiliser, mais aussi durables. Ils peuvent distribuer du savon liquide et stocker des outils de nettoyage en m\u00eame temps. Que ce soit dans la cuisine ou la salle de bains, ils peuvent ajouter une touche de propret\u00e9 et de confort \u00e0 l'environnement domestique.<\/p>","protected":false},"featured_media":5786,"comment_status":"closed","ping_status":"closed","template":"","meta":{"_acf_changed":false},"product_brand":[],"product_cat":[51],"product_tag":[73],"class_list":{"0":"post-5785","1":"product","2":"type-product","3":"status-publish","4":"has-post-thumbnail","6":"product_cat-bathroom-accessories-wholesale","7":"product_tag-custom-soap-dispensers","9":"first","10":"instock","11":"shipping-taxable","12":"product-type-simple"},"acf":[],"_links":{"self":[{"href":"https:\/\/jinhuaceramic.com\/fr\/wp-json\/wp\/v2\/product\/5785","targetHints":{"allow":["GET"]}}],"collection":[{"href":"https:\/\/jinhuaceramic.com\/fr\/wp-json\/wp\/v2\/product"}],"about":[{"href":"https:\/\/jinhuaceramic.com\/fr\/wp-json\/wp\/v2\/types\/product"}],"replies":[{"embeddable":true,"href":"https:\/\/jinhuaceramic.com\/fr\/wp-json\/wp\/v2\/comments?post=5785"}],"version-history":[{"count":0,"href":"https:\/\/jinhuaceramic.com\/fr\/wp-json\/wp\/v2\/product\/5785\/revisions"}],"wp:featuredmedia":[{"embeddable":true,"href":"https:\/\/jinhuaceramic.com\/fr\/wp-json\/wp\/v2\/media\/5786"}],"wp:attachment":[{"href":"https:\/\/jinhuaceramic.com\/fr\/wp-json\/wp\/v2\/media?parent=5785"}],"wp:term":[{"taxonomy":"product_brand","embeddable":true,"href":"https:\/\/jinhuaceramic.com\/fr\/wp-json\/wp\/v2\/product_brand?post=5785"},{"taxonomy":"product_cat","embeddable":true,"href":"https:\/\/jinhuaceramic.com\/fr\/wp-json\/wp\/v2\/product_cat?post=5785"},{"taxonomy":"product_tag","embeddable":true,"href":"https:\/\/jinhuaceramic.com\/fr\/wp-json\/wp\/v2\/product_tag?post=5785"}],"curies":[{"name":"wp","href":"https:\/\/api.w.org\/{rel}","templated":true}]}}