{"id":5801,"date":"2024-08-20T01:55:07","date_gmt":"2024-08-20T01:55:07","guid":{"rendered":"https:\/\/jinhuaceramic.com\/?post_type=product&#038;p=5801"},"modified":"2024-11-07T09:54:02","modified_gmt":"2024-11-07T09:54:02","slug":"empty-candle-vessels-wholesale","status":"publish","type":"product","link":"https:\/\/jinhuaceramic.com\/fr\/product\/empty-candle-vessels-wholesale\/","title":{"rendered":"Vases \u00e0 bougies vides grossiste, pots en c\u00e9ramique jaune en spirale"},"content":{"rendered":"<div class=\"wp-block-columns is-layout-flex wp-container-core-columns-is-layout-9d6595d7 wp-block-columns-is-layout-flex\">\n<div class=\"wp-block-column is-layout-flow wp-block-column-is-layout-flow\">\n<h3 class=\"wp-block-heading\">Vases \u00e0 bougie vides de premi\u00e8re qualit\u00e9 Caract\u00e9ristiques en gros :<\/h3>\n\n\n\n<ul class=\"wp-block-list\">\n<li><strong>Design \u00e9l\u00e9gant :<\/strong> Le design \u00e9l\u00e9gant de ces photophores vides en gros s'inspire de la forme en spirale dans la nature. Ces photophores en vrac partent du bas et montent progressivement en une \u00e9l\u00e9gante ligne en spirale, pour finalement converger vers une d\u00e9licate ouverture ronde sur le dessus. Ce design n'est pas seulement beau, il augmente \u00e9galement la stabilit\u00e9 d'utilisation.<\/li>\n\n\n\n<li><strong>Mat\u00e9riau de premi\u00e8re qualit\u00e9 :<\/strong> Ces photophores en spirale sont fabriqu\u00e9s \u00e0 partir de c\u00e9ramiques de haute qualit\u00e9 et d'une gla\u00e7ure jaune inoffensive. Ils sont soumis \u00e0 un processus de cuisson minutieux qui garantit une surface lisse et d\u00e9licate et une sensation de chaleur au toucher.<\/li>\n\n\n\n<li><strong>R\u00e9utilisable :<\/strong> Une fois les bougies \u00e9puis\u00e9es, ces r\u00e9cipients vides en c\u00e9ramique jaune spiral\u00e9e peuvent \u00eatre r\u00e9utilis\u00e9s comme de merveilleux r\u00e9cipients de rangement pour de petits objets tels que des pinceaux de maquillage, des bijoux, des cl\u00e9s ou des fournitures de bureau.<\/li>\n\n\n\n<li><strong>Service personnalisable :<\/strong> Pour r\u00e9pondre aux besoins personnalis\u00e9s des diff\u00e9rents clients, notre usine propose des services de fabrication de photophores sur mesure. Qu'il s'agisse d'ajuster la couleur, de modifier la taille ou de personnaliser un motif unique, nous vous servirons de tout c\u0153ur.<\/li>\n<\/ul>\n<\/div>\n\n\n\n<div class=\"wp-block-column is-layout-flow wp-block-column-is-layout-flow\">\n<figure class=\"wp-block-image size-full\"><img fetchpriority=\"high\" decoding=\"async\" width=\"1257\" height=\"1257\" src=\"https:\/\/jinhuaceramic.com\/wp-content\/uploads\/2024\/08\/candle-jar-ceramic-3.webp\" alt=\"Vases \u00e0 bougies vides en gros, pots en c\u00e9ramique jaune en spirale-4\" class=\"wp-image-5803\" srcset=\"https:\/\/jinhuaceramic.com\/wp-content\/uploads\/2024\/08\/candle-jar-ceramic-3.webp 1257w, https:\/\/jinhuaceramic.com\/wp-content\/uploads\/2024\/08\/candle-jar-ceramic-3-300x300.webp 300w, https:\/\/jinhuaceramic.com\/wp-content\/uploads\/2024\/08\/candle-jar-ceramic-3-150x150.webp 150w, https:\/\/jinhuaceramic.com\/wp-content\/uploads\/2024\/08\/candle-jar-ceramic-3-768x768.webp 768w, https:\/\/jinhuaceramic.com\/wp-content\/uploads\/2024\/08\/candle-jar-ceramic-3-12x12.webp 12w, https:\/\/jinhuaceramic.com\/wp-content\/uploads\/2024\/08\/candle-jar-ceramic-3-285x285.webp 285w, https:\/\/jinhuaceramic.com\/wp-content\/uploads\/2024\/08\/candle-jar-ceramic-3-270x270.webp 270w, https:\/\/jinhuaceramic.com\/wp-content\/uploads\/2024\/08\/candle-jar-ceramic-3-540x540.webp 540w, https:\/\/jinhuaceramic.com\/wp-content\/uploads\/2024\/08\/candle-jar-ceramic-3-660x660.webp 660w\" sizes=\"(max-width: 1257px) 100vw, 1257px\" \/><\/figure>\n<\/div>\n<\/div>","protected":false},"excerpt":{"rendered":"<p>Bienvenue dans l'achat en gros de photophores vides. Nos vases \u00e0 bougie vides en c\u00e9ramique jaune spiral\u00e9e, avec un design spiral\u00e9 unique, une gla\u00e7ure jaune chaude et un mat\u00e9riau c\u00e9ramique de haute qualit\u00e9, sont \u00e0 la fois d\u00e9coratifs et pratiques. Nous fournissons des remises en gros et des services de personnalisation. Nous sommes impatients de cr\u00e9er un bel espace avec vous.<\/p>","protected":false},"featured_media":5804,"comment_status":"closed","ping_status":"closed","template":"","meta":{"_acf_changed":false},"product_brand":[],"product_cat":[52],"product_tag":[66],"class_list":{"0":"post-5801","1":"product","2":"type-product","3":"status-publish","4":"has-post-thumbnail","6":"product_cat-wholesale-candle-containers","7":"product_tag-candle-jars-wholesale","9":"first","10":"instock","11":"shipping-taxable","12":"product-type-simple"},"acf":[],"_links":{"self":[{"href":"https:\/\/jinhuaceramic.com\/fr\/wp-json\/wp\/v2\/product\/5801","targetHints":{"allow":["GET"]}}],"collection":[{"href":"https:\/\/jinhuaceramic.com\/fr\/wp-json\/wp\/v2\/product"}],"about":[{"href":"https:\/\/jinhuaceramic.com\/fr\/wp-json\/wp\/v2\/types\/product"}],"replies":[{"embeddable":true,"href":"https:\/\/jinhuaceramic.com\/fr\/wp-json\/wp\/v2\/comments?post=5801"}],"version-history":[{"count":0,"href":"https:\/\/jinhuaceramic.com\/fr\/wp-json\/wp\/v2\/product\/5801\/revisions"}],"wp:featuredmedia":[{"embeddable":true,"href":"https:\/\/jinhuaceramic.com\/fr\/wp-json\/wp\/v2\/media\/5804"}],"wp:attachment":[{"href":"https:\/\/jinhuaceramic.com\/fr\/wp-json\/wp\/v2\/media?parent=5801"}],"wp:term":[{"taxonomy":"product_brand","embeddable":true,"href":"https:\/\/jinhuaceramic.com\/fr\/wp-json\/wp\/v2\/product_brand?post=5801"},{"taxonomy":"product_cat","embeddable":true,"href":"https:\/\/jinhuaceramic.com\/fr\/wp-json\/wp\/v2\/product_cat?post=5801"},{"taxonomy":"product_tag","embeddable":true,"href":"https:\/\/jinhuaceramic.com\/fr\/wp-json\/wp\/v2\/product_tag?post=5801"}],"curies":[{"name":"wp","href":"https:\/\/api.w.org\/{rel}","templated":true}]}}