{"id":5816,"date":"2024-08-21T03:59:20","date_gmt":"2024-08-21T03:59:20","guid":{"rendered":"https:\/\/jinhuaceramic.com\/?post_type=product&#038;p=5816"},"modified":"2025-03-11T08:04:19","modified_gmt":"2025-03-11T08:04:19","slug":"versatile-ceramic-bakeware-set-wholesale","status":"publish","type":"product","link":"https:\/\/jinhuaceramic.com\/fr\/product\/versatile-ceramic-bakeware-set-wholesale\/","title":{"rendered":"Set d'ustensiles de cuisson en c\u00e9ramique polyvalent Wholesale, Ramequins en vrac"},"content":{"rendered":"<div class=\"wp-block-columns is-layout-flex wp-container-core-columns-is-layout-9d6595d7 wp-block-columns-is-layout-flex\">\n<div class=\"wp-block-column is-layout-flow wp-block-column-is-layout-flow\">\n<h3 class=\"wp-block-heading\">Ensemble d'ustensiles de cuisson en c\u00e9ramique de premi\u00e8re qualit\u00e9 Caract\u00e9ristiques en gros :<\/h3>\n\n\n\n<ul class=\"wp-block-list\">\n<li><strong>Couleur polyvalente :<\/strong> Cette batterie de cuisine en c\u00e9ramique est disponible en gros dans une vari\u00e9t\u00e9 de couleurs vives telles que le bleu, le blanc et le rose. La combinaison des couleurs est harmonieuse et vibrante, ce qui peut instantan\u00e9ment attirer l'\u0153il, ajouter du plaisir au processus de cuisson et rendre les r\u00e9sultats de la cuisson plus attrayants.<\/li>\n\n\n\n<li><strong>Mat\u00e9riau de premi\u00e8re qualit\u00e9 :<\/strong> Ces ustensiles de cuisson polyvalents sont fabriqu\u00e9s \u00e0 partir d'argile c\u00e9ramique de haute qualit\u00e9 et cuits \u00e0 haute temp\u00e9rature. Ils sont donc r\u00e9sistants aux temp\u00e9ratures \u00e9lev\u00e9es, s\u00fbrs pour une utilisation au four et durables.<\/li>\n\n\n\n<li><strong>Utilisation polyvalente :<\/strong> Cette batterie de cuisine en c\u00e9ramique comprend des plats de cuisson de diff\u00e9rentes formes et tailles, notamment un grand plat rectangulaire et trois tailles de plats ronds pour r\u00e9pondre aux diff\u00e9rents besoins de cuisson. Le grand plat rectangulaire convient \u00e0 la pr\u00e9paration de produits de boulangerie de grande surface, tels que le poulet r\u00f4ti et les lasagnes ; le ramequin convient \u00e0 la pr\u00e9paration de petits desserts ou de plats d'accompagnement ; les grands plats rectangulaires et ronds sont plus flexibles et peuvent s'adapter \u00e0 diff\u00e9rents sc\u00e9narios de cuisson.<\/li>\n\n\n\n<li><strong>Facile \u00e0 nettoyer :<\/strong> La surface de cet ensemble de plats de cuisson en gros est lisse et d\u00e9licate, elle n'est pas facilement tach\u00e9e par les r\u00e9sidus alimentaires et est tr\u00e8s facile \u00e0 nettoyer.<\/li>\n<\/ul>\n<\/div>\n\n\n\n<div class=\"wp-block-column is-layout-flow wp-block-column-is-layout-flow\">\n<figure class=\"wp-block-image size-full\"><img fetchpriority=\"high\" decoding=\"async\" width=\"900\" height=\"1497\" src=\"https:\/\/jinhuaceramic.com\/wp-content\/uploads\/2024\/08\/ceramic-bakeware-set.webp\" alt=\"Set d&#039;ustensiles de cuisson en c\u00e9ramique polyvalent Wholesale, Ramequins en vrac\" class=\"wp-image-5820\" srcset=\"https:\/\/jinhuaceramic.com\/wp-content\/uploads\/2024\/08\/ceramic-bakeware-set.webp 900w, https:\/\/jinhuaceramic.com\/wp-content\/uploads\/2024\/08\/ceramic-bakeware-set-180x300.webp 180w, https:\/\/jinhuaceramic.com\/wp-content\/uploads\/2024\/08\/ceramic-bakeware-set-768x1277.webp 768w, https:\/\/jinhuaceramic.com\/wp-content\/uploads\/2024\/08\/ceramic-bakeware-set-7x12.webp 7w, https:\/\/jinhuaceramic.com\/wp-content\/uploads\/2024\/08\/ceramic-bakeware-set-285x474.webp 285w, https:\/\/jinhuaceramic.com\/wp-content\/uploads\/2024\/08\/ceramic-bakeware-set-397x660.webp 397w, https:\/\/jinhuaceramic.com\/wp-content\/uploads\/2024\/08\/ceramic-bakeware-set-90x150.webp 90w\" sizes=\"(max-width: 900px) 100vw, 900px\" \/><\/figure>\n<\/div>\n<\/div>","protected":false},"excerpt":{"rendered":"<p>Avec des couleurs vives, des mat\u00e9riaux de haute qualit\u00e9 et une vari\u00e9t\u00e9 de formes et de tailles, ces ustensiles de cuisson en c\u00e9ramique polyvalents rendent chaque cuisson plus facile et plus agr\u00e9able. Con\u00e7us pour r\u00e9pondre \u00e0 diff\u00e9rents besoins en mati\u00e8re de cuisson, ces ensembles constituent un excellent choix pour la cuisson \u00e0 domicile ou l'utilisation commerciale.<\/p>","protected":false},"featured_media":5822,"comment_status":"closed","ping_status":"closed","template":"","meta":{"_acf_changed":false},"product_brand":[],"product_cat":[53],"product_tag":[69,71],"class_list":{"0":"post-5816","1":"product","2":"type-product","3":"status-publish","4":"has-post-thumbnail","6":"product_cat-bakeware-in-bulk","7":"product_tag-bulk-ramekins","8":"product_tag-wholesale-baking-pans","10":"first","11":"instock","12":"shipping-taxable","13":"product-type-simple"},"acf":[],"_links":{"self":[{"href":"https:\/\/jinhuaceramic.com\/fr\/wp-json\/wp\/v2\/product\/5816","targetHints":{"allow":["GET"]}}],"collection":[{"href":"https:\/\/jinhuaceramic.com\/fr\/wp-json\/wp\/v2\/product"}],"about":[{"href":"https:\/\/jinhuaceramic.com\/fr\/wp-json\/wp\/v2\/types\/product"}],"replies":[{"embeddable":true,"href":"https:\/\/jinhuaceramic.com\/fr\/wp-json\/wp\/v2\/comments?post=5816"}],"version-history":[{"count":0,"href":"https:\/\/jinhuaceramic.com\/fr\/wp-json\/wp\/v2\/product\/5816\/revisions"}],"wp:featuredmedia":[{"embeddable":true,"href":"https:\/\/jinhuaceramic.com\/fr\/wp-json\/wp\/v2\/media\/5822"}],"wp:attachment":[{"href":"https:\/\/jinhuaceramic.com\/fr\/wp-json\/wp\/v2\/media?parent=5816"}],"wp:term":[{"taxonomy":"product_brand","embeddable":true,"href":"https:\/\/jinhuaceramic.com\/fr\/wp-json\/wp\/v2\/product_brand?post=5816"},{"taxonomy":"product_cat","embeddable":true,"href":"https:\/\/jinhuaceramic.com\/fr\/wp-json\/wp\/v2\/product_cat?post=5816"},{"taxonomy":"product_tag","embeddable":true,"href":"https:\/\/jinhuaceramic.com\/fr\/wp-json\/wp\/v2\/product_tag?post=5816"}],"curies":[{"name":"wp","href":"https:\/\/api.w.org\/{rel}","templated":true}]}}