{"id":5873,"date":"2024-08-30T04:42:08","date_gmt":"2024-08-30T04:42:08","guid":{"rendered":"https:\/\/jinhuaceramic.com\/?post_type=product&#038;p=5873"},"modified":"2024-09-21T03:38:02","modified_gmt":"2024-09-21T03:38:02","slug":"wholesale-unique-ceramic-candle-jars","status":"publish","type":"product","link":"https:\/\/jinhuaceramic.com\/fr\/product\/wholesale-unique-ceramic-candle-jars\/","title":{"rendered":"Jarre \u00e0 bougie en c\u00e9ramique unique pour la fabrication de bougies et la d\u00e9coration d'int\u00e9rieur"},"content":{"rendered":"<div class=\"wp-block-columns is-layout-flex wp-container-core-columns-is-layout-9d6595d7 wp-block-columns-is-layout-flex\">\n<div class=\"wp-block-column is-layout-flow wp-block-column-is-layout-flow\">\n<h3 class=\"wp-block-heading\">Bougie en c\u00e9ramique unique de premi\u00e8re qualit\u00e9 en gros Caract\u00e9ristiques :<\/h3>\n\n\n\n<ul class=\"wp-block-list\">\n<li><strong>Conception unique :<\/strong> Ces photophores en c\u00e9ramique uniques ont un design cylindrique irr\u00e9gulier, et la surface des photophores a une texture ondul\u00e9e distincte, tout comme des tissus doux empil\u00e9s de mani\u00e8re d\u00e9contract\u00e9e, cr\u00e9ant une sensation \u00e9l\u00e9gante et d\u00e9contract\u00e9e.<\/li>\n\n\n\n<li><strong>Mat\u00e9riau de haute qualit\u00e9 :<\/strong> Ces photophores en vrac sont fabriqu\u00e9s en argile c\u00e9ramique de haute qualit\u00e9, d'une duret\u00e9 et d'une densit\u00e9 extr\u00eamement \u00e9lev\u00e9es, d'une grande r\u00e9sistance \u00e0 la temp\u00e9rature, d'une forte isolation thermique, d'une r\u00e9sistance \u00e0 l'usure et aux rayures, et ne sont pas faciles \u00e0 d\u00e9former.<\/li>\n\n\n\n<li><strong>Respectueux de l'environnement et de la sant\u00e9 :<\/strong> Ces photophores en c\u00e9ramique sont des produits en c\u00e9ramique pure, ne contiennent pas de substances nocives, sont non toxiques et inodores, sans danger pour le corps humain et l'environnement, et sont durables, ce qui en fait un choix id\u00e9al pour les personnes qui m\u00e8nent une vie \u00e9cologique.<\/li>\n\n\n\n<li><strong>Vente en gros et personnalisation :<\/strong> Notre usine offre des remises de gros pour les commandes en vrac de photophores, garantissant des photophores de qualit\u00e9 \u00e0 des prix comp\u00e9titifs. En outre, nous proposons des services personnalis\u00e9s pour r\u00e9pondre au style unique de votre marque, qu'il s'agisse d'ajuster la taille, la couleur ou d'ajouter des graphismes sp\u00e9cifiques.<\/li>\n<\/ul>\n<\/div>\n\n\n\n<div class=\"wp-block-column is-layout-flow wp-block-column-is-layout-flow\">\n<figure class=\"wp-block-image size-full\"><img fetchpriority=\"high\" decoding=\"async\" width=\"560\" height=\"560\" src=\"https:\/\/jinhuaceramic.com\/wp-content\/uploads\/2024\/08\/ceramic-candle-jar-4.webp\" alt=\"Jarre \u00e0 bougies en c\u00e9ramique unique en gros pour la fabrication de bougies et la d\u00e9coration int\u00e9rieure\" class=\"wp-image-5879\" srcset=\"https:\/\/jinhuaceramic.com\/wp-content\/uploads\/2024\/08\/ceramic-candle-jar-4.webp 560w, https:\/\/jinhuaceramic.com\/wp-content\/uploads\/2024\/08\/ceramic-candle-jar-4-300x300.webp 300w, https:\/\/jinhuaceramic.com\/wp-content\/uploads\/2024\/08\/ceramic-candle-jar-4-150x150.webp 150w, https:\/\/jinhuaceramic.com\/wp-content\/uploads\/2024\/08\/ceramic-candle-jar-4-12x12.webp 12w, https:\/\/jinhuaceramic.com\/wp-content\/uploads\/2024\/08\/ceramic-candle-jar-4-285x285.webp 285w, https:\/\/jinhuaceramic.com\/wp-content\/uploads\/2024\/08\/ceramic-candle-jar-4-270x270.webp 270w, https:\/\/jinhuaceramic.com\/wp-content\/uploads\/2024\/08\/ceramic-candle-jar-4-540x540.webp 540w\" sizes=\"(max-width: 560px) 100vw, 560px\" \/><\/figure>\n<\/div>\n<\/div>","protected":false},"excerpt":{"rendered":"<p>Ces photophores uniques en c\u00e9ramique sont populaires en raison de leur design \u00e9l\u00e9gant et unique, de leurs mat\u00e9riaux en c\u00e9ramique de haute qualit\u00e9, de leur respect de l'environnement et de leurs caract\u00e9ristiques durables. En outre, en tant que fabricant, nous fournissons \u00e9galement des services de personnalisation, n'h\u00e9sitez pas \u00e0 nous contacter !<\/p>","protected":false},"featured_media":5880,"comment_status":"closed","ping_status":"closed","template":"","meta":{"_acf_changed":false},"product_brand":[],"product_cat":[52],"product_tag":[66],"class_list":{"0":"post-5873","1":"product","2":"type-product","3":"status-publish","4":"has-post-thumbnail","6":"product_cat-wholesale-candle-containers","7":"product_tag-candle-jars-wholesale","9":"first","10":"instock","11":"shipping-taxable","12":"product-type-simple"},"acf":[],"_links":{"self":[{"href":"https:\/\/jinhuaceramic.com\/fr\/wp-json\/wp\/v2\/product\/5873","targetHints":{"allow":["GET"]}}],"collection":[{"href":"https:\/\/jinhuaceramic.com\/fr\/wp-json\/wp\/v2\/product"}],"about":[{"href":"https:\/\/jinhuaceramic.com\/fr\/wp-json\/wp\/v2\/types\/product"}],"replies":[{"embeddable":true,"href":"https:\/\/jinhuaceramic.com\/fr\/wp-json\/wp\/v2\/comments?post=5873"}],"version-history":[{"count":0,"href":"https:\/\/jinhuaceramic.com\/fr\/wp-json\/wp\/v2\/product\/5873\/revisions"}],"wp:featuredmedia":[{"embeddable":true,"href":"https:\/\/jinhuaceramic.com\/fr\/wp-json\/wp\/v2\/media\/5880"}],"wp:attachment":[{"href":"https:\/\/jinhuaceramic.com\/fr\/wp-json\/wp\/v2\/media?parent=5873"}],"wp:term":[{"taxonomy":"product_brand","embeddable":true,"href":"https:\/\/jinhuaceramic.com\/fr\/wp-json\/wp\/v2\/product_brand?post=5873"},{"taxonomy":"product_cat","embeddable":true,"href":"https:\/\/jinhuaceramic.com\/fr\/wp-json\/wp\/v2\/product_cat?post=5873"},{"taxonomy":"product_tag","embeddable":true,"href":"https:\/\/jinhuaceramic.com\/fr\/wp-json\/wp\/v2\/product_tag?post=5873"}],"curies":[{"name":"wp","href":"https:\/\/api.w.org\/{rel}","templated":true}]}}