{"id":5884,"date":"2024-08-30T04:44:24","date_gmt":"2024-08-30T04:44:24","guid":{"rendered":"https:\/\/jinhuaceramic.com\/?post_type=product&#038;p=5884"},"modified":"2025-03-10T09:15:08","modified_gmt":"2025-03-10T09:15:08","slug":"ceramic-baking-dish-set-wholesale-2","status":"publish","type":"product","link":"https:\/\/jinhuaceramic.com\/fr\/product\/ceramic-baking-dish-set-wholesale-2\/","title":{"rendered":"Set de plats de cuisson en c\u00e9ramique bleu fonc\u00e9 Wholesale, Plaques de cuisson personnalis\u00e9es"},"content":{"rendered":"<div class=\"wp-block-columns is-layout-flex wp-container-core-columns-is-layout-9d6595d7 wp-block-columns-is-layout-flex\">\n<div class=\"wp-block-column is-layout-flow wp-block-column-is-layout-flow\">\n<h3 class=\"wp-block-heading\">Ensemble de plats de cuisson en c\u00e9ramique de premi\u00e8re qualit\u00e9 Caract\u00e9ristiques en gros :<\/h3>\n\n\n\n<ul class=\"wp-block-list\">\n<li><strong>Convient \u00e0 une grande vari\u00e9t\u00e9 d'\u00e9quipements de cuisine :<\/strong> Cet ensemble de plats \u00e0 four en c\u00e9ramique bleu fonc\u00e9 peut \u00eatre utilis\u00e9 en toute s\u00e9curit\u00e9 dans les fours \u00e0 micro-ondes, les fours, les r\u00e9frig\u00e9rateurs et les lave-vaisselle, ce qui permet aux utilisateurs de passer facilement de la cuisson au nettoyage, am\u00e9liorant ainsi consid\u00e9rablement l'efficacit\u00e9 des op\u00e9rations de cuisine.<\/li>\n\n\n\n<li><strong>Fournir plusieurs options de taille : <\/strong>Cet ensemble de moules \u00e0 p\u00e2tisserie de taille personnalis\u00e9e comprend une vari\u00e9t\u00e9 de tailles pour r\u00e9pondre aux diff\u00e9rents besoins en mati\u00e8re de p\u00e2tisserie. Qu'il s'agisse d'un petit repas de famille ou d'une grande f\u00eate, vous pouvez trouver un moule adapt\u00e9 et r\u00e9pondre de mani\u00e8re flexible aux diff\u00e9rents ingr\u00e9dients et exigences des recettes.<\/li>\n\n\n\n<li><strong>Haute r\u00e9sistance \u00e0 la chaleur : <\/strong>Notre ensemble de plats de cuisson en c\u00e9ramique est fabriqu\u00e9 en c\u00e9ramique de haute qualit\u00e9. Ce plat de cuisson pr\u00e9sente une excellente r\u00e9sistance aux temp\u00e9ratures \u00e9lev\u00e9es et peut supporter la cuisson \u00e0 haute temp\u00e9rature sans se d\u00e9former ni se fissurer, ce qui permet de chauffer uniform\u00e9ment les aliments et de pr\u00e9server la saveur et le go\u00fbt des ingr\u00e9dients.<\/li>\n\n\n\n<li><strong>Aspect bleu fonc\u00e9 \u00e9l\u00e9gant et styl\u00e9 : <\/strong>Nos moules \u00e0 p\u00e2tisserie sur mesure adoptent un design bleu fonc\u00e9 simple et atmosph\u00e9rique, qui est \u00e0 la fois pratique et beau. Elles peuvent ajouter une atmosph\u00e8re \u00e9l\u00e9gante \u00e0 la cuisine, s'adapter \u00e0 une d\u00e9coration de table moderne ou traditionnelle et am\u00e9liorer l'exp\u00e9rience culinaire.<\/li>\n<\/ul>\n<\/div>\n\n\n\n<div class=\"wp-block-column is-layout-flow wp-block-column-is-layout-flow\">\n<figure class=\"wp-block-image size-full\"><img fetchpriority=\"high\" decoding=\"async\" width=\"510\" height=\"510\" src=\"https:\/\/jinhuaceramic.com\/wp-content\/uploads\/2024\/08\/baking-dish-5.webp\" alt=\"Set de plats \u00e0 four en c\u00e9ramique bleu fonc\u00e9 Wholesale, Plaques \u00e0 p\u00e2tisserie de taille personnalis\u00e9e-1\" class=\"wp-image-5887\" srcset=\"https:\/\/jinhuaceramic.com\/wp-content\/uploads\/2024\/08\/baking-dish-5.webp 510w, https:\/\/jinhuaceramic.com\/wp-content\/uploads\/2024\/08\/baking-dish-5-300x300.webp 300w, https:\/\/jinhuaceramic.com\/wp-content\/uploads\/2024\/08\/baking-dish-5-150x150.webp 150w, https:\/\/jinhuaceramic.com\/wp-content\/uploads\/2024\/08\/baking-dish-5-12x12.webp 12w, https:\/\/jinhuaceramic.com\/wp-content\/uploads\/2024\/08\/baking-dish-5-285x285.webp 285w, https:\/\/jinhuaceramic.com\/wp-content\/uploads\/2024\/08\/baking-dish-5-270x270.webp 270w\" sizes=\"(max-width: 510px) 100vw, 510px\" \/><\/figure>\n<\/div>\n<\/div>","protected":false},"excerpt":{"rendered":"<p>Bienvenue aux moules \u00e0 p\u00e2tisserie de taille personnalis\u00e9e. Notre ensemble de plats de cuisson en c\u00e9ramique bleu fonc\u00e9 est \u00e0 la fois beau et pratique. Il est compatible avec les fours \u00e0 micro-ondes, les fours, les r\u00e9frig\u00e9rateurs et les lave-vaisselle, et offre une vari\u00e9t\u00e9 d'options de taille pour r\u00e9pondre aux diff\u00e9rents besoins de cuisson.<\/p>","protected":false},"featured_media":5885,"comment_status":"closed","ping_status":"closed","template":"","meta":{"_acf_changed":false},"product_brand":[],"product_cat":[53],"product_tag":[71],"class_list":{"0":"post-5884","1":"product","2":"type-product","3":"status-publish","4":"has-post-thumbnail","6":"product_cat-bakeware-in-bulk","7":"product_tag-wholesale-baking-pans","9":"first","10":"instock","11":"shipping-taxable","12":"product-type-simple"},"acf":[],"_links":{"self":[{"href":"https:\/\/jinhuaceramic.com\/fr\/wp-json\/wp\/v2\/product\/5884","targetHints":{"allow":["GET"]}}],"collection":[{"href":"https:\/\/jinhuaceramic.com\/fr\/wp-json\/wp\/v2\/product"}],"about":[{"href":"https:\/\/jinhuaceramic.com\/fr\/wp-json\/wp\/v2\/types\/product"}],"replies":[{"embeddable":true,"href":"https:\/\/jinhuaceramic.com\/fr\/wp-json\/wp\/v2\/comments?post=5884"}],"version-history":[{"count":0,"href":"https:\/\/jinhuaceramic.com\/fr\/wp-json\/wp\/v2\/product\/5884\/revisions"}],"wp:featuredmedia":[{"embeddable":true,"href":"https:\/\/jinhuaceramic.com\/fr\/wp-json\/wp\/v2\/media\/5885"}],"wp:attachment":[{"href":"https:\/\/jinhuaceramic.com\/fr\/wp-json\/wp\/v2\/media?parent=5884"}],"wp:term":[{"taxonomy":"product_brand","embeddable":true,"href":"https:\/\/jinhuaceramic.com\/fr\/wp-json\/wp\/v2\/product_brand?post=5884"},{"taxonomy":"product_cat","embeddable":true,"href":"https:\/\/jinhuaceramic.com\/fr\/wp-json\/wp\/v2\/product_cat?post=5884"},{"taxonomy":"product_tag","embeddable":true,"href":"https:\/\/jinhuaceramic.com\/fr\/wp-json\/wp\/v2\/product_tag?post=5884"}],"curies":[{"name":"wp","href":"https:\/\/api.w.org\/{rel}","templated":true}]}}