{"id":5893,"date":"2024-08-30T04:47:37","date_gmt":"2024-08-30T04:47:37","guid":{"rendered":"https:\/\/jinhuaceramic.com\/?post_type=product&#038;p=5893"},"modified":"2025-01-16T06:25:10","modified_gmt":"2025-01-16T06:25:10","slug":"striped-ceramic-bowl-wholesale","status":"publish","type":"product","link":"https:\/\/jinhuaceramic.com\/fr\/product\/striped-ceramic-bowl-wholesale\/","title":{"rendered":"Unique Striped Ceramic Bowl Wholesale, Dinnerware For Snack And Salad"},"content":{"rendered":"<div class=\"wp-block-columns is-layout-flex wp-container-core-columns-is-layout-9d6595d7 wp-block-columns-is-layout-flex\">\n<div class=\"wp-block-column is-layout-flow wp-block-column-is-layout-flow\">\n<h3 class=\"wp-block-heading\">Bol en c\u00e9ramique de premi\u00e8re qualit\u00e9 Caract\u00e9ristiques en gros :<\/h3>\n\n\n\n<ul class=\"wp-block-list\">\n<li><strong>Design unique : <\/strong>Ce bol en c\u00e9ramique unique est inspir\u00e9 des bo\u00eetes de restauration rapide classiques. Avec leurs motifs ray\u00e9s rouge et blanc et vert et blanc, ils sont \u00e0 la fois r\u00e9tro et vivants, ajoutant une touche d'amusement \u00e0 n'importe quelle table.<\/li>\n\n\n\n<li><strong>Mat\u00e9riau de premi\u00e8re qualit\u00e9 :<\/strong> Ces bols en c\u00e9ramique en vrac sont fabriqu\u00e9s en c\u00e9ramique de haute qualit\u00e9, extr\u00eamement durable, respectueuse de l'environnement, non toxique et sans plomb.<\/li>\n\n\n\n<li><strong>Utilisation polyvalente : <\/strong>De forme carr\u00e9e, ces bols en c\u00e9ramique sont suffisamment profonds pour contenir des snacks tels que des chips, du pop-corn et des nuggets de poulet, ainsi que des salades et autres plats d'accompagnement, ou pour pr\u00e9senter des fruits et des l\u00e9gumes.<\/li>\n\n\n\n<li><strong>Facile \u00e0 nettoyer : <\/strong>La surface lisse en c\u00e9ramique de ces bols ray\u00e9s uniques en vrac r\u00e9siste bien aux taches, les r\u00e9sidus alimentaires n'adh\u00e8rent pas facilement et peuvent \u00eatre nettoy\u00e9s \u00e0 la main ou au lave-vaisselle.<\/li>\n<\/ul>\n<\/div>\n\n\n\n<div class=\"wp-block-column is-layout-flow wp-block-column-is-layout-flow\">\n<figure class=\"wp-block-image size-full\"><img fetchpriority=\"high\" decoding=\"async\" width=\"800\" height=\"800\" src=\"https:\/\/jinhuaceramic.com\/wp-content\/uploads\/2024\/08\/snack-bowl.webp\" alt=\"Unique-Striped-Ceramic-Bowl-Wholesale-Dinnerware-For-Snack-And-Salad\" class=\"wp-image-5909\" srcset=\"https:\/\/jinhuaceramic.com\/wp-content\/uploads\/2024\/08\/snack-bowl.webp 800w, https:\/\/jinhuaceramic.com\/wp-content\/uploads\/2024\/08\/snack-bowl-300x300.webp 300w, https:\/\/jinhuaceramic.com\/wp-content\/uploads\/2024\/08\/snack-bowl-150x150.webp 150w, https:\/\/jinhuaceramic.com\/wp-content\/uploads\/2024\/08\/snack-bowl-768x768.webp 768w, https:\/\/jinhuaceramic.com\/wp-content\/uploads\/2024\/08\/snack-bowl-12x12.webp 12w, https:\/\/jinhuaceramic.com\/wp-content\/uploads\/2024\/08\/snack-bowl-285x285.webp 285w, https:\/\/jinhuaceramic.com\/wp-content\/uploads\/2024\/08\/snack-bowl-270x270.webp 270w, https:\/\/jinhuaceramic.com\/wp-content\/uploads\/2024\/08\/snack-bowl-540x540.webp 540w, https:\/\/jinhuaceramic.com\/wp-content\/uploads\/2024\/08\/snack-bowl-660x660.webp 660w\" sizes=\"(max-width: 800px) 100vw, 800px\" \/><\/figure>\n<\/div>\n<\/div>","protected":false},"excerpt":{"rendered":"<p>Ces bols ray\u00e9s en c\u00e9ramique sont appr\u00e9ci\u00e9s pour leur design unique, leurs couleurs vives et leurs mat\u00e9riaux de haute qualit\u00e9. Leur design unique de bo\u00eete de restauration rapide est non seulement int\u00e9ressant et beau, mais aussi plus facile \u00e0 placer et \u00e0 pr\u00e9senter les aliments, ce qui augmente le plaisir de manger. \u00a0<\/p>","protected":false},"featured_media":5902,"comment_status":"closed","ping_status":"closed","template":"","meta":{"_acf_changed":false},"product_brand":[],"product_cat":[54,85],"product_tag":[78],"class_list":{"0":"post-5893","1":"product","2":"type-product","3":"status-publish","4":"has-post-thumbnail","6":"product_cat-tableware-wholesale","7":"product_cat-wholesale-ceramic-bowls","8":"product_tag-bulk-ceramic-bowls","10":"first","11":"instock","12":"shipping-taxable","13":"product-type-simple"},"acf":[],"_links":{"self":[{"href":"https:\/\/jinhuaceramic.com\/fr\/wp-json\/wp\/v2\/product\/5893","targetHints":{"allow":["GET"]}}],"collection":[{"href":"https:\/\/jinhuaceramic.com\/fr\/wp-json\/wp\/v2\/product"}],"about":[{"href":"https:\/\/jinhuaceramic.com\/fr\/wp-json\/wp\/v2\/types\/product"}],"replies":[{"embeddable":true,"href":"https:\/\/jinhuaceramic.com\/fr\/wp-json\/wp\/v2\/comments?post=5893"}],"version-history":[{"count":0,"href":"https:\/\/jinhuaceramic.com\/fr\/wp-json\/wp\/v2\/product\/5893\/revisions"}],"wp:featuredmedia":[{"embeddable":true,"href":"https:\/\/jinhuaceramic.com\/fr\/wp-json\/wp\/v2\/media\/5902"}],"wp:attachment":[{"href":"https:\/\/jinhuaceramic.com\/fr\/wp-json\/wp\/v2\/media?parent=5893"}],"wp:term":[{"taxonomy":"product_brand","embeddable":true,"href":"https:\/\/jinhuaceramic.com\/fr\/wp-json\/wp\/v2\/product_brand?post=5893"},{"taxonomy":"product_cat","embeddable":true,"href":"https:\/\/jinhuaceramic.com\/fr\/wp-json\/wp\/v2\/product_cat?post=5893"},{"taxonomy":"product_tag","embeddable":true,"href":"https:\/\/jinhuaceramic.com\/fr\/wp-json\/wp\/v2\/product_tag?post=5893"}],"curies":[{"name":"wp","href":"https:\/\/api.w.org\/{rel}","templated":true}]}}