{"id":5941,"date":"2024-09-05T02:05:52","date_gmt":"2024-09-05T02:05:52","guid":{"rendered":"https:\/\/jinhuaceramic.com\/?post_type=product&#038;p=5941"},"modified":"2024-09-21T04:08:18","modified_gmt":"2024-09-21T04:08:18","slug":"bathroom-accessories-set-wholesale","status":"publish","type":"product","link":"https:\/\/jinhuaceramic.com\/fr\/product\/bathroom-accessories-set-wholesale\/","title":{"rendered":"Set d'accessoires de salle de bain Wholesale In Elegant Diamond Black"},"content":{"rendered":"<div class=\"wp-block-columns is-layout-flex wp-container-core-columns-is-layout-9d6595d7 wp-block-columns-is-layout-flex\">\n<div class=\"wp-block-column is-layout-flow wp-block-column-is-layout-flow\">\n<h3 class=\"wp-block-heading\">Ensemble d'accessoires de salle de bain en c\u00e9ramique de qualit\u00e9 sup\u00e9rieure Wholesale Caract\u00e9ristiques :<\/h3>\n\n\n\n<ul class=\"wp-block-list\">\n<li><strong>Coupe diamant Texture :<\/strong> Ces accessoires de salle de bains en c\u00e9ramique sont con\u00e7us avec une texture en forme de diamant, qui non seulement augmente l'impact visuel du produit, mais lui donne \u00e9galement un aspect plus avanc\u00e9 et plus \u00e0 la mode. La texture en forme de diamant produit un effet de r\u00e9fraction sous l'effet de la lumi\u00e8re, ce qui rend l'espace de la salle de bains plus brillant.<\/li>\n\n\n\n<li><strong>Tonalit\u00e9 noire unifi\u00e9e :<\/strong> Ces ensembles de salle de bains en c\u00e9ramique sont con\u00e7us dans un noir pur, une couleur classique et polyvalente qui s'int\u00e8gre facilement dans les salles de bains de diff\u00e9rents styles.<\/li>\n\n\n\n<li><strong>Mat\u00e9riaux c\u00e9ramiques de haute qualit\u00e9 :<\/strong> Ces accessoires de salle de bain en c\u00e9ramique sont fabriqu\u00e9s en argile c\u00e9ramique de haute qualit\u00e9 cuite \u00e0 haute temp\u00e9rature. Ils sont donc tr\u00e8s solides et durables, et ne sont pas faciles \u00e0 rayer ou \u00e0 casser.<\/li>\n\n\n\n<li><strong>Fonctionnalit\u00e9 :<\/strong> Organisez votre salle de bains avec ces sets de salle de bains en c\u00e9ramique de gros qui comprennent un flacon de savon, un porte-savon antid\u00e9rapant, un porte-brosse \u00e0 dents \u00e0 compartiments multiples et un gobelet en c\u00e9ramique polyvalent qui peut \u00eatre utilis\u00e9 pour le rin\u00e7age ou le stockage.<\/li>\n<\/ul>\n<\/div>\n\n\n\n<div class=\"wp-block-column is-layout-flow wp-block-column-is-layout-flow\">\n<figure class=\"wp-block-image size-full\"><img fetchpriority=\"high\" decoding=\"async\" width=\"1500\" height=\"1500\" src=\"https:\/\/jinhuaceramic.com\/wp-content\/uploads\/2024\/09\/wholesale-4-piece-ceramic-bathroom-set-custom-bathroom-supplies-2.webp\" alt=\"Set d&#039;accessoires de salle de bain Wholesale In Elegant Diamond Black-1\" class=\"wp-image-5942\" srcset=\"https:\/\/jinhuaceramic.com\/wp-content\/uploads\/2024\/09\/wholesale-4-piece-ceramic-bathroom-set-custom-bathroom-supplies-2.webp 1500w, https:\/\/jinhuaceramic.com\/wp-content\/uploads\/2024\/09\/wholesale-4-piece-ceramic-bathroom-set-custom-bathroom-supplies-2-300x300.webp 300w, https:\/\/jinhuaceramic.com\/wp-content\/uploads\/2024\/09\/wholesale-4-piece-ceramic-bathroom-set-custom-bathroom-supplies-2-150x150.webp 150w, https:\/\/jinhuaceramic.com\/wp-content\/uploads\/2024\/09\/wholesale-4-piece-ceramic-bathroom-set-custom-bathroom-supplies-2-768x768.webp 768w, https:\/\/jinhuaceramic.com\/wp-content\/uploads\/2024\/09\/wholesale-4-piece-ceramic-bathroom-set-custom-bathroom-supplies-2-12x12.webp 12w, https:\/\/jinhuaceramic.com\/wp-content\/uploads\/2024\/09\/wholesale-4-piece-ceramic-bathroom-set-custom-bathroom-supplies-2-285x285.webp 285w, https:\/\/jinhuaceramic.com\/wp-content\/uploads\/2024\/09\/wholesale-4-piece-ceramic-bathroom-set-custom-bathroom-supplies-2-270x270.webp 270w, https:\/\/jinhuaceramic.com\/wp-content\/uploads\/2024\/09\/wholesale-4-piece-ceramic-bathroom-set-custom-bathroom-supplies-2-540x540.webp 540w, https:\/\/jinhuaceramic.com\/wp-content\/uploads\/2024\/09\/wholesale-4-piece-ceramic-bathroom-set-custom-bathroom-supplies-2-660x660.webp 660w\" sizes=\"(max-width: 1500px) 100vw, 1500px\" \/><\/figure>\n<\/div>\n<\/div>","protected":false},"excerpt":{"rendered":"<p>Ces accessoires de salle de bains en c\u00e9ramique sont appr\u00e9ci\u00e9s pour leur design unique et \u00e9l\u00e9gant en forme de diamant, leur couleur noire classique et leur structure en c\u00e9ramique solide. Ils sont \u00e0 la fois esth\u00e9tiques et pratiques, ajoutant une touche moderne et haut de gamme \u00e0 la salle de bains.<\/p>","protected":false},"featured_media":5944,"comment_status":"closed","ping_status":"closed","template":"","meta":{"_acf_changed":false},"product_brand":[],"product_cat":[51],"product_tag":[74],"class_list":{"0":"post-5941","1":"product","2":"type-product","3":"status-publish","4":"has-post-thumbnail","6":"product_cat-bathroom-accessories-wholesale","7":"product_tag-ceramic-bath-accessories-wholesale","9":"first","10":"instock","11":"shipping-taxable","12":"product-type-simple"},"acf":[],"_links":{"self":[{"href":"https:\/\/jinhuaceramic.com\/fr\/wp-json\/wp\/v2\/product\/5941","targetHints":{"allow":["GET"]}}],"collection":[{"href":"https:\/\/jinhuaceramic.com\/fr\/wp-json\/wp\/v2\/product"}],"about":[{"href":"https:\/\/jinhuaceramic.com\/fr\/wp-json\/wp\/v2\/types\/product"}],"replies":[{"embeddable":true,"href":"https:\/\/jinhuaceramic.com\/fr\/wp-json\/wp\/v2\/comments?post=5941"}],"version-history":[{"count":0,"href":"https:\/\/jinhuaceramic.com\/fr\/wp-json\/wp\/v2\/product\/5941\/revisions"}],"wp:featuredmedia":[{"embeddable":true,"href":"https:\/\/jinhuaceramic.com\/fr\/wp-json\/wp\/v2\/media\/5944"}],"wp:attachment":[{"href":"https:\/\/jinhuaceramic.com\/fr\/wp-json\/wp\/v2\/media?parent=5941"}],"wp:term":[{"taxonomy":"product_brand","embeddable":true,"href":"https:\/\/jinhuaceramic.com\/fr\/wp-json\/wp\/v2\/product_brand?post=5941"},{"taxonomy":"product_cat","embeddable":true,"href":"https:\/\/jinhuaceramic.com\/fr\/wp-json\/wp\/v2\/product_cat?post=5941"},{"taxonomy":"product_tag","embeddable":true,"href":"https:\/\/jinhuaceramic.com\/fr\/wp-json\/wp\/v2\/product_tag?post=5941"}],"curies":[{"name":"wp","href":"https:\/\/api.w.org\/{rel}","templated":true}]}}