{"id":5955,"date":"2024-09-06T10:18:08","date_gmt":"2024-09-06T10:18:08","guid":{"rendered":"https:\/\/jinhuaceramic.com\/?post_type=product&#038;p=5955"},"modified":"2024-09-21T04:08:17","modified_gmt":"2024-09-21T04:08:17","slug":"wholesale-all-black-ceramic-bathroom-set","status":"publish","type":"product","link":"https:\/\/jinhuaceramic.com\/fr\/product\/wholesale-all-black-ceramic-bathroom-set\/","title":{"rendered":"Wholesale All-Black Ceramic Bathroom Set For Home &amp; Commercial Use (Ensemble de salle de bains en c\u00e9ramique noire pour usage domestique et commercial)"},"content":{"rendered":"<div class=\"wp-block-columns is-layout-flex wp-container-core-columns-is-layout-9d6595d7 wp-block-columns-is-layout-flex\">\n<div class=\"wp-block-column is-layout-flow wp-block-column-is-layout-flow\">\n<h3 class=\"wp-block-heading\">Premium Wholesale All-Black Ceramic Bathroom Set Caract\u00e9ristiques :<\/h3>\n\n\n\n<ul class=\"wp-block-list\">\n<li><strong>Design moderne : <\/strong>Ces sets de salle de bain en c\u00e9ramique noire sont de couleur noire, avec un design moderne et simple et des lignes douces, ajoutant une touche d'\u00e9l\u00e9gance et de myst\u00e8re \u00e0 la salle de bain, et conviennent \u00e0 une vari\u00e9t\u00e9 de styles de salle de bain.<\/li>\n\n\n\n<li><strong>Mat\u00e9riau de premi\u00e8re qualit\u00e9 : <\/strong>Ces accessoires de salle de bain en gros sont fabriqu\u00e9s en argile c\u00e9ramique de premi\u00e8re qualit\u00e9, solide et durable pour un usage quotidien. La surface lisse de la c\u00e9ramique est facile \u00e0 nettoyer.<\/li>\n\n\n\n<li><strong>Ensemble complet :<\/strong> Ces sets de salle de bain en c\u00e9ramique noire comprennent un distributeur de savon pouvant contenir la plupart des savons liquides, un porte-brosse \u00e0 dents pouvant contenir plusieurs brosses \u00e0 dents et dentifrices, un porte-savon et un pot \u00e0 cosm\u00e9tiques pouvant contenir des boules de coton ou des tampons d'ouate. Ils sont enti\u00e8rement fonctionnels et permettent de ranger la salle de bains.<\/li>\n\n\n\n<li><strong>Id\u00e9al pour une utilisation commerciale :<\/strong> Ces ensembles de salle de bain en c\u00e9ramique allient beaut\u00e9 et praticit\u00e9, ce qui en fait un excellent choix pour les h\u00f4tels, les spas et autres lieux commerciaux o\u00f9 la d\u00e9coration de la salle de bain et la satisfaction des clients sont importantes.<\/li>\n<\/ul>\n<\/div>\n\n\n\n<div class=\"wp-block-column is-layout-flow wp-block-column-is-layout-flow\">\n<figure class=\"wp-block-image size-full\"><img fetchpriority=\"high\" decoding=\"async\" width=\"1500\" height=\"1500\" src=\"https:\/\/jinhuaceramic.com\/wp-content\/uploads\/2024\/09\/Wholesale-All-Black-Ceramic-Bathroom-Set-For-Home-Commercial-Use-2.webp\" alt=\"Wholesale-All-Black-Ceramic-Bathroom-Set-For-Home-&amp;-Commercial-Use\" class=\"wp-image-5962\" srcset=\"https:\/\/jinhuaceramic.com\/wp-content\/uploads\/2024\/09\/Wholesale-All-Black-Ceramic-Bathroom-Set-For-Home-Commercial-Use-2.webp 1500w, https:\/\/jinhuaceramic.com\/wp-content\/uploads\/2024\/09\/Wholesale-All-Black-Ceramic-Bathroom-Set-For-Home-Commercial-Use-2-300x300.webp 300w, https:\/\/jinhuaceramic.com\/wp-content\/uploads\/2024\/09\/Wholesale-All-Black-Ceramic-Bathroom-Set-For-Home-Commercial-Use-2-150x150.webp 150w, https:\/\/jinhuaceramic.com\/wp-content\/uploads\/2024\/09\/Wholesale-All-Black-Ceramic-Bathroom-Set-For-Home-Commercial-Use-2-768x768.webp 768w, https:\/\/jinhuaceramic.com\/wp-content\/uploads\/2024\/09\/Wholesale-All-Black-Ceramic-Bathroom-Set-For-Home-Commercial-Use-2-12x12.webp 12w, https:\/\/jinhuaceramic.com\/wp-content\/uploads\/2024\/09\/Wholesale-All-Black-Ceramic-Bathroom-Set-For-Home-Commercial-Use-2-285x285.webp 285w, https:\/\/jinhuaceramic.com\/wp-content\/uploads\/2024\/09\/Wholesale-All-Black-Ceramic-Bathroom-Set-For-Home-Commercial-Use-2-270x270.webp 270w, https:\/\/jinhuaceramic.com\/wp-content\/uploads\/2024\/09\/Wholesale-All-Black-Ceramic-Bathroom-Set-For-Home-Commercial-Use-2-540x540.webp 540w, https:\/\/jinhuaceramic.com\/wp-content\/uploads\/2024\/09\/Wholesale-All-Black-Ceramic-Bathroom-Set-For-Home-Commercial-Use-2-660x660.webp 660w\" sizes=\"(max-width: 1500px) 100vw, 1500px\" \/><\/figure>\n<\/div>\n<\/div>","protected":false},"excerpt":{"rendered":"<p>Le design de ces ensembles de salle de bains en c\u00e9ramique noire est simple et moderne, \u00e9l\u00e9gant et g\u00e9n\u00e9reux, et convient \u00e0 diff\u00e9rents styles de salle de bains. La c\u00e9ramique n'est pas seulement belle, elle est aussi durable et facile \u00e0 nettoyer. Le design de l'ensemble est tr\u00e8s pratique et peut r\u00e9pondre aux besoins quotidiens de la salle de bains.<\/p>","protected":false},"featured_media":5965,"comment_status":"closed","ping_status":"closed","template":"","meta":{"_acf_changed":false},"product_brand":[],"product_cat":[51],"product_tag":[74],"class_list":{"0":"post-5955","1":"product","2":"type-product","3":"status-publish","4":"has-post-thumbnail","6":"product_cat-bathroom-accessories-wholesale","7":"product_tag-ceramic-bath-accessories-wholesale","9":"first","10":"instock","11":"shipping-taxable","12":"product-type-simple"},"acf":[],"_links":{"self":[{"href":"https:\/\/jinhuaceramic.com\/fr\/wp-json\/wp\/v2\/product\/5955","targetHints":{"allow":["GET"]}}],"collection":[{"href":"https:\/\/jinhuaceramic.com\/fr\/wp-json\/wp\/v2\/product"}],"about":[{"href":"https:\/\/jinhuaceramic.com\/fr\/wp-json\/wp\/v2\/types\/product"}],"replies":[{"embeddable":true,"href":"https:\/\/jinhuaceramic.com\/fr\/wp-json\/wp\/v2\/comments?post=5955"}],"version-history":[{"count":0,"href":"https:\/\/jinhuaceramic.com\/fr\/wp-json\/wp\/v2\/product\/5955\/revisions"}],"wp:featuredmedia":[{"embeddable":true,"href":"https:\/\/jinhuaceramic.com\/fr\/wp-json\/wp\/v2\/media\/5965"}],"wp:attachment":[{"href":"https:\/\/jinhuaceramic.com\/fr\/wp-json\/wp\/v2\/media?parent=5955"}],"wp:term":[{"taxonomy":"product_brand","embeddable":true,"href":"https:\/\/jinhuaceramic.com\/fr\/wp-json\/wp\/v2\/product_brand?post=5955"},{"taxonomy":"product_cat","embeddable":true,"href":"https:\/\/jinhuaceramic.com\/fr\/wp-json\/wp\/v2\/product_cat?post=5955"},{"taxonomy":"product_tag","embeddable":true,"href":"https:\/\/jinhuaceramic.com\/fr\/wp-json\/wp\/v2\/product_tag?post=5955"}],"curies":[{"name":"wp","href":"https:\/\/api.w.org\/{rel}","templated":true}]}}