{"id":5970,"date":"2024-09-06T10:15:19","date_gmt":"2024-09-06T10:15:19","guid":{"rendered":"https:\/\/jinhuaceramic.com\/?post_type=product&#038;p=5970"},"modified":"2024-09-21T04:08:17","modified_gmt":"2024-09-21T04:08:17","slug":"floral-ceramic-bathroom-sets-wholesale","status":"publish","type":"product","link":"https:\/\/jinhuaceramic.com\/fr\/product\/floral-ceramic-bathroom-sets-wholesale\/","title":{"rendered":"Ensemble de salle de bain en c\u00e9ramique floral Wholesale, Custom 4-Piece Bath Sets"},"content":{"rendered":"<div class=\"wp-block-columns is-layout-flex wp-container-core-columns-is-layout-9d6595d7 wp-block-columns-is-layout-flex\">\n<div class=\"wp-block-column is-layout-flow wp-block-column-is-layout-flow\">\n<h3 class=\"wp-block-heading\">Premium Floral Ceramic Bathroom Sets Wholesale Caract\u00e9ristiques :<\/h3>\n\n\n\n<ul class=\"wp-block-list\">\n<li><strong>Design inspir\u00e9 de la nature : <\/strong>Ces ensembles de salle de bain en c\u00e9ramique florale pr\u00e9sentent un motif de feuilles vertes rafra\u00eechissant associ\u00e9 \u00e0 une base blanche, fra\u00eeche et naturelle, qui rehausse le d\u00e9cor de la salle de bain et cr\u00e9e une atmosph\u00e8re chaleureuse et douillette.<\/li>\n\n\n\n<li><strong>Impression personnalis\u00e9e :<\/strong> Chacun de ces sets de salle de bain en c\u00e9ramique en vrac porte l'inscription \"Nature is something to love\", qui exprime l'amour de la nature tout en ajoutant une touche d'atmosph\u00e8re litt\u00e9raire \u00e0 la salle de bain.<\/li>\n\n\n\n<li><strong>Mat\u00e9riaux de haute qualit\u00e9 :<\/strong> Ces sets de salle de bain en c\u00e9ramique fleurie sont fabriqu\u00e9s \u00e0 partir d'argile c\u00e9ramique de haute qualit\u00e9 et de d\u00e9calcomanies non toxiques, qui sont robustes et durables, avec une surface lisse, qui ne moisit pas et qui ne favorise pas la prolif\u00e9ration des bact\u00e9ries.<\/li>\n\n\n\n<li><strong>Ensemble complet : <\/strong>Ces ensembles de salle de bains en c\u00e9ramique comprennent un distributeur de savon, un gobelet pour brosse \u00e0 dents et un porte-savon, ce qui permet de r\u00e9pondre aux besoins quotidiens en mati\u00e8re de lavage et de bien organiser la salle de bains. Ils conviennent non seulement \u00e0 un usage domestique, mais peuvent \u00e9galement \u00eatre fournis \u00e0 des lieux commerciaux tels que les h\u00f4tels.<\/li>\n<\/ul>\n<\/div>\n\n\n\n<div class=\"wp-block-column is-layout-flow wp-block-column-is-layout-flow\">\n<figure class=\"wp-block-image size-full\"><img fetchpriority=\"high\" decoding=\"async\" width=\"1024\" height=\"1024\" src=\"https:\/\/jinhuaceramic.com\/wp-content\/uploads\/2024\/09\/4-Piece-Wholesale-Ceramic-Bathroom-Set-Custom-Hotel-Accessories-Supplier-2.webp\" alt=\"Ensemble de salle de bain en c\u00e9ramique floral Wholesale, Custom 4-Piece Bath Sets-1\" class=\"wp-image-5971\" srcset=\"https:\/\/jinhuaceramic.com\/wp-content\/uploads\/2024\/09\/4-Piece-Wholesale-Ceramic-Bathroom-Set-Custom-Hotel-Accessories-Supplier-2.webp 1024w, https:\/\/jinhuaceramic.com\/wp-content\/uploads\/2024\/09\/4-Piece-Wholesale-Ceramic-Bathroom-Set-Custom-Hotel-Accessories-Supplier-2-300x300.webp 300w, https:\/\/jinhuaceramic.com\/wp-content\/uploads\/2024\/09\/4-Piece-Wholesale-Ceramic-Bathroom-Set-Custom-Hotel-Accessories-Supplier-2-150x150.webp 150w, https:\/\/jinhuaceramic.com\/wp-content\/uploads\/2024\/09\/4-Piece-Wholesale-Ceramic-Bathroom-Set-Custom-Hotel-Accessories-Supplier-2-768x768.webp 768w, https:\/\/jinhuaceramic.com\/wp-content\/uploads\/2024\/09\/4-Piece-Wholesale-Ceramic-Bathroom-Set-Custom-Hotel-Accessories-Supplier-2-12x12.webp 12w, https:\/\/jinhuaceramic.com\/wp-content\/uploads\/2024\/09\/4-Piece-Wholesale-Ceramic-Bathroom-Set-Custom-Hotel-Accessories-Supplier-2-285x285.webp 285w, https:\/\/jinhuaceramic.com\/wp-content\/uploads\/2024\/09\/4-Piece-Wholesale-Ceramic-Bathroom-Set-Custom-Hotel-Accessories-Supplier-2-270x270.webp 270w, https:\/\/jinhuaceramic.com\/wp-content\/uploads\/2024\/09\/4-Piece-Wholesale-Ceramic-Bathroom-Set-Custom-Hotel-Accessories-Supplier-2-540x540.webp 540w, https:\/\/jinhuaceramic.com\/wp-content\/uploads\/2024\/09\/4-Piece-Wholesale-Ceramic-Bathroom-Set-Custom-Hotel-Accessories-Supplier-2-660x660.webp 660w\" sizes=\"(max-width: 1024px) 100vw, 1024px\" \/><\/figure>\n<\/div>\n<\/div>","protected":false},"excerpt":{"rendered":"<p>Ces ensembles de salle de bain en c\u00e9ramique florale ont non seulement des motifs frais qui conviennent \u00e0 diff\u00e9rents styles de salle de bain, mais aussi des mat\u00e9riaux de haute qualit\u00e9 et une grande praticit\u00e9, qui peuvent non seulement am\u00e9liorer l'apparence de la salle de bain, mais aussi r\u00e9pondre aux fonctions de rangement et d'organisation de la salle de bain.<\/p>","protected":false},"featured_media":5977,"comment_status":"closed","ping_status":"closed","template":"","meta":{"_acf_changed":false},"product_brand":[],"product_cat":[51],"product_tag":[74],"class_list":{"0":"post-5970","1":"product","2":"type-product","3":"status-publish","4":"has-post-thumbnail","6":"product_cat-bathroom-accessories-wholesale","7":"product_tag-ceramic-bath-accessories-wholesale","9":"first","10":"instock","11":"shipping-taxable","12":"product-type-simple"},"acf":[],"_links":{"self":[{"href":"https:\/\/jinhuaceramic.com\/fr\/wp-json\/wp\/v2\/product\/5970","targetHints":{"allow":["GET"]}}],"collection":[{"href":"https:\/\/jinhuaceramic.com\/fr\/wp-json\/wp\/v2\/product"}],"about":[{"href":"https:\/\/jinhuaceramic.com\/fr\/wp-json\/wp\/v2\/types\/product"}],"replies":[{"embeddable":true,"href":"https:\/\/jinhuaceramic.com\/fr\/wp-json\/wp\/v2\/comments?post=5970"}],"version-history":[{"count":0,"href":"https:\/\/jinhuaceramic.com\/fr\/wp-json\/wp\/v2\/product\/5970\/revisions"}],"wp:featuredmedia":[{"embeddable":true,"href":"https:\/\/jinhuaceramic.com\/fr\/wp-json\/wp\/v2\/media\/5977"}],"wp:attachment":[{"href":"https:\/\/jinhuaceramic.com\/fr\/wp-json\/wp\/v2\/media?parent=5970"}],"wp:term":[{"taxonomy":"product_brand","embeddable":true,"href":"https:\/\/jinhuaceramic.com\/fr\/wp-json\/wp\/v2\/product_brand?post=5970"},{"taxonomy":"product_cat","embeddable":true,"href":"https:\/\/jinhuaceramic.com\/fr\/wp-json\/wp\/v2\/product_cat?post=5970"},{"taxonomy":"product_tag","embeddable":true,"href":"https:\/\/jinhuaceramic.com\/fr\/wp-json\/wp\/v2\/product_tag?post=5970"}],"curies":[{"name":"wp","href":"https:\/\/api.w.org\/{rel}","templated":true}]}}