{"id":6036,"date":"2024-09-19T06:23:33","date_gmt":"2024-09-19T06:23:33","guid":{"rendered":"https:\/\/jinhuaceramic.com\/?post_type=product&#038;p=6036"},"modified":"2025-03-08T02:32:58","modified_gmt":"2025-03-08T02:32:58","slug":"ceramic-bathroom-accessories-wholesale","status":"publish","type":"product","link":"https:\/\/jinhuaceramic.com\/fr\/product\/ceramic-bathroom-accessories-wholesale\/","title":{"rendered":"Accessoires de salle de bains en c\u00e9ramique Wholesale, 5 Piece Hotel Bathroom Set"},"content":{"rendered":"<div class=\"wp-block-columns is-layout-flex wp-container-core-columns-is-layout-9d6595d7 wp-block-columns-is-layout-flex\">\n<div class=\"wp-block-column is-layout-flow wp-block-column-is-layout-flow\">\n<h3 class=\"wp-block-heading\">Accessoires de salle de bain en c\u00e9ramique de premi\u00e8re qualit\u00e9 :<\/h3>\n\n\n\n<ul class=\"wp-block-list\">\n<li><strong>Design moderne :<\/strong> Ces accessoires de salle de bains en c\u00e9ramique sont blancs et de conception moderne minimaliste. Chaque produit pr\u00e9sente des rayures verticales sur la surface, ce qui lui conf\u00e8re une certaine texture. En outre, les lignes arrondies rendent le produit plus doux. Ces accessoires de salle de bains en c\u00e9ramique peuvent \u00eatre adapt\u00e9s \u00e0 diff\u00e9rents th\u00e8mes de d\u00e9coration de la salle de bains.<\/li>\n\n\n\n<li><strong>Mat\u00e9riau de haute qualit\u00e9 :<\/strong> Fabriqu\u00e9s en argile c\u00e9ramique de haute qualit\u00e9 cuite \u00e0 haute temp\u00e9rature, ces sets de salle de bain en gros sont tr\u00e8s durs et robustes et ne se cassent pas facilement.<\/li>\n\n\n\n<li><strong>Ensemble complet :<\/strong> Ces accessoires de salle de bains en c\u00e9ramique se composent d'un distributeur de savon liquide pour distribuer diff\u00e9rents types de savons liquides, de deux tasses en c\u00e9ramique pour y placer des objets tels que des brosses \u00e0 dents ou pour les utiliser lors du nettoyage de la bouche, d'un porte-savon et d'un pot d'apothicaire pour y placer des boules de coton et des cotons-tiges, ce qui peut \u00eatre suffisant pour les besoins quotidiens de lavage et pour garder la salle de bains organis\u00e9e.<\/li>\n\n\n\n<li><strong>Facile \u00e0 nettoyer : <\/strong>La c\u00e9ramique de ces sets de salle de bains en gros est lisse, ne se salit pas facilement et est facile \u00e0 nettoyer, ce qui rend la salle de bains propre et exempte de germes.<\/li>\n<\/ul>\n<\/div>\n\n\n\n<div class=\"wp-block-column is-layout-flow wp-block-column-is-layout-flow\">\n<figure class=\"wp-block-image size-full\"><img fetchpriority=\"high\" decoding=\"async\" width=\"1500\" height=\"1499\" src=\"https:\/\/jinhuaceramic.com\/wp-content\/uploads\/2024\/09\/Wholesale-Ceramic-Bathroom-Set-5-Piece-Hotel-Bathroom-Accessories-4.webp\" alt=\"Accessoires de salle de bain en c\u00e9ramique Wholesale, 5 Piece Hotel Bathroom Set-1\" class=\"wp-image-6039\" srcset=\"https:\/\/jinhuaceramic.com\/wp-content\/uploads\/2024\/09\/Wholesale-Ceramic-Bathroom-Set-5-Piece-Hotel-Bathroom-Accessories-4.webp 1500w, https:\/\/jinhuaceramic.com\/wp-content\/uploads\/2024\/09\/Wholesale-Ceramic-Bathroom-Set-5-Piece-Hotel-Bathroom-Accessories-4-300x300.webp 300w, https:\/\/jinhuaceramic.com\/wp-content\/uploads\/2024\/09\/Wholesale-Ceramic-Bathroom-Set-5-Piece-Hotel-Bathroom-Accessories-4-150x150.webp 150w, https:\/\/jinhuaceramic.com\/wp-content\/uploads\/2024\/09\/Wholesale-Ceramic-Bathroom-Set-5-Piece-Hotel-Bathroom-Accessories-4-768x767.webp 768w, https:\/\/jinhuaceramic.com\/wp-content\/uploads\/2024\/09\/Wholesale-Ceramic-Bathroom-Set-5-Piece-Hotel-Bathroom-Accessories-4-12x12.webp 12w, https:\/\/jinhuaceramic.com\/wp-content\/uploads\/2024\/09\/Wholesale-Ceramic-Bathroom-Set-5-Piece-Hotel-Bathroom-Accessories-4-285x285.webp 285w, https:\/\/jinhuaceramic.com\/wp-content\/uploads\/2024\/09\/Wholesale-Ceramic-Bathroom-Set-5-Piece-Hotel-Bathroom-Accessories-4-270x270.webp 270w, https:\/\/jinhuaceramic.com\/wp-content\/uploads\/2024\/09\/Wholesale-Ceramic-Bathroom-Set-5-Piece-Hotel-Bathroom-Accessories-4-540x540.webp 540w, https:\/\/jinhuaceramic.com\/wp-content\/uploads\/2024\/09\/Wholesale-Ceramic-Bathroom-Set-5-Piece-Hotel-Bathroom-Accessories-4-660x660.webp 660w\" sizes=\"(max-width: 1500px) 100vw, 1500px\" \/><\/figure>\n<\/div>\n<\/div>","protected":false},"excerpt":{"rendered":"<p>Bienvenue sur le site d'achat en gros d'accessoires de salle de bains. Ces accessoires de salle de bains en c\u00e9ramique sont populaires en raison de leur style simple et \u00e9l\u00e9gant, de leurs excellents mat\u00e9riaux en c\u00e9ramique et de leur praticit\u00e9 g\u00e9n\u00e9rale. \u00c9quilibrant beaut\u00e9 et fonctionnalit\u00e9, ces accessoires de salle de bains en c\u00e9ramique sont le choix le plus populaire pour la d\u00e9coration de la salle de bains.<\/p>","protected":false},"featured_media":6038,"comment_status":"closed","ping_status":"closed","template":"","meta":{"_acf_changed":false},"product_brand":[],"product_cat":[51],"product_tag":[74],"class_list":{"0":"post-6036","1":"product","2":"type-product","3":"status-publish","4":"has-post-thumbnail","6":"product_cat-bathroom-accessories-wholesale","7":"product_tag-ceramic-bath-accessories-wholesale","9":"first","10":"instock","11":"shipping-taxable","12":"product-type-simple"},"acf":[],"_links":{"self":[{"href":"https:\/\/jinhuaceramic.com\/fr\/wp-json\/wp\/v2\/product\/6036","targetHints":{"allow":["GET"]}}],"collection":[{"href":"https:\/\/jinhuaceramic.com\/fr\/wp-json\/wp\/v2\/product"}],"about":[{"href":"https:\/\/jinhuaceramic.com\/fr\/wp-json\/wp\/v2\/types\/product"}],"replies":[{"embeddable":true,"href":"https:\/\/jinhuaceramic.com\/fr\/wp-json\/wp\/v2\/comments?post=6036"}],"version-history":[{"count":0,"href":"https:\/\/jinhuaceramic.com\/fr\/wp-json\/wp\/v2\/product\/6036\/revisions"}],"wp:featuredmedia":[{"embeddable":true,"href":"https:\/\/jinhuaceramic.com\/fr\/wp-json\/wp\/v2\/media\/6038"}],"wp:attachment":[{"href":"https:\/\/jinhuaceramic.com\/fr\/wp-json\/wp\/v2\/media?parent=6036"}],"wp:term":[{"taxonomy":"product_brand","embeddable":true,"href":"https:\/\/jinhuaceramic.com\/fr\/wp-json\/wp\/v2\/product_brand?post=6036"},{"taxonomy":"product_cat","embeddable":true,"href":"https:\/\/jinhuaceramic.com\/fr\/wp-json\/wp\/v2\/product_cat?post=6036"},{"taxonomy":"product_tag","embeddable":true,"href":"https:\/\/jinhuaceramic.com\/fr\/wp-json\/wp\/v2\/product_tag?post=6036"}],"curies":[{"name":"wp","href":"https:\/\/api.w.org\/{rel}","templated":true}]}}