{"id":6079,"date":"2024-09-19T06:16:19","date_gmt":"2024-09-19T06:16:19","guid":{"rendered":"https:\/\/jinhuaceramic.com\/?post_type=product&#038;p=6079"},"modified":"2024-09-21T03:55:24","modified_gmt":"2024-09-21T03:55:24","slug":"wholesale-soap-dishes","status":"publish","type":"product","link":"https:\/\/jinhuaceramic.com\/fr\/product\/wholesale-soap-dishes\/","title":{"rendered":"Distributeur de savon en gros avec design en forme de vague"},"content":{"rendered":"<div class=\"wp-block-columns is-layout-flex wp-container-core-columns-is-layout-9d6595d7 wp-block-columns-is-layout-flex\">\n<div class=\"wp-block-column is-layout-flow wp-block-column-is-layout-flow\">\n<h3 class=\"wp-block-heading\">Premium Wholesale Soap Dishes Caract\u00e9ristiques :<\/h3>\n\n\n\n<ul class=\"wp-block-list\">\n<li><strong>Design unique en forme de vague :<\/strong> Ces porte-savons en c\u00e9ramique sont dot\u00e9s d'un design unique en forme de vague continue. Le haut et le bas pr\u00e9sentent tous deux des lignes ondul\u00e9es lisses, ce qui est non seulement beau mais apporte \u00e9galement un effet visuel de l\u00e9g\u00e8ret\u00e9 et de mouvement.<\/li>\n\n\n\n<li><strong>Mat\u00e9riaux de haute qualit\u00e9 :<\/strong> Ces porte-savons en gros sont fabriqu\u00e9s en c\u00e9ramique de haute qualit\u00e9. Ils sont durs, ne se cassent pas facilement et peuvent conserver leur apparence aussi brillante et propre qu'\u00e0 l'\u00e9tat neuf pendant longtemps.<\/li>\n\n\n\n<li><strong>Diverses couleurs : <\/strong>Ces porte-savons en c\u00e9ramique sont disponibles dans une vari\u00e9t\u00e9 de couleurs, noir, blanc, gris clair, beige, blanc mouchet\u00e9, etc. En tant qu'usine, nous pouvons \u00e9galement personnaliser d'autres couleurs en fonction des besoins des clients.<\/li>\n\n\n\n<li><strong>Autovidangeable et hygi\u00e9nique :<\/strong> Le design ondul\u00e9 de ces porte-savons en c\u00e9ramique soul\u00e8ve le savon afin qu'il ne trempe pas dans l'eau pendant longtemps, ce qui permet de garder le savon sec et hygi\u00e9nique et d'en prolonger la dur\u00e9e d'utilisation. La surface en c\u00e9ramique est lisse et d\u00e9licate, elle ne dissimule pas facilement la salet\u00e9 et les bact\u00e9ries et est tr\u00e8s facile \u00e0 nettoyer.<\/li>\n<\/ul>\n<\/div>\n\n\n\n<div class=\"wp-block-column is-layout-flow wp-block-column-is-layout-flow\">\n<figure class=\"wp-block-image size-full\"><img fetchpriority=\"high\" decoding=\"async\" width=\"750\" height=\"750\" src=\"https:\/\/jinhuaceramic.com\/wp-content\/uploads\/2024\/09\/Custom-Wave-Shaped-Ceramic-Soap-Dish-Wholesale-Bathroom-Accessories-9.webp\" alt=\"Porte-savon durable en gros avec design en forme de vague-1\" class=\"wp-image-6087\" srcset=\"https:\/\/jinhuaceramic.com\/wp-content\/uploads\/2024\/09\/Custom-Wave-Shaped-Ceramic-Soap-Dish-Wholesale-Bathroom-Accessories-9.webp 750w, https:\/\/jinhuaceramic.com\/wp-content\/uploads\/2024\/09\/Custom-Wave-Shaped-Ceramic-Soap-Dish-Wholesale-Bathroom-Accessories-9-300x300.webp 300w, https:\/\/jinhuaceramic.com\/wp-content\/uploads\/2024\/09\/Custom-Wave-Shaped-Ceramic-Soap-Dish-Wholesale-Bathroom-Accessories-9-150x150.webp 150w, https:\/\/jinhuaceramic.com\/wp-content\/uploads\/2024\/09\/Custom-Wave-Shaped-Ceramic-Soap-Dish-Wholesale-Bathroom-Accessories-9-12x12.webp 12w, https:\/\/jinhuaceramic.com\/wp-content\/uploads\/2024\/09\/Custom-Wave-Shaped-Ceramic-Soap-Dish-Wholesale-Bathroom-Accessories-9-285x285.webp 285w, https:\/\/jinhuaceramic.com\/wp-content\/uploads\/2024\/09\/Custom-Wave-Shaped-Ceramic-Soap-Dish-Wholesale-Bathroom-Accessories-9-270x270.webp 270w, https:\/\/jinhuaceramic.com\/wp-content\/uploads\/2024\/09\/Custom-Wave-Shaped-Ceramic-Soap-Dish-Wholesale-Bathroom-Accessories-9-540x540.webp 540w, https:\/\/jinhuaceramic.com\/wp-content\/uploads\/2024\/09\/Custom-Wave-Shaped-Ceramic-Soap-Dish-Wholesale-Bathroom-Accessories-9-660x660.webp 660w\" sizes=\"(max-width: 750px) 100vw, 750px\" \/><\/figure>\n<\/div>\n<\/div>\n\n\n\n<p><\/p>","protected":false},"excerpt":{"rendered":"<p>Nous vous invitons \u00e0 acheter des assiettes creuses en c\u00e9ramique en gros. Combinant esth\u00e9tique et praticit\u00e9, nos porte-savons ondul\u00e9s en gros sont devenus le premier choix des clients. Une vari\u00e9t\u00e9 de couleurs permet de l'adapter \u00e0 diff\u00e9rents styles de d\u00e9coration de salle de bain et d'en faire un bel embellissement dans la salle de bain. Le mat\u00e9riau c\u00e9ramique de haute qualit\u00e9 le rend durable, facile \u00e0 nettoyer et hygi\u00e9nique.<\/p>","protected":false},"featured_media":6088,"comment_status":"closed","ping_status":"closed","template":"","meta":{"_acf_changed":false},"product_brand":[],"product_cat":[51],"product_tag":[72],"class_list":{"0":"post-6079","1":"product","2":"type-product","3":"status-publish","4":"has-post-thumbnail","6":"product_cat-bathroom-accessories-wholesale","7":"product_tag-wholesale-soap-dishes","9":"first","10":"instock","11":"shipping-taxable","12":"product-type-simple"},"acf":[],"_links":{"self":[{"href":"https:\/\/jinhuaceramic.com\/fr\/wp-json\/wp\/v2\/product\/6079","targetHints":{"allow":["GET"]}}],"collection":[{"href":"https:\/\/jinhuaceramic.com\/fr\/wp-json\/wp\/v2\/product"}],"about":[{"href":"https:\/\/jinhuaceramic.com\/fr\/wp-json\/wp\/v2\/types\/product"}],"replies":[{"embeddable":true,"href":"https:\/\/jinhuaceramic.com\/fr\/wp-json\/wp\/v2\/comments?post=6079"}],"version-history":[{"count":0,"href":"https:\/\/jinhuaceramic.com\/fr\/wp-json\/wp\/v2\/product\/6079\/revisions"}],"wp:featuredmedia":[{"embeddable":true,"href":"https:\/\/jinhuaceramic.com\/fr\/wp-json\/wp\/v2\/media\/6088"}],"wp:attachment":[{"href":"https:\/\/jinhuaceramic.com\/fr\/wp-json\/wp\/v2\/media?parent=6079"}],"wp:term":[{"taxonomy":"product_brand","embeddable":true,"href":"https:\/\/jinhuaceramic.com\/fr\/wp-json\/wp\/v2\/product_brand?post=6079"},{"taxonomy":"product_cat","embeddable":true,"href":"https:\/\/jinhuaceramic.com\/fr\/wp-json\/wp\/v2\/product_cat?post=6079"},{"taxonomy":"product_tag","embeddable":true,"href":"https:\/\/jinhuaceramic.com\/fr\/wp-json\/wp\/v2\/product_tag?post=6079"}],"curies":[{"name":"wp","href":"https:\/\/api.w.org\/{rel}","templated":true}]}}