{"id":6142,"date":"2024-09-20T09:01:48","date_gmt":"2024-09-20T09:01:48","guid":{"rendered":"https:\/\/jinhuaceramic.com\/?post_type=product&#038;p=6142"},"modified":"2024-09-21T04:08:16","modified_gmt":"2024-09-21T04:08:16","slug":"4-piece-wholesale-ceramic-bathroom-set","status":"publish","type":"product","link":"https:\/\/jinhuaceramic.com\/fr\/product\/4-piece-wholesale-ceramic-bathroom-set\/","title":{"rendered":"Set de salle de bain 4 pi\u00e8ces en c\u00e9ramique avec couvercles en bambou"},"content":{"rendered":"<div class=\"wp-block-columns is-layout-flex wp-container-core-columns-is-layout-9d6595d7 wp-block-columns-is-layout-flex\">\n<div class=\"wp-block-column is-layout-flow wp-block-column-is-layout-flow\">\n<h3 class=\"wp-block-heading\">Premium\u00a04-Piece Wholesale\u00a0Ceramic Bathroom Set\u00a0Features:<\/h3>\n\n\n\n<ul class=\"wp-block-list\">\n<li><strong>Design moderne :<\/strong> These 4-piece wholesale ceramic bathroom sets feature a minimalist, modern design. The ceramic cups and soap bottles are both classic cylindrical designs with smooth lines, simple yet sophisticated. In addition, the bamboo tray adds a touch of natural texture to the modern set.<\/li>\n\n\n\n<li><strong>Couleurs polyvalentes :<\/strong> These wholesale bathroom sets are available in three colors: white, black, and gray, which can meet the needs of bathroom decoration in different styles. White is classic and versatile, black is simple and atmospheric, and gray is fashionable and elegant.<\/li>\n\n\n\n<li><strong>Mat\u00e9riau de premi\u00e8re qualit\u00e9 :<\/strong> These 4-piece wholesale ceramic bathroom sets are made of high-quality ceramic materials and premium bamboo wood. The ceramic is smooth and delicate, has good waterproofness and is easy to clean.<\/li>\n\n\n\n<li><strong>Ensemble complet :<\/strong> These wholesale bathroom sets include two ceramic cups and a ceramic soap dispenser with a pump, which can be used to place toothbrushes, toothpaste, hand soap, etc. The bamboo tray not only supports but also separates different items, making the bathroom countertop more tidy and organized.<\/li>\n<\/ul>\n<\/div>\n\n\n\n<div class=\"wp-block-column is-layout-flow wp-block-column-is-layout-flow\">\n<figure class=\"wp-block-image size-full\"><img fetchpriority=\"high\" decoding=\"async\" width=\"800\" height=\"800\" src=\"https:\/\/jinhuaceramic.com\/wp-content\/uploads\/2024\/09\/4-Piece-Wholesale-Ceramic-Bathroom-Set-With-Bamboo-Accents-4.jpg\" alt=\"Ensemble de salle de bains en c\u00e9ramique 4 pi\u00e8ces avec accents en bambou\" class=\"wp-image-6150\" srcset=\"https:\/\/jinhuaceramic.com\/wp-content\/uploads\/2024\/09\/4-Piece-Wholesale-Ceramic-Bathroom-Set-With-Bamboo-Accents-4.jpg 800w, https:\/\/jinhuaceramic.com\/wp-content\/uploads\/2024\/09\/4-Piece-Wholesale-Ceramic-Bathroom-Set-With-Bamboo-Accents-4-300x300.jpg 300w, https:\/\/jinhuaceramic.com\/wp-content\/uploads\/2024\/09\/4-Piece-Wholesale-Ceramic-Bathroom-Set-With-Bamboo-Accents-4-150x150.jpg 150w, https:\/\/jinhuaceramic.com\/wp-content\/uploads\/2024\/09\/4-Piece-Wholesale-Ceramic-Bathroom-Set-With-Bamboo-Accents-4-768x768.jpg 768w, https:\/\/jinhuaceramic.com\/wp-content\/uploads\/2024\/09\/4-Piece-Wholesale-Ceramic-Bathroom-Set-With-Bamboo-Accents-4-12x12.jpg 12w, https:\/\/jinhuaceramic.com\/wp-content\/uploads\/2024\/09\/4-Piece-Wholesale-Ceramic-Bathroom-Set-With-Bamboo-Accents-4-285x285.jpg 285w, https:\/\/jinhuaceramic.com\/wp-content\/uploads\/2024\/09\/4-Piece-Wholesale-Ceramic-Bathroom-Set-With-Bamboo-Accents-4-270x270.jpg 270w, https:\/\/jinhuaceramic.com\/wp-content\/uploads\/2024\/09\/4-Piece-Wholesale-Ceramic-Bathroom-Set-With-Bamboo-Accents-4-540x540.jpg 540w, https:\/\/jinhuaceramic.com\/wp-content\/uploads\/2024\/09\/4-Piece-Wholesale-Ceramic-Bathroom-Set-With-Bamboo-Accents-4-660x660.jpg 660w\" sizes=\"(max-width: 800px) 100vw, 800px\" \/><\/figure>\n<\/div>\n<\/div>","protected":false},"excerpt":{"rendered":"<p>Welcome to purchase bathroom accessories. These 4-piece wholesale ceramic bathroom sets have won wide acclaim in the market for their modern design, high-quality ceramic material and practical functionality. The black, white and grey ceramics can easily blend into any bathroom decoration style. The sets support wholesale purchases to meet the bulk needs of commercial customers.<\/p>","protected":false},"featured_media":6149,"comment_status":"closed","ping_status":"closed","template":"","meta":{"_acf_changed":false},"product_brand":[],"product_cat":[51],"product_tag":[74],"class_list":{"0":"post-6142","1":"product","2":"type-product","3":"status-publish","4":"has-post-thumbnail","6":"product_cat-bathroom-accessories-wholesale","7":"product_tag-ceramic-bath-accessories-wholesale","9":"first","10":"instock","11":"shipping-taxable","12":"product-type-simple"},"acf":[],"_links":{"self":[{"href":"https:\/\/jinhuaceramic.com\/fr\/wp-json\/wp\/v2\/product\/6142","targetHints":{"allow":["GET"]}}],"collection":[{"href":"https:\/\/jinhuaceramic.com\/fr\/wp-json\/wp\/v2\/product"}],"about":[{"href":"https:\/\/jinhuaceramic.com\/fr\/wp-json\/wp\/v2\/types\/product"}],"replies":[{"embeddable":true,"href":"https:\/\/jinhuaceramic.com\/fr\/wp-json\/wp\/v2\/comments?post=6142"}],"version-history":[{"count":0,"href":"https:\/\/jinhuaceramic.com\/fr\/wp-json\/wp\/v2\/product\/6142\/revisions"}],"wp:featuredmedia":[{"embeddable":true,"href":"https:\/\/jinhuaceramic.com\/fr\/wp-json\/wp\/v2\/media\/6149"}],"wp:attachment":[{"href":"https:\/\/jinhuaceramic.com\/fr\/wp-json\/wp\/v2\/media?parent=6142"}],"wp:term":[{"taxonomy":"product_brand","embeddable":true,"href":"https:\/\/jinhuaceramic.com\/fr\/wp-json\/wp\/v2\/product_brand?post=6142"},{"taxonomy":"product_cat","embeddable":true,"href":"https:\/\/jinhuaceramic.com\/fr\/wp-json\/wp\/v2\/product_cat?post=6142"},{"taxonomy":"product_tag","embeddable":true,"href":"https:\/\/jinhuaceramic.com\/fr\/wp-json\/wp\/v2\/product_tag?post=6142"}],"curies":[{"name":"wp","href":"https:\/\/api.w.org\/{rel}","templated":true}]}}