{"id":6162,"date":"2024-09-20T09:04:47","date_gmt":"2024-09-20T09:04:47","guid":{"rendered":"https:\/\/jinhuaceramic.com\/?post_type=product&#038;p=6162"},"modified":"2024-10-15T08:24:16","modified_gmt":"2024-10-15T08:24:16","slug":"wholesale-black-ceramic-bathroom-set","status":"publish","type":"product","link":"https:\/\/jinhuaceramic.com\/fr\/product\/wholesale-black-ceramic-bathroom-set\/","title":{"rendered":"Wholesale Black Ceramic Bathroom Set, Custom Bathroom Accessories For Hotel (accessoires de salle de bain personnalis\u00e9s pour les h\u00f4tels)"},"content":{"rendered":"<div class=\"wp-block-columns is-layout-flex wp-container-core-columns-is-layout-9d6595d7 wp-block-columns-is-layout-flex\">\n<div class=\"wp-block-column is-layout-flow wp-block-column-is-layout-flow\">\n<h3 class=\"wp-block-heading\">Premium Wholesale Black Ceramic Bathroom Set Caract\u00e9ristiques :<\/h3>\n\n\n\n<ul class=\"wp-block-list\">\n<li><strong>Design noir classique, styl\u00e9 et \u00e9l\u00e9gant : <\/strong>Cet ensemble de salle de bains en c\u00e9ramique noire est plein de sens moderne, ce qui peut ajouter de l'\u00e9l\u00e9gance et une sensation haut de gamme aux salles de bains des h\u00f4tels et de la maison. Le design noir n'est pas seulement \u00e0 la mode, il peut \u00e9galement \u00eatre assorti \u00e0 une vari\u00e9t\u00e9 de styles d\u00e9coratifs pour rehausser la qualit\u00e9 de l'espace global.<\/li>\n\n\n\n<li><strong>Un ensemble complet d'accessoires de salle de bains, enti\u00e8rement fonctionnels : <\/strong>Cet ensemble d'accessoires de bain personnalis\u00e9 comprend une vari\u00e9t\u00e9 d'accessoires de salle de bain couramment utilis\u00e9s, tels que des porte-savons, des distributeurs de savon, des gobelets pour brosses \u00e0 dents, des porte-brosses \u00e0 dents, etc., qui peuvent r\u00e9pondre aux besoins quotidiens de la salle de bain et fournir une gamme compl\u00e8te de services pratiques. Chaque accessoire est magnifiquement con\u00e7u et hautement fonctionnel, et convient aux h\u00f4tels et aux maisons haut de gamme.<\/li>\n\n\n\n<li><strong>Mat\u00e9riau c\u00e9ramique de premi\u00e8re qualit\u00e9, durable et facile \u00e0 nettoyer : <\/strong>Notre ensemble de salle de bains en c\u00e9ramique noire utilise des mat\u00e9riaux en c\u00e9ramique de haute qualit\u00e9, avec une surface lisse et r\u00e9sistante aux rayures, ainsi qu'une excellente durabilit\u00e9 et une r\u00e9sistance aux taches. Les mat\u00e9riaux en c\u00e9ramique sont faciles \u00e0 nettoyer, ce qui garantit que le produit reste beau \u00e0 long terme. Il s'agit d'un choix id\u00e9al pour les salles de bains des h\u00f4tels et des particuliers.<\/li>\n\n\n\n<li><strong>Personnalisation possible, adapt\u00e9e aux besoins des h\u00f4tels en mati\u00e8re d'image de marque : <\/strong>Nos accessoires de bain personnalis\u00e9s peuvent non seulement \u00eatre achet\u00e9s en gros, mais ils peuvent \u00e9galement \u00eatre personnalis\u00e9s en fonction de la couleur et du logo, ce qui est particuli\u00e8rement adapt\u00e9 aux lieux commerciaux tels que les h\u00f4tels et les centres de vill\u00e9giature pour cr\u00e9er des images de marque exclusives.<\/li>\n<\/ul>\n<\/div>\n\n\n\n<div class=\"wp-block-column is-layout-flow wp-block-column-is-layout-flow\">\n<figure class=\"wp-block-image size-full\"><img fetchpriority=\"high\" decoding=\"async\" width=\"1024\" height=\"1024\" src=\"https:\/\/jinhuaceramic.com\/wp-content\/uploads\/2024\/09\/Wholesale-Black-Ceramic-Bathroom-Set-Custom-Hotel-Bathroom-Accessories.webp\" alt=\"Wholesale Black Ceramic Bathroom Set, Custom Bathroom Accessories For Hotel-1 (Accessoires de salle de bain personnalis\u00e9s pour l&#039;h\u00f4tel)\" class=\"wp-image-6169\" srcset=\"https:\/\/jinhuaceramic.com\/wp-content\/uploads\/2024\/09\/Wholesale-Black-Ceramic-Bathroom-Set-Custom-Hotel-Bathroom-Accessories.webp 1024w, https:\/\/jinhuaceramic.com\/wp-content\/uploads\/2024\/09\/Wholesale-Black-Ceramic-Bathroom-Set-Custom-Hotel-Bathroom-Accessories-300x300.webp 300w, https:\/\/jinhuaceramic.com\/wp-content\/uploads\/2024\/09\/Wholesale-Black-Ceramic-Bathroom-Set-Custom-Hotel-Bathroom-Accessories-150x150.webp 150w, https:\/\/jinhuaceramic.com\/wp-content\/uploads\/2024\/09\/Wholesale-Black-Ceramic-Bathroom-Set-Custom-Hotel-Bathroom-Accessories-768x768.webp 768w, https:\/\/jinhuaceramic.com\/wp-content\/uploads\/2024\/09\/Wholesale-Black-Ceramic-Bathroom-Set-Custom-Hotel-Bathroom-Accessories-12x12.webp 12w, https:\/\/jinhuaceramic.com\/wp-content\/uploads\/2024\/09\/Wholesale-Black-Ceramic-Bathroom-Set-Custom-Hotel-Bathroom-Accessories-285x285.webp 285w, https:\/\/jinhuaceramic.com\/wp-content\/uploads\/2024\/09\/Wholesale-Black-Ceramic-Bathroom-Set-Custom-Hotel-Bathroom-Accessories-270x270.webp 270w, https:\/\/jinhuaceramic.com\/wp-content\/uploads\/2024\/09\/Wholesale-Black-Ceramic-Bathroom-Set-Custom-Hotel-Bathroom-Accessories-540x540.webp 540w, https:\/\/jinhuaceramic.com\/wp-content\/uploads\/2024\/09\/Wholesale-Black-Ceramic-Bathroom-Set-Custom-Hotel-Bathroom-Accessories-660x660.webp 660w\" sizes=\"(max-width: 1024px) 100vw, 1024px\" \/><\/figure>\n<\/div>\n<\/div>","protected":false},"excerpt":{"rendered":"<p>Bienvenue sur le site des accessoires de bain personnalis\u00e9s. Cet ensemble de salle de bain en c\u00e9ramique noire est une combinaison parfaite de beaut\u00e9 et de praticit\u00e9 avec son design simple et \u00e9l\u00e9gant et son mat\u00e9riau en c\u00e9ramique de haute qualit\u00e9. L'ensemble complet d'accessoires r\u00e9pond aux besoins d'utilisation quotidienne et convient aux h\u00f4tels haut de gamme et aux salles de bains domestiques.<\/p>","protected":false},"featured_media":6168,"comment_status":"closed","ping_status":"closed","template":"","meta":{"_acf_changed":false},"product_brand":[],"product_cat":[51],"product_tag":[74],"class_list":{"0":"post-6162","1":"product","2":"type-product","3":"status-publish","4":"has-post-thumbnail","6":"product_cat-bathroom-accessories-wholesale","7":"product_tag-ceramic-bath-accessories-wholesale","9":"first","10":"instock","11":"shipping-taxable","12":"product-type-simple"},"acf":[],"_links":{"self":[{"href":"https:\/\/jinhuaceramic.com\/fr\/wp-json\/wp\/v2\/product\/6162","targetHints":{"allow":["GET"]}}],"collection":[{"href":"https:\/\/jinhuaceramic.com\/fr\/wp-json\/wp\/v2\/product"}],"about":[{"href":"https:\/\/jinhuaceramic.com\/fr\/wp-json\/wp\/v2\/types\/product"}],"replies":[{"embeddable":true,"href":"https:\/\/jinhuaceramic.com\/fr\/wp-json\/wp\/v2\/comments?post=6162"}],"version-history":[{"count":0,"href":"https:\/\/jinhuaceramic.com\/fr\/wp-json\/wp\/v2\/product\/6162\/revisions"}],"wp:featuredmedia":[{"embeddable":true,"href":"https:\/\/jinhuaceramic.com\/fr\/wp-json\/wp\/v2\/media\/6168"}],"wp:attachment":[{"href":"https:\/\/jinhuaceramic.com\/fr\/wp-json\/wp\/v2\/media?parent=6162"}],"wp:term":[{"taxonomy":"product_brand","embeddable":true,"href":"https:\/\/jinhuaceramic.com\/fr\/wp-json\/wp\/v2\/product_brand?post=6162"},{"taxonomy":"product_cat","embeddable":true,"href":"https:\/\/jinhuaceramic.com\/fr\/wp-json\/wp\/v2\/product_cat?post=6162"},{"taxonomy":"product_tag","embeddable":true,"href":"https:\/\/jinhuaceramic.com\/fr\/wp-json\/wp\/v2\/product_tag?post=6162"}],"curies":[{"name":"wp","href":"https:\/\/api.w.org\/{rel}","templated":true}]}}