{"id":6201,"date":"2024-09-24T03:15:56","date_gmt":"2024-09-24T03:15:56","guid":{"rendered":"https:\/\/jinhuaceramic.com\/?post_type=product&#038;p=6201"},"modified":"2024-10-06T07:19:32","modified_gmt":"2024-10-06T07:19:32","slug":"wholesale-bathroom-accessories-white","status":"publish","type":"product","link":"https:\/\/jinhuaceramic.com\/fr\/product\/wholesale-bathroom-accessories-white\/","title":{"rendered":"Wholesale Bathroom Accessories, White Ceramic Bathroom Set With Wooden Accents (accessoires de salle de bain en c\u00e9ramique blanche avec accents en bois)"},"content":{"rendered":"<div class=\"wp-block-columns is-layout-flex wp-container-core-columns-is-layout-9d6595d7 wp-block-columns-is-layout-flex\">\n<div class=\"wp-block-column is-layout-flow wp-block-column-is-layout-flow\">\n<h3 class=\"wp-block-heading\">Accessoires de salle de bains Premium Wholesale Caract\u00e9ristiques :<\/h3>\n\n\n\n<ul class=\"wp-block-list\">\n<li><strong>Combinaison intelligente de mat\u00e9riaux :<\/strong> Ces ensembles d'accessoires de salle de bains en gros sont une combinaison parfaite de c\u00e9ramique et de bois. Le mat\u00e9riau c\u00e9ramique est durable et lisse, tandis que les parties en bois ajoutent une sensation naturelle et chaleureuse. Le blanc pur de la c\u00e9ramique est assorti \u00e0 la base en bois originale, et le ton g\u00e9n\u00e9ral est frais et \u00e9l\u00e9gant, ce qui convient parfaitement aux salles de bains de style moderne.<\/li>\n\n\n\n<li><strong>Motif g\u00e9om\u00e9trique uniforme :<\/strong> Chaque pi\u00e8ce de ces ensembles de salle de bains en c\u00e9ramique pr\u00e9sente un d\u00e9licat motif g\u00e9om\u00e9trique sur la surface de la c\u00e9ramique, ce qui augmente la beaut\u00e9 visuelle tout en ajoutant une sensation de texture et en maintenant l'unit\u00e9 du design global.<\/li>\n\n\n\n<li><strong>Diverses fonctionnalit\u00e9s :<\/strong> Ces accessoires de salle de bains en gros comprennent une vari\u00e9t\u00e9 d'articles fonctionnels tels que des brosses \u00e0 dents, des bouteilles de savon, des porte-savons, des poubelles, des bo\u00eetes \u00e0 mouchoirs, des plateaux, etc., qui peuvent r\u00e9pondre aux divers besoins quotidiens de la salle de bains tout en gardant la salle de bains organis\u00e9e.<\/li>\n\n\n\n<li><strong>Facile \u00e0 nettoyer : <\/strong>La surface en c\u00e9ramique de ces sets de salle de bains en c\u00e9ramique blanche est lisse et non poreuse, ce qui la rend difficile \u00e0 tacher. Elle peut \u00eatre facilement nettoy\u00e9e \u00e0 l'aide d'un chiffon ou rinc\u00e9e \u00e0 l'eau, ce qui facilite le nettoyage et l'hygi\u00e8ne de la salle de bains.<\/li>\n<\/ul>\n<\/div>\n\n\n\n<div class=\"wp-block-column is-layout-flow wp-block-column-is-layout-flow\">\n<figure class=\"wp-block-image size-full\"><img fetchpriority=\"high\" decoding=\"async\" width=\"1500\" height=\"1500\" src=\"https:\/\/jinhuaceramic.com\/wp-content\/uploads\/2024\/09\/White-Ceramic-Bathroom-Set-With-Wooden-Accents-Wholesale-Bathroom-Accessories-7.webp\" alt=\"Ensemble de salle de bains en c\u00e9ramique blanche avec accessoires en bois - vente en gros d&#039;accessoires de salle de bains\" class=\"wp-image-6207\" srcset=\"https:\/\/jinhuaceramic.com\/wp-content\/uploads\/2024\/09\/White-Ceramic-Bathroom-Set-With-Wooden-Accents-Wholesale-Bathroom-Accessories-7.webp 1500w, https:\/\/jinhuaceramic.com\/wp-content\/uploads\/2024\/09\/White-Ceramic-Bathroom-Set-With-Wooden-Accents-Wholesale-Bathroom-Accessories-7-300x300.webp 300w, https:\/\/jinhuaceramic.com\/wp-content\/uploads\/2024\/09\/White-Ceramic-Bathroom-Set-With-Wooden-Accents-Wholesale-Bathroom-Accessories-7-150x150.webp 150w, https:\/\/jinhuaceramic.com\/wp-content\/uploads\/2024\/09\/White-Ceramic-Bathroom-Set-With-Wooden-Accents-Wholesale-Bathroom-Accessories-7-768x768.webp 768w, https:\/\/jinhuaceramic.com\/wp-content\/uploads\/2024\/09\/White-Ceramic-Bathroom-Set-With-Wooden-Accents-Wholesale-Bathroom-Accessories-7-12x12.webp 12w, https:\/\/jinhuaceramic.com\/wp-content\/uploads\/2024\/09\/White-Ceramic-Bathroom-Set-With-Wooden-Accents-Wholesale-Bathroom-Accessories-7-285x285.webp 285w, https:\/\/jinhuaceramic.com\/wp-content\/uploads\/2024\/09\/White-Ceramic-Bathroom-Set-With-Wooden-Accents-Wholesale-Bathroom-Accessories-7-270x270.webp 270w, https:\/\/jinhuaceramic.com\/wp-content\/uploads\/2024\/09\/White-Ceramic-Bathroom-Set-With-Wooden-Accents-Wholesale-Bathroom-Accessories-7-540x540.webp 540w, https:\/\/jinhuaceramic.com\/wp-content\/uploads\/2024\/09\/White-Ceramic-Bathroom-Set-With-Wooden-Accents-Wholesale-Bathroom-Accessories-7-660x660.webp 660w\" sizes=\"(max-width: 1500px) 100vw, 1500px\" \/><\/figure>\n<\/div>\n<\/div>","protected":false},"excerpt":{"rendered":"<p>Bienvenue sur le site d'achat en gros d'accessoires de salle de bains. Ces ensembles d'accessoires de salle de bains en c\u00e9ramique blanche sont populaires en raison de leur combinaison unique de mat\u00e9riaux, de motifs g\u00e9om\u00e9triques uniformes et de diverses fonctionnalit\u00e9s. Alliant esth\u00e9tique et praticit\u00e9, ces ensembles de salle de bains conviennent aux salles de bains de tous les styles de d\u00e9coration.<\/p>","protected":false},"featured_media":6207,"comment_status":"closed","ping_status":"closed","template":"","meta":{"_acf_changed":false},"product_brand":[],"product_cat":[51],"product_tag":[74],"class_list":{"0":"post-6201","1":"product","2":"type-product","3":"status-publish","4":"has-post-thumbnail","6":"product_cat-bathroom-accessories-wholesale","7":"product_tag-ceramic-bath-accessories-wholesale","9":"first","10":"instock","11":"shipping-taxable","12":"product-type-simple"},"acf":[],"_links":{"self":[{"href":"https:\/\/jinhuaceramic.com\/fr\/wp-json\/wp\/v2\/product\/6201","targetHints":{"allow":["GET"]}}],"collection":[{"href":"https:\/\/jinhuaceramic.com\/fr\/wp-json\/wp\/v2\/product"}],"about":[{"href":"https:\/\/jinhuaceramic.com\/fr\/wp-json\/wp\/v2\/types\/product"}],"replies":[{"embeddable":true,"href":"https:\/\/jinhuaceramic.com\/fr\/wp-json\/wp\/v2\/comments?post=6201"}],"version-history":[{"count":0,"href":"https:\/\/jinhuaceramic.com\/fr\/wp-json\/wp\/v2\/product\/6201\/revisions"}],"wp:featuredmedia":[{"embeddable":true,"href":"https:\/\/jinhuaceramic.com\/fr\/wp-json\/wp\/v2\/media\/6207"}],"wp:attachment":[{"href":"https:\/\/jinhuaceramic.com\/fr\/wp-json\/wp\/v2\/media?parent=6201"}],"wp:term":[{"taxonomy":"product_brand","embeddable":true,"href":"https:\/\/jinhuaceramic.com\/fr\/wp-json\/wp\/v2\/product_brand?post=6201"},{"taxonomy":"product_cat","embeddable":true,"href":"https:\/\/jinhuaceramic.com\/fr\/wp-json\/wp\/v2\/product_cat?post=6201"},{"taxonomy":"product_tag","embeddable":true,"href":"https:\/\/jinhuaceramic.com\/fr\/wp-json\/wp\/v2\/product_tag?post=6201"}],"curies":[{"name":"wp","href":"https:\/\/api.w.org\/{rel}","templated":true}]}}