{"id":6225,"date":"2024-09-25T08:50:08","date_gmt":"2024-09-25T08:50:08","guid":{"rendered":"https:\/\/jinhuaceramic.com\/?post_type=product&#038;p=6225"},"modified":"2025-03-08T02:02:40","modified_gmt":"2025-03-08T02:02:40","slug":"matte-black-bathroom-set-wholesale","status":"publish","type":"product","link":"https:\/\/jinhuaceramic.com\/fr\/product\/matte-black-bathroom-set-wholesale\/","title":{"rendered":"Set de salle de bain noir mat Wholesale, Ceramic Bath Accessories"},"content":{"rendered":"<div class=\"wp-block-columns is-layout-flex wp-container-core-columns-is-layout-9d6595d7 wp-block-columns-is-layout-flex\">\n<div class=\"wp-block-column is-layout-flow wp-block-column-is-layout-flow\">\n<h3 class=\"wp-block-heading\">Premium Matte Black Bathroom Set Wholesale&nbsp;Features:<\/h3>\n\n\n\n<ul class=\"wp-block-list\">\n<li><strong>Design moderne :<\/strong> This matte black bathroom set wholesale is designed with simple lines and rounded shapes without excessive decoration, presenting a modern minimalist beauty. The matte black surface treatment is not only stain-resistant but can also create a mysterious and high-end atmosphere, suitable for bathrooms of various decoration styles.<\/li>\n\n\n\n<li><strong>Mat\u00e9riau de premi\u00e8re qualit\u00e9 :<\/strong> The high-temperature-fired ceramic materials of these wholesale bath accessories sets are hard and resistant to wear, not easily scratched, and with good waterproofness. The pump head of the soap dispenser is chrome-plated, which has a long life and does not corrode easily.<\/li>\n\n\n\n<li><strong>Pratique :<\/strong> Soap dispensers, toothbrush cups, and soap dishes in this matte black bathroom set wholesale satisfy the simple needs of everyday bathroom washing.<\/li>\n\n\n\n<li><strong>Vente en gros et personnalisation :<\/strong> Wholesale bath accessories sets in bulk quantity are provided by our factory at wholesale prices for merchants who seek large volume buys. Also, we can provide customized service according to individual specifications to get colors, size, patterns, etc. customized and make it a special bathroom accessories set according to hotel, apartment or luxurious house specifications.<\/li>\n<\/ul>\n<\/div>\n\n\n\n<div class=\"wp-block-column is-layout-flow wp-block-column-is-layout-flow\">\n<figure class=\"wp-block-image size-full\"><img fetchpriority=\"high\" decoding=\"async\" width=\"750\" height=\"750\" src=\"https:\/\/jinhuaceramic.com\/wp-content\/uploads\/2024\/09\/Modern-Black-Ceramic-Bathroom-Set-Wholesale-Hotel-Bathroom-Accessories-8.webp\" alt=\"Matte Black Bathroom Set Wholesale, Ceramic Bath Accessories-7\" class=\"wp-image-6232\" srcset=\"https:\/\/jinhuaceramic.com\/wp-content\/uploads\/2024\/09\/Modern-Black-Ceramic-Bathroom-Set-Wholesale-Hotel-Bathroom-Accessories-8.webp 750w, https:\/\/jinhuaceramic.com\/wp-content\/uploads\/2024\/09\/Modern-Black-Ceramic-Bathroom-Set-Wholesale-Hotel-Bathroom-Accessories-8-300x300.webp 300w, https:\/\/jinhuaceramic.com\/wp-content\/uploads\/2024\/09\/Modern-Black-Ceramic-Bathroom-Set-Wholesale-Hotel-Bathroom-Accessories-8-150x150.webp 150w, https:\/\/jinhuaceramic.com\/wp-content\/uploads\/2024\/09\/Modern-Black-Ceramic-Bathroom-Set-Wholesale-Hotel-Bathroom-Accessories-8-12x12.webp 12w, https:\/\/jinhuaceramic.com\/wp-content\/uploads\/2024\/09\/Modern-Black-Ceramic-Bathroom-Set-Wholesale-Hotel-Bathroom-Accessories-8-285x285.webp 285w, https:\/\/jinhuaceramic.com\/wp-content\/uploads\/2024\/09\/Modern-Black-Ceramic-Bathroom-Set-Wholesale-Hotel-Bathroom-Accessories-8-270x270.webp 270w, https:\/\/jinhuaceramic.com\/wp-content\/uploads\/2024\/09\/Modern-Black-Ceramic-Bathroom-Set-Wholesale-Hotel-Bathroom-Accessories-8-540x540.webp 540w, https:\/\/jinhuaceramic.com\/wp-content\/uploads\/2024\/09\/Modern-Black-Ceramic-Bathroom-Set-Wholesale-Hotel-Bathroom-Accessories-8-660x660.webp 660w\" sizes=\"(max-width: 750px) 100vw, 750px\" \/><\/figure>\n<\/div>\n<\/div>","protected":false},"excerpt":{"rendered":"<p>Welcome to purchase ceramic bath accessories. This modern matte black bathroom set wholesale is perfect for different bathroom styles. The high-quality ceramic material makes them durable and can be used for a long time. Combining aesthetics and practicality, these wholesale ceramic bathroom sets have become the first choice of customers.<\/p>","protected":false},"featured_media":6233,"comment_status":"closed","ping_status":"closed","template":"","meta":{"_acf_changed":false},"product_brand":[],"product_cat":[51],"product_tag":[74],"class_list":{"0":"post-6225","1":"product","2":"type-product","3":"status-publish","4":"has-post-thumbnail","6":"product_cat-bathroom-accessories-wholesale","7":"product_tag-ceramic-bath-accessories-wholesale","9":"first","10":"instock","11":"shipping-taxable","12":"product-type-simple"},"acf":[],"_links":{"self":[{"href":"https:\/\/jinhuaceramic.com\/fr\/wp-json\/wp\/v2\/product\/6225","targetHints":{"allow":["GET"]}}],"collection":[{"href":"https:\/\/jinhuaceramic.com\/fr\/wp-json\/wp\/v2\/product"}],"about":[{"href":"https:\/\/jinhuaceramic.com\/fr\/wp-json\/wp\/v2\/types\/product"}],"replies":[{"embeddable":true,"href":"https:\/\/jinhuaceramic.com\/fr\/wp-json\/wp\/v2\/comments?post=6225"}],"version-history":[{"count":0,"href":"https:\/\/jinhuaceramic.com\/fr\/wp-json\/wp\/v2\/product\/6225\/revisions"}],"wp:featuredmedia":[{"embeddable":true,"href":"https:\/\/jinhuaceramic.com\/fr\/wp-json\/wp\/v2\/media\/6233"}],"wp:attachment":[{"href":"https:\/\/jinhuaceramic.com\/fr\/wp-json\/wp\/v2\/media?parent=6225"}],"wp:term":[{"taxonomy":"product_brand","embeddable":true,"href":"https:\/\/jinhuaceramic.com\/fr\/wp-json\/wp\/v2\/product_brand?post=6225"},{"taxonomy":"product_cat","embeddable":true,"href":"https:\/\/jinhuaceramic.com\/fr\/wp-json\/wp\/v2\/product_cat?post=6225"},{"taxonomy":"product_tag","embeddable":true,"href":"https:\/\/jinhuaceramic.com\/fr\/wp-json\/wp\/v2\/product_tag?post=6225"}],"curies":[{"name":"wp","href":"https:\/\/api.w.org\/{rel}","templated":true}]}}