{"id":6236,"date":"2024-09-25T08:56:41","date_gmt":"2024-09-25T08:56:41","guid":{"rendered":"https:\/\/jinhuaceramic.com\/?post_type=product&#038;p=6236"},"modified":"2024-10-06T07:19:37","modified_gmt":"2024-10-06T07:19:37","slug":"wholesale-ceramic-bathroom-accessories","status":"publish","type":"product","link":"https:\/\/jinhuaceramic.com\/fr\/product\/wholesale-ceramic-bathroom-accessories\/","title":{"rendered":"Best Wholesale Ceramic Bathroom Accessories For Home &amp; Hotel (Accessoires de salle de bain en c\u00e9ramique pour la maison et l'h\u00f4tel)"},"content":{"rendered":"<div class=\"wp-block-columns is-layout-flex wp-container-core-columns-is-layout-9d6595d7 wp-block-columns-is-layout-flex\">\n<div class=\"wp-block-column is-layout-flow wp-block-column-is-layout-flow\">\n<h3 class=\"wp-block-heading\">Accessoires de salle de bain en c\u00e9ramique de premi\u00e8re qualit\u00e9 en gros Caract\u00e9ristiques :<\/h3>\n\n\n\n<ul class=\"wp-block-list\">\n<li><strong>Design moderne :<\/strong> Ces sets d'accessoires de salle de bain en c\u00e9ramique pr\u00e9sentent un design moderne et minimaliste. Les deux couleurs, blanc mat et noir mat, sont sobres et tr\u00e8s polyvalentes, convenant aux salles de bains de diff\u00e9rents styles de d\u00e9coration. L'ornementation de la t\u00eate de pompe en or ajoute une touche de luxe \u00e0 l'ensemble, qui se veut haut de gamme.<\/li>\n\n\n\n<li><strong>Mat\u00e9riau de haute qualit\u00e9 : <\/strong>Ces ensembles d'accessoires de salle de bains sont fabriqu\u00e9s en c\u00e9ramique de haute qualit\u00e9, r\u00e9sistante \u00e0 l'eau et con\u00e7ue pour durer. La solidit\u00e9 de la construction garantit que chaque pi\u00e8ce est durable, r\u00e9sistante \u00e0 l'usure et conserve longtemps son aspect d'origine.<\/li>\n\n\n\n<li><strong>Ensemble complet :<\/strong> Ces ensembles d'accessoires de salle de bains en c\u00e9ramique comprennent un flacon de savon qui peut \u00eatre utilis\u00e9 pour distribuer divers savons liquides, un porte-savon, deux tasses en c\u00e9ramique pour les brosses \u00e0 dents, le dentifrice et le bain de bouche, et un plateau qui peut supporter fermement d'autres accessoires et qui est facile \u00e0 d\u00e9placer et \u00e0 organiser. Chaque accessoire a sa propre fonction pour r\u00e9pondre aux besoins quotidiens de la salle de bains.<\/li>\n\n\n\n<li><strong>Vente en gros et personnalisation : <\/strong>Ces accessoires de salle de bains en c\u00e9ramique sont vendus en gros \u00e0 grande \u00e9chelle pour r\u00e9pondre aux besoins d'achat des clients commerciaux tels que les h\u00f4tels et les maisons d'h\u00f4tes. En m\u00eame temps, nous fournissons des services de personnalisation et pouvons ajuster les motifs, les logos, etc. en fonction des besoins des clients pour rendre chaque ensemble de produits unique.<\/li>\n<\/ul>\n<\/div>\n\n\n\n<div class=\"wp-block-column is-layout-flow wp-block-column-is-layout-flow\">\n<figure class=\"wp-block-image size-full\"><img fetchpriority=\"high\" decoding=\"async\" width=\"750\" height=\"750\" src=\"https:\/\/jinhuaceramic.com\/wp-content\/uploads\/2024\/09\/Wholesale-Ceramic-Bathroom-Accessories-Set-For-Home-Hotel-In-Bulk-3.webp\" alt=\"Accessoires de salle de bains en c\u00e9ramique pour la maison et l&#039;h\u00f4tel-1\" class=\"wp-image-6238\" srcset=\"https:\/\/jinhuaceramic.com\/wp-content\/uploads\/2024\/09\/Wholesale-Ceramic-Bathroom-Accessories-Set-For-Home-Hotel-In-Bulk-3.webp 750w, https:\/\/jinhuaceramic.com\/wp-content\/uploads\/2024\/09\/Wholesale-Ceramic-Bathroom-Accessories-Set-For-Home-Hotel-In-Bulk-3-300x300.webp 300w, https:\/\/jinhuaceramic.com\/wp-content\/uploads\/2024\/09\/Wholesale-Ceramic-Bathroom-Accessories-Set-For-Home-Hotel-In-Bulk-3-150x150.webp 150w, https:\/\/jinhuaceramic.com\/wp-content\/uploads\/2024\/09\/Wholesale-Ceramic-Bathroom-Accessories-Set-For-Home-Hotel-In-Bulk-3-12x12.webp 12w, https:\/\/jinhuaceramic.com\/wp-content\/uploads\/2024\/09\/Wholesale-Ceramic-Bathroom-Accessories-Set-For-Home-Hotel-In-Bulk-3-285x285.webp 285w, https:\/\/jinhuaceramic.com\/wp-content\/uploads\/2024\/09\/Wholesale-Ceramic-Bathroom-Accessories-Set-For-Home-Hotel-In-Bulk-3-270x270.webp 270w, https:\/\/jinhuaceramic.com\/wp-content\/uploads\/2024\/09\/Wholesale-Ceramic-Bathroom-Accessories-Set-For-Home-Hotel-In-Bulk-3-540x540.webp 540w, https:\/\/jinhuaceramic.com\/wp-content\/uploads\/2024\/09\/Wholesale-Ceramic-Bathroom-Accessories-Set-For-Home-Hotel-In-Bulk-3-660x660.webp 660w\" sizes=\"(max-width: 750px) 100vw, 750px\" \/><\/figure>\n<\/div>\n<\/div>","protected":false},"excerpt":{"rendered":"<p>Bienvenue sur le site d'achat d'accessoires de salle de bains. Nos accessoires de salle de bain en c\u00e9ramique ont un design unique et une haute qualit\u00e9, ce qui les rend populaires sur le march\u00e9 et en fait le premier choix pour am\u00e9liorer le style de l'espace de la salle de bain. Alliant beaut\u00e9 et praticit\u00e9, ces ensembles de salle de bains en c\u00e9ramique ne conviennent pas seulement aux salles de bains domestiques, mais \u00e9galement aux \u00e9tablissements commerciaux tels que les h\u00f4tels, les spas ou les chambres d'h\u00f4tes.<\/p>","protected":false},"featured_media":6240,"comment_status":"closed","ping_status":"closed","template":"","meta":{"_acf_changed":false},"product_brand":[],"product_cat":[51],"product_tag":[74],"class_list":{"0":"post-6236","1":"product","2":"type-product","3":"status-publish","4":"has-post-thumbnail","6":"product_cat-bathroom-accessories-wholesale","7":"product_tag-ceramic-bath-accessories-wholesale","9":"first","10":"instock","11":"shipping-taxable","12":"product-type-simple"},"acf":[],"_links":{"self":[{"href":"https:\/\/jinhuaceramic.com\/fr\/wp-json\/wp\/v2\/product\/6236","targetHints":{"allow":["GET"]}}],"collection":[{"href":"https:\/\/jinhuaceramic.com\/fr\/wp-json\/wp\/v2\/product"}],"about":[{"href":"https:\/\/jinhuaceramic.com\/fr\/wp-json\/wp\/v2\/types\/product"}],"replies":[{"embeddable":true,"href":"https:\/\/jinhuaceramic.com\/fr\/wp-json\/wp\/v2\/comments?post=6236"}],"version-history":[{"count":0,"href":"https:\/\/jinhuaceramic.com\/fr\/wp-json\/wp\/v2\/product\/6236\/revisions"}],"wp:featuredmedia":[{"embeddable":true,"href":"https:\/\/jinhuaceramic.com\/fr\/wp-json\/wp\/v2\/media\/6240"}],"wp:attachment":[{"href":"https:\/\/jinhuaceramic.com\/fr\/wp-json\/wp\/v2\/media?parent=6236"}],"wp:term":[{"taxonomy":"product_brand","embeddable":true,"href":"https:\/\/jinhuaceramic.com\/fr\/wp-json\/wp\/v2\/product_brand?post=6236"},{"taxonomy":"product_cat","embeddable":true,"href":"https:\/\/jinhuaceramic.com\/fr\/wp-json\/wp\/v2\/product_cat?post=6236"},{"taxonomy":"product_tag","embeddable":true,"href":"https:\/\/jinhuaceramic.com\/fr\/wp-json\/wp\/v2\/product_tag?post=6236"}],"curies":[{"name":"wp","href":"https:\/\/api.w.org\/{rel}","templated":true}]}}