{"id":6253,"date":"2024-09-28T08:47:03","date_gmt":"2024-09-28T08:47:03","guid":{"rendered":"https:\/\/jinhuaceramic.com\/?post_type=product&#038;p=6253"},"modified":"2024-10-06T07:19:51","modified_gmt":"2024-10-06T07:19:51","slug":"blue-bathroom-set-wholesale","status":"publish","type":"product","link":"https:\/\/jinhuaceramic.com\/fr\/product\/blue-bathroom-set-wholesale\/","title":{"rendered":"Set de salle de bain bleu d\u00e9grad\u00e9 Wholesale, Custom Bathroom Essentials"},"content":{"rendered":"<div class=\"wp-block-columns is-layout-flex wp-container-core-columns-is-layout-9d6595d7 wp-block-columns-is-layout-flex\">\n<div class=\"wp-block-column is-layout-flow wp-block-column-is-layout-flow\">\n<h3 class=\"wp-block-heading\">Premium Blue Bathroom Set Wholesale Caract\u00e9ristiques :<\/h3>\n\n\n\n<ul class=\"wp-block-list\">\n<li><strong>Gradient Design :<\/strong> La caract\u00e9ristique la plus frappante de cet ensemble de salle de bains bleu en gros est le design de couleur d\u00e9grad\u00e9, qui passe du bleu fonc\u00e9 au blanc doux, rappelant les vagues de l'oc\u00e9an. Le design bleu d\u00e9grad\u00e9 n'ajoute pas seulement \u00e0 la beaut\u00e9, mais cr\u00e9e \u00e9galement une atmosph\u00e8re tranquille et paisible, ce qui est parfait pour les salles de bains modernes et minimalistes.<\/li>\n\n\n\n<li><strong>\u00c9l\u00e9ments naturels :<\/strong> Les formes de ces sets de salle de bain en c\u00e9ramique s'inspirent de la nature. Le distributeur de savon est con\u00e7u en forme de galet arrondi, et les lignes du gobelet \u00e0 brosse \u00e0 dents et du porte-savon sont \u00e9galement plus douces, rappelant les galets et les coquillages de la plage. Ce design int\u00e8gre intelligemment des \u00e9l\u00e9ments naturels dans la salle de bains, apportant un souffle de vie.<\/li>\n\n\n\n<li><strong>Ensemble complet : <\/strong>Cet ensemble de salle de bains bleu comprend un distributeur de savon, un porte-savon, un rince-bouche, un porte-brosse \u00e0 dents et un plateau, r\u00e9pondant ainsi aux besoins de base de la toilette quotidienne dans la salle de bains. La pr\u00e9sence du plateau rend la disposition des accessoires de salle de bains plus ordonn\u00e9e et plus pratique pour d\u00e9placer l'ensemble.<\/li>\n\n\n\n<li><strong>Mat\u00e9riau de haute qualit\u00e9 :<\/strong> Ces sets de salle de bain d\u00e9grad\u00e9s sont fabriqu\u00e9s en c\u00e9ramique de haute qualit\u00e9, qui est durable, ne se raye pas facilement, et la surface lisse de la c\u00e9ramique est facile \u00e0 nettoyer.<\/li>\n<\/ul>\n<\/div>\n\n\n\n<div class=\"wp-block-column is-layout-flow wp-block-column-is-layout-flow\">\n<figure class=\"wp-block-image size-full\"><img fetchpriority=\"high\" decoding=\"async\" width=\"748\" height=\"748\" src=\"https:\/\/jinhuaceramic.com\/wp-content\/uploads\/2024\/09\/Gradient-Blue-Ceramic-Bathroom-Set-Wholesale-Custom-Bathroom-Essentials-2.webp\" alt=\"Set de bain bleu d\u00e9grad\u00e9 Wholesale, Custom Bath Essentials-1\" class=\"wp-image-6254\" srcset=\"https:\/\/jinhuaceramic.com\/wp-content\/uploads\/2024\/09\/Gradient-Blue-Ceramic-Bathroom-Set-Wholesale-Custom-Bathroom-Essentials-2.webp 748w, https:\/\/jinhuaceramic.com\/wp-content\/uploads\/2024\/09\/Gradient-Blue-Ceramic-Bathroom-Set-Wholesale-Custom-Bathroom-Essentials-2-300x300.webp 300w, https:\/\/jinhuaceramic.com\/wp-content\/uploads\/2024\/09\/Gradient-Blue-Ceramic-Bathroom-Set-Wholesale-Custom-Bathroom-Essentials-2-150x150.webp 150w, https:\/\/jinhuaceramic.com\/wp-content\/uploads\/2024\/09\/Gradient-Blue-Ceramic-Bathroom-Set-Wholesale-Custom-Bathroom-Essentials-2-12x12.webp 12w, https:\/\/jinhuaceramic.com\/wp-content\/uploads\/2024\/09\/Gradient-Blue-Ceramic-Bathroom-Set-Wholesale-Custom-Bathroom-Essentials-2-285x285.webp 285w, https:\/\/jinhuaceramic.com\/wp-content\/uploads\/2024\/09\/Gradient-Blue-Ceramic-Bathroom-Set-Wholesale-Custom-Bathroom-Essentials-2-270x270.webp 270w, https:\/\/jinhuaceramic.com\/wp-content\/uploads\/2024\/09\/Gradient-Blue-Ceramic-Bathroom-Set-Wholesale-Custom-Bathroom-Essentials-2-540x540.webp 540w, https:\/\/jinhuaceramic.com\/wp-content\/uploads\/2024\/09\/Gradient-Blue-Ceramic-Bathroom-Set-Wholesale-Custom-Bathroom-Essentials-2-660x660.webp 660w\" sizes=\"(max-width: 748px) 100vw, 748px\" \/><\/figure>\n<\/div>\n<\/div>\n\n\n\n<p><\/p>","protected":false},"excerpt":{"rendered":"<p>Bienvenue sur le site de vente en gros d'accessoires de bain en c\u00e9ramique. Cet ensemble de salle de bain bleu est la combinaison parfaite de la beaut\u00e9 et de la praticit\u00e9. Le design d\u00e9grad\u00e9, les \u00e9l\u00e9ments naturels et la texture de la c\u00e9ramique de premi\u00e8re qualit\u00e9 lui conf\u00e8rent un attrait unique. C'est un excellent choix pour ceux qui cherchent \u00e0 ajouter une touche d'\u00e9l\u00e9gance et de sophistication \u00e0 leur salle de bains.<\/p>","protected":false},"featured_media":6260,"comment_status":"closed","ping_status":"closed","template":"","meta":{"_acf_changed":false},"product_brand":[],"product_cat":[51],"product_tag":[74],"class_list":{"0":"post-6253","1":"product","2":"type-product","3":"status-publish","4":"has-post-thumbnail","6":"product_cat-bathroom-accessories-wholesale","7":"product_tag-ceramic-bath-accessories-wholesale","9":"first","10":"instock","11":"shipping-taxable","12":"product-type-simple"},"acf":[],"_links":{"self":[{"href":"https:\/\/jinhuaceramic.com\/fr\/wp-json\/wp\/v2\/product\/6253","targetHints":{"allow":["GET"]}}],"collection":[{"href":"https:\/\/jinhuaceramic.com\/fr\/wp-json\/wp\/v2\/product"}],"about":[{"href":"https:\/\/jinhuaceramic.com\/fr\/wp-json\/wp\/v2\/types\/product"}],"replies":[{"embeddable":true,"href":"https:\/\/jinhuaceramic.com\/fr\/wp-json\/wp\/v2\/comments?post=6253"}],"version-history":[{"count":0,"href":"https:\/\/jinhuaceramic.com\/fr\/wp-json\/wp\/v2\/product\/6253\/revisions"}],"wp:featuredmedia":[{"embeddable":true,"href":"https:\/\/jinhuaceramic.com\/fr\/wp-json\/wp\/v2\/media\/6260"}],"wp:attachment":[{"href":"https:\/\/jinhuaceramic.com\/fr\/wp-json\/wp\/v2\/media?parent=6253"}],"wp:term":[{"taxonomy":"product_brand","embeddable":true,"href":"https:\/\/jinhuaceramic.com\/fr\/wp-json\/wp\/v2\/product_brand?post=6253"},{"taxonomy":"product_cat","embeddable":true,"href":"https:\/\/jinhuaceramic.com\/fr\/wp-json\/wp\/v2\/product_cat?post=6253"},{"taxonomy":"product_tag","embeddable":true,"href":"https:\/\/jinhuaceramic.com\/fr\/wp-json\/wp\/v2\/product_tag?post=6253"}],"curies":[{"name":"wp","href":"https:\/\/api.w.org\/{rel}","templated":true}]}}