{"id":6266,"date":"2024-09-28T08:55:17","date_gmt":"2024-09-28T08:55:17","guid":{"rendered":"https:\/\/jinhuaceramic.com\/?post_type=product&#038;p=6266"},"modified":"2024-10-06T07:19:55","modified_gmt":"2024-10-06T07:19:55","slug":"ceramic-wholesale-bathroom-set","status":"publish","type":"product","link":"https:\/\/jinhuaceramic.com\/fr\/product\/ceramic-wholesale-bathroom-set\/","title":{"rendered":"Ensemble de salle de bain en c\u00e9ramique \u00e0 texture marbr\u00e9e, accessoires de salle de bain pour h\u00f4tels"},"content":{"rendered":"<div class=\"wp-block-columns is-layout-flex wp-container-core-columns-is-layout-9d6595d7 wp-block-columns-is-layout-flex\">\n<div class=\"wp-block-column is-layout-flow wp-block-column-is-layout-flow\">\n<h3 class=\"wp-block-heading\">Premium Ceramic Wholesale Bathroom Set Caract\u00e9ristiques :<\/h3>\n\n\n\n<ul class=\"wp-block-list\">\n<li><strong>Marbre Design :<\/strong> Ces sets de salle de bain en c\u00e9ramique ont un style simple et moderne, d\u00e9cor\u00e9s de motifs uniques en marbre dor\u00e9 sur la surface, combin\u00e9s \u00e0 des \u00e9l\u00e9ments en m\u00e9tal dor\u00e9 tels que la pompe du distributeur de savon et le couvercle du porte-brosse \u00e0 dents, ajoutant une touche de luxe et rendant l'ensemble du set encore plus haut de gamme.<\/li>\n\n\n\n<li><strong>Diverses couleurs :<\/strong> Ces accessoires de bain en c\u00e9ramique marbr\u00e9e sont disponibles en noir, vert fonc\u00e9 et blanc. L'ensemble noir est myst\u00e9rieux, l'ensemble vert est r\u00e9tro et l'ensemble blanc est simple et polyvalent. Il peut \u00eatre choisi en fonction des diff\u00e9rents styles de d\u00e9coration de la salle de bains.<\/li>\n\n\n\n<li><strong>Mat\u00e9riau de haute qualit\u00e9 :<\/strong> Ces ensembles de salle de bains en c\u00e9ramique sont fabriqu\u00e9s en c\u00e9ramique de haute qualit\u00e9, durable et facile \u00e0 nettoyer. La surface de la c\u00e9ramique est lisse et d\u00e9licate, avec un toucher confortable qui peut am\u00e9liorer le plaisir de l'utilisation quotidienne.<\/li>\n\n\n\n<li><strong>Fonctionnalit\u00e9 pratique :<\/strong> Ces accessoires de bain en c\u00e9ramique marbr\u00e9e comprennent des porte-brosses \u00e0 dents, des gobelets pour bain de bouche, des distributeurs de savon, des porte-savons, des plateaux, etc. qui peuvent r\u00e9pondre aux diff\u00e9rents besoins de la toilette quotidienne. Le design du porte-brosse \u00e0 dents tient compte de l'emplacement de plusieurs brosses \u00e0 dents, et la pompe du distributeur de savon a une grande surface et est facile \u00e0 presser. Le plateau peut \u00eatre utilis\u00e9 pour ranger d'autres accessoires ou de petits objets tels que des bijoux.<\/li>\n<\/ul>\n<\/div>\n\n\n\n<div class=\"wp-block-column is-layout-flow wp-block-column-is-layout-flow\">\n<figure class=\"wp-block-image size-full\"><img fetchpriority=\"high\" decoding=\"async\" width=\"800\" height=\"800\" src=\"https:\/\/jinhuaceramic.com\/wp-content\/uploads\/2024\/09\/High-End-Marble-Ceramic-Bathroom-Set-Wholesale-Hotel-Bathroom-Accessories-2.webp\" alt=\"Ensemble de salle de bain en c\u00e9ramique \u00e0 texture marbr\u00e9e, accessoires de bain pour h\u00f4tels-3\" class=\"wp-image-6267\" srcset=\"https:\/\/jinhuaceramic.com\/wp-content\/uploads\/2024\/09\/High-End-Marble-Ceramic-Bathroom-Set-Wholesale-Hotel-Bathroom-Accessories-2.webp 800w, https:\/\/jinhuaceramic.com\/wp-content\/uploads\/2024\/09\/High-End-Marble-Ceramic-Bathroom-Set-Wholesale-Hotel-Bathroom-Accessories-2-300x300.webp 300w, https:\/\/jinhuaceramic.com\/wp-content\/uploads\/2024\/09\/High-End-Marble-Ceramic-Bathroom-Set-Wholesale-Hotel-Bathroom-Accessories-2-150x150.webp 150w, https:\/\/jinhuaceramic.com\/wp-content\/uploads\/2024\/09\/High-End-Marble-Ceramic-Bathroom-Set-Wholesale-Hotel-Bathroom-Accessories-2-768x768.webp 768w, https:\/\/jinhuaceramic.com\/wp-content\/uploads\/2024\/09\/High-End-Marble-Ceramic-Bathroom-Set-Wholesale-Hotel-Bathroom-Accessories-2-12x12.webp 12w, https:\/\/jinhuaceramic.com\/wp-content\/uploads\/2024\/09\/High-End-Marble-Ceramic-Bathroom-Set-Wholesale-Hotel-Bathroom-Accessories-2-285x285.webp 285w, https:\/\/jinhuaceramic.com\/wp-content\/uploads\/2024\/09\/High-End-Marble-Ceramic-Bathroom-Set-Wholesale-Hotel-Bathroom-Accessories-2-270x270.webp 270w, https:\/\/jinhuaceramic.com\/wp-content\/uploads\/2024\/09\/High-End-Marble-Ceramic-Bathroom-Set-Wholesale-Hotel-Bathroom-Accessories-2-540x540.webp 540w, https:\/\/jinhuaceramic.com\/wp-content\/uploads\/2024\/09\/High-End-Marble-Ceramic-Bathroom-Set-Wholesale-Hotel-Bathroom-Accessories-2-660x660.webp 660w\" sizes=\"(max-width: 800px) 100vw, 800px\" \/><\/figure>\n<\/div>\n<\/div>","protected":false},"excerpt":{"rendered":"<p>Bienvenue sur le site d'achat en gros d'accessoires de bain. Ces accessoires de salle de bains en c\u00e9ramique se distinguent par leur motif unique en marbre dor\u00e9 et s'int\u00e8grent facilement dans divers styles de d\u00e9coration moderne. Fabriqu\u00e9s en c\u00e9ramique de haute qualit\u00e9, ils sont non toxiques et inoffensifs, et peuvent \u00eatre utilis\u00e9s en toute s\u00e9curit\u00e9. Alliant esth\u00e9tique et praticit\u00e9, ces accessoires de salle de bain en c\u00e9ramique sont un excellent choix pour les maisons ou les h\u00f4tels.<\/p>","protected":false},"featured_media":6270,"comment_status":"closed","ping_status":"closed","template":"","meta":{"_acf_changed":false},"product_brand":[],"product_cat":[51],"product_tag":[74],"class_list":{"0":"post-6266","1":"product","2":"type-product","3":"status-publish","4":"has-post-thumbnail","6":"product_cat-bathroom-accessories-wholesale","7":"product_tag-ceramic-bath-accessories-wholesale","9":"first","10":"instock","11":"shipping-taxable","12":"product-type-simple"},"acf":[],"_links":{"self":[{"href":"https:\/\/jinhuaceramic.com\/fr\/wp-json\/wp\/v2\/product\/6266","targetHints":{"allow":["GET"]}}],"collection":[{"href":"https:\/\/jinhuaceramic.com\/fr\/wp-json\/wp\/v2\/product"}],"about":[{"href":"https:\/\/jinhuaceramic.com\/fr\/wp-json\/wp\/v2\/types\/product"}],"replies":[{"embeddable":true,"href":"https:\/\/jinhuaceramic.com\/fr\/wp-json\/wp\/v2\/comments?post=6266"}],"version-history":[{"count":0,"href":"https:\/\/jinhuaceramic.com\/fr\/wp-json\/wp\/v2\/product\/6266\/revisions"}],"wp:featuredmedia":[{"embeddable":true,"href":"https:\/\/jinhuaceramic.com\/fr\/wp-json\/wp\/v2\/media\/6270"}],"wp:attachment":[{"href":"https:\/\/jinhuaceramic.com\/fr\/wp-json\/wp\/v2\/media?parent=6266"}],"wp:term":[{"taxonomy":"product_brand","embeddable":true,"href":"https:\/\/jinhuaceramic.com\/fr\/wp-json\/wp\/v2\/product_brand?post=6266"},{"taxonomy":"product_cat","embeddable":true,"href":"https:\/\/jinhuaceramic.com\/fr\/wp-json\/wp\/v2\/product_cat?post=6266"},{"taxonomy":"product_tag","embeddable":true,"href":"https:\/\/jinhuaceramic.com\/fr\/wp-json\/wp\/v2\/product_tag?post=6266"}],"curies":[{"name":"wp","href":"https:\/\/api.w.org\/{rel}","templated":true}]}}