{"id":6284,"date":"2024-10-06T07:17:03","date_gmt":"2024-10-06T07:17:03","guid":{"rendered":"https:\/\/jinhuaceramic.com\/?post_type=product&#038;p=6284"},"modified":"2024-10-06T07:21:27","modified_gmt":"2024-10-06T07:21:27","slug":"ceramic-soap-dispenser-bulk","status":"publish","type":"product","link":"https:\/\/jinhuaceramic.com\/fr\/product\/ceramic-soap-dispenser-bulk\/","title":{"rendered":"Distributeur de savon en c\u00e9ramique m\u00e9tallique en vrac, Distributeur de savon personnalis\u00e9 en gros"},"content":{"rendered":"<div class=\"wp-block-columns is-layout-flex wp-container-core-columns-is-layout-9d6595d7 wp-block-columns-is-layout-flex\">\n<div class=\"wp-block-column is-layout-flow wp-block-column-is-layout-flow\">\n<h3 class=\"wp-block-heading\">Distributeur de savon en c\u00e9ramique de premi\u00e8re qualit\u00e9 Caract\u00e9ristiques en vrac :<\/h3>\n\n\n\n<ul class=\"wp-block-list\">\n<li><strong>Design unique : <\/strong>Ce distributeur de savon en vrac en c\u00e9ramique pr\u00e9sente un design unique d'empilement d'anneaux, rompant avec la forme monotone des bouteilles de savon traditionnelles et paraissant plus vivant et plus int\u00e9ressant. Les lignes arrondies et la surface lisse offrent une exp\u00e9rience visuelle douce et confortable.<\/li>\n\n\n\n<li><strong>Mat\u00e9riau de premi\u00e8re qualit\u00e9 :<\/strong> Fabriqu\u00e9s en c\u00e9ramique de haute qualit\u00e9, ces distributeurs de savon personnalis\u00e9s sont durables et ne se cassent pas facilement, garantissant une utilisation \u00e0 long terme.<\/li>\n\n\n\n<li><strong>Diverses couleurs et tailles :<\/strong> Ces distributeurs de savon en c\u00e9ramique sont disponibles en trois couleurs classiques : noir, blanc et argent. Le noir est myst\u00e9rieux et noble, le blanc est frais et \u00e9l\u00e9gant, et l'argent ajoute une touche de modernit\u00e9, convenant aux salles de bains de diff\u00e9rents styles. Les deux tailles de bouteilles de savon en c\u00e9ramique en vrac avec diff\u00e9rentes capacit\u00e9s conviennent \u00e0 diff\u00e9rentes occasions, et les clients peuvent choisir librement.<\/li>\n\n\n\n<li><strong>Pratique :<\/strong> Ces distributeurs de savon personnalis\u00e9s sont parfaits pour distribuer du gel douche, du savon pour les mains, de la lotion, du shampoing ou d'autres savons liquides. La t\u00eate de pompe est raisonnablement con\u00e7ue et facile \u00e0 presser, et la quantit\u00e9 de savon d\u00e9vers\u00e9e peut \u00eatre facilement contr\u00f4l\u00e9e.<\/li>\n<\/ul>\n<\/div>\n\n\n\n<div class=\"wp-block-column is-layout-flow wp-block-column-is-layout-flow\">\n<figure class=\"wp-block-image size-full\"><img fetchpriority=\"high\" decoding=\"async\" width=\"800\" height=\"800\" src=\"https:\/\/jinhuaceramic.com\/wp-content\/uploads\/2024\/09\/Wholesale-Ceramic-Soap-Dispenser-Bottle-Custom-Bathroom-Accessories-3.webp\" alt=\"Distributeur de savon en c\u00e9ramique m\u00e9tallique en vrac, Distributeur de savon personnalis\u00e9 en gros-1\" class=\"wp-image-6286\" srcset=\"https:\/\/jinhuaceramic.com\/wp-content\/uploads\/2024\/09\/Wholesale-Ceramic-Soap-Dispenser-Bottle-Custom-Bathroom-Accessories-3.webp 800w, https:\/\/jinhuaceramic.com\/wp-content\/uploads\/2024\/09\/Wholesale-Ceramic-Soap-Dispenser-Bottle-Custom-Bathroom-Accessories-3-300x300.webp 300w, https:\/\/jinhuaceramic.com\/wp-content\/uploads\/2024\/09\/Wholesale-Ceramic-Soap-Dispenser-Bottle-Custom-Bathroom-Accessories-3-150x150.webp 150w, https:\/\/jinhuaceramic.com\/wp-content\/uploads\/2024\/09\/Wholesale-Ceramic-Soap-Dispenser-Bottle-Custom-Bathroom-Accessories-3-768x768.webp 768w, https:\/\/jinhuaceramic.com\/wp-content\/uploads\/2024\/09\/Wholesale-Ceramic-Soap-Dispenser-Bottle-Custom-Bathroom-Accessories-3-12x12.webp 12w, https:\/\/jinhuaceramic.com\/wp-content\/uploads\/2024\/09\/Wholesale-Ceramic-Soap-Dispenser-Bottle-Custom-Bathroom-Accessories-3-285x285.webp 285w, https:\/\/jinhuaceramic.com\/wp-content\/uploads\/2024\/09\/Wholesale-Ceramic-Soap-Dispenser-Bottle-Custom-Bathroom-Accessories-3-270x270.webp 270w, https:\/\/jinhuaceramic.com\/wp-content\/uploads\/2024\/09\/Wholesale-Ceramic-Soap-Dispenser-Bottle-Custom-Bathroom-Accessories-3-540x540.webp 540w, https:\/\/jinhuaceramic.com\/wp-content\/uploads\/2024\/09\/Wholesale-Ceramic-Soap-Dispenser-Bottle-Custom-Bathroom-Accessories-3-660x660.webp 660w\" sizes=\"(max-width: 800px) 100vw, 800px\" \/><\/figure>\n<\/div>\n<\/div>","protected":false},"excerpt":{"rendered":"<p>Bienvenue aux distributeurs de savon personnalis\u00e9s. Ces distributeurs de savon en c\u00e9ramique m\u00e9tallique en vrac ont gagn\u00e9 la faveur des consommateurs gr\u00e2ce \u00e0 leur design unique et \u00e0 leur excellente praticit\u00e9. Fabriqu\u00e9e en c\u00e9ramique de haute qualit\u00e9, la bouteille est robuste et durable. En outre, son apparence simple mais \u00e9l\u00e9gante peut \u00eatre facilement int\u00e9gr\u00e9e dans diff\u00e9rents styles de maison, ajoutant une touche artistique \u00e0 la salle de bains.<\/p>","protected":false},"featured_media":6287,"comment_status":"closed","ping_status":"closed","template":"","meta":{"_acf_changed":false},"product_brand":[],"product_cat":[51],"product_tag":[73],"class_list":{"0":"post-6284","1":"product","2":"type-product","3":"status-publish","4":"has-post-thumbnail","6":"product_cat-bathroom-accessories-wholesale","7":"product_tag-custom-soap-dispensers","9":"first","10":"instock","11":"shipping-taxable","12":"product-type-simple"},"acf":[],"_links":{"self":[{"href":"https:\/\/jinhuaceramic.com\/fr\/wp-json\/wp\/v2\/product\/6284","targetHints":{"allow":["GET"]}}],"collection":[{"href":"https:\/\/jinhuaceramic.com\/fr\/wp-json\/wp\/v2\/product"}],"about":[{"href":"https:\/\/jinhuaceramic.com\/fr\/wp-json\/wp\/v2\/types\/product"}],"replies":[{"embeddable":true,"href":"https:\/\/jinhuaceramic.com\/fr\/wp-json\/wp\/v2\/comments?post=6284"}],"version-history":[{"count":0,"href":"https:\/\/jinhuaceramic.com\/fr\/wp-json\/wp\/v2\/product\/6284\/revisions"}],"wp:featuredmedia":[{"embeddable":true,"href":"https:\/\/jinhuaceramic.com\/fr\/wp-json\/wp\/v2\/media\/6287"}],"wp:attachment":[{"href":"https:\/\/jinhuaceramic.com\/fr\/wp-json\/wp\/v2\/media?parent=6284"}],"wp:term":[{"taxonomy":"product_brand","embeddable":true,"href":"https:\/\/jinhuaceramic.com\/fr\/wp-json\/wp\/v2\/product_brand?post=6284"},{"taxonomy":"product_cat","embeddable":true,"href":"https:\/\/jinhuaceramic.com\/fr\/wp-json\/wp\/v2\/product_cat?post=6284"},{"taxonomy":"product_tag","embeddable":true,"href":"https:\/\/jinhuaceramic.com\/fr\/wp-json\/wp\/v2\/product_tag?post=6284"}],"curies":[{"name":"wp","href":"https:\/\/api.w.org\/{rel}","templated":true}]}}