{"id":6307,"date":"2024-10-06T07:02:11","date_gmt":"2024-10-06T07:02:11","guid":{"rendered":"https:\/\/jinhuaceramic.com\/?post_type=product&#038;p=6307"},"modified":"2024-10-06T07:20:45","modified_gmt":"2024-10-06T07:20:45","slug":"wholesale-candle-jars","status":"publish","type":"product","link":"https:\/\/jinhuaceramic.com\/fr\/product\/wholesale-candle-jars\/","title":{"rendered":"Jarre \u00e0 bougie en gros, vases \u00e0 bougie uniques en c\u00e9ramique blanche en vrac"},"content":{"rendered":"<div class=\"wp-block-columns is-layout-flex wp-container-core-columns-is-layout-9d6595d7 wp-block-columns-is-layout-flex\">\n<div class=\"wp-block-column is-layout-flow wp-block-column-is-layout-flow\">\n<h3 class=\"wp-block-heading\">Premium Unique Wholesale Candle Jars Caract\u00e9ristiques :<\/h3>\n\n\n\n<ul class=\"wp-block-list\">\n<li><strong>Design unique :<\/strong> Ces photophores en c\u00e9ramique sont de forme irr\u00e9guli\u00e8re, in\u00e9gale et ont une surface rid\u00e9e, comme un sac en papier froiss\u00e9, ce qui contraste fortement avec les photophores traditionnels ronds et lisses. Cette forme irr\u00e9guli\u00e8re et cette texture rustique leur conf\u00e8rent un aspect tr\u00e8s artistique et peuvent rehausser le go\u00fbt de votre int\u00e9rieur.<\/li>\n\n\n\n<li><strong>Tonalit\u00e9s douces :<\/strong> Ces photophores uniques en c\u00e9ramique sont disponibles en vrac dans une vari\u00e9t\u00e9 de couleurs douces, dont le blanc, le bleu clair, le marron clair et le potiron. Ces couleurs sont peu satur\u00e9es et donnent une impression de chaleur et de confort. En plus de ces couleurs, nous pouvons \u00e9galement personnaliser diff\u00e9rentes couleurs en fonction des besoins du client.<\/li>\n\n\n\n<li><strong>Mat\u00e9riau de premi\u00e8re qualit\u00e9 : <\/strong>Ces photophores en gros sont fabriqu\u00e9s en argile c\u00e9ramique de haute qualit\u00e9 cuite \u00e0 haute temp\u00e9rature. Le mat\u00e9riau c\u00e9ramique pr\u00e9sente une bonne r\u00e9sistance \u00e0 la chaleur et une bonne durabilit\u00e9 et peut \u00eatre utilis\u00e9 pendant longtemps. De plus, la surface de ces pots \u00e0 bougie en c\u00e9ramique est lisse et facile \u00e0 nettoyer, sans laisser de taches disgracieuses.<\/li>\n\n\n\n<li><strong>R\u00e9utilisable et \u00e9cologique :<\/strong> Une fois les bougies consum\u00e9es, ces photophores en c\u00e9ramique peuvent \u00eatre transform\u00e9s en porte-stylos, en bo\u00eetes \u00e0 bijoux ou utilis\u00e9s pour planter de petites plantes, ce qui est tr\u00e8s pratique. Par rapport aux contenants de bougies jetables, les pots en c\u00e9ramique peuvent \u00eatre r\u00e9utilis\u00e9s et sont plus respectueux de l'environnement.<\/li>\n<\/ul>\n<\/div>\n\n\n\n<div class=\"wp-block-column is-layout-flow wp-block-column-is-layout-flow\">\n<figure class=\"wp-block-image size-full\"><img fetchpriority=\"high\" decoding=\"async\" width=\"800\" height=\"800\" src=\"https:\/\/jinhuaceramic.com\/wp-content\/uploads\/2024\/10\/Wholesale-Unique-Ceramic-Candle-Jar-Personalized-Candle-Vessel-In-Bulk-5.webp\" alt=\"Pots \u00e0 bougie en gros, Vases \u00e0 bougie en c\u00e9ramique blanche en vrac-1\" class=\"wp-image-6311\" srcset=\"https:\/\/jinhuaceramic.com\/wp-content\/uploads\/2024\/10\/Wholesale-Unique-Ceramic-Candle-Jar-Personalized-Candle-Vessel-In-Bulk-5.webp 800w, https:\/\/jinhuaceramic.com\/wp-content\/uploads\/2024\/10\/Wholesale-Unique-Ceramic-Candle-Jar-Personalized-Candle-Vessel-In-Bulk-5-300x300.webp 300w, https:\/\/jinhuaceramic.com\/wp-content\/uploads\/2024\/10\/Wholesale-Unique-Ceramic-Candle-Jar-Personalized-Candle-Vessel-In-Bulk-5-150x150.webp 150w, https:\/\/jinhuaceramic.com\/wp-content\/uploads\/2024\/10\/Wholesale-Unique-Ceramic-Candle-Jar-Personalized-Candle-Vessel-In-Bulk-5-768x768.webp 768w, https:\/\/jinhuaceramic.com\/wp-content\/uploads\/2024\/10\/Wholesale-Unique-Ceramic-Candle-Jar-Personalized-Candle-Vessel-In-Bulk-5-12x12.webp 12w, https:\/\/jinhuaceramic.com\/wp-content\/uploads\/2024\/10\/Wholesale-Unique-Ceramic-Candle-Jar-Personalized-Candle-Vessel-In-Bulk-5-285x285.webp 285w, https:\/\/jinhuaceramic.com\/wp-content\/uploads\/2024\/10\/Wholesale-Unique-Ceramic-Candle-Jar-Personalized-Candle-Vessel-In-Bulk-5-270x270.webp 270w, https:\/\/jinhuaceramic.com\/wp-content\/uploads\/2024\/10\/Wholesale-Unique-Ceramic-Candle-Jar-Personalized-Candle-Vessel-In-Bulk-5-540x540.webp 540w, https:\/\/jinhuaceramic.com\/wp-content\/uploads\/2024\/10\/Wholesale-Unique-Ceramic-Candle-Jar-Personalized-Candle-Vessel-In-Bulk-5-660x660.webp 660w\" sizes=\"(max-width: 800px) 100vw, 800px\" \/><\/figure>\n<\/div>\n<\/div>","protected":false},"excerpt":{"rendered":"<p>Nous vous invitons \u00e0 acheter en gros des photophores en c\u00e9ramique. Ces photophores en c\u00e9ramique en gros sont populaires en raison de leur forme unique, de leurs couleurs douces et de leur mat\u00e9riau en c\u00e9ramique de haute qualit\u00e9. Alliant esth\u00e9tique et praticit\u00e9, ces photophores conviennent \u00e0 diff\u00e9rents styles de d\u00e9coration et peuvent ajouter une touche d'art \u00e0 l'environnement domestique.<\/p>","protected":false},"featured_media":6313,"comment_status":"closed","ping_status":"closed","template":"","meta":{"_acf_changed":false},"product_brand":[],"product_cat":[52],"product_tag":[66],"class_list":{"0":"post-6307","1":"product","2":"type-product","3":"status-publish","4":"has-post-thumbnail","6":"product_cat-wholesale-candle-containers","7":"product_tag-candle-jars-wholesale","9":"first","10":"instock","11":"shipping-taxable","12":"product-type-simple"},"acf":[],"_links":{"self":[{"href":"https:\/\/jinhuaceramic.com\/fr\/wp-json\/wp\/v2\/product\/6307","targetHints":{"allow":["GET"]}}],"collection":[{"href":"https:\/\/jinhuaceramic.com\/fr\/wp-json\/wp\/v2\/product"}],"about":[{"href":"https:\/\/jinhuaceramic.com\/fr\/wp-json\/wp\/v2\/types\/product"}],"replies":[{"embeddable":true,"href":"https:\/\/jinhuaceramic.com\/fr\/wp-json\/wp\/v2\/comments?post=6307"}],"version-history":[{"count":0,"href":"https:\/\/jinhuaceramic.com\/fr\/wp-json\/wp\/v2\/product\/6307\/revisions"}],"wp:featuredmedia":[{"embeddable":true,"href":"https:\/\/jinhuaceramic.com\/fr\/wp-json\/wp\/v2\/media\/6313"}],"wp:attachment":[{"href":"https:\/\/jinhuaceramic.com\/fr\/wp-json\/wp\/v2\/media?parent=6307"}],"wp:term":[{"taxonomy":"product_brand","embeddable":true,"href":"https:\/\/jinhuaceramic.com\/fr\/wp-json\/wp\/v2\/product_brand?post=6307"},{"taxonomy":"product_cat","embeddable":true,"href":"https:\/\/jinhuaceramic.com\/fr\/wp-json\/wp\/v2\/product_cat?post=6307"},{"taxonomy":"product_tag","embeddable":true,"href":"https:\/\/jinhuaceramic.com\/fr\/wp-json\/wp\/v2\/product_tag?post=6307"}],"curies":[{"name":"wp","href":"https:\/\/api.w.org\/{rel}","templated":true}]}}