{"id":6328,"date":"2024-10-09T01:47:15","date_gmt":"2024-10-09T01:47:15","guid":{"rendered":"https:\/\/jinhuaceramic.com\/?post_type=product&#038;p=6328"},"modified":"2024-10-09T01:50:16","modified_gmt":"2024-10-09T01:50:16","slug":"wholesale-candle-vessels","status":"publish","type":"product","link":"https:\/\/jinhuaceramic.com\/fr\/product\/wholesale-candle-vessels\/","title":{"rendered":"Vases \u00e0 bougies en forme d'\u0153uf, conteneurs \u00e0 bougies en vrac"},"content":{"rendered":"<div class=\"wp-block-columns is-layout-flex wp-container-core-columns-is-layout-9d6595d7 wp-block-columns-is-layout-flex\">\n<div class=\"wp-block-column is-layout-flow wp-block-column-is-layout-flow\">\n<h3 class=\"wp-block-heading\">Vases \u00e0 bougie en gros de premi\u00e8re qualit\u00e9 Caract\u00e9ristiques :<\/h3>\n\n\n\n<ul class=\"wp-block-list\">\n<li><strong>Design unique :<\/strong> Ces r\u00e9cipients en c\u00e9ramique pour bougies en gros pr\u00e9sentent un design naturel unique. La forme est tr\u00e8s r\u00e9aliste, imitant la forme d'un \u0153uf, y compris la texture de la coquille, les bords craquel\u00e9s et d'autres d\u00e9tails. \u00c0 l'occasion de certaines f\u00eates, comme P\u00e2ques et la Saint-Valentin, les bougies en forme d'\u0153uf peuvent \u00eatre utilis\u00e9es comme d\u00e9corations pour ajouter \u00e0 l'atmosph\u00e8re festive.<\/li>\n\n\n\n<li><strong>Mat\u00e9riau de premi\u00e8re qualit\u00e9 :<\/strong> Ces r\u00e9cipients \u00e0 bougie en forme d'\u0153uf sont fabriqu\u00e9s en c\u00e9ramique de haute qualit\u00e9, qui r\u00e9siste bien \u00e0 la chaleur, est non toxique et inoffensive, et garantit la s\u00e9curit\u00e9 de la combustion des bougies. Par ailleurs, les photophores en c\u00e9ramique ne se d\u00e9forment pas facilement et peuvent \u00eatre utilis\u00e9s pendant longtemps.<\/li>\n\n\n\n<li><strong>Diverses couleurs : <\/strong>Ces r\u00e9cipients \u00e0 bougies en gros sont disponibles dans une vari\u00e9t\u00e9 de couleurs, y compris le rose, le blanc, le noir, etc., pour r\u00e9pondre aux pr\u00e9f\u00e9rences des diff\u00e9rentes personnes et aux besoins de correspondance des styles de d\u00e9coration d'int\u00e9rieur. En tant que fabricant, nous pouvons \u00e9galement personnaliser d'autres couleurs en fonction des besoins des clients.<\/li>\n\n\n\n<li><strong>R\u00e9utilisable et \u00e9cologique :<\/strong> Une fois les bougies consum\u00e9es, ces pots en c\u00e9ramique peuvent \u00eatre utilis\u00e9s pour placer de petits objets, tels que des cl\u00e9s, des pi\u00e8ces de monnaie, ou comme petits pots de fleurs, ce qui est tr\u00e8s pratique. Par rapport aux contenants de bougies jetables, les pots en c\u00e9ramique peuvent \u00eatre r\u00e9utilis\u00e9s et sont plus respectueux de l'environnement.<\/li>\n<\/ul>\n<\/div>\n\n\n\n<div class=\"wp-block-column is-layout-flow wp-block-column-is-layout-flow\">\n<figure class=\"wp-block-image size-full\"><img fetchpriority=\"high\" decoding=\"async\" width=\"1000\" height=\"1000\" src=\"https:\/\/jinhuaceramic.com\/wp-content\/uploads\/2024\/10\/Wholesale-Egg-Shape-Ceramic-Candle-Jar-Custom-Empty-Vessel-For-Candle-Making-4.webp\" alt=\"Vases \u00e0 bougie en forme d&#039;\u0153uf, r\u00e9cipients \u00e0 bougie en gros Bulk-1\" class=\"wp-image-6331\" srcset=\"https:\/\/jinhuaceramic.com\/wp-content\/uploads\/2024\/10\/Wholesale-Egg-Shape-Ceramic-Candle-Jar-Custom-Empty-Vessel-For-Candle-Making-4.webp 1000w, https:\/\/jinhuaceramic.com\/wp-content\/uploads\/2024\/10\/Wholesale-Egg-Shape-Ceramic-Candle-Jar-Custom-Empty-Vessel-For-Candle-Making-4-300x300.webp 300w, https:\/\/jinhuaceramic.com\/wp-content\/uploads\/2024\/10\/Wholesale-Egg-Shape-Ceramic-Candle-Jar-Custom-Empty-Vessel-For-Candle-Making-4-150x150.webp 150w, https:\/\/jinhuaceramic.com\/wp-content\/uploads\/2024\/10\/Wholesale-Egg-Shape-Ceramic-Candle-Jar-Custom-Empty-Vessel-For-Candle-Making-4-768x768.webp 768w, https:\/\/jinhuaceramic.com\/wp-content\/uploads\/2024\/10\/Wholesale-Egg-Shape-Ceramic-Candle-Jar-Custom-Empty-Vessel-For-Candle-Making-4-12x12.webp 12w, https:\/\/jinhuaceramic.com\/wp-content\/uploads\/2024\/10\/Wholesale-Egg-Shape-Ceramic-Candle-Jar-Custom-Empty-Vessel-For-Candle-Making-4-285x285.webp 285w, https:\/\/jinhuaceramic.com\/wp-content\/uploads\/2024\/10\/Wholesale-Egg-Shape-Ceramic-Candle-Jar-Custom-Empty-Vessel-For-Candle-Making-4-270x270.webp 270w, https:\/\/jinhuaceramic.com\/wp-content\/uploads\/2024\/10\/Wholesale-Egg-Shape-Ceramic-Candle-Jar-Custom-Empty-Vessel-For-Candle-Making-4-540x540.webp 540w, https:\/\/jinhuaceramic.com\/wp-content\/uploads\/2024\/10\/Wholesale-Egg-Shape-Ceramic-Candle-Jar-Custom-Empty-Vessel-For-Candle-Making-4-660x660.webp 660w\" sizes=\"(max-width: 1000px) 100vw, 1000px\" \/><\/figure>\n<\/div>\n<\/div>","protected":false},"excerpt":{"rendered":"<p>Bienvenue sur le site d'achat en gros de r\u00e9cipients pour bougies. Ces r\u00e9cipients \u00e0 bougie en c\u00e9ramique en vrac sont populaires en raison de leur forme d'\u0153uf unique, de leurs couleurs vari\u00e9es et de leur mat\u00e9riau c\u00e9ramique de haute qualit\u00e9. Le design en forme de coquille d'\u0153uf bris\u00e9e attire l'attention des consommateurs, et le mat\u00e9riau c\u00e9ramique de haute qualit\u00e9 est robuste et durable, alliant beaut\u00e9 et praticit\u00e9, faisant de ces photophores une d\u00e9coration d'int\u00e9rieur tr\u00e8s pris\u00e9e.<\/p>","protected":false},"featured_media":6330,"comment_status":"closed","ping_status":"closed","template":"","meta":{"_acf_changed":false},"product_brand":[],"product_cat":[52],"product_tag":[66],"class_list":{"0":"post-6328","1":"product","2":"type-product","3":"status-publish","4":"has-post-thumbnail","6":"product_cat-wholesale-candle-containers","7":"product_tag-candle-jars-wholesale","9":"first","10":"instock","11":"shipping-taxable","12":"product-type-simple"},"acf":[],"_links":{"self":[{"href":"https:\/\/jinhuaceramic.com\/fr\/wp-json\/wp\/v2\/product\/6328","targetHints":{"allow":["GET"]}}],"collection":[{"href":"https:\/\/jinhuaceramic.com\/fr\/wp-json\/wp\/v2\/product"}],"about":[{"href":"https:\/\/jinhuaceramic.com\/fr\/wp-json\/wp\/v2\/types\/product"}],"replies":[{"embeddable":true,"href":"https:\/\/jinhuaceramic.com\/fr\/wp-json\/wp\/v2\/comments?post=6328"}],"version-history":[{"count":0,"href":"https:\/\/jinhuaceramic.com\/fr\/wp-json\/wp\/v2\/product\/6328\/revisions"}],"wp:featuredmedia":[{"embeddable":true,"href":"https:\/\/jinhuaceramic.com\/fr\/wp-json\/wp\/v2\/media\/6330"}],"wp:attachment":[{"href":"https:\/\/jinhuaceramic.com\/fr\/wp-json\/wp\/v2\/media?parent=6328"}],"wp:term":[{"taxonomy":"product_brand","embeddable":true,"href":"https:\/\/jinhuaceramic.com\/fr\/wp-json\/wp\/v2\/product_brand?post=6328"},{"taxonomy":"product_cat","embeddable":true,"href":"https:\/\/jinhuaceramic.com\/fr\/wp-json\/wp\/v2\/product_cat?post=6328"},{"taxonomy":"product_tag","embeddable":true,"href":"https:\/\/jinhuaceramic.com\/fr\/wp-json\/wp\/v2\/product_tag?post=6328"}],"curies":[{"name":"wp","href":"https:\/\/api.w.org\/{rel}","templated":true}]}}