{"id":6338,"date":"2024-10-09T01:38:51","date_gmt":"2024-10-09T01:38:51","guid":{"rendered":"https:\/\/jinhuaceramic.com\/?post_type=product&#038;p=6338"},"modified":"2024-10-09T01:38:54","modified_gmt":"2024-10-09T01:38:54","slug":"bulk-ceramic-candle-jars","status":"publish","type":"product","link":"https:\/\/jinhuaceramic.com\/fr\/product\/bulk-ceramic-candle-jars\/","title":{"rendered":"Pots de bougie en c\u00e9ramique en vrac d\u00e9grad\u00e9, R\u00e9cipients pour bougie en gros"},"content":{"rendered":"<div class=\"wp-block-columns is-layout-flex wp-container-core-columns-is-layout-9d6595d7 wp-block-columns-is-layout-flex\">\n<div class=\"wp-block-column is-layout-flow wp-block-column-is-layout-flow\">\n<h3 class=\"wp-block-heading\">Pots de bougie en c\u00e9ramique en vrac de premi\u00e8re qualit\u00e9 Caract\u00e9ristiques :<\/h3>\n\n\n\n<ul class=\"wp-block-list\">\n<li><strong>Style simple et moderne :<\/strong> La forme g\u00e9n\u00e9rale de ces photophores en c\u00e9ramique en vrac est simple et lisse, avec des lignes claires et sans d\u00e9coration excessive. Ce style simple correspond \u00e0 l'esth\u00e9tique des gens modernes et peut \u00eatre facilement assorti \u00e0 diff\u00e9rents styles d'int\u00e9rieur.<\/li>\n\n\n\n<li><strong>Couleur d\u00e9grad\u00e9e Design :<\/strong> Ces photophores en c\u00e9ramique sont dot\u00e9s d'un design aux couleurs d\u00e9grad\u00e9es. Par rapport aux photophores monochromes, le design en d\u00e9grad\u00e9 de couleurs enrichit non seulement le niveau visuel, ajoute une touche de sens artistique, mais cr\u00e9e \u00e9galement une atmosph\u00e8re douce et d\u00e9licate.<\/li>\n\n\n\n<li><strong>Mat\u00e9riau de haute qualit\u00e9 :<\/strong> Ces photophores en c\u00e9ramique de couleur d\u00e9grad\u00e9e sont fabriqu\u00e9s en c\u00e9ramique de haute qualit\u00e9, r\u00e9sistante aux temp\u00e9ratures \u00e9lev\u00e9es et de bonne texture. En m\u00eame temps, les photophores en c\u00e9ramique ont un certain effet de conservation de la chaleur, ce qui peut prolonger la dur\u00e9e de combustion des bougies.<\/li>\n\n\n\n<li><strong>Une vari\u00e9t\u00e9 de couleurs : <\/strong>Ces r\u00e9cipients \u00e0 bougies en c\u00e9ramique sont disponibles en gros dans une vari\u00e9t\u00e9 de couleurs, notamment bleu d\u00e9grad\u00e9, rouge d\u00e9grad\u00e9, noir d\u00e9grad\u00e9, cyan d\u00e9grad\u00e9, afin de r\u00e9pondre aux pr\u00e9f\u00e9rences des diff\u00e9rentes personnes et aux besoins de correspondance des styles de d\u00e9coration d'int\u00e9rieur. En tant que fabricant, nous pouvons \u00e9galement personnaliser d'autres couleurs en fonction des besoins des clients.<\/li>\n<\/ul>\n<\/div>\n\n\n\n<div class=\"wp-block-column is-layout-flow wp-block-column-is-layout-flow\">\n<figure class=\"wp-block-image size-full\"><img fetchpriority=\"high\" decoding=\"async\" width=\"750\" height=\"750\" src=\"https:\/\/jinhuaceramic.com\/wp-content\/uploads\/2024\/10\/Wholesale-Gradient-Color-Ceramic-Candle-Jars-Empty-Containers-In-Bulk-3.webp\" alt=\"Pots de bougie en c\u00e9ramique en vrac d\u00e9grad\u00e9, R\u00e9cipients pour bougie en gros-5\" class=\"wp-image-6340\" srcset=\"https:\/\/jinhuaceramic.com\/wp-content\/uploads\/2024\/10\/Wholesale-Gradient-Color-Ceramic-Candle-Jars-Empty-Containers-In-Bulk-3.webp 750w, https:\/\/jinhuaceramic.com\/wp-content\/uploads\/2024\/10\/Wholesale-Gradient-Color-Ceramic-Candle-Jars-Empty-Containers-In-Bulk-3-300x300.webp 300w, https:\/\/jinhuaceramic.com\/wp-content\/uploads\/2024\/10\/Wholesale-Gradient-Color-Ceramic-Candle-Jars-Empty-Containers-In-Bulk-3-150x150.webp 150w, https:\/\/jinhuaceramic.com\/wp-content\/uploads\/2024\/10\/Wholesale-Gradient-Color-Ceramic-Candle-Jars-Empty-Containers-In-Bulk-3-12x12.webp 12w, https:\/\/jinhuaceramic.com\/wp-content\/uploads\/2024\/10\/Wholesale-Gradient-Color-Ceramic-Candle-Jars-Empty-Containers-In-Bulk-3-285x285.webp 285w, https:\/\/jinhuaceramic.com\/wp-content\/uploads\/2024\/10\/Wholesale-Gradient-Color-Ceramic-Candle-Jars-Empty-Containers-In-Bulk-3-270x270.webp 270w, https:\/\/jinhuaceramic.com\/wp-content\/uploads\/2024\/10\/Wholesale-Gradient-Color-Ceramic-Candle-Jars-Empty-Containers-In-Bulk-3-540x540.webp 540w, https:\/\/jinhuaceramic.com\/wp-content\/uploads\/2024\/10\/Wholesale-Gradient-Color-Ceramic-Candle-Jars-Empty-Containers-In-Bulk-3-660x660.webp 660w\" sizes=\"(max-width: 750px) 100vw, 750px\" \/><\/figure>\n<\/div>\n<\/div>","protected":false},"excerpt":{"rendered":"<p>Bienvenue sur le site d'achat en gros de photophores. Ces photophores en c\u00e9ramique en vrac se distinguent par leur design \u00e9l\u00e9gant de couleur d\u00e9grad\u00e9e et leur style simple et moderne. Non seulement ils sont beaux en apparence, mais ces photophores ont une texture en c\u00e9ramique de haute qualit\u00e9, sont non toxiques et inoffensifs, et peuvent \u00eatre utilis\u00e9s en toute s\u00e9curit\u00e9.\u00a0<\/p>","protected":false},"featured_media":6344,"comment_status":"closed","ping_status":"closed","template":"","meta":{"_acf_changed":false},"product_brand":[],"product_cat":[52],"product_tag":[66],"class_list":{"0":"post-6338","1":"product","2":"type-product","3":"status-publish","4":"has-post-thumbnail","6":"product_cat-wholesale-candle-containers","7":"product_tag-candle-jars-wholesale","9":"first","10":"instock","11":"shipping-taxable","12":"product-type-simple"},"acf":[],"_links":{"self":[{"href":"https:\/\/jinhuaceramic.com\/fr\/wp-json\/wp\/v2\/product\/6338","targetHints":{"allow":["GET"]}}],"collection":[{"href":"https:\/\/jinhuaceramic.com\/fr\/wp-json\/wp\/v2\/product"}],"about":[{"href":"https:\/\/jinhuaceramic.com\/fr\/wp-json\/wp\/v2\/types\/product"}],"replies":[{"embeddable":true,"href":"https:\/\/jinhuaceramic.com\/fr\/wp-json\/wp\/v2\/comments?post=6338"}],"version-history":[{"count":0,"href":"https:\/\/jinhuaceramic.com\/fr\/wp-json\/wp\/v2\/product\/6338\/revisions"}],"wp:featuredmedia":[{"embeddable":true,"href":"https:\/\/jinhuaceramic.com\/fr\/wp-json\/wp\/v2\/media\/6344"}],"wp:attachment":[{"href":"https:\/\/jinhuaceramic.com\/fr\/wp-json\/wp\/v2\/media?parent=6338"}],"wp:term":[{"taxonomy":"product_brand","embeddable":true,"href":"https:\/\/jinhuaceramic.com\/fr\/wp-json\/wp\/v2\/product_brand?post=6338"},{"taxonomy":"product_cat","embeddable":true,"href":"https:\/\/jinhuaceramic.com\/fr\/wp-json\/wp\/v2\/product_cat?post=6338"},{"taxonomy":"product_tag","embeddable":true,"href":"https:\/\/jinhuaceramic.com\/fr\/wp-json\/wp\/v2\/product_tag?post=6338"}],"curies":[{"name":"wp","href":"https:\/\/api.w.org\/{rel}","templated":true}]}}