{"id":6354,"date":"2024-10-11T02:32:05","date_gmt":"2024-10-11T02:32:05","guid":{"rendered":"https:\/\/jinhuaceramic.com\/?post_type=product&#038;p=6354"},"modified":"2024-10-11T02:32:06","modified_gmt":"2024-10-11T02:32:06","slug":"candle-vessels-bulk","status":"publish","type":"product","link":"https:\/\/jinhuaceramic.com\/fr\/product\/candle-vessels-bulk\/","title":{"rendered":"Vases \u00e0 bougie g\u00e9om\u00e9triques en c\u00e9ramique en vrac, Pots \u00e0 bougie mats en gros"},"content":{"rendered":"<div class=\"wp-block-columns is-layout-flex wp-container-core-columns-is-layout-9d6595d7 wp-block-columns-is-layout-flex\">\n<div class=\"wp-block-column is-layout-flow wp-block-column-is-layout-flow\">\n<h3 class=\"wp-block-heading\">Vases \u00e0 bougies de premi\u00e8re qualit\u00e9 Caract\u00e9ristiques en vrac :<\/h3>\n\n\n\n<ul class=\"wp-block-list\">\n<li><strong>Design \u00e9l\u00e9gant :<\/strong> Ces photophores en c\u00e9ramique ont un design g\u00e9om\u00e9trique unique, simple et \u00e9l\u00e9gant. Les lignes g\u00e9om\u00e9triques des photophores sont lisses et claires, donnant une impression de sophistication, et s'int\u00e8grent facilement dans divers styles de d\u00e9coration int\u00e9rieure.<\/li>\n\n\n\n<li><strong>Mat\u00e9riau c\u00e9ramique de haute qualit\u00e9 :<\/strong> Ces photophores mats sont durs et r\u00e9sistants \u00e0 l'usure, ils ne se d\u00e9forment pas facilement et peuvent \u00eatre utilis\u00e9s pendant longtemps. M\u00eame si la bougie est br\u00fbl\u00e9e plusieurs fois, elle ne s'ab\u00eeme pas facilement et peut \u00eatre r\u00e9utilis\u00e9e.<\/li>\n\n\n\n<li><strong>Tons doux mats :<\/strong> Ces r\u00e9cipients en c\u00e9ramique pour bougies en vrac sont disponibles dans une vari\u00e9t\u00e9 de couleurs douces et mates, notamment le blanc, le bleu clair, le vert clair, le jaune clair, etc. Ces couleurs sont peu satur\u00e9es et donnent aux gens une sensation de chaleur et de confort. En m\u00eame temps, les couleurs mates sont plus textur\u00e9es que les couleurs brillantes.<\/li>\n\n\n\n<li><strong>Polyvalence :<\/strong> En plus d'\u00eatre utilis\u00e9s comme photophores, ces photophores mats en gros peuvent \u00e9galement servir \u00e0 ranger de petits objets, de petits pots de fleurs, etc. qui sont tr\u00e8s pratiques. Lorsque les bougies sont \u00e9puis\u00e9es, elles peuvent \u00e9galement \u00eatre plac\u00e9es dans la maison en tant que d\u00e9corations pour continuer \u00e0 jouer leur beau r\u00f4le.<\/li>\n<\/ul>\n<\/div>\n\n\n\n<div class=\"wp-block-column is-layout-flow wp-block-column-is-layout-flow\">\n<figure class=\"wp-block-image size-full\"><img fetchpriority=\"high\" decoding=\"async\" width=\"800\" height=\"800\" src=\"https:\/\/jinhuaceramic.com\/wp-content\/uploads\/2024\/10\/Matte-Geometric-Ceramic-Candle-Jar-Custom-Candle-Vessel-Wholesale-4.webp\" alt=\"Vases \u00e0 bougie g\u00e9om\u00e9triques en c\u00e9ramique en vrac, pots \u00e0 bougie mats en gros-1\" class=\"wp-image-6357\" srcset=\"https:\/\/jinhuaceramic.com\/wp-content\/uploads\/2024\/10\/Matte-Geometric-Ceramic-Candle-Jar-Custom-Candle-Vessel-Wholesale-4.webp 800w, https:\/\/jinhuaceramic.com\/wp-content\/uploads\/2024\/10\/Matte-Geometric-Ceramic-Candle-Jar-Custom-Candle-Vessel-Wholesale-4-300x300.webp 300w, https:\/\/jinhuaceramic.com\/wp-content\/uploads\/2024\/10\/Matte-Geometric-Ceramic-Candle-Jar-Custom-Candle-Vessel-Wholesale-4-150x150.webp 150w, https:\/\/jinhuaceramic.com\/wp-content\/uploads\/2024\/10\/Matte-Geometric-Ceramic-Candle-Jar-Custom-Candle-Vessel-Wholesale-4-768x768.webp 768w, https:\/\/jinhuaceramic.com\/wp-content\/uploads\/2024\/10\/Matte-Geometric-Ceramic-Candle-Jar-Custom-Candle-Vessel-Wholesale-4-12x12.webp 12w, https:\/\/jinhuaceramic.com\/wp-content\/uploads\/2024\/10\/Matte-Geometric-Ceramic-Candle-Jar-Custom-Candle-Vessel-Wholesale-4-285x285.webp 285w, https:\/\/jinhuaceramic.com\/wp-content\/uploads\/2024\/10\/Matte-Geometric-Ceramic-Candle-Jar-Custom-Candle-Vessel-Wholesale-4-270x270.webp 270w, https:\/\/jinhuaceramic.com\/wp-content\/uploads\/2024\/10\/Matte-Geometric-Ceramic-Candle-Jar-Custom-Candle-Vessel-Wholesale-4-540x540.webp 540w, https:\/\/jinhuaceramic.com\/wp-content\/uploads\/2024\/10\/Matte-Geometric-Ceramic-Candle-Jar-Custom-Candle-Vessel-Wholesale-4-660x660.webp 660w\" sizes=\"(max-width: 800px) 100vw, 800px\" \/><\/figure>\n<\/div>\n<\/div>\n\n\n\n<p><\/p>","protected":false},"excerpt":{"rendered":"<p>Nous vous invitons \u00e0 acheter en gros des photophores en c\u00e9ramique. Ces photophores mats en gros ont une texture d\u00e9licate et leur design g\u00e9om\u00e9trique leur conf\u00e8re un aspect simple et \u00e9l\u00e9gant. La combinaison de couleurs douces peut facilement se fondre dans diff\u00e9rents styles d'int\u00e9rieur et rehausser le go\u00fbt de l'espace. En g\u00e9n\u00e9ral, ces photophores en c\u00e9ramique ont non seulement une belle apparence, mais aussi une grande praticit\u00e9 et une bonne durabilit\u00e9, ce qui en fait un bon choix pour la d\u00e9coration de la maison.<\/p>","protected":false},"featured_media":6356,"comment_status":"closed","ping_status":"closed","template":"","meta":{"_acf_changed":false},"product_brand":[],"product_cat":[52],"product_tag":[66],"class_list":{"0":"post-6354","1":"product","2":"type-product","3":"status-publish","4":"has-post-thumbnail","6":"product_cat-wholesale-candle-containers","7":"product_tag-candle-jars-wholesale","9":"first","10":"instock","11":"shipping-taxable","12":"product-type-simple"},"acf":[],"_links":{"self":[{"href":"https:\/\/jinhuaceramic.com\/fr\/wp-json\/wp\/v2\/product\/6354","targetHints":{"allow":["GET"]}}],"collection":[{"href":"https:\/\/jinhuaceramic.com\/fr\/wp-json\/wp\/v2\/product"}],"about":[{"href":"https:\/\/jinhuaceramic.com\/fr\/wp-json\/wp\/v2\/types\/product"}],"replies":[{"embeddable":true,"href":"https:\/\/jinhuaceramic.com\/fr\/wp-json\/wp\/v2\/comments?post=6354"}],"version-history":[{"count":0,"href":"https:\/\/jinhuaceramic.com\/fr\/wp-json\/wp\/v2\/product\/6354\/revisions"}],"wp:featuredmedia":[{"embeddable":true,"href":"https:\/\/jinhuaceramic.com\/fr\/wp-json\/wp\/v2\/media\/6356"}],"wp:attachment":[{"href":"https:\/\/jinhuaceramic.com\/fr\/wp-json\/wp\/v2\/media?parent=6354"}],"wp:term":[{"taxonomy":"product_brand","embeddable":true,"href":"https:\/\/jinhuaceramic.com\/fr\/wp-json\/wp\/v2\/product_brand?post=6354"},{"taxonomy":"product_cat","embeddable":true,"href":"https:\/\/jinhuaceramic.com\/fr\/wp-json\/wp\/v2\/product_cat?post=6354"},{"taxonomy":"product_tag","embeddable":true,"href":"https:\/\/jinhuaceramic.com\/fr\/wp-json\/wp\/v2\/product_tag?post=6354"}],"curies":[{"name":"wp","href":"https:\/\/api.w.org\/{rel}","templated":true}]}}