{"id":6364,"date":"2024-10-11T02:38:56","date_gmt":"2024-10-11T02:38:56","guid":{"rendered":"https:\/\/jinhuaceramic.com\/?post_type=product&#038;p=6364"},"modified":"2024-10-11T02:38:58","modified_gmt":"2024-10-11T02:38:58","slug":"candle-jars-wholesale-with-lids","status":"publish","type":"product","link":"https:\/\/jinhuaceramic.com\/fr\/product\/candle-jars-wholesale-with-lids\/","title":{"rendered":"Pots \u00e0 bougie en c\u00e9ramique Chic Wholesale With Lids, Bulk Candle Vessels (Vases \u00e0 bougie en vrac)"},"content":{"rendered":"<div class=\"wp-block-columns is-layout-flex wp-container-core-columns-is-layout-9d6595d7 wp-block-columns-is-layout-flex\">\n<div class=\"wp-block-column is-layout-flow wp-block-column-is-layout-flow\">\n<h3 class=\"wp-block-heading\">Pots de bougie de qualit\u00e9 sup\u00e9rieure avec couvercles Caract\u00e9ristiques :<\/h3>\n\n\n\n<ul class=\"wp-block-list\">\n<li><strong>Design minimaliste : <\/strong>Ces photophores en c\u00e9ramique avec couvercle pr\u00e9sentent un design cylindrique minimaliste, et les couleurs noir et blanc sont tr\u00e8s simples et \u00e9l\u00e9gantes, convenant \u00e0 une vari\u00e9t\u00e9 de styles d'int\u00e9rieur. L'embellissement du couvercle en bambou ajoute une touche de nature. Le pot en c\u00e9ramique pr\u00e9sente \u00e9galement une texture subtile qui le rend plus sophistiqu\u00e9.<\/li>\n\n\n\n<li><strong>Mat\u00e9riau de premi\u00e8re qualit\u00e9 : <\/strong>Ces r\u00e9cipients pour bougies en vrac sont fabriqu\u00e9s en argile c\u00e9ramique de haute qualit\u00e9 cuite \u00e0 haute temp\u00e9rature. Ils pr\u00e9sentent donc une bonne r\u00e9sistance \u00e0 la chaleur et peuvent supporter la temp\u00e9rature \u00e9lev\u00e9e g\u00e9n\u00e9r\u00e9e par la combustion des bougies. Ils ne sont pas faciles \u00e0 d\u00e9former ou \u00e0 fissurer, ce qui garantit une utilisation s\u00fbre.<\/li>\n\n\n\n<li><strong>Couvercle pratique en bambou :<\/strong> Ces r\u00e9cipients pour bougies en vrac sont \u00e9quip\u00e9s d'un couvercle en bambou herm\u00e9tique, qui permet de conserver le parfum de la bougie, d'emp\u00eacher la poussi\u00e8re et d'autres salissures de tomber \u00e0 l'int\u00e9rieur, et de pr\u00e9server la qualit\u00e9 de la bougie lorsqu'elle n'est pas utilis\u00e9e.<\/li>\n\n\n\n<li><strong>Vente en gros et personnalisation :<\/strong> Notre usine offre des remises sur les commandes en gros pour r\u00e9pondre aux besoins des marchands cherchant \u00e0 acheter en gros des pots \u00e0 bougie en c\u00e9ramique avec couvercles \u00e0 grande \u00e9chelle. En outre, nous fournissons des services de personnalisation, permettant aux clients d'adapter les couleurs, les tailles, les motifs, etc. pour cr\u00e9er des bougies parfum\u00e9es uniques convenant \u00e0 leurs propres marques.<\/li>\n<\/ul>\n<\/div>\n\n\n\n<div class=\"wp-block-column is-layout-flow wp-block-column-is-layout-flow\">\n<figure class=\"wp-block-image size-full\"><img fetchpriority=\"high\" decoding=\"async\" width=\"750\" height=\"750\" src=\"https:\/\/jinhuaceramic.com\/wp-content\/uploads\/2024\/10\/Minimalist-Ceramic-Candle-Jar-With-Bamboo-Lid-Wholesale-Candle-Container-4.webp\" alt=\"Pots \u00e0 bougie en c\u00e9ramique Chic Wholesale With Lids, Bulk Candle Vessels-1 (Pots \u00e0 bougie en vrac avec couvercles)\" class=\"wp-image-6367\" srcset=\"https:\/\/jinhuaceramic.com\/wp-content\/uploads\/2024\/10\/Minimalist-Ceramic-Candle-Jar-With-Bamboo-Lid-Wholesale-Candle-Container-4.webp 750w, https:\/\/jinhuaceramic.com\/wp-content\/uploads\/2024\/10\/Minimalist-Ceramic-Candle-Jar-With-Bamboo-Lid-Wholesale-Candle-Container-4-300x300.webp 300w, https:\/\/jinhuaceramic.com\/wp-content\/uploads\/2024\/10\/Minimalist-Ceramic-Candle-Jar-With-Bamboo-Lid-Wholesale-Candle-Container-4-150x150.webp 150w, https:\/\/jinhuaceramic.com\/wp-content\/uploads\/2024\/10\/Minimalist-Ceramic-Candle-Jar-With-Bamboo-Lid-Wholesale-Candle-Container-4-12x12.webp 12w, https:\/\/jinhuaceramic.com\/wp-content\/uploads\/2024\/10\/Minimalist-Ceramic-Candle-Jar-With-Bamboo-Lid-Wholesale-Candle-Container-4-285x285.webp 285w, https:\/\/jinhuaceramic.com\/wp-content\/uploads\/2024\/10\/Minimalist-Ceramic-Candle-Jar-With-Bamboo-Lid-Wholesale-Candle-Container-4-270x270.webp 270w, https:\/\/jinhuaceramic.com\/wp-content\/uploads\/2024\/10\/Minimalist-Ceramic-Candle-Jar-With-Bamboo-Lid-Wholesale-Candle-Container-4-540x540.webp 540w, https:\/\/jinhuaceramic.com\/wp-content\/uploads\/2024\/10\/Minimalist-Ceramic-Candle-Jar-With-Bamboo-Lid-Wholesale-Candle-Container-4-660x660.webp 660w\" sizes=\"(max-width: 750px) 100vw, 750px\" \/><\/figure>\n<\/div>\n<\/div>","protected":false},"excerpt":{"rendered":"<p>Nous vous invitons \u00e0 acheter des photophores en vrac. Nos photophores en c\u00e9ramique avec couvercle sont tr\u00e8s bien accueillis par le march\u00e9. Ces pots \u00e0 bougie en c\u00e9ramique en gros adoptent un design exquis, des mat\u00e9riaux de haute qualit\u00e9, une large applicabilit\u00e9 et des avantages en gros, fournissant un choix de produit id\u00e9al pour les fabricants de bougies d'aromath\u00e9rapie, apportant plus de possibilit\u00e9s d\u00e9coratives pour diverses occasions.<\/p>","protected":false},"featured_media":6369,"comment_status":"closed","ping_status":"closed","template":"","meta":{"_acf_changed":false},"product_brand":[],"product_cat":[52],"product_tag":[67],"class_list":{"0":"post-6364","1":"product","2":"type-product","3":"status-publish","4":"has-post-thumbnail","6":"product_cat-wholesale-candle-containers","7":"product_tag-bulk-candle-jars-with-lids","9":"first","10":"instock","11":"shipping-taxable","12":"product-type-simple"},"acf":[],"_links":{"self":[{"href":"https:\/\/jinhuaceramic.com\/fr\/wp-json\/wp\/v2\/product\/6364","targetHints":{"allow":["GET"]}}],"collection":[{"href":"https:\/\/jinhuaceramic.com\/fr\/wp-json\/wp\/v2\/product"}],"about":[{"href":"https:\/\/jinhuaceramic.com\/fr\/wp-json\/wp\/v2\/types\/product"}],"replies":[{"embeddable":true,"href":"https:\/\/jinhuaceramic.com\/fr\/wp-json\/wp\/v2\/comments?post=6364"}],"version-history":[{"count":0,"href":"https:\/\/jinhuaceramic.com\/fr\/wp-json\/wp\/v2\/product\/6364\/revisions"}],"wp:featuredmedia":[{"embeddable":true,"href":"https:\/\/jinhuaceramic.com\/fr\/wp-json\/wp\/v2\/media\/6369"}],"wp:attachment":[{"href":"https:\/\/jinhuaceramic.com\/fr\/wp-json\/wp\/v2\/media?parent=6364"}],"wp:term":[{"taxonomy":"product_brand","embeddable":true,"href":"https:\/\/jinhuaceramic.com\/fr\/wp-json\/wp\/v2\/product_brand?post=6364"},{"taxonomy":"product_cat","embeddable":true,"href":"https:\/\/jinhuaceramic.com\/fr\/wp-json\/wp\/v2\/product_cat?post=6364"},{"taxonomy":"product_tag","embeddable":true,"href":"https:\/\/jinhuaceramic.com\/fr\/wp-json\/wp\/v2\/product_tag?post=6364"}],"curies":[{"name":"wp","href":"https:\/\/api.w.org\/{rel}","templated":true}]}}