{"id":6393,"date":"2024-10-12T06:14:08","date_gmt":"2024-10-12T06:14:08","guid":{"rendered":"https:\/\/jinhuaceramic.com\/?post_type=product&#038;p=6393"},"modified":"2024-10-15T07:22:55","modified_gmt":"2024-10-15T07:22:55","slug":"wholesale-candle-containers","status":"publish","type":"product","link":"https:\/\/jinhuaceramic.com\/fr\/product\/wholesale-candle-containers\/","title":{"rendered":"R\u00e9cipients de bougie en forme de tulipe, r\u00e9cipients de bougie vides en c\u00e9ramique en vrac"},"content":{"rendered":"<div class=\"wp-block-columns is-layout-flex wp-container-core-columns-is-layout-9d6595d7 wp-block-columns-is-layout-flex\">\n<div class=\"wp-block-column is-layout-flow wp-block-column-is-layout-flow\">\n<h3 class=\"wp-block-heading\">Premium Wholesale Candle Containers Caract\u00e9ristiques :<\/h3>\n\n\n\n<ul class=\"wp-block-list\">\n<li><strong>Forme unique de tulipe :<\/strong> Ces photophores en gros ont la forme de tulipes, avec des lignes douces et des formes uniques, qui sont plus artistiques et int\u00e9ressantes que les photophores ronds ou carr\u00e9s traditionnels. La texture des p\u00e9tales de tulipe est d\u00e9licate et r\u00e9aliste, ce qui renforce la sensation de tridimensionnalit\u00e9 et de superposition des photophores.<\/li>\n\n\n\n<li><strong>C\u00e9ramique de haute qualit\u00e9 Mat\u00e9riau :<\/strong> Ces r\u00e9cipients \u00e0 bougies vides en vrac sont fabriqu\u00e9s en c\u00e9ramique durable de haute qualit\u00e9, qui peut r\u00e9sister \u00e0 des temp\u00e9ratures \u00e9lev\u00e9es et \u00e9viter les fissures, garantissant ainsi une dur\u00e9e de vie longue et fiable. La surface lisse de la c\u00e9ramique est non seulement \u00e9l\u00e9gante, mais aussi facile \u00e0 nettoyer et \u00e0 entretenir.<\/li>\n\n\n\n<li><strong>Une vari\u00e9t\u00e9 de couleurs :<\/strong> Ces contenants de bougies en gros sont disponibles dans une vari\u00e9t\u00e9 de couleurs, y compris le jaune, le blanc, le brun et le bleu, avec des tons doux et une faible saturation, donnant aux gens une sensation de fra\u00eecheur et de naturel, ce qui convient parfaitement \u00e0 un style d'int\u00e9rieur moderne et simple. En tant que fabricant, nous pouvons \u00e9galement personnaliser d'autres couleurs en fonction des besoins des clients.<\/li>\n\n\n\n<li><strong>R\u00e9utilisable et \u00e9cologique : <\/strong>Une fois les bougies consum\u00e9es, ces r\u00e9cipients vides peuvent \u00eatre transform\u00e9s en porte-brosses de maquillage, porte-stylos ou utilis\u00e9s pour placer de petits objets tels que des cl\u00e9s ou des pi\u00e8ces de monnaie, ce qui est tr\u00e8s pratique. Par rapport aux r\u00e9cipients m\u00e9talliques jetables, les pots en c\u00e9ramique peuvent \u00eatre r\u00e9utilis\u00e9s et sont plus respectueux de l'environnement.<\/li>\n<\/ul>\n<\/div>\n\n\n\n<div class=\"wp-block-column is-layout-flow wp-block-column-is-layout-flow\">\n<figure class=\"wp-block-image size-full\"><img fetchpriority=\"high\" decoding=\"async\" width=\"1600\" height=\"1600\" src=\"https:\/\/jinhuaceramic.com\/wp-content\/uploads\/2024\/10\/Tulip-Shape-Ceramic-Candle-Jars-Wholesale-Empty-Vessel-For-Candle-Making-6.webp\" alt=\"R\u00e9cipients \u00e0 bougie en forme de tulipe, r\u00e9cipients \u00e0 bougie vides en c\u00e9ramique en vrac-2\" class=\"wp-image-6398\" srcset=\"https:\/\/jinhuaceramic.com\/wp-content\/uploads\/2024\/10\/Tulip-Shape-Ceramic-Candle-Jars-Wholesale-Empty-Vessel-For-Candle-Making-6.webp 1600w, https:\/\/jinhuaceramic.com\/wp-content\/uploads\/2024\/10\/Tulip-Shape-Ceramic-Candle-Jars-Wholesale-Empty-Vessel-For-Candle-Making-6-300x300.webp 300w, https:\/\/jinhuaceramic.com\/wp-content\/uploads\/2024\/10\/Tulip-Shape-Ceramic-Candle-Jars-Wholesale-Empty-Vessel-For-Candle-Making-6-150x150.webp 150w, https:\/\/jinhuaceramic.com\/wp-content\/uploads\/2024\/10\/Tulip-Shape-Ceramic-Candle-Jars-Wholesale-Empty-Vessel-For-Candle-Making-6-768x768.webp 768w, https:\/\/jinhuaceramic.com\/wp-content\/uploads\/2024\/10\/Tulip-Shape-Ceramic-Candle-Jars-Wholesale-Empty-Vessel-For-Candle-Making-6-12x12.webp 12w, https:\/\/jinhuaceramic.com\/wp-content\/uploads\/2024\/10\/Tulip-Shape-Ceramic-Candle-Jars-Wholesale-Empty-Vessel-For-Candle-Making-6-285x285.webp 285w, https:\/\/jinhuaceramic.com\/wp-content\/uploads\/2024\/10\/Tulip-Shape-Ceramic-Candle-Jars-Wholesale-Empty-Vessel-For-Candle-Making-6-270x270.webp 270w, https:\/\/jinhuaceramic.com\/wp-content\/uploads\/2024\/10\/Tulip-Shape-Ceramic-Candle-Jars-Wholesale-Empty-Vessel-For-Candle-Making-6-540x540.webp 540w, https:\/\/jinhuaceramic.com\/wp-content\/uploads\/2024\/10\/Tulip-Shape-Ceramic-Candle-Jars-Wholesale-Empty-Vessel-For-Candle-Making-6-660x660.webp 660w\" sizes=\"(max-width: 1600px) 100vw, 1600px\" \/><\/figure>\n<\/div>\n<\/div>","protected":false},"excerpt":{"rendered":"<p>Bienvenue dans l'achat en gros de r\u00e9cipients pour bougies. Ces r\u00e9cipients pour bougies en gros sont appr\u00e9ci\u00e9s pour leur design unique en forme de tulipe, leurs couleurs vari\u00e9es et leur construction durable en c\u00e9ramique. La combinaison d'une belle apparence et d'un aspect pratique fait de ces photophores le meilleur choix pour la d\u00e9coration de la maison.<\/p>","protected":false},"featured_media":6395,"comment_status":"closed","ping_status":"closed","template":"","meta":{"_acf_changed":false},"product_brand":[],"product_cat":[52],"product_tag":[66],"class_list":{"0":"post-6393","1":"product","2":"type-product","3":"status-publish","4":"has-post-thumbnail","6":"product_cat-wholesale-candle-containers","7":"product_tag-candle-jars-wholesale","9":"first","10":"instock","11":"shipping-taxable","12":"product-type-simple"},"acf":[],"_links":{"self":[{"href":"https:\/\/jinhuaceramic.com\/fr\/wp-json\/wp\/v2\/product\/6393","targetHints":{"allow":["GET"]}}],"collection":[{"href":"https:\/\/jinhuaceramic.com\/fr\/wp-json\/wp\/v2\/product"}],"about":[{"href":"https:\/\/jinhuaceramic.com\/fr\/wp-json\/wp\/v2\/types\/product"}],"replies":[{"embeddable":true,"href":"https:\/\/jinhuaceramic.com\/fr\/wp-json\/wp\/v2\/comments?post=6393"}],"version-history":[{"count":0,"href":"https:\/\/jinhuaceramic.com\/fr\/wp-json\/wp\/v2\/product\/6393\/revisions"}],"wp:featuredmedia":[{"embeddable":true,"href":"https:\/\/jinhuaceramic.com\/fr\/wp-json\/wp\/v2\/media\/6395"}],"wp:attachment":[{"href":"https:\/\/jinhuaceramic.com\/fr\/wp-json\/wp\/v2\/media?parent=6393"}],"wp:term":[{"taxonomy":"product_brand","embeddable":true,"href":"https:\/\/jinhuaceramic.com\/fr\/wp-json\/wp\/v2\/product_brand?post=6393"},{"taxonomy":"product_cat","embeddable":true,"href":"https:\/\/jinhuaceramic.com\/fr\/wp-json\/wp\/v2\/product_cat?post=6393"},{"taxonomy":"product_tag","embeddable":true,"href":"https:\/\/jinhuaceramic.com\/fr\/wp-json\/wp\/v2\/product_tag?post=6393"}],"curies":[{"name":"wp","href":"https:\/\/api.w.org\/{rel}","templated":true}]}}