{"id":6471,"date":"2024-10-15T07:22:08","date_gmt":"2024-10-15T07:22:08","guid":{"rendered":"https:\/\/jinhuaceramic.com\/?post_type=product&#038;p=6471"},"modified":"2024-10-15T07:22:47","modified_gmt":"2024-10-15T07:22:47","slug":"candle-container-wholesale","status":"publish","type":"product","link":"https:\/\/jinhuaceramic.com\/fr\/product\/candle-container-wholesale\/","title":{"rendered":"R\u00e9cipient \u00e0 bougie minimaliste grossiste, R\u00e9cipients \u00e0 bougie de luxe grossiste"},"content":{"rendered":"<div class=\"wp-block-columns is-layout-flex wp-container-core-columns-is-layout-9d6595d7 wp-block-columns-is-layout-flex\">\n<div class=\"wp-block-column is-layout-flow wp-block-column-is-layout-flow\">\n<h3 class=\"wp-block-heading\">Premium Candle Container Wholesale Caract\u00e9ristiques :<\/h3>\n\n\n\n<ul class=\"wp-block-list\">\n<li><strong>Design \u00e9l\u00e9gant :<\/strong> La forme de ce photophore en gros est simple et lisse, mais elle ne perd pas son sens du design. Par rapport aux photophores cylindriques ordinaires, ces photophores en c\u00e9ramique sont dot\u00e9s d'une base sur la partie inf\u00e9rieure. La base pr\u00e9sente une plus grande surface d'appui, ce qui accro\u00eet la stabilit\u00e9 et facilite la pr\u00e9hension. Les lignes arrondies et le design segment\u00e9 conf\u00e8rent une esth\u00e9tique moderne et minimaliste.<\/li>\n\n\n\n<li><strong>Mat\u00e9riau de premi\u00e8re qualit\u00e9 :<\/strong> Ces r\u00e9cipients de luxe minimalistes pour bougies sont fabriqu\u00e9s en argile c\u00e9ramique de haute qualit\u00e9 cuite \u00e0 haute temp\u00e9rature. Ils r\u00e9sistent aux temp\u00e9ratures \u00e9lev\u00e9es et ne sont pas faciles \u00e0 casser ou \u00e0 fissurer, ce qui garantit la s\u00e9curit\u00e9 de la combustion des bougies. Le mat\u00e9riau c\u00e9ramique est non toxique et inoffensif, et il est sain et s\u00fbr pour un usage quotidien.<\/li>\n\n\n\n<li><strong>Couleurs polyvalentes :<\/strong> Ce r\u00e9cipient pour bougies est disponible dans une vari\u00e9t\u00e9 de couleurs, dont le blanc mat, le blanc brillant, le noir, le vert, etc. Ces couleurs sont polyvalentes et donnent une impression de fra\u00eecheur et de haut de gamme, ce qui convient parfaitement \u00e0 un style d'int\u00e9rieur moderne.<\/li>\n\n\n\n<li><strong>R\u00e9utilisable et \u00e9cologique :<\/strong> Ces r\u00e9cipients de luxe pour bougies sont r\u00e9utilisables et respectueux de l'environnement. Une fois la bougie consum\u00e9e, les pots en c\u00e9ramique sont faciles \u00e0 nettoyer et peuvent \u00eatre r\u00e9utilis\u00e9s comme porte-stylos, porte-brosses \u00e0 dents et \u00e0 maquillage, petits vases et autres d\u00e9corations d'int\u00e9rieur.<\/li>\n<\/ul>\n<\/div>\n\n\n\n<div class=\"wp-block-column is-layout-flow wp-block-column-is-layout-flow\">\n<figure class=\"wp-block-image size-full\"><img fetchpriority=\"high\" decoding=\"async\" width=\"800\" height=\"800\" src=\"https:\/\/jinhuaceramic.com\/wp-content\/uploads\/2024\/10\/High-End-Minimalist-Ceramic-Candle-Jar-Wholesale-Empty-Candle-Vessel-6.webp\" alt=\"R\u00e9cipient \u00e0 bougie en gros, R\u00e9cipients \u00e0 bougie de luxe en gros-1\" class=\"wp-image-6476\" srcset=\"https:\/\/jinhuaceramic.com\/wp-content\/uploads\/2024\/10\/High-End-Minimalist-Ceramic-Candle-Jar-Wholesale-Empty-Candle-Vessel-6.webp 800w, https:\/\/jinhuaceramic.com\/wp-content\/uploads\/2024\/10\/High-End-Minimalist-Ceramic-Candle-Jar-Wholesale-Empty-Candle-Vessel-6-300x300.webp 300w, https:\/\/jinhuaceramic.com\/wp-content\/uploads\/2024\/10\/High-End-Minimalist-Ceramic-Candle-Jar-Wholesale-Empty-Candle-Vessel-6-150x150.webp 150w, https:\/\/jinhuaceramic.com\/wp-content\/uploads\/2024\/10\/High-End-Minimalist-Ceramic-Candle-Jar-Wholesale-Empty-Candle-Vessel-6-768x768.webp 768w, https:\/\/jinhuaceramic.com\/wp-content\/uploads\/2024\/10\/High-End-Minimalist-Ceramic-Candle-Jar-Wholesale-Empty-Candle-Vessel-6-12x12.webp 12w, https:\/\/jinhuaceramic.com\/wp-content\/uploads\/2024\/10\/High-End-Minimalist-Ceramic-Candle-Jar-Wholesale-Empty-Candle-Vessel-6-285x285.webp 285w, https:\/\/jinhuaceramic.com\/wp-content\/uploads\/2024\/10\/High-End-Minimalist-Ceramic-Candle-Jar-Wholesale-Empty-Candle-Vessel-6-270x270.webp 270w, https:\/\/jinhuaceramic.com\/wp-content\/uploads\/2024\/10\/High-End-Minimalist-Ceramic-Candle-Jar-Wholesale-Empty-Candle-Vessel-6-540x540.webp 540w, https:\/\/jinhuaceramic.com\/wp-content\/uploads\/2024\/10\/High-End-Minimalist-Ceramic-Candle-Jar-Wholesale-Empty-Candle-Vessel-6-660x660.webp 660w\" sizes=\"(max-width: 800px) 100vw, 800px\" \/><\/figure>\n<\/div>\n<\/div>","protected":false},"excerpt":{"rendered":"<p>Bienvenue sur le site d'achat en gros de r\u00e9cipients \u00e0 bougies. Ces r\u00e9cipients de luxe pour bougies sont appr\u00e9ci\u00e9s pour leur design \u00e9l\u00e9gant, leur construction en c\u00e9ramique solide et leur vari\u00e9t\u00e9 de couleurs. En tant que fabricant, nous proposons \u00e9galement des services de personnalisation. Nous pouvons modifier la forme, la couleur, le logo, la taille, le motif, etc. selon les exigences du client pour cr\u00e9er un photophore unique et exclusif.\u00a0<\/p>","protected":false},"featured_media":6473,"comment_status":"closed","ping_status":"closed","template":"","meta":{"_acf_changed":false},"product_brand":[],"product_cat":[52],"product_tag":[66],"class_list":{"0":"post-6471","1":"product","2":"type-product","3":"status-publish","4":"has-post-thumbnail","6":"product_cat-wholesale-candle-containers","7":"product_tag-candle-jars-wholesale","9":"first","10":"instock","11":"shipping-taxable","12":"product-type-simple"},"acf":[],"_links":{"self":[{"href":"https:\/\/jinhuaceramic.com\/fr\/wp-json\/wp\/v2\/product\/6471","targetHints":{"allow":["GET"]}}],"collection":[{"href":"https:\/\/jinhuaceramic.com\/fr\/wp-json\/wp\/v2\/product"}],"about":[{"href":"https:\/\/jinhuaceramic.com\/fr\/wp-json\/wp\/v2\/types\/product"}],"replies":[{"embeddable":true,"href":"https:\/\/jinhuaceramic.com\/fr\/wp-json\/wp\/v2\/comments?post=6471"}],"version-history":[{"count":0,"href":"https:\/\/jinhuaceramic.com\/fr\/wp-json\/wp\/v2\/product\/6471\/revisions"}],"wp:featuredmedia":[{"embeddable":true,"href":"https:\/\/jinhuaceramic.com\/fr\/wp-json\/wp\/v2\/media\/6473"}],"wp:attachment":[{"href":"https:\/\/jinhuaceramic.com\/fr\/wp-json\/wp\/v2\/media?parent=6471"}],"wp:term":[{"taxonomy":"product_brand","embeddable":true,"href":"https:\/\/jinhuaceramic.com\/fr\/wp-json\/wp\/v2\/product_brand?post=6471"},{"taxonomy":"product_cat","embeddable":true,"href":"https:\/\/jinhuaceramic.com\/fr\/wp-json\/wp\/v2\/product_cat?post=6471"},{"taxonomy":"product_tag","embeddable":true,"href":"https:\/\/jinhuaceramic.com\/fr\/wp-json\/wp\/v2\/product_tag?post=6471"}],"curies":[{"name":"wp","href":"https:\/\/api.w.org\/{rel}","templated":true}]}}