{"id":6647,"date":"2024-10-16T09:16:48","date_gmt":"2024-10-16T09:16:48","guid":{"rendered":"https:\/\/jinhuaceramic.com\/?post_type=product&#038;p=6647"},"modified":"2024-10-18T00:55:14","modified_gmt":"2024-10-18T00:55:14","slug":"wholesale-ceramic-soap-dishes","status":"publish","type":"product","link":"https:\/\/jinhuaceramic.com\/fr\/product\/wholesale-ceramic-soap-dishes\/","title":{"rendered":"Distributeur de savon en c\u00e9ramique avec drain, distributeur de savon en marbre pour baignoire en vrac"},"content":{"rendered":"<div class=\"wp-block-columns is-layout-flex wp-container-core-columns-is-layout-9d6595d7 wp-block-columns-is-layout-flex\">\n<div class=\"wp-block-column is-layout-flow wp-block-column-is-layout-flow\">\n<h3 class=\"wp-block-heading\">Plats \u00e0 savon en c\u00e9ramique de premi\u00e8re qualit\u00e9 en gros Caract\u00e9ristiques :<\/h3>\n\n\n\n<ul class=\"wp-block-list\">\n<li><strong>Design unique : <\/strong>Le design de ces porte-savons en c\u00e9ramique est tr\u00e8s unique, ils adoptent la forme de feuilles, les lignes sont douces et naturelles, donnant aux gens une sensation de fra\u00eecheur et de naturel. Le porte-savon est disponible en trois couleurs : noir, blanc et vert. Toutes les couleurs sont embellies par des motifs de marbre dor\u00e9 sur la surface, ajoutant une touche de luxe et de sophistication, qui peut rehausser le style de la salle de bains.<\/li>\n\n\n\n<li><strong>Bon drainage :<\/strong> Les bords de ce porte-savon en vrac pour baignoire sont l\u00e9g\u00e8rement sur\u00e9lev\u00e9s, ce qui emp\u00eache efficacement le savon de glisser. Le support au bas du porte-savon soul\u00e8ve le porte-savon, et la conception inclin\u00e9e, associ\u00e9e \u00e0 des trous de drainage sp\u00e9ciaux, peut rapidement drainer l'eau r\u00e9siduelle sur le savon, emp\u00eachant le savon de devenir mou et prolongeant la dur\u00e9e de vie du savon.<\/li>\n\n\n\n<li><strong>Mat\u00e9riau de haute qualit\u00e9 :<\/strong> Ces porte-savons en marbre et en c\u00e9ramique sont fabriqu\u00e9s \u00e0 partir de mat\u00e9riaux c\u00e9ramiques de haute qualit\u00e9, qui sont durs, r\u00e9sistants \u00e0 l'usure, ne s'ab\u00eement pas facilement et ont une longue dur\u00e9e de vie. La c\u00e9ramique est un mat\u00e9riau naturel qui ne contient pas de produits chimiques et qui est inoffensif pour la sant\u00e9 humaine.<\/li>\n\n\n\n<li><strong>Facile \u00e0 nettoyer :<\/strong> Ces porte-savons en c\u00e9ramique pour baignoire ont une surface lisse et d\u00e9licate qui n'abrite pas la salet\u00e9. Ils peuvent \u00eatre rinc\u00e9s \u00e0 l'eau claire et sont tr\u00e8s faciles \u00e0 nettoyer.<\/li>\n<\/ul>\n<\/div>\n\n\n\n<div class=\"wp-block-column is-layout-flow wp-block-column-is-layout-flow\">\n<figure class=\"wp-block-image size-full\"><img fetchpriority=\"high\" decoding=\"async\" width=\"800\" height=\"800\" src=\"https:\/\/jinhuaceramic.com\/wp-content\/uploads\/2024\/10\/Wholesale-Marble-Ceramic-Soap-Holder-Bulk-Bathroom-Soap-Dish-Custom-4.webp\" alt=\"Wholesale Ceramic Soap Dishes With Drain, Marble Bathtub Soap Dish Bulk-1 (Pot \u00e0 savon en c\u00e9ramique avec drain)\" class=\"wp-image-6650\" srcset=\"https:\/\/jinhuaceramic.com\/wp-content\/uploads\/2024\/10\/Wholesale-Marble-Ceramic-Soap-Holder-Bulk-Bathroom-Soap-Dish-Custom-4.webp 800w, https:\/\/jinhuaceramic.com\/wp-content\/uploads\/2024\/10\/Wholesale-Marble-Ceramic-Soap-Holder-Bulk-Bathroom-Soap-Dish-Custom-4-300x300.webp 300w, https:\/\/jinhuaceramic.com\/wp-content\/uploads\/2024\/10\/Wholesale-Marble-Ceramic-Soap-Holder-Bulk-Bathroom-Soap-Dish-Custom-4-150x150.webp 150w, https:\/\/jinhuaceramic.com\/wp-content\/uploads\/2024\/10\/Wholesale-Marble-Ceramic-Soap-Holder-Bulk-Bathroom-Soap-Dish-Custom-4-768x768.webp 768w, https:\/\/jinhuaceramic.com\/wp-content\/uploads\/2024\/10\/Wholesale-Marble-Ceramic-Soap-Holder-Bulk-Bathroom-Soap-Dish-Custom-4-12x12.webp 12w, https:\/\/jinhuaceramic.com\/wp-content\/uploads\/2024\/10\/Wholesale-Marble-Ceramic-Soap-Holder-Bulk-Bathroom-Soap-Dish-Custom-4-285x285.webp 285w, https:\/\/jinhuaceramic.com\/wp-content\/uploads\/2024\/10\/Wholesale-Marble-Ceramic-Soap-Holder-Bulk-Bathroom-Soap-Dish-Custom-4-270x270.webp 270w, https:\/\/jinhuaceramic.com\/wp-content\/uploads\/2024\/10\/Wholesale-Marble-Ceramic-Soap-Holder-Bulk-Bathroom-Soap-Dish-Custom-4-540x540.webp 540w, https:\/\/jinhuaceramic.com\/wp-content\/uploads\/2024\/10\/Wholesale-Marble-Ceramic-Soap-Holder-Bulk-Bathroom-Soap-Dish-Custom-4-660x660.webp 660w\" sizes=\"(max-width: 800px) 100vw, 800px\" \/><\/figure>\n<\/div>\n<\/div>\n\n\n\n<p><\/p>","protected":false},"excerpt":{"rendered":"<p>Bienvenue pour l'achat en gros de porte-savon pour baignoire. Ces porte-savons en c\u00e9ramique en gros ont un design unique, une forte fonction de drainage, et le mat\u00e9riau c\u00e9ramique est durable et facile \u00e0 nettoyer. Alliant esth\u00e9tique et praticit\u00e9, ces porte-savons en c\u00e9ramique sont un excellent choix pour la d\u00e9coration de la salle de bains.<\/p>","protected":false},"featured_media":6651,"comment_status":"closed","ping_status":"closed","template":"","meta":{"_acf_changed":false},"product_brand":[],"product_cat":[51],"product_tag":[72],"class_list":{"0":"post-6647","1":"product","2":"type-product","3":"status-publish","4":"has-post-thumbnail","6":"product_cat-bathroom-accessories-wholesale","7":"product_tag-wholesale-soap-dishes","9":"first","10":"instock","11":"shipping-taxable","12":"product-type-simple"},"acf":[],"_links":{"self":[{"href":"https:\/\/jinhuaceramic.com\/fr\/wp-json\/wp\/v2\/product\/6647","targetHints":{"allow":["GET"]}}],"collection":[{"href":"https:\/\/jinhuaceramic.com\/fr\/wp-json\/wp\/v2\/product"}],"about":[{"href":"https:\/\/jinhuaceramic.com\/fr\/wp-json\/wp\/v2\/types\/product"}],"replies":[{"embeddable":true,"href":"https:\/\/jinhuaceramic.com\/fr\/wp-json\/wp\/v2\/comments?post=6647"}],"version-history":[{"count":0,"href":"https:\/\/jinhuaceramic.com\/fr\/wp-json\/wp\/v2\/product\/6647\/revisions"}],"wp:featuredmedia":[{"embeddable":true,"href":"https:\/\/jinhuaceramic.com\/fr\/wp-json\/wp\/v2\/media\/6651"}],"wp:attachment":[{"href":"https:\/\/jinhuaceramic.com\/fr\/wp-json\/wp\/v2\/media?parent=6647"}],"wp:term":[{"taxonomy":"product_brand","embeddable":true,"href":"https:\/\/jinhuaceramic.com\/fr\/wp-json\/wp\/v2\/product_brand?post=6647"},{"taxonomy":"product_cat","embeddable":true,"href":"https:\/\/jinhuaceramic.com\/fr\/wp-json\/wp\/v2\/product_cat?post=6647"},{"taxonomy":"product_tag","embeddable":true,"href":"https:\/\/jinhuaceramic.com\/fr\/wp-json\/wp\/v2\/product_tag?post=6647"}],"curies":[{"name":"wp","href":"https:\/\/api.w.org\/{rel}","templated":true}]}}