{"id":6660,"date":"2024-10-18T00:54:08","date_gmt":"2024-10-18T00:54:08","guid":{"rendered":"https:\/\/jinhuaceramic.com\/?post_type=product&#038;p=6660"},"modified":"2024-10-18T00:55:10","modified_gmt":"2024-10-18T00:55:10","slug":"bulk-soap-dishes","status":"publish","type":"product","link":"https:\/\/jinhuaceramic.com\/fr\/product\/bulk-soap-dishes\/","title":{"rendered":"Porte-savon de luxe en vrac \u00e0 double couche pour salle de bain d'h\u00f4tel"},"content":{"rendered":"<div class=\"wp-block-columns is-layout-flex wp-container-core-columns-is-layout-9d6595d7 wp-block-columns-is-layout-flex\">\n<div class=\"wp-block-column is-layout-flow wp-block-column-is-layout-flow\">\n<h3 class=\"wp-block-heading\">Premium Bulk Soap Dishes Caract\u00e9ristiques :<\/h3>\n\n\n\n<ul class=\"wp-block-list\">\n<li><strong>Conception \u00e0 double couche :<\/strong> Ces porte-savons en c\u00e9ramique en vrac adoptent un concept d'empilement des couches sup\u00e9rieures et inf\u00e9rieures. Non seulement il augmente l'espace de stockage, mais il peut \u00e9galement contenir diff\u00e9rents types de savons ou d'autres petits objets en m\u00eame temps, ce qui le rend plus pratique. Outre le porte-savon \u00e0 double couche, il existe \u00e9galement des porte-savons traditionnels \u00e0 couche unique, que les clients peuvent choisir en fonction de leurs propres besoins.<\/li>\n\n\n\n<li><strong>Combinaison de c\u00e9ramique et de m\u00e9tal :<\/strong> Le plateau de ce porte-savon de luxe pour baignoire est en c\u00e9ramique, avec une surface lisse et d\u00e9licate et une texture extraordinaire. Le support est en m\u00e9tal dor\u00e9, ce qui ajoute \u00e0 l'impression g\u00e9n\u00e9rale de luxe et de modernit\u00e9. La combinaison astucieuse des deux mat\u00e9riaux rend le produit plus design.<\/li>\n\n\n\n<li><strong>Impression personnalis\u00e9e : <\/strong>Ces porte-savons en c\u00e9ramique sont imprim\u00e9s des mots dor\u00e9s \"La nature est chaleureuse\", ajoutant une touche d'atmosph\u00e8re litt\u00e9raire et exprimant l'amour de la nature. Ce design personnalis\u00e9 rend le produit plus distinctif.<\/li>\n\n\n\n<li><strong>Bon drainage :<\/strong> Les bords de ce porte-savon pour baignoire adoptent un design a\u00e9rodynamique, qui est non seulement beau, mais qui peut aussi emp\u00eacher efficacement le savon de glisser. Parall\u00e8lement, le fond du plateau est \u00e9galement con\u00e7u avec un angle inclin\u00e9 pour aider l'eau \u00e0 s'\u00e9couler rapidement et garder le savon au sec.<\/li>\n<\/ul>\n<\/div>\n\n\n\n<div class=\"wp-block-column is-layout-flow wp-block-column-is-layout-flow\">\n<figure class=\"wp-block-image size-full\"><img fetchpriority=\"high\" decoding=\"async\" width=\"800\" height=\"800\" src=\"https:\/\/jinhuaceramic.com\/wp-content\/uploads\/2024\/10\/Wholesale-Luxury-double-Layer-Ceramic-Soap-Dish-For-Hotel-Bathroom-In-Bulk-6.webp\" alt=\"Porte-savon de luxe en vrac \u00e0 double couche pour salle de bain d&#039;h\u00f4tel-1\" class=\"wp-image-6665\" srcset=\"https:\/\/jinhuaceramic.com\/wp-content\/uploads\/2024\/10\/Wholesale-Luxury-double-Layer-Ceramic-Soap-Dish-For-Hotel-Bathroom-In-Bulk-6.webp 800w, https:\/\/jinhuaceramic.com\/wp-content\/uploads\/2024\/10\/Wholesale-Luxury-double-Layer-Ceramic-Soap-Dish-For-Hotel-Bathroom-In-Bulk-6-300x300.webp 300w, https:\/\/jinhuaceramic.com\/wp-content\/uploads\/2024\/10\/Wholesale-Luxury-double-Layer-Ceramic-Soap-Dish-For-Hotel-Bathroom-In-Bulk-6-150x150.webp 150w, https:\/\/jinhuaceramic.com\/wp-content\/uploads\/2024\/10\/Wholesale-Luxury-double-Layer-Ceramic-Soap-Dish-For-Hotel-Bathroom-In-Bulk-6-768x768.webp 768w, https:\/\/jinhuaceramic.com\/wp-content\/uploads\/2024\/10\/Wholesale-Luxury-double-Layer-Ceramic-Soap-Dish-For-Hotel-Bathroom-In-Bulk-6-12x12.webp 12w, https:\/\/jinhuaceramic.com\/wp-content\/uploads\/2024\/10\/Wholesale-Luxury-double-Layer-Ceramic-Soap-Dish-For-Hotel-Bathroom-In-Bulk-6-285x285.webp 285w, https:\/\/jinhuaceramic.com\/wp-content\/uploads\/2024\/10\/Wholesale-Luxury-double-Layer-Ceramic-Soap-Dish-For-Hotel-Bathroom-In-Bulk-6-270x270.webp 270w, https:\/\/jinhuaceramic.com\/wp-content\/uploads\/2024\/10\/Wholesale-Luxury-double-Layer-Ceramic-Soap-Dish-For-Hotel-Bathroom-In-Bulk-6-540x540.webp 540w, https:\/\/jinhuaceramic.com\/wp-content\/uploads\/2024\/10\/Wholesale-Luxury-double-Layer-Ceramic-Soap-Dish-For-Hotel-Bathroom-In-Bulk-6-660x660.webp 660w\" sizes=\"(max-width: 800px) 100vw, 800px\" \/><\/figure>\n<\/div>\n<\/div>","protected":false},"excerpt":{"rendered":"<p>Bienvenue sur le site d'achat en gros de porte-savon pour baignoire. Le design de ces porte-savons en vrac combine parfaitement la praticit\u00e9 et la beaut\u00e9, ce qui peut non seulement r\u00e9pondre aux besoins de l'utilisation quotidienne, mais aussi am\u00e9liorer le style g\u00e9n\u00e9ral de la salle de bains. Son design unique \u00e0 double couche, la combinaison de mat\u00e9riaux en c\u00e9ramique et en m\u00e9tal, l'aspect \u00e9pur\u00e9 et l'impression personnalis\u00e9e en font un produit tr\u00e8s attrayant.<\/p>","protected":false},"featured_media":6664,"comment_status":"closed","ping_status":"closed","template":"","meta":{"_acf_changed":false},"product_brand":[],"product_cat":[51],"product_tag":[72],"class_list":{"0":"post-6660","1":"product","2":"type-product","3":"status-publish","4":"has-post-thumbnail","6":"product_cat-bathroom-accessories-wholesale","7":"product_tag-wholesale-soap-dishes","9":"first","10":"instock","11":"shipping-taxable","12":"product-type-simple"},"acf":[],"_links":{"self":[{"href":"https:\/\/jinhuaceramic.com\/fr\/wp-json\/wp\/v2\/product\/6660","targetHints":{"allow":["GET"]}}],"collection":[{"href":"https:\/\/jinhuaceramic.com\/fr\/wp-json\/wp\/v2\/product"}],"about":[{"href":"https:\/\/jinhuaceramic.com\/fr\/wp-json\/wp\/v2\/types\/product"}],"replies":[{"embeddable":true,"href":"https:\/\/jinhuaceramic.com\/fr\/wp-json\/wp\/v2\/comments?post=6660"}],"version-history":[{"count":0,"href":"https:\/\/jinhuaceramic.com\/fr\/wp-json\/wp\/v2\/product\/6660\/revisions"}],"wp:featuredmedia":[{"embeddable":true,"href":"https:\/\/jinhuaceramic.com\/fr\/wp-json\/wp\/v2\/media\/6664"}],"wp:attachment":[{"href":"https:\/\/jinhuaceramic.com\/fr\/wp-json\/wp\/v2\/media?parent=6660"}],"wp:term":[{"taxonomy":"product_brand","embeddable":true,"href":"https:\/\/jinhuaceramic.com\/fr\/wp-json\/wp\/v2\/product_brand?post=6660"},{"taxonomy":"product_cat","embeddable":true,"href":"https:\/\/jinhuaceramic.com\/fr\/wp-json\/wp\/v2\/product_cat?post=6660"},{"taxonomy":"product_tag","embeddable":true,"href":"https:\/\/jinhuaceramic.com\/fr\/wp-json\/wp\/v2\/product_tag?post=6660"}],"curies":[{"name":"wp","href":"https:\/\/api.w.org\/{rel}","templated":true}]}}