{"id":6689,"date":"2024-10-19T01:15:43","date_gmt":"2024-10-19T01:15:43","guid":{"rendered":"https:\/\/jinhuaceramic.com\/?post_type=product&#038;p=6689"},"modified":"2024-10-19T01:16:11","modified_gmt":"2024-10-19T01:16:11","slug":"bulk-soap-dispensers","status":"publish","type":"product","link":"https:\/\/jinhuaceramic.com\/fr\/product\/bulk-soap-dispensers\/","title":{"rendered":"Distributeurs de savon de luxe en c\u00e9ramique, Distributeurs de lotion en gros"},"content":{"rendered":"<div class=\"wp-block-columns is-layout-flex wp-container-core-columns-is-layout-9d6595d7 wp-block-columns-is-layout-flex\">\n<div class=\"wp-block-column is-layout-flow wp-block-column-is-layout-flow\">\n<h3 class=\"wp-block-heading\">Distributeurs de savon en vrac Premium Caract\u00e9ristiques :<\/h3>\n\n\n\n<ul class=\"wp-block-list\">\n<li><strong>\u00c9l\u00e9gant et beau :<\/strong> Ces distributeurs de savon en vrac en c\u00e9ramique pr\u00e9sentent le populaire motif terrazzo, color\u00e9 et vibrant, qui rompt avec le design monotone des bouteilles de savon traditionnelles et ajoute une touche de mode \u00e0 la salle de bains. En m\u00eame temps, la t\u00eate de pompe dor\u00e9e ajoute une touche de luxe au distributeur de savon, le rendant plus haut de gamme.<\/li>\n\n\n\n<li><strong>Mat\u00e9riau de haute qualit\u00e9 :<\/strong> Ces distributeurs de lotion de luxe sont fabriqu\u00e9s en c\u00e9ramique de haute qualit\u00e9, qui est dure et durable, ne s'ab\u00eeme pas facilement et peut \u00eatre utilis\u00e9e pendant longtemps. Une bonne \u00e9tanch\u00e9it\u00e9 permet d'\u00e9viter les fuites de liquide et de garder la salle de bain en ordre.<\/li>\n\n\n\n<li><strong>Diff\u00e9rents styles :<\/strong> Nos distributeurs de savon en vrac contiennent des bouteilles de diff\u00e9rentes formes et capacit\u00e9s, qui peuvent r\u00e9pondre aux besoins de diff\u00e9rents articles de toilette et enrichir l'espace de la salle de bains. Ils peuvent \u00eatre utilis\u00e9s pour distribuer divers produits de toilette liquides tels que du savon pour les mains, du shampoing, du gel douche, etc. et sont \u00e9galement faciles \u00e0 distinguer.<\/li>\n\n\n\n<li><strong>Respectueux de l'environnement :<\/strong> Ces distributeurs de lotion en c\u00e9ramique ont une surface lisse et d\u00e9licate, sont faciles \u00e0 nettoyer, durables et r\u00e9utilisables, r\u00e9duisant ainsi les d\u00e9chets plastiques et contribuant \u00e0 la protection de l'environnement. Rejetez le plastique, embrassez la nature, et les distributeurs de savon en c\u00e9ramique sont un choix judicieux.<\/li>\n<\/ul>\n<\/div>\n\n\n\n<div class=\"wp-block-column is-layout-flow wp-block-column-is-layout-flow\">\n<figure class=\"wp-block-image size-full\"><img fetchpriority=\"high\" decoding=\"async\" width=\"800\" height=\"800\" src=\"https:\/\/jinhuaceramic.com\/wp-content\/uploads\/2024\/10\/Custom-Luxury-Ceramic-Soap-Dispenser-Bottle-Bathroom-Supplies-Wholesale-7.webp\" alt=\"Distributeurs de savon de luxe en c\u00e9ramique, Distributeurs de lotion Wholesale-1\" class=\"wp-image-6695\" srcset=\"https:\/\/jinhuaceramic.com\/wp-content\/uploads\/2024\/10\/Custom-Luxury-Ceramic-Soap-Dispenser-Bottle-Bathroom-Supplies-Wholesale-7.webp 800w, https:\/\/jinhuaceramic.com\/wp-content\/uploads\/2024\/10\/Custom-Luxury-Ceramic-Soap-Dispenser-Bottle-Bathroom-Supplies-Wholesale-7-300x300.webp 300w, https:\/\/jinhuaceramic.com\/wp-content\/uploads\/2024\/10\/Custom-Luxury-Ceramic-Soap-Dispenser-Bottle-Bathroom-Supplies-Wholesale-7-150x150.webp 150w, https:\/\/jinhuaceramic.com\/wp-content\/uploads\/2024\/10\/Custom-Luxury-Ceramic-Soap-Dispenser-Bottle-Bathroom-Supplies-Wholesale-7-768x768.webp 768w, https:\/\/jinhuaceramic.com\/wp-content\/uploads\/2024\/10\/Custom-Luxury-Ceramic-Soap-Dispenser-Bottle-Bathroom-Supplies-Wholesale-7-12x12.webp 12w, https:\/\/jinhuaceramic.com\/wp-content\/uploads\/2024\/10\/Custom-Luxury-Ceramic-Soap-Dispenser-Bottle-Bathroom-Supplies-Wholesale-7-285x285.webp 285w, https:\/\/jinhuaceramic.com\/wp-content\/uploads\/2024\/10\/Custom-Luxury-Ceramic-Soap-Dispenser-Bottle-Bathroom-Supplies-Wholesale-7-270x270.webp 270w, https:\/\/jinhuaceramic.com\/wp-content\/uploads\/2024\/10\/Custom-Luxury-Ceramic-Soap-Dispenser-Bottle-Bathroom-Supplies-Wholesale-7-540x540.webp 540w, https:\/\/jinhuaceramic.com\/wp-content\/uploads\/2024\/10\/Custom-Luxury-Ceramic-Soap-Dispenser-Bottle-Bathroom-Supplies-Wholesale-7-660x660.webp 660w\" sizes=\"(max-width: 800px) 100vw, 800px\" \/><\/figure>\n<\/div>\n<\/div>","protected":false},"excerpt":{"rendered":"<p>Bienvenue pour l'achat de distributeurs de lotion en gros. Ces distributeurs de savon en vrac en c\u00e9ramique ont des motifs terrazzo uniques, une vari\u00e9t\u00e9 de styles et des textures en c\u00e9ramique de haute qualit\u00e9, ce qui les rend populaires sur le march\u00e9. Cet ensemble de bouteilles de savon de luxe en c\u00e9ramique allie beaut\u00e9 et praticit\u00e9, ce qui en fait le choix id\u00e9al pour am\u00e9liorer l'apparence et la qualit\u00e9 de votre salle de bain.<\/p>","protected":false},"featured_media":6693,"comment_status":"closed","ping_status":"closed","template":"","meta":{"_acf_changed":false},"product_brand":[],"product_cat":[51],"product_tag":[73],"class_list":{"0":"post-6689","1":"product","2":"type-product","3":"status-publish","4":"has-post-thumbnail","6":"product_cat-bathroom-accessories-wholesale","7":"product_tag-custom-soap-dispensers","9":"first","10":"instock","11":"shipping-taxable","12":"product-type-simple"},"acf":[],"_links":{"self":[{"href":"https:\/\/jinhuaceramic.com\/fr\/wp-json\/wp\/v2\/product\/6689","targetHints":{"allow":["GET"]}}],"collection":[{"href":"https:\/\/jinhuaceramic.com\/fr\/wp-json\/wp\/v2\/product"}],"about":[{"href":"https:\/\/jinhuaceramic.com\/fr\/wp-json\/wp\/v2\/types\/product"}],"replies":[{"embeddable":true,"href":"https:\/\/jinhuaceramic.com\/fr\/wp-json\/wp\/v2\/comments?post=6689"}],"version-history":[{"count":0,"href":"https:\/\/jinhuaceramic.com\/fr\/wp-json\/wp\/v2\/product\/6689\/revisions"}],"wp:featuredmedia":[{"embeddable":true,"href":"https:\/\/jinhuaceramic.com\/fr\/wp-json\/wp\/v2\/media\/6693"}],"wp:attachment":[{"href":"https:\/\/jinhuaceramic.com\/fr\/wp-json\/wp\/v2\/media?parent=6689"}],"wp:term":[{"taxonomy":"product_brand","embeddable":true,"href":"https:\/\/jinhuaceramic.com\/fr\/wp-json\/wp\/v2\/product_brand?post=6689"},{"taxonomy":"product_cat","embeddable":true,"href":"https:\/\/jinhuaceramic.com\/fr\/wp-json\/wp\/v2\/product_cat?post=6689"},{"taxonomy":"product_tag","embeddable":true,"href":"https:\/\/jinhuaceramic.com\/fr\/wp-json\/wp\/v2\/product_tag?post=6689"}],"curies":[{"name":"wp","href":"https:\/\/api.w.org\/{rel}","templated":true}]}}