{"id":6710,"date":"2024-10-19T09:10:00","date_gmt":"2024-10-19T09:10:00","guid":{"rendered":"https:\/\/jinhuaceramic.com\/?post_type=product&#038;p=6710"},"modified":"2024-10-29T02:32:35","modified_gmt":"2024-10-29T02:32:35","slug":"foaming-soap-dispenser-wholesale","status":"publish","type":"product","link":"https:\/\/jinhuaceramic.com\/fr\/product\/foaming-soap-dispenser-wholesale\/","title":{"rendered":"Distributeur de savon moussant en c\u00e9ramique Chic Wholesale, Bulk Soap Bottles"},"content":{"rendered":"<div class=\"wp-block-columns is-layout-flex wp-container-core-columns-is-layout-9d6595d7 wp-block-columns-is-layout-flex\">\n<div class=\"wp-block-column is-layout-flow wp-block-column-is-layout-flow\">\n<h3 class=\"wp-block-heading\">Distributeur de savon moussant Premium Wholesale Caract\u00e9ristiques :<\/h3>\n\n\n\n<ul class=\"wp-block-list\">\n<li><strong>Conception unique du visage : <\/strong>Le design de ce distributeur de savon moussant en gros est tr\u00e8s unique, int\u00e9grant les traits du visage du corps humain dans la bouteille, ce qui a un fort sens de l'art et de la personnalit\u00e9. La pompe dor\u00e9e du distributeur de savon apporte une touche finale qui non seulement rehausse la texture du produit, mais accro\u00eet \u00e9galement l'impression g\u00e9n\u00e9rale de luxe.<\/li>\n\n\n\n<li><strong>Diverses couleurs :<\/strong> Ces bouteilles de savon en vrac offrent une vari\u00e9t\u00e9 de couleurs, y compris le gris, le rose, le blanc et le noir, pour r\u00e9pondre aux besoins esth\u00e9tiques de diff\u00e9rentes personnes. En tant que fabricant, nous pouvons \u00e9galement personnaliser d'autres couleurs en fonction des besoins des clients.<\/li>\n\n\n\n<li><strong>Mat\u00e9riau durable :<\/strong> Ce distributeur de savon moussant en c\u00e9ramique est fabriqu\u00e9 en c\u00e9ramique de haute qualit\u00e9. Le mat\u00e9riau c\u00e9ramique a une texture d\u00e9licate, donnant aux gens une sensation de haut de gamme. Par ailleurs, la c\u00e9ramique r\u00e9siste bien \u00e0 la corrosion, ne favorise pas la prolif\u00e9ration des bact\u00e9ries et peut rester propre et hygi\u00e9nique pendant longtemps.<\/li>\n\n\n\n<li><strong>Une grande praticit\u00e9 :<\/strong> Ces bouteilles de savon en c\u00e9ramique ne sont pas seulement d\u00e9coratives, elles sont aussi tr\u00e8s pratiques. La pompe bien con\u00e7ue permet de distribuer facilement le savon liquide et de cr\u00e9er une mousse abondante. En m\u00eame temps, le corps de la bouteille a une capacit\u00e9 mod\u00e9r\u00e9e et peut r\u00e9pondre aux besoins d'une utilisation quotidienne.<\/li>\n<\/ul>\n<\/div>\n\n\n\n<div class=\"wp-block-column is-layout-flow wp-block-column-is-layout-flow\">\n<figure class=\"wp-block-image size-full\"><img fetchpriority=\"high\" decoding=\"async\" width=\"800\" height=\"800\" src=\"https:\/\/jinhuaceramic.com\/wp-content\/uploads\/2024\/10\/Custom-Face-Shape-Foaming-Soap-Dispenser-Bathroom-Ceramic-Soap-Bottle-Wholesale-2.webp\" alt=\"Distributeur de savon moussant en c\u00e9ramique Chic Wholesale, Bulk Soap Bottles-1\" class=\"wp-image-6711\" srcset=\"https:\/\/jinhuaceramic.com\/wp-content\/uploads\/2024\/10\/Custom-Face-Shape-Foaming-Soap-Dispenser-Bathroom-Ceramic-Soap-Bottle-Wholesale-2.webp 800w, https:\/\/jinhuaceramic.com\/wp-content\/uploads\/2024\/10\/Custom-Face-Shape-Foaming-Soap-Dispenser-Bathroom-Ceramic-Soap-Bottle-Wholesale-2-300x300.webp 300w, https:\/\/jinhuaceramic.com\/wp-content\/uploads\/2024\/10\/Custom-Face-Shape-Foaming-Soap-Dispenser-Bathroom-Ceramic-Soap-Bottle-Wholesale-2-150x150.webp 150w, https:\/\/jinhuaceramic.com\/wp-content\/uploads\/2024\/10\/Custom-Face-Shape-Foaming-Soap-Dispenser-Bathroom-Ceramic-Soap-Bottle-Wholesale-2-768x768.webp 768w, https:\/\/jinhuaceramic.com\/wp-content\/uploads\/2024\/10\/Custom-Face-Shape-Foaming-Soap-Dispenser-Bathroom-Ceramic-Soap-Bottle-Wholesale-2-12x12.webp 12w, https:\/\/jinhuaceramic.com\/wp-content\/uploads\/2024\/10\/Custom-Face-Shape-Foaming-Soap-Dispenser-Bathroom-Ceramic-Soap-Bottle-Wholesale-2-285x285.webp 285w, https:\/\/jinhuaceramic.com\/wp-content\/uploads\/2024\/10\/Custom-Face-Shape-Foaming-Soap-Dispenser-Bathroom-Ceramic-Soap-Bottle-Wholesale-2-270x270.webp 270w, https:\/\/jinhuaceramic.com\/wp-content\/uploads\/2024\/10\/Custom-Face-Shape-Foaming-Soap-Dispenser-Bathroom-Ceramic-Soap-Bottle-Wholesale-2-540x540.webp 540w, https:\/\/jinhuaceramic.com\/wp-content\/uploads\/2024\/10\/Custom-Face-Shape-Foaming-Soap-Dispenser-Bathroom-Ceramic-Soap-Bottle-Wholesale-2-660x660.webp 660w\" sizes=\"(max-width: 800px) 100vw, 800px\" \/><\/figure>\n<\/div>\n<\/div>","protected":false},"excerpt":{"rendered":"<p>Bienvenue \u00e0 l'achat de bouteilles de savon en vrac. L'originalit\u00e9 de ce distributeur de savon moussant en c\u00e9ramique r\u00e9side dans l'int\u00e9gration d'\u00e9l\u00e9ments abstraits tels que des visages humains dans le design, ce qui est \u00e0 la fois nouveau et artistique, rendant le distributeur de savon ordinaire vivant et int\u00e9ressant. Cette bouteille de savon en c\u00e9ramique est non seulement tr\u00e8s d\u00e9corative mais aussi tr\u00e8s pratique. C'est un bon choix pour rehausser le go\u00fbt de votre maison.<\/p>","protected":false},"featured_media":6712,"comment_status":"closed","ping_status":"closed","template":"","meta":{"_acf_changed":false},"product_brand":[],"product_cat":[51],"product_tag":[74],"class_list":{"0":"post-6710","1":"product","2":"type-product","3":"status-publish","4":"has-post-thumbnail","6":"product_cat-bathroom-accessories-wholesale","7":"product_tag-ceramic-bath-accessories-wholesale","9":"first","10":"instock","11":"shipping-taxable","12":"product-type-simple"},"acf":[],"_links":{"self":[{"href":"https:\/\/jinhuaceramic.com\/fr\/wp-json\/wp\/v2\/product\/6710","targetHints":{"allow":["GET"]}}],"collection":[{"href":"https:\/\/jinhuaceramic.com\/fr\/wp-json\/wp\/v2\/product"}],"about":[{"href":"https:\/\/jinhuaceramic.com\/fr\/wp-json\/wp\/v2\/types\/product"}],"replies":[{"embeddable":true,"href":"https:\/\/jinhuaceramic.com\/fr\/wp-json\/wp\/v2\/comments?post=6710"}],"version-history":[{"count":0,"href":"https:\/\/jinhuaceramic.com\/fr\/wp-json\/wp\/v2\/product\/6710\/revisions"}],"wp:featuredmedia":[{"embeddable":true,"href":"https:\/\/jinhuaceramic.com\/fr\/wp-json\/wp\/v2\/media\/6712"}],"wp:attachment":[{"href":"https:\/\/jinhuaceramic.com\/fr\/wp-json\/wp\/v2\/media?parent=6710"}],"wp:term":[{"taxonomy":"product_brand","embeddable":true,"href":"https:\/\/jinhuaceramic.com\/fr\/wp-json\/wp\/v2\/product_brand?post=6710"},{"taxonomy":"product_cat","embeddable":true,"href":"https:\/\/jinhuaceramic.com\/fr\/wp-json\/wp\/v2\/product_cat?post=6710"},{"taxonomy":"product_tag","embeddable":true,"href":"https:\/\/jinhuaceramic.com\/fr\/wp-json\/wp\/v2\/product_tag?post=6710"}],"curies":[{"name":"wp","href":"https:\/\/api.w.org\/{rel}","templated":true}]}}