{"id":6722,"date":"2024-10-23T06:46:04","date_gmt":"2024-10-23T06:46:04","guid":{"rendered":"https:\/\/jinhuaceramic.com\/?post_type=product&#038;p=6722"},"modified":"2024-10-29T02:31:59","modified_gmt":"2024-10-29T02:31:59","slug":"candle-making-containers-wholesale","status":"publish","type":"product","link":"https:\/\/jinhuaceramic.com\/fr\/product\/candle-making-containers-wholesale\/","title":{"rendered":"R\u00e9cipients de fabrication de bougies en gros, pots de bougies vides en vrac"},"content":{"rendered":"<div class=\"wp-block-columns is-layout-flex wp-container-core-columns-is-layout-9d6595d7 wp-block-columns-is-layout-flex\">\n<div class=\"wp-block-column is-layout-flow wp-block-column-is-layout-flow\">\n<h3 class=\"wp-block-heading\">Contenants de fabrication de bougies de premi\u00e8re qualit\u00e9 Caract\u00e9ristiques de la vente en gros :<\/h3>\n\n\n\n<ul class=\"wp-block-list\">\n<li><strong>Design minimaliste :<\/strong> Ces r\u00e9cipients en c\u00e9ramique pour la fabrication de bougies sont de forme cylindrique, minimalistes et \u00e9l\u00e9gants, avec une police de caract\u00e8res simple, le style g\u00e9n\u00e9ral est tr\u00e8s polyvalent et peut \u00eatre facilement int\u00e9gr\u00e9 dans divers environnements domestiques. Cette forme classique permet de mettre en valeur la flamme de la bougie et de cr\u00e9er une atmosph\u00e8re paisible et harmonieuse.<\/li>\n\n\n\n<li><strong>Impression personnalis\u00e9e :<\/strong> Les c\u00f4t\u00e9s de ces pots \u00e0 bougie vides sont imprim\u00e9s de mots tels que \"LOVE YOUR LIFE ENJOY\" (aimez votre vie, profitez-en), et la police de caract\u00e8res est simple et \u00e9l\u00e9gante, en accord avec le style g\u00e9n\u00e9ral. Ces mots indiquent non seulement la capacit\u00e9 de la bougie, mais ont \u00e9galement un effet d\u00e9coratif, v\u00e9hiculant une attitude optimiste \u00e0 l'\u00e9gard de la vie.<\/li>\n\n\n\n<li><strong>Couleurs polyvalentes : <\/strong>Ces r\u00e9cipients en c\u00e9ramique destin\u00e9s \u00e0 la fabrication de bougies offrent une grande vari\u00e9t\u00e9 de couleurs, des couleurs claires aux couleurs sombres satur\u00e9es, afin de r\u00e9pondre aux pr\u00e9f\u00e9rences des diff\u00e9rentes personnes et aux besoins d'harmonisation des styles d'int\u00e9rieur.<\/li>\n\n\n\n<li><strong>Mat\u00e9riau de premi\u00e8re qualit\u00e9 : <\/strong>Ces pots \u00e0 bougie vides en gros sont fabriqu\u00e9s en c\u00e9ramique de haute qualit\u00e9, avec une bonne r\u00e9sistance aux temp\u00e9ratures \u00e9lev\u00e9es, et peuvent contenir des bougies allum\u00e9es en toute s\u00e9curit\u00e9. La c\u00e9ramique est un mat\u00e9riau naturel et \u00e9cologique qui peut \u00eatre r\u00e9utilis\u00e9 pour r\u00e9duire la pollution de l'environnement.<\/li>\n<\/ul>\n<\/div>\n\n\n\n<div class=\"wp-block-column is-layout-flow wp-block-column-is-layout-flow\">\n<figure class=\"wp-block-image size-full\"><img fetchpriority=\"high\" decoding=\"async\" width=\"800\" height=\"800\" src=\"https:\/\/jinhuaceramic.com\/wp-content\/uploads\/2024\/10\/Wholesale-Custom-Ceramic-Candle-Jar-Empty-Candle-Container-Bulk-5.webp\" alt=\"R\u00e9cipients pour la fabrication de bougies en gros, pots \u00e0 bougies vides Bulk-2\" class=\"wp-image-6726\" srcset=\"https:\/\/jinhuaceramic.com\/wp-content\/uploads\/2024\/10\/Wholesale-Custom-Ceramic-Candle-Jar-Empty-Candle-Container-Bulk-5.webp 800w, https:\/\/jinhuaceramic.com\/wp-content\/uploads\/2024\/10\/Wholesale-Custom-Ceramic-Candle-Jar-Empty-Candle-Container-Bulk-5-300x300.webp 300w, https:\/\/jinhuaceramic.com\/wp-content\/uploads\/2024\/10\/Wholesale-Custom-Ceramic-Candle-Jar-Empty-Candle-Container-Bulk-5-150x150.webp 150w, https:\/\/jinhuaceramic.com\/wp-content\/uploads\/2024\/10\/Wholesale-Custom-Ceramic-Candle-Jar-Empty-Candle-Container-Bulk-5-768x768.webp 768w, https:\/\/jinhuaceramic.com\/wp-content\/uploads\/2024\/10\/Wholesale-Custom-Ceramic-Candle-Jar-Empty-Candle-Container-Bulk-5-12x12.webp 12w, https:\/\/jinhuaceramic.com\/wp-content\/uploads\/2024\/10\/Wholesale-Custom-Ceramic-Candle-Jar-Empty-Candle-Container-Bulk-5-285x285.webp 285w, https:\/\/jinhuaceramic.com\/wp-content\/uploads\/2024\/10\/Wholesale-Custom-Ceramic-Candle-Jar-Empty-Candle-Container-Bulk-5-270x270.webp 270w, https:\/\/jinhuaceramic.com\/wp-content\/uploads\/2024\/10\/Wholesale-Custom-Ceramic-Candle-Jar-Empty-Candle-Container-Bulk-5-540x540.webp 540w, https:\/\/jinhuaceramic.com\/wp-content\/uploads\/2024\/10\/Wholesale-Custom-Ceramic-Candle-Jar-Empty-Candle-Container-Bulk-5-660x660.webp 660w\" sizes=\"(max-width: 800px) 100vw, 800px\" \/><\/figure>\n<\/div>\n<\/div>","protected":false},"excerpt":{"rendered":"<p>Nous vous invitons \u00e0 acheter des pots \u00e0 bougie vides en vrac. Le design de ces r\u00e9cipients de fabrication de bougies en gros refl\u00e8te parfaitement le style simple et \u00e9l\u00e9gant. Qu'il s'agisse du mat\u00e9riau, de la couleur, de la forme ou de la conception du texte, ils donnent aux gens une sensation de confort et de d\u00e9tente. Ces photophores conviennent parfaitement aux maisons modernes et peuvent ajouter une sensation de chaleur et de confort \u00e0 l'espace domestique.<\/p>","protected":false},"featured_media":6725,"comment_status":"closed","ping_status":"closed","template":"","meta":{"_acf_changed":false},"product_brand":[],"product_cat":[52],"product_tag":[66],"class_list":{"0":"post-6722","1":"product","2":"type-product","3":"status-publish","4":"has-post-thumbnail","6":"product_cat-wholesale-candle-containers","7":"product_tag-candle-jars-wholesale","9":"first","10":"instock","11":"shipping-taxable","12":"product-type-simple"},"acf":[],"_links":{"self":[{"href":"https:\/\/jinhuaceramic.com\/fr\/wp-json\/wp\/v2\/product\/6722","targetHints":{"allow":["GET"]}}],"collection":[{"href":"https:\/\/jinhuaceramic.com\/fr\/wp-json\/wp\/v2\/product"}],"about":[{"href":"https:\/\/jinhuaceramic.com\/fr\/wp-json\/wp\/v2\/types\/product"}],"replies":[{"embeddable":true,"href":"https:\/\/jinhuaceramic.com\/fr\/wp-json\/wp\/v2\/comments?post=6722"}],"version-history":[{"count":0,"href":"https:\/\/jinhuaceramic.com\/fr\/wp-json\/wp\/v2\/product\/6722\/revisions"}],"wp:featuredmedia":[{"embeddable":true,"href":"https:\/\/jinhuaceramic.com\/fr\/wp-json\/wp\/v2\/media\/6725"}],"wp:attachment":[{"href":"https:\/\/jinhuaceramic.com\/fr\/wp-json\/wp\/v2\/media?parent=6722"}],"wp:term":[{"taxonomy":"product_brand","embeddable":true,"href":"https:\/\/jinhuaceramic.com\/fr\/wp-json\/wp\/v2\/product_brand?post=6722"},{"taxonomy":"product_cat","embeddable":true,"href":"https:\/\/jinhuaceramic.com\/fr\/wp-json\/wp\/v2\/product_cat?post=6722"},{"taxonomy":"product_tag","embeddable":true,"href":"https:\/\/jinhuaceramic.com\/fr\/wp-json\/wp\/v2\/product_tag?post=6722"}],"curies":[{"name":"wp","href":"https:\/\/api.w.org\/{rel}","templated":true}]}}