{"id":6740,"date":"2024-10-23T06:39:05","date_gmt":"2024-10-23T06:39:05","guid":{"rendered":"https:\/\/jinhuaceramic.com\/?post_type=product&#038;p=6740"},"modified":"2024-10-29T02:32:25","modified_gmt":"2024-10-29T02:32:25","slug":"soap-dishes-bulk","status":"publish","type":"product","link":"https:\/\/jinhuaceramic.com\/fr\/product\/soap-dishes-bulk\/","title":{"rendered":"Porte-savon en c\u00e9ramique double couche en vrac, Best Bar Soap Holder Wholesale"},"content":{"rendered":"<div class=\"wp-block-columns is-layout-flex wp-container-core-columns-is-layout-9d6595d7 wp-block-columns-is-layout-flex\">\n<div class=\"wp-block-column is-layout-flow wp-block-column-is-layout-flow\">\n<h3 class=\"wp-block-heading\">Caract\u00e9ristiques des porte-savons haut de gamme en vrac :<\/h3>\n\n\n\n<ul class=\"wp-block-list\">\n<li><strong>Conception \u00e0 double couche :<\/strong> Ces porte-savons en c\u00e9ramique en vrac pr\u00e9sentent une conception \u00e0 deux niveaux, qui permet de ranger diff\u00e9rents types de savons ou d'autres petits objets, tels que des bijoux, tout en \u00e9conomisant de l'espace dans votre salle de bain. En plus du porte-savon \u00e0 double niveau, il existe \u00e9galement un porte-savon traditionnel \u00e0 un seul niveau, et les clients peuvent choisir en toute flexibilit\u00e9 en fonction de leurs besoins.<\/li>\n\n\n\n<li><strong>Forme du panda :<\/strong> Ces porte-savons en c\u00e9ramique \u00e0 double couche vendus en gros sont con\u00e7us en forme d'adorables pandas, tr\u00e8s agr\u00e9ables \u00e0 regarder et qui ajoutent une touche amusante \u00e0 la salle de bain.<\/li>\n\n\n\n<li><strong>Mat\u00e9riau de haute qualit\u00e9 :<\/strong> Ces porte-savons en c\u00e9ramique sont compos\u00e9s d'un r\u00e9cipient en c\u00e9ramique et d'un support en acier inoxydable. Le porte-savon en c\u00e9ramique est durable, pr\u00e9sente une surface lisse, ne retient pas facilement la salet\u00e9 et est facile \u00e0 nettoyer. Le support en acier inoxydable maintient fermement le porte-savon en c\u00e9ramique pour l'emp\u00eacher de glisser. Il est tr\u00e8s r\u00e9sistant \u00e0 la corrosion, ne rouille pas facilement et a une longue dur\u00e9e de vie.<\/li>\n\n\n\n<li><strong>Bon drainage :<\/strong> Ces porte-savons en c\u00e9ramique pour salle de bain vendus en gros ont des bords relev\u00e9s et trois rainures au milieu, ce qui emp\u00eache efficacement le savon de glisser. Le porte-savon en c\u00e9ramique est plac\u00e9 sur un support en acier inoxydable inclin\u00e9 et est dot\u00e9 de trous de drainage sp\u00e9ciaux qui permettent d'\u00e9vacuer rapidement l'humidit\u00e9 du savon, de le garder au sec et de prolonger sa dur\u00e9e de vie.<\/li>\n<\/ul>\n<\/div>\n\n\n\n<div class=\"wp-block-column is-layout-flow wp-block-column-is-layout-flow\">\n<figure class=\"wp-block-image size-full\"><img fetchpriority=\"high\" decoding=\"async\" width=\"800\" height=\"800\" src=\"https:\/\/jinhuaceramic.com\/wp-content\/uploads\/2024\/10\/Wholesale-Double-Layer-Ceramic-Soap-Dish-Soap-Holder-Bathroom-Accessories-Supplies-7.webp\" alt=\"Porte-savon double couche en c\u00e9ramique en vrac, porte-savon en gros-1\" class=\"wp-image-6737\" srcset=\"https:\/\/jinhuaceramic.com\/wp-content\/uploads\/2024\/10\/Wholesale-Double-Layer-Ceramic-Soap-Dish-Soap-Holder-Bathroom-Accessories-Supplies-7.webp 800w, https:\/\/jinhuaceramic.com\/wp-content\/uploads\/2024\/10\/Wholesale-Double-Layer-Ceramic-Soap-Dish-Soap-Holder-Bathroom-Accessories-Supplies-7-300x300.webp 300w, https:\/\/jinhuaceramic.com\/wp-content\/uploads\/2024\/10\/Wholesale-Double-Layer-Ceramic-Soap-Dish-Soap-Holder-Bathroom-Accessories-Supplies-7-150x150.webp 150w, https:\/\/jinhuaceramic.com\/wp-content\/uploads\/2024\/10\/Wholesale-Double-Layer-Ceramic-Soap-Dish-Soap-Holder-Bathroom-Accessories-Supplies-7-768x768.webp 768w, https:\/\/jinhuaceramic.com\/wp-content\/uploads\/2024\/10\/Wholesale-Double-Layer-Ceramic-Soap-Dish-Soap-Holder-Bathroom-Accessories-Supplies-7-12x12.webp 12w, https:\/\/jinhuaceramic.com\/wp-content\/uploads\/2024\/10\/Wholesale-Double-Layer-Ceramic-Soap-Dish-Soap-Holder-Bathroom-Accessories-Supplies-7-285x285.webp 285w, https:\/\/jinhuaceramic.com\/wp-content\/uploads\/2024\/10\/Wholesale-Double-Layer-Ceramic-Soap-Dish-Soap-Holder-Bathroom-Accessories-Supplies-7-270x270.webp 270w, https:\/\/jinhuaceramic.com\/wp-content\/uploads\/2024\/10\/Wholesale-Double-Layer-Ceramic-Soap-Dish-Soap-Holder-Bathroom-Accessories-Supplies-7-540x540.webp 540w, https:\/\/jinhuaceramic.com\/wp-content\/uploads\/2024\/10\/Wholesale-Double-Layer-Ceramic-Soap-Dish-Soap-Holder-Bathroom-Accessories-Supplies-7-660x660.webp 660w\" sizes=\"(max-width: 800px) 100vw, 800px\" \/><\/figure>\n<\/div>\n<\/div>","protected":false},"excerpt":{"rendered":"<p>Bienvenue pour acheter en gros des porte-savons. Ces porte-savons en c\u00e9ramique se distinguent sur le march\u00e9 par leur conception pratique \u00e0 double couche, leur bonne fonction de drainage, leurs mat\u00e9riaux de haute qualit\u00e9 et leurs formes mignonnes. Alliant esth\u00e9tique et fonctionnalit\u00e9, ces porte-savons en c\u00e9ramique sont devenus indispensables dans la salle de bain.<\/p>","protected":false},"featured_media":6732,"comment_status":"closed","ping_status":"closed","template":"","meta":{"_acf_changed":false},"product_brand":[],"product_cat":[51],"product_tag":[72],"class_list":{"0":"post-6740","1":"product","2":"type-product","3":"status-publish","4":"has-post-thumbnail","6":"product_cat-bathroom-accessories-wholesale","7":"product_tag-wholesale-soap-dishes","9":"first","10":"instock","11":"shipping-taxable","12":"product-type-simple"},"acf":[],"_links":{"self":[{"href":"https:\/\/jinhuaceramic.com\/fr\/wp-json\/wp\/v2\/product\/6740","targetHints":{"allow":["GET"]}}],"collection":[{"href":"https:\/\/jinhuaceramic.com\/fr\/wp-json\/wp\/v2\/product"}],"about":[{"href":"https:\/\/jinhuaceramic.com\/fr\/wp-json\/wp\/v2\/types\/product"}],"replies":[{"embeddable":true,"href":"https:\/\/jinhuaceramic.com\/fr\/wp-json\/wp\/v2\/comments?post=6740"}],"version-history":[{"count":0,"href":"https:\/\/jinhuaceramic.com\/fr\/wp-json\/wp\/v2\/product\/6740\/revisions"}],"wp:featuredmedia":[{"embeddable":true,"href":"https:\/\/jinhuaceramic.com\/fr\/wp-json\/wp\/v2\/media\/6732"}],"wp:attachment":[{"href":"https:\/\/jinhuaceramic.com\/fr\/wp-json\/wp\/v2\/media?parent=6740"}],"wp:term":[{"taxonomy":"product_brand","embeddable":true,"href":"https:\/\/jinhuaceramic.com\/fr\/wp-json\/wp\/v2\/product_brand?post=6740"},{"taxonomy":"product_cat","embeddable":true,"href":"https:\/\/jinhuaceramic.com\/fr\/wp-json\/wp\/v2\/product_cat?post=6740"},{"taxonomy":"product_tag","embeddable":true,"href":"https:\/\/jinhuaceramic.com\/fr\/wp-json\/wp\/v2\/product_tag?post=6740"}],"curies":[{"name":"wp","href":"https:\/\/api.w.org\/{rel}","templated":true}]}}