{"id":6770,"date":"2024-10-24T09:35:36","date_gmt":"2024-10-24T09:35:36","guid":{"rendered":"https:\/\/jinhuaceramic.com\/?post_type=product&#038;p=6770"},"modified":"2024-10-24T09:36:03","modified_gmt":"2024-10-24T09:36:03","slug":"ceramic-candle-containers-wholesale","status":"publish","type":"product","link":"https:\/\/jinhuaceramic.com\/fr\/product\/ceramic-candle-containers-wholesale\/","title":{"rendered":"Conteneurs \u00e0 bougie en c\u00e9ramique Wholesale, pots \u00e0 bougie vides Bulk"},"content":{"rendered":"<div class=\"wp-block-columns is-layout-flex wp-container-core-columns-is-layout-9d6595d7 wp-block-columns-is-layout-flex\">\n<div class=\"wp-block-column is-layout-flow wp-block-column-is-layout-flow\">\n<h3 class=\"wp-block-heading\">R\u00e9cipients pour bougies en c\u00e9ramique de qualit\u00e9 sup\u00e9rieure Caract\u00e9ristiques :<\/h3>\n\n\n\n<ul class=\"wp-block-list\">\n<li><strong>Formes g\u00e9om\u00e9triques irr\u00e9guli\u00e8res :<\/strong> Contrairement aux photophores cylindriques traditionnels, ces deux photophores en c\u00e9ramique pr\u00e9sentent des formes g\u00e9om\u00e9triques irr\u00e9guli\u00e8res. L'un est carr\u00e9 avec des bords l\u00e9g\u00e8rement incurv\u00e9s, l'autre est en forme de fleur \u00e0 cinq p\u00e9tales avec des lignes lisses et vari\u00e9es. Ce design irr\u00e9gulier rompt avec le st\u00e9r\u00e9otype des photophores traditionnels et ajoute de l'amusement et un sens du design.<\/li>\n\n\n\n<li><strong>Blanc mat Couleur :<\/strong> Ces photophores vides en vrac sont d'un blanc mat pur, ce qui leur conf\u00e8re une impression de simplicit\u00e9 et de puret\u00e9. Cette combinaison de couleurs est tr\u00e8s polyvalente et peut \u00eatre facilement int\u00e9gr\u00e9e dans une vari\u00e9t\u00e9 de styles d'int\u00e9rieur. De plus, les photophores en c\u00e9ramique mate sont plus textur\u00e9s que les photophores brillants.<\/li>\n\n\n\n<li><strong>Mat\u00e9riau c\u00e9ramique de premi\u00e8re qualit\u00e9 :<\/strong> Ces r\u00e9cipients uniques pour bougies en c\u00e9ramique sont fabriqu\u00e9s \u00e0 partir d'argile c\u00e9ramique de haute qualit\u00e9 pour une r\u00e9sistance \u00e0 la chaleur et une durabilit\u00e9 exceptionnelles. Les pots peuvent ainsi r\u00e9sister \u00e0 la chaleur de la flamme d'une bougie sans se fissurer ni se briser, ce qui en fait des contenants s\u00fbrs et s\u00e9curis\u00e9s pour vos bougies.<\/li>\n\n\n\n<li><strong>R\u00e9utilisable et \u00e9cologique :<\/strong> Une fois la bougie termin\u00e9e, ces photophores vides uniques en vrac peuvent continuer \u00e0 \u00eatre joliment expos\u00e9s en tant qu'objets d\u00e9coratifs dans votre maison. La nature r\u00e9utilisable de ces pots favorise le d\u00e9veloppement durable. La r\u00e9utilisation des pots permet de r\u00e9duire les d\u00e9chets, ce qui en fait un choix respectueux de l'environnement pour les consommateurs conscients.<\/li>\n<\/ul>\n<\/div>\n\n\n\n<div class=\"wp-block-column is-layout-flow wp-block-column-is-layout-flow\">\n<figure class=\"wp-block-image size-full\"><img fetchpriority=\"high\" decoding=\"async\" width=\"736\" height=\"736\" src=\"https:\/\/jinhuaceramic.com\/wp-content\/uploads\/2024\/10\/Custom-Unique-White-Ceramic-Candle-Jar-Empty-Ceramic-Vessel-Wholesale-3.webp\" alt=\"Conteneurs \u00e0 bougie en c\u00e9ramique Wholesale, pots \u00e0 bougie vides Bulk-2\" class=\"wp-image-6762\" srcset=\"https:\/\/jinhuaceramic.com\/wp-content\/uploads\/2024\/10\/Custom-Unique-White-Ceramic-Candle-Jar-Empty-Ceramic-Vessel-Wholesale-3.webp 736w, https:\/\/jinhuaceramic.com\/wp-content\/uploads\/2024\/10\/Custom-Unique-White-Ceramic-Candle-Jar-Empty-Ceramic-Vessel-Wholesale-3-300x300.webp 300w, https:\/\/jinhuaceramic.com\/wp-content\/uploads\/2024\/10\/Custom-Unique-White-Ceramic-Candle-Jar-Empty-Ceramic-Vessel-Wholesale-3-150x150.webp 150w, https:\/\/jinhuaceramic.com\/wp-content\/uploads\/2024\/10\/Custom-Unique-White-Ceramic-Candle-Jar-Empty-Ceramic-Vessel-Wholesale-3-12x12.webp 12w, https:\/\/jinhuaceramic.com\/wp-content\/uploads\/2024\/10\/Custom-Unique-White-Ceramic-Candle-Jar-Empty-Ceramic-Vessel-Wholesale-3-285x285.webp 285w, https:\/\/jinhuaceramic.com\/wp-content\/uploads\/2024\/10\/Custom-Unique-White-Ceramic-Candle-Jar-Empty-Ceramic-Vessel-Wholesale-3-270x270.webp 270w, https:\/\/jinhuaceramic.com\/wp-content\/uploads\/2024\/10\/Custom-Unique-White-Ceramic-Candle-Jar-Empty-Ceramic-Vessel-Wholesale-3-540x540.webp 540w, https:\/\/jinhuaceramic.com\/wp-content\/uploads\/2024\/10\/Custom-Unique-White-Ceramic-Candle-Jar-Empty-Ceramic-Vessel-Wholesale-3-660x660.webp 660w\" sizes=\"(max-width: 736px) 100vw, 736px\" \/><\/figure>\n<\/div>\n<\/div>","protected":false},"excerpt":{"rendered":"<p>Nous vous invitons \u00e0 acheter des pots \u00e0 bougie vides en vrac. Nos r\u00e9cipients \u00e0 bougie en c\u00e9ramique en gros sont tr\u00e8s bien accueillis. Avec les avantages des formes g\u00e9om\u00e9triques irr\u00e9guli\u00e8res, du blanc pur, des mat\u00e9riaux de haute qualit\u00e9 et de la r\u00e9utilisation, ces pots \u00e0 bougie en c\u00e9ramique en gros constituent un choix de produit id\u00e9al pour les fabricants et les marchands de bougies, apportant plus de possibilit\u00e9s pour la d\u00e9coration dans diverses occasions.<\/p>","protected":false},"featured_media":6761,"comment_status":"closed","ping_status":"closed","template":"","meta":{"_acf_changed":false},"product_brand":[],"product_cat":[52],"product_tag":[66],"class_list":{"0":"post-6770","1":"product","2":"type-product","3":"status-publish","4":"has-post-thumbnail","6":"product_cat-wholesale-candle-containers","7":"product_tag-candle-jars-wholesale","9":"first","10":"instock","11":"shipping-taxable","12":"product-type-simple"},"acf":[],"_links":{"self":[{"href":"https:\/\/jinhuaceramic.com\/fr\/wp-json\/wp\/v2\/product\/6770","targetHints":{"allow":["GET"]}}],"collection":[{"href":"https:\/\/jinhuaceramic.com\/fr\/wp-json\/wp\/v2\/product"}],"about":[{"href":"https:\/\/jinhuaceramic.com\/fr\/wp-json\/wp\/v2\/types\/product"}],"replies":[{"embeddable":true,"href":"https:\/\/jinhuaceramic.com\/fr\/wp-json\/wp\/v2\/comments?post=6770"}],"version-history":[{"count":0,"href":"https:\/\/jinhuaceramic.com\/fr\/wp-json\/wp\/v2\/product\/6770\/revisions"}],"wp:featuredmedia":[{"embeddable":true,"href":"https:\/\/jinhuaceramic.com\/fr\/wp-json\/wp\/v2\/media\/6761"}],"wp:attachment":[{"href":"https:\/\/jinhuaceramic.com\/fr\/wp-json\/wp\/v2\/media?parent=6770"}],"wp:term":[{"taxonomy":"product_brand","embeddable":true,"href":"https:\/\/jinhuaceramic.com\/fr\/wp-json\/wp\/v2\/product_brand?post=6770"},{"taxonomy":"product_cat","embeddable":true,"href":"https:\/\/jinhuaceramic.com\/fr\/wp-json\/wp\/v2\/product_cat?post=6770"},{"taxonomy":"product_tag","embeddable":true,"href":"https:\/\/jinhuaceramic.com\/fr\/wp-json\/wp\/v2\/product_tag?post=6770"}],"curies":[{"name":"wp","href":"https:\/\/api.w.org\/{rel}","templated":true}]}}