{"id":6792,"date":"2024-10-26T06:47:54","date_gmt":"2024-10-26T06:47:54","guid":{"rendered":"https:\/\/jinhuaceramic.com\/?post_type=product&#038;p=6792"},"modified":"2025-03-10T09:18:34","modified_gmt":"2025-03-10T09:18:34","slug":"kitchen-bakeware-wholesale","status":"publish","type":"product","link":"https:\/\/jinhuaceramic.com\/fr\/product\/kitchen-bakeware-wholesale\/","title":{"rendered":"Kitchen Bakeware Wholesale, Ceramic Baking Pans Supplier"},"content":{"rendered":"<div class=\"wp-block-columns is-layout-flex wp-container-core-columns-is-layout-9d6595d7 wp-block-columns-is-layout-flex\">\n<div class=\"wp-block-column is-layout-flow wp-block-column-is-layout-flow\">\n<h3 class=\"wp-block-heading\">Produits de boulangerie de cuisine de premi\u00e8re qualit\u00e9 Caract\u00e9ristiques en gros :<\/h3>\n\n\n\n<ul class=\"wp-block-list\">\n<li><strong>Design \u00e9l\u00e9gant : <\/strong>Cette s\u00e9rie d'ustensiles de cuisine en c\u00e9ramique est simple et \u00e9l\u00e9gante. Le blanc pur donne un aspect propre et rafra\u00eechissant qui convient parfaitement aux styles d'habitation modernes. La paroi ext\u00e9rieure du plat de cuisson est orn\u00e9e de rayures verticales, belles et pratiques.<\/li>\n\n\n\n<li><strong>Forme rectangulaire : <\/strong>Ces moules \u00e0 p\u00e2tisserie en c\u00e9ramique sont de forme rectangulaire. Contrairement aux plats de cuisson ronds ou ovales, un rectangle permet d'utiliser pleinement l'espace du four et de contenir plus d'aliments. En outre, les coins du plat de cuisson rectangulaire sont beaucoup plus faciles \u00e0 chauffer, ce qui permet de chauffer les aliments de mani\u00e8re homog\u00e8ne.<\/li>\n\n\n\n<li><strong>Poign\u00e9es pratiques :<\/strong> Nos ustensiles de cuisine rectangulaires contiennent des poign\u00e9es doubles de chaque c\u00f4t\u00e9 pour faciliter la manipulation et le d\u00e9placement. Les poign\u00e9es sont con\u00e7ues de mani\u00e8re \u00e0 ce que la prise en main soit confortable et ne br\u00fble pas.<\/li>\n\n\n\n<li><strong>Mat\u00e9riau c\u00e9ramique de premi\u00e8re qualit\u00e9 : <\/strong>Nos moules \u00e0 p\u00e2tisserie en c\u00e9ramique sont fabriqu\u00e9s \u00e0 partir d'un mat\u00e9riau de premi\u00e8re qualit\u00e9, la c\u00e9ramique. Cette qualit\u00e9 sup\u00e9rieure permet la cuisson \u00e0 haute temp\u00e9rature dans les fours. Par rapport aux mat\u00e9riaux m\u00e9talliques, la conduction thermique est relativement plus lente, ce qui permet de maintenir un certain degr\u00e9 de cuisson pendant un certain temps.<\/li>\n<\/ul>\n<\/div>\n\n\n\n<div class=\"wp-block-column is-layout-flow wp-block-column-is-layout-flow\">\n<figure class=\"wp-block-image size-full\"><img fetchpriority=\"high\" decoding=\"async\" width=\"1500\" height=\"1497\" src=\"https:\/\/jinhuaceramic.com\/wp-content\/uploads\/2024\/10\/Custom-Rectangular-Ceramic-Baking-Dish-Professional-Bakeware-Supplies-5.webp\" alt=\"Produits de boulangerie de cuisine Wholesale, Plaques de cuisson en c\u00e9ramique Supplier-1\" class=\"wp-image-6796\" srcset=\"https:\/\/jinhuaceramic.com\/wp-content\/uploads\/2024\/10\/Custom-Rectangular-Ceramic-Baking-Dish-Professional-Bakeware-Supplies-5.webp 1500w, https:\/\/jinhuaceramic.com\/wp-content\/uploads\/2024\/10\/Custom-Rectangular-Ceramic-Baking-Dish-Professional-Bakeware-Supplies-5-300x300.webp 300w, https:\/\/jinhuaceramic.com\/wp-content\/uploads\/2024\/10\/Custom-Rectangular-Ceramic-Baking-Dish-Professional-Bakeware-Supplies-5-150x150.webp 150w, https:\/\/jinhuaceramic.com\/wp-content\/uploads\/2024\/10\/Custom-Rectangular-Ceramic-Baking-Dish-Professional-Bakeware-Supplies-5-768x766.webp 768w, https:\/\/jinhuaceramic.com\/wp-content\/uploads\/2024\/10\/Custom-Rectangular-Ceramic-Baking-Dish-Professional-Bakeware-Supplies-5-12x12.webp 12w, https:\/\/jinhuaceramic.com\/wp-content\/uploads\/2024\/10\/Custom-Rectangular-Ceramic-Baking-Dish-Professional-Bakeware-Supplies-5-285x284.webp 285w, https:\/\/jinhuaceramic.com\/wp-content\/uploads\/2024\/10\/Custom-Rectangular-Ceramic-Baking-Dish-Professional-Bakeware-Supplies-5-270x270.webp 270w, https:\/\/jinhuaceramic.com\/wp-content\/uploads\/2024\/10\/Custom-Rectangular-Ceramic-Baking-Dish-Professional-Bakeware-Supplies-5-540x540.webp 540w, https:\/\/jinhuaceramic.com\/wp-content\/uploads\/2024\/10\/Custom-Rectangular-Ceramic-Baking-Dish-Professional-Bakeware-Supplies-5-660x660.webp 660w\" sizes=\"(max-width: 1500px) 100vw, 1500px\" \/><\/figure>\n<\/div>\n<\/div>\n\n\n\n<p><\/p>","protected":false},"excerpt":{"rendered":"<p>Nous vous invitons \u00e0 commander nos moules \u00e0 p\u00e2tisserie en c\u00e9ramique en gros. Nos moules \u00e0 p\u00e2tisserie en gros sont esth\u00e9tiquement con\u00e7us pour \u00eatre fonctionnels : rayures verticales, forme rectangulaire, poign\u00e9es pratiques, mat\u00e9riau c\u00e9ramique r\u00e9sistant \u00e0 la chaleur, \u00e9mail lisse et couleurs multiples.<\/p>","protected":false},"featured_media":6797,"comment_status":"closed","ping_status":"closed","template":"","meta":{"_acf_changed":false},"product_brand":[],"product_cat":[53],"product_tag":[71],"class_list":{"0":"post-6792","1":"product","2":"type-product","3":"status-publish","4":"has-post-thumbnail","6":"product_cat-bakeware-in-bulk","7":"product_tag-wholesale-baking-pans","9":"first","10":"instock","11":"shipping-taxable","12":"product-type-simple"},"acf":[],"_links":{"self":[{"href":"https:\/\/jinhuaceramic.com\/fr\/wp-json\/wp\/v2\/product\/6792","targetHints":{"allow":["GET"]}}],"collection":[{"href":"https:\/\/jinhuaceramic.com\/fr\/wp-json\/wp\/v2\/product"}],"about":[{"href":"https:\/\/jinhuaceramic.com\/fr\/wp-json\/wp\/v2\/types\/product"}],"replies":[{"embeddable":true,"href":"https:\/\/jinhuaceramic.com\/fr\/wp-json\/wp\/v2\/comments?post=6792"}],"version-history":[{"count":0,"href":"https:\/\/jinhuaceramic.com\/fr\/wp-json\/wp\/v2\/product\/6792\/revisions"}],"wp:featuredmedia":[{"embeddable":true,"href":"https:\/\/jinhuaceramic.com\/fr\/wp-json\/wp\/v2\/media\/6797"}],"wp:attachment":[{"href":"https:\/\/jinhuaceramic.com\/fr\/wp-json\/wp\/v2\/media?parent=6792"}],"wp:term":[{"taxonomy":"product_brand","embeddable":true,"href":"https:\/\/jinhuaceramic.com\/fr\/wp-json\/wp\/v2\/product_brand?post=6792"},{"taxonomy":"product_cat","embeddable":true,"href":"https:\/\/jinhuaceramic.com\/fr\/wp-json\/wp\/v2\/product_cat?post=6792"},{"taxonomy":"product_tag","embeddable":true,"href":"https:\/\/jinhuaceramic.com\/fr\/wp-json\/wp\/v2\/product_tag?post=6792"}],"curies":[{"name":"wp","href":"https:\/\/api.w.org\/{rel}","templated":true}]}}